{"id":8843,"date":"2020-06-11T10:44:30","date_gmt":"2020-06-11T17:44:30","guid":{"rendered":"https:\/\/sonoranjv.org\/?page_id=8843"},"modified":"2023-02-28T10:53:36","modified_gmt":"2023-02-28T17:53:36","slug":"eboletin","status":"publish","type":"page","link":"https:\/\/dev.sonoranjv.org\/es\/eboletin\/","title":{"rendered":"eBolet\u00edn"},"content":{"rendered":"<p>El <em>eBolet\u00edn del SJV<\/em> es nuestro bolet\u00edn electr\u00f3nico bimensual, biling\u00fce que comparte historias de los esfuerzos de conservaci\u00f3n de aves y h\u00e1bitats en toda nuestra regi\u00f3n. Inscr\u00edbete abajo para saber m\u00e1s sobre nuestro trabajo y el trabajo de nuestros socios, \u00a1as\u00ed como para obtener informaci\u00f3n de eventos especiales, capacitaciones, oportunidades de trabajo y m\u00e1s!<\/p>\n<script>(function() {\n\twindow.mc4wp = window.mc4wp || {\n\t\tlisteners: [],\n\t\tforms: {\n\t\t\ton: function(evt, cb) {\n\t\t\t\twindow.mc4wp.listeners.push(\n\t\t\t\t\t{\n\t\t\t\t\t\tevent   : evt,\n\t\t\t\t\t\tcallback: cb\n\t\t\t\t\t}\n\t\t\t\t);\n\t\t\t}\n\t\t}\n\t}\n})();\n<\/script><!-- Mailchimp for WordPress v4.8.3 - https:\/\/wordpress.org\/plugins\/mailchimp-for-wp\/ --><form id=\"mc4wp-form-1\" class=\"mc4wp-form mc4wp-form-4771\" method=\"post\" data-id=\"4771\" data-name=\"SJV eBulletin\" ><div class=\"mc4wp-form-fields\"><p>\r\n    <label>First Name\/Nombre de Pila<\/label>\r\n    <input type=\"text\" name=\"FNAME\" required=\"\">\r\n<\/p>\r\n<p>\r\n    <label>Last Name\/Apellido<\/label>\r\n    <input type=\"text\" name=\"LNAME\" required=\"\">\r\n<\/p>\r\n<p>\r\n    <label>Email<\/label>\r\n    <input type=\"email\" name=\"EMAIL\" required=\"\">\r\n<\/p>\r\n<p>\r\n    <label>Language\/Idioma<\/label><br\/>\r\n    <label>\r\n        <input name=\"LANG\" type=\"radio\" value=\"English\" required=\"\"> <span>English\/Ingl\u00e9s<\/span>\r\n    <\/label>\r\n    <label>\r\n        <input name=\"LANG\" type=\"radio\" value=\"Spanish\" required=\"\"> <span>Spanish\/Espa\u00f1ol<\/span>\r\n    <\/label>\r\n<\/p>\r\n<p>\r\n    <input type=\"submit\" value=\"Subscribe\/Subscribirse\">\r\n<\/p>\r\n\r\n\r\n<\/div><label style=\"display: none !important;\">Deja vac\u00edo este campo si eres humano: <input type=\"text\" name=\"_mc4wp_honeypot\" value=\"\" tabindex=\"-1\" autocomplete=\"off\" \/><\/label><input type=\"hidden\" name=\"_mc4wp_timestamp\" value=\"1777043673\" \/><input type=\"hidden\" name=\"_mc4wp_form_id\" value=\"4771\" \/><input type=\"hidden\" name=\"_mc4wp_form_element_id\" value=\"mc4wp-form-1\" \/><div class=\"mc4wp-response\"><\/div><\/form><!-- \/ Mailchimp for WordPress Plugin -->\n<p>&nbsp;<\/p>\n<hr \/>\n<p>Haga clic a continuaci\u00f3n para acceder a las ediciones del <em>eBolet\u00edn<\/em> del a\u00f1o en curso.<\/p>\n<ul>\n<li><strong><a href=\"https:\/\/us1.campaign-archive.com\/?u=373e21e57d66d92b544f61af9&amp;id=c0f404050d\" target=\"_blank\" rel=\"noopener\">Monitoreo a trav\u00e9s de las fronteras<\/a><\/strong> (enero\/febrero 2023)<\/li>\n<\/ul>\n<p>Visite la p\u00e1gina de <strong><a href=\"https:\/\/sonoranjv.org\/es\/noticias\/noticias-recientes\/\" target=\"_blank\" rel=\"noopener noreferrer\">Noticias Recientes<\/a><\/strong> para ver los art\u00edculos m\u00e1s recientes que se han presentado en el <em>eBolet\u00edn<\/em>, que est\u00e1n organizados por la fecha de publicaci\u00f3n m\u00e1s reciente. Tambi\u00e9n puedes encontrar art\u00edculos de inter\u00e9s usando el cuadro de b\u00fasqueda (localizado en la esquina superior derecha de la pantalla) para ingresar el nombre de un ave o tema espec\u00edfico.<\/p>\n<p>Visite nuestro <a href=\"https:\/\/us1.campaign-archive.com\/home\/?u=373e21e57d66d92b544f61af9&amp;id=087106e70a\"><strong>Archivo<\/strong><\/a> para ver todas las ediciones hist\u00f3ricas del <em>eBolet\u00edn<\/em>.<\/p>\n","protected":false},"excerpt":{"rendered":"<p>El eBolet\u00edn del SJV es nuestro bolet\u00edn electr\u00f3nico bimensual, biling\u00fce que comparte historias de los esfuerzos de conservaci\u00f3n de aves y h\u00e1bitats en toda nuestra regi\u00f3n. Inscr\u00edbete abajo para saber m\u00e1s sobre nuestro trabajo y el trabajo de nuestros socios, \u00a1as\u00ed como para obtener informaci\u00f3n de eventos especiales, capacitaciones, oportunidades de trabajo y m\u00e1s! &nbsp;<\/p>\n","protected":false},"author":6,"featured_media":0,"parent":0,"menu_order":0,"comment_status":"closed","ping_status":"closed","template":"","meta":[],"yoast_head":"<!-- This site is optimized with the Yoast SEO plugin v16.2 - https:\/\/yoast.com\/wordpress\/plugins\/seo\/ -->\n<title>eBolet\u00edn - Sonoran Joint Venture<\/title>\n<meta name=\"robots\" content=\"index, follow, max-snippet:-1, max-image-preview:large, max-video-preview:-1\" \/>\n<link rel=\"canonical\" href=\"https:\/\/dev.sonoranjv.org\/es\/eboletin\/\" \/>\n<meta property=\"og:locale\" content=\"es_ES\" \/>\n<meta property=\"og:type\" content=\"article\" \/>\n<meta property=\"og:title\" content=\"eBolet\u00edn - Sonoran Joint Venture\" \/>\n<meta property=\"og:description\" content=\"El eBolet\u00edn del SJV es nuestro bolet\u00edn electr\u00f3nico bimensual, biling\u00fce que comparte historias de los esfuerzos de conservaci\u00f3n de aves y h\u00e1bitats en toda nuestra regi\u00f3n. Inscr\u00edbete abajo para saber m\u00e1s sobre nuestro trabajo y el trabajo de nuestros socios, \u00a1as\u00ed como para obtener informaci\u00f3n de eventos especiales, capacitaciones, oportunidades de trabajo y m\u00e1s! &nbsp;\" \/>\n<meta property=\"og:url\" content=\"https:\/\/dev.sonoranjv.org\/es\/eboletin\/\" \/>\n<meta property=\"og:site_name\" content=\"Sonoran Joint Venture\" \/>\n<meta property=\"article:publisher\" content=\"http:\/\/www.facebook.com\/sonoranjv\" \/>\n<meta property=\"article:modified_time\" content=\"2023-02-28T17:53:36+00:00\" \/>\n<meta name=\"twitter:card\" content=\"summary\" \/>\n<meta name=\"twitter:site\" content=\"@sonoranjv\" \/>\n<meta name=\"twitter:label1\" content=\"Tiempo de lectura\">\n\t<meta name=\"twitter:data1\" content=\"1 minuto\">\n<script type=\"application\/ld+json\" class=\"yoast-schema-graph\">{\"@context\":\"https:\/\/schema.org\",\"@graph\":[{\"@type\":\"Organization\",\"@id\":\"https:\/\/dev.sonoranjv.org\/es\/#organization\",\"name\":\"Sonoran Joint Venture\",\"url\":\"https:\/\/dev.sonoranjv.org\/es\/\",\"sameAs\":[\"http:\/\/www.facebook.com\/sonoranjv\",\"https:\/\/www.pinterest.com\/sonoranjv\/pins\/\",\"https:\/\/twitter.com\/sonoranjv\"],\"logo\":{\"@type\":\"ImageObject\",\"@id\":\"https:\/\/dev.sonoranjv.org\/es\/#logo\",\"inLanguage\":\"es\",\"url\":\"https:\/\/sonoranjv.org\/wp-content\/uploads\/2017\/05\/sonoran-joint-venture-og.jpg\",\"contentUrl\":\"https:\/\/sonoranjv.org\/wp-content\/uploads\/2017\/05\/sonoran-joint-venture-og.jpg\",\"width\":\"573\",\"height\":\"316\",\"caption\":\"Sonoran Joint Venture\"},\"image\":{\"@id\":\"https:\/\/dev.sonoranjv.org\/es\/#logo\"}},{\"@type\":\"WebSite\",\"@id\":\"https:\/\/dev.sonoranjv.org\/es\/#website\",\"url\":\"https:\/\/dev.sonoranjv.org\/es\/\",\"name\":\"Sonoran Joint Venture\",\"description\":\"Conserving the unique birds and habitats of the southwestern United States and northwestern Mexico\",\"publisher\":{\"@id\":\"https:\/\/dev.sonoranjv.org\/es\/#organization\"},\"potentialAction\":[{\"@type\":\"SearchAction\",\"target\":\"https:\/\/dev.sonoranjv.org\/es\/?s={search_term_string}\",\"query-input\":\"required name=search_term_string\"}],\"inLanguage\":\"es\"},{\"@type\":\"WebPage\",\"@id\":\"https:\/\/dev.sonoranjv.org\/es\/eboletin\/#webpage\",\"url\":\"https:\/\/dev.sonoranjv.org\/es\/eboletin\/\",\"name\":\"eBolet\\u00edn - Sonoran Joint Venture\",\"isPartOf\":{\"@id\":\"https:\/\/dev.sonoranjv.org\/es\/#website\"},\"datePublished\":\"2020-06-11T17:44:30+00:00\",\"dateModified\":\"2023-02-28T17:53:36+00:00\",\"breadcrumb\":{\"@id\":\"https:\/\/dev.sonoranjv.org\/es\/eboletin\/#breadcrumb\"},\"inLanguage\":\"es\",\"potentialAction\":[{\"@type\":\"ReadAction\",\"target\":[\"https:\/\/dev.sonoranjv.org\/es\/eboletin\/\"]}]},{\"@type\":\"BreadcrumbList\",\"@id\":\"https:\/\/dev.sonoranjv.org\/es\/eboletin\/#breadcrumb\",\"itemListElement\":[{\"@type\":\"ListItem\",\"position\":1,\"item\":{\"@type\":\"WebPage\",\"@id\":\"https:\/\/dev.sonoranjv.org\/es\/\",\"url\":\"https:\/\/dev.sonoranjv.org\/es\/\",\"name\":\"Home\"}},{\"@type\":\"ListItem\",\"position\":2,\"item\":{\"@id\":\"https:\/\/dev.sonoranjv.org\/es\/eboletin\/#webpage\"}}]}]}<\/script>\n<!-- \/ Yoast SEO plugin. -->","_links":{"self":[{"href":"https:\/\/dev.sonoranjv.org\/es\/wp-json\/wp\/v2\/pages\/8843"}],"collection":[{"href":"https:\/\/dev.sonoranjv.org\/es\/wp-json\/wp\/v2\/pages"}],"about":[{"href":"https:\/\/dev.sonoranjv.org\/es\/wp-json\/wp\/v2\/types\/page"}],"author":[{"embeddable":true,"href":"https:\/\/dev.sonoranjv.org\/es\/wp-json\/wp\/v2\/users\/6"}],"replies":[{"embeddable":true,"href":"https:\/\/dev.sonoranjv.org\/es\/wp-json\/wp\/v2\/comments?post=8843"}],"version-history":[{"count":25,"href":"https:\/\/dev.sonoranjv.org\/es\/wp-json\/wp\/v2\/pages\/8843\/revisions"}],"predecessor-version":[{"id":10815,"href":"https:\/\/dev.sonoranjv.org\/es\/wp-json\/wp\/v2\/pages\/8843\/revisions\/10815"}],"wp:attachment":[{"href":"https:\/\/dev.sonoranjv.org\/es\/wp-json\/wp\/v2\/media?parent=8843"}],"curies":[{"name":"wp","href":"https:\/\/api.w.org\/{rel}","templated":true}]}}