{"id":8467,"date":"2020-01-13T11:31:40","date_gmt":"2020-01-13T18:31:40","guid":{"rendered":"https:\/\/sonoranjv.org\/?page_id=8467"},"modified":"2023-03-15T11:45:55","modified_gmt":"2023-03-15T18:45:55","slug":"proximas-reuniones-eventos-y-capacitaciones","status":"publish","type":"page","link":"https:\/\/dev.sonoranjv.org\/es\/noticias\/proximas-reuniones-eventos-y-capacitaciones\/","title":{"rendered":"Pr\u00f3ximas reuniones, eventos y capacitaciones"},"content":{"rendered":"<h2>Enero<\/h2>\n<p>No hay eventos<\/p>\n<h2>Febrero<\/h2>\n<p>No hay eventos<\/p>\n<h2>Marzo<\/h2>\n<p>No hay eventos<\/p>\n<h2>Abril<\/h2>\n<h3>Reuni\u00f3n del Grupo de Trabajo de Cuicacoches del Desierto y el Grupo de Trabajo Occidental Compa\u00f1eros En Vuelo \u00b7 Las Vegas, NV \u00b7 *evento h\u00edbrida*<\/h3>\n<h3>24-27 de abril 2023<\/h3>\n<p>El Grupo de Trabajo de Cuicacoches del Desierto se reunir\u00e1 antes (el 24 de abril) de la reuni\u00f3n del Grupo de Trabajo Occidental Compa\u00f1eros En Vuelo de primavera de 2023, que se llevar\u00e1 a cabo del 25 al 27 de abril de 2023 en el Centro de Visitantes Corn Creek del Refugio Nacional de Vida Silvestre del Desierto. Puede encontrar m\u00e1s informaci\u00f3n y el orden del d\u00eda de la reuni\u00f3n <a href=\"https:\/\/klamathbird.org\/uncategorized\/pif-wwg-spring-2023\/\"><strong>aqu\u00ed<\/strong><\/a>.<\/p>\n<h2>Mayo<\/h2>\n<h3>Reuni\u00f3n del Grupo de Trabajo de Ciencias del SJV \u00b7 Tucson, AZ \u00b7 *evento h\u00edbrida*<\/h3>\n<h3>2-3 de mayo 2023<\/h3>\n<p>\u00bfEres un profesional en la conservaci\u00f3n de aves en el suroeste de Estados Unidos o noroeste de M\u00e9xico? \u00bfQuieres relacionarte y trabajar con otros profesionales de ideas afines en la regi\u00f3n? Entonces podr\u00edas estar interesado en participar en el <a href=\"https:\/\/sonoranjv.org\/es\/acerca-de-nosotros\/grupo-de-trabajo\/\">Grupo de Trabajo de Ciencias<\/a> del Sonoran Joint Venture. El reuni\u00f3n esta abierto a todos y tendremos traducci\u00f3n simult\u00e1nea este a\u00f1o. Para preguntas o si desea participar, favor de comunicarse con <a href=\"mailto:adam_hannuksela@fws.gov\">Adam Hannuksela<\/a>. Haga clic <a href=\"https:\/\/docs.google.com\/spreadsheets\/d\/1pEC3xtN0sQjSM3NMlVu2MllSTxG-SFEdkYKnXAt6k_Y\/edit#gid=0\"><strong>aqu\u00ed<\/strong> <\/a>para inscribirse en la reuni\u00f3n y suscr\u00edbete a la <a href=\"https:\/\/sonoranjv.org\/es\/noticias\/listserv-del-sonoran-joint-venture\/\">listserv<\/a> del SJV para recibir actualizaciones de las reuniones, oportunidades y m\u00e1s.<\/p>\n<h3>Reuni\u00f3n del Consejo Consultivo del SJV \u00b7 Ensenada, M\u00e9xico \u00b7 *evento h\u00edbrida*<\/h3>\n<h3>22-26 de mayo 2023<\/h3>\n<p>El Consejo Consultivo del Sonoran Joint Venture se reunir\u00e1 para discutir los temas actuales a tratar y de la planificaci\u00f3n estrat\u00e9gica para la conservaci\u00f3n. El consejo est\u00e1 compuesto de un equipo binacional de EEUU y M\u00e9xico. Incluye a representantes de dependencias federales y estatales, organizaciones sin fines de lucro e instituciones acad\u00e9micas, con lugar para particulares, la industria y dem\u00e1s personas interesadas en la conservaci\u00f3n de las aves y los h\u00e1bitats en la regi\u00f3n del SJV. Para m\u00e1s informaci\u00f3n sobre la junta y los perfiles de los miembros, haz clic <a href=\"https:\/\/sonoranjv.org\/es\/acerca-de-nosotros\/consejo-consultivo\/\" target=\"_blank\" rel=\"noopener noreferrer\">aqu\u00ed<\/a>.<\/p>\n<h2>Junio<\/h2>\n<p>No hay eventos<\/p>\n<h2>Julio<\/h2>\n<p>No hay eventos<\/p>\n<h2>Augusto<\/h2>\n<p>No hay eventos<\/p>\n<h2>Septiembre<\/h2>\n<p>No hay eventos<\/p>\n<h2>Octubre<\/h2>\n<p>No hay eventos<\/p>\n<h2>Noviembre<\/h2>\n<p>No hay eventos<\/p>\n<h2>Diciembre<\/h2>\n<p>No hay eventos<\/p>\n","protected":false},"excerpt":{"rendered":"<p>Enero No hay eventos Febrero No hay eventos Marzo No hay eventos Abril Reuni\u00f3n del Grupo de Trabajo de Cuicacoches del Desierto y el Grupo de Trabajo Occidental Compa\u00f1eros En Vuelo \u00b7 Las Vegas, NV \u00b7 *evento h\u00edbrida* 24-27 de abril 2023 El Grupo de Trabajo de Cuicacoches del Desierto se reunir\u00e1 antes (el 24<\/p>\n","protected":false},"author":3,"featured_media":0,"parent":3918,"menu_order":0,"comment_status":"closed","ping_status":"closed","template":"","meta":[],"yoast_head":"<!-- This site is optimized with the Yoast SEO plugin v16.2 - https:\/\/yoast.com\/wordpress\/plugins\/seo\/ -->\n<title>Pr\u00f3ximas reuniones, eventos y capacitaciones - Sonoran Joint Venture<\/title>\n<meta name=\"robots\" content=\"index, follow, max-snippet:-1, max-image-preview:large, max-video-preview:-1\" \/>\n<link rel=\"canonical\" href=\"https:\/\/dev.sonoranjv.org\/es\/noticias\/proximas-reuniones-eventos-y-capacitaciones\/\" \/>\n<meta property=\"og:locale\" content=\"es_ES\" \/>\n<meta property=\"og:type\" content=\"article\" \/>\n<meta property=\"og:title\" content=\"Pr\u00f3ximas reuniones, eventos y capacitaciones - Sonoran Joint Venture\" \/>\n<meta property=\"og:description\" content=\"Enero No hay eventos Febrero No hay eventos Marzo No hay eventos Abril Reuni\u00f3n del Grupo de Trabajo de Cuicacoches del Desierto y el Grupo de Trabajo Occidental Compa\u00f1eros En Vuelo \u00b7 Las Vegas, NV \u00b7 *evento h\u00edbrida* 24-27 de abril 2023 El Grupo de Trabajo de Cuicacoches del Desierto se reunir\u00e1 antes (el 24\" \/>\n<meta property=\"og:url\" content=\"https:\/\/dev.sonoranjv.org\/es\/noticias\/proximas-reuniones-eventos-y-capacitaciones\/\" \/>\n<meta property=\"og:site_name\" content=\"Sonoran Joint Venture\" \/>\n<meta property=\"article:publisher\" content=\"http:\/\/www.facebook.com\/sonoranjv\" \/>\n<meta property=\"article:modified_time\" content=\"2023-03-15T18:45:55+00:00\" \/>\n<meta name=\"twitter:card\" content=\"summary\" \/>\n<meta name=\"twitter:site\" content=\"@sonoranjv\" \/>\n<meta name=\"twitter:label1\" content=\"Tiempo de lectura\">\n\t<meta name=\"twitter:data1\" content=\"2 minutos\">\n<script type=\"application\/ld+json\" class=\"yoast-schema-graph\">{\"@context\":\"https:\/\/schema.org\",\"@graph\":[{\"@type\":\"Organization\",\"@id\":\"https:\/\/dev.sonoranjv.org\/es\/#organization\",\"name\":\"Sonoran Joint Venture\",\"url\":\"https:\/\/dev.sonoranjv.org\/es\/\",\"sameAs\":[\"http:\/\/www.facebook.com\/sonoranjv\",\"https:\/\/www.pinterest.com\/sonoranjv\/pins\/\",\"https:\/\/twitter.com\/sonoranjv\"],\"logo\":{\"@type\":\"ImageObject\",\"@id\":\"https:\/\/dev.sonoranjv.org\/es\/#logo\",\"inLanguage\":\"es\",\"url\":\"https:\/\/sonoranjv.org\/wp-content\/uploads\/2017\/05\/sonoran-joint-venture-og.jpg\",\"contentUrl\":\"https:\/\/sonoranjv.org\/wp-content\/uploads\/2017\/05\/sonoran-joint-venture-og.jpg\",\"width\":\"573\",\"height\":\"316\",\"caption\":\"Sonoran Joint Venture\"},\"image\":{\"@id\":\"https:\/\/dev.sonoranjv.org\/es\/#logo\"}},{\"@type\":\"WebSite\",\"@id\":\"https:\/\/dev.sonoranjv.org\/es\/#website\",\"url\":\"https:\/\/dev.sonoranjv.org\/es\/\",\"name\":\"Sonoran Joint Venture\",\"description\":\"Conserving the unique birds and habitats of the southwestern United States and northwestern Mexico\",\"publisher\":{\"@id\":\"https:\/\/dev.sonoranjv.org\/es\/#organization\"},\"potentialAction\":[{\"@type\":\"SearchAction\",\"target\":\"https:\/\/dev.sonoranjv.org\/es\/?s={search_term_string}\",\"query-input\":\"required name=search_term_string\"}],\"inLanguage\":\"es\"},{\"@type\":\"WebPage\",\"@id\":\"https:\/\/dev.sonoranjv.org\/es\/noticias\/proximas-reuniones-eventos-y-capacitaciones\/#webpage\",\"url\":\"https:\/\/dev.sonoranjv.org\/es\/noticias\/proximas-reuniones-eventos-y-capacitaciones\/\",\"name\":\"Pr\\u00f3ximas reuniones, eventos y capacitaciones - Sonoran Joint Venture\",\"isPartOf\":{\"@id\":\"https:\/\/dev.sonoranjv.org\/es\/#website\"},\"datePublished\":\"2020-01-13T18:31:40+00:00\",\"dateModified\":\"2023-03-15T18:45:55+00:00\",\"breadcrumb\":{\"@id\":\"https:\/\/dev.sonoranjv.org\/es\/noticias\/proximas-reuniones-eventos-y-capacitaciones\/#breadcrumb\"},\"inLanguage\":\"es\",\"potentialAction\":[{\"@type\":\"ReadAction\",\"target\":[\"https:\/\/dev.sonoranjv.org\/es\/noticias\/proximas-reuniones-eventos-y-capacitaciones\/\"]}]},{\"@type\":\"BreadcrumbList\",\"@id\":\"https:\/\/dev.sonoranjv.org\/es\/noticias\/proximas-reuniones-eventos-y-capacitaciones\/#breadcrumb\",\"itemListElement\":[{\"@type\":\"ListItem\",\"position\":1,\"item\":{\"@type\":\"WebPage\",\"@id\":\"https:\/\/dev.sonoranjv.org\/es\/\",\"url\":\"https:\/\/dev.sonoranjv.org\/es\/\",\"name\":\"Home\"}},{\"@type\":\"ListItem\",\"position\":2,\"item\":{\"@type\":\"WebPage\",\"@id\":\"https:\/\/dev.sonoranjv.org\/es\/noticias\/\",\"url\":\"https:\/\/dev.sonoranjv.org\/es\/noticias\/\",\"name\":\"Noticias\"}},{\"@type\":\"ListItem\",\"position\":3,\"item\":{\"@id\":\"https:\/\/dev.sonoranjv.org\/es\/noticias\/proximas-reuniones-eventos-y-capacitaciones\/#webpage\"}}]}]}<\/script>\n<!-- \/ Yoast SEO plugin. -->","_links":{"self":[{"href":"https:\/\/dev.sonoranjv.org\/es\/wp-json\/wp\/v2\/pages\/8467"}],"collection":[{"href":"https:\/\/dev.sonoranjv.org\/es\/wp-json\/wp\/v2\/pages"}],"about":[{"href":"https:\/\/dev.sonoranjv.org\/es\/wp-json\/wp\/v2\/types\/page"}],"author":[{"embeddable":true,"href":"https:\/\/dev.sonoranjv.org\/es\/wp-json\/wp\/v2\/users\/3"}],"replies":[{"embeddable":true,"href":"https:\/\/dev.sonoranjv.org\/es\/wp-json\/wp\/v2\/comments?post=8467"}],"version-history":[{"count":32,"href":"https:\/\/dev.sonoranjv.org\/es\/wp-json\/wp\/v2\/pages\/8467\/revisions"}],"predecessor-version":[{"id":10852,"href":"https:\/\/dev.sonoranjv.org\/es\/wp-json\/wp\/v2\/pages\/8467\/revisions\/10852"}],"up":[{"embeddable":true,"href":"https:\/\/dev.sonoranjv.org\/es\/wp-json\/wp\/v2\/pages\/3918"}],"wp:attachment":[{"href":"https:\/\/dev.sonoranjv.org\/es\/wp-json\/wp\/v2\/media?parent=8467"}],"curies":[{"name":"wp","href":"https:\/\/api.w.org\/{rel}","templated":true}]}}