{"id":7501,"date":"2019-01-31T11:50:31","date_gmt":"2019-01-31T18:50:31","guid":{"rendered":"https:\/\/sonoranjv.org\/?page_id=7501"},"modified":"2019-01-31T11:50:31","modified_gmt":"2019-01-31T18:50:31","slug":"eduardo-palacios","status":"publish","type":"page","link":"https:\/\/dev.sonoranjv.org\/es\/acerca-de-nosotros\/consejo-consultivo\/eduardo-palacios\/","title":{"rendered":"Eduardo Palacios"},"content":{"rendered":"<p><a href=\"https:\/\/sonoranjv.org\/wp-content\/uploads\/2019\/01\/rsz_eduardo_palacios.jpg\"><img loading=\"lazy\" class=\" wp-image-7499 aligncenter\" src=\"https:\/\/sonoranjv.org\/wp-content\/uploads\/2019\/01\/rsz_eduardo_palacios.jpg\" alt=\"\" width=\"401\" height=\"372\" srcset=\"https:\/\/dev.sonoranjv.org\/wp-content\/uploads\/2019\/01\/rsz_eduardo_palacios.jpg 426w, https:\/\/dev.sonoranjv.org\/wp-content\/uploads\/2019\/01\/rsz_eduardo_palacios-300x278.jpg 300w, https:\/\/dev.sonoranjv.org\/wp-content\/uploads\/2019\/01\/rsz_eduardo_palacios-202x187.jpg 202w\" sizes=\"(max-width: 401px) 100vw, 401px\" \/><\/a><\/p>\n<p>Dr. Eduardo Palacios es Bi\u00f3logo investigador de aves playeras, Centro de Investigaci\u00f3n Cient\u00edfica y de Educaci\u00f3n Superior de Ensenada, Baja California (CICESE). Eduardo\u00a0realiz\u00f3 sus estudios de doctorado en el 2001 en la Universidad de California en Davis. Ha pasado los \u00faltimos 25 a\u00f1os trabajando como investigador en la biolog\u00eda de la conservaci\u00f3n en el CICESE. Implementa el monitoreo de aves y los proyectos de conservaci\u00f3n con las diferentes ONG en EEUU y M\u00e9xico, incluyendo ProEsteros, Pronatura Noroeste y Terra Peninsular. Eduardo tambi\u00e9n trabaja con el Centro Manomet para la Ciencia de la Conservaci\u00f3n como Coordinador de Proyectos de Recuperaci\u00f3n de Aves Playeras para el Noroeste de M\u00e9xico y redact\u00f3 el Plan de Recuperaci\u00f3n para las aves playeras de la regi\u00f3n. Recientemente ayud\u00f3 a asegurar la protecci\u00f3n legal de cuatro especies de aves playeras y actualmente coordina el Proyecto de Aves Playeras Migratorias de Point Blue Conservation Science en M\u00e9xico.<\/p>\n","protected":false},"excerpt":{"rendered":"<p>Dr. Eduardo Palacios es Bi\u00f3logo investigador de aves playeras, Centro de Investigaci\u00f3n Cient\u00edfica y de Educaci\u00f3n Superior de Ensenada, Baja California (CICESE). Eduardo\u00a0realiz\u00f3 sus estudios de doctorado en el 2001 en la Universidad de California en Davis. Ha pasado los \u00faltimos 25 a\u00f1os trabajando como investigador en la biolog\u00eda de la conservaci\u00f3n en el CICESE.<\/p>\n","protected":false},"author":6,"featured_media":0,"parent":3986,"menu_order":0,"comment_status":"closed","ping_status":"closed","template":"","meta":[],"yoast_head":"<!-- This site is optimized with the Yoast SEO plugin v16.2 - https:\/\/yoast.com\/wordpress\/plugins\/seo\/ -->\n<title>Eduardo Palacios - Sonoran Joint Venture<\/title>\n<meta name=\"robots\" content=\"index, follow, max-snippet:-1, max-image-preview:large, max-video-preview:-1\" \/>\n<link rel=\"canonical\" href=\"https:\/\/dev.sonoranjv.org\/es\/acerca-de-nosotros\/consejo-consultivo\/eduardo-palacios\/\" \/>\n<meta property=\"og:locale\" content=\"es_ES\" \/>\n<meta property=\"og:type\" content=\"article\" \/>\n<meta property=\"og:title\" content=\"Eduardo Palacios - Sonoran Joint Venture\" \/>\n<meta property=\"og:description\" content=\"Dr. Eduardo Palacios es Bi\u00f3logo investigador de aves playeras, Centro de Investigaci\u00f3n Cient\u00edfica y de Educaci\u00f3n Superior de Ensenada, Baja California (CICESE). Eduardo\u00a0realiz\u00f3 sus estudios de doctorado en el 2001 en la Universidad de California en Davis. Ha pasado los \u00faltimos 25 a\u00f1os trabajando como investigador en la biolog\u00eda de la conservaci\u00f3n en el CICESE.\" \/>\n<meta property=\"og:url\" content=\"https:\/\/dev.sonoranjv.org\/es\/acerca-de-nosotros\/consejo-consultivo\/eduardo-palacios\/\" \/>\n<meta property=\"og:site_name\" content=\"Sonoran Joint Venture\" \/>\n<meta property=\"article:publisher\" content=\"http:\/\/www.facebook.com\/sonoranjv\" \/>\n<meta property=\"og:image\" content=\"https:\/\/sonoranjv.org\/wp-content\/uploads\/2019\/01\/rsz_eduardo_palacios.jpg\" \/>\n<meta name=\"twitter:card\" content=\"summary\" \/>\n<meta name=\"twitter:site\" content=\"@sonoranjv\" \/>\n<meta name=\"twitter:label1\" content=\"Tiempo de lectura\">\n\t<meta name=\"twitter:data1\" content=\"1 minuto\">\n<script type=\"application\/ld+json\" class=\"yoast-schema-graph\">{\"@context\":\"https:\/\/schema.org\",\"@graph\":[{\"@type\":\"Organization\",\"@id\":\"https:\/\/dev.sonoranjv.org\/es\/#organization\",\"name\":\"Sonoran Joint Venture\",\"url\":\"https:\/\/dev.sonoranjv.org\/es\/\",\"sameAs\":[\"http:\/\/www.facebook.com\/sonoranjv\",\"https:\/\/www.pinterest.com\/sonoranjv\/pins\/\",\"https:\/\/twitter.com\/sonoranjv\"],\"logo\":{\"@type\":\"ImageObject\",\"@id\":\"https:\/\/dev.sonoranjv.org\/es\/#logo\",\"inLanguage\":\"es\",\"url\":\"https:\/\/sonoranjv.org\/wp-content\/uploads\/2017\/05\/sonoran-joint-venture-og.jpg\",\"contentUrl\":\"https:\/\/sonoranjv.org\/wp-content\/uploads\/2017\/05\/sonoran-joint-venture-og.jpg\",\"width\":\"573\",\"height\":\"316\",\"caption\":\"Sonoran Joint Venture\"},\"image\":{\"@id\":\"https:\/\/dev.sonoranjv.org\/es\/#logo\"}},{\"@type\":\"WebSite\",\"@id\":\"https:\/\/dev.sonoranjv.org\/es\/#website\",\"url\":\"https:\/\/dev.sonoranjv.org\/es\/\",\"name\":\"Sonoran Joint Venture\",\"description\":\"Conserving the unique birds and habitats of the southwestern United States and northwestern Mexico\",\"publisher\":{\"@id\":\"https:\/\/dev.sonoranjv.org\/es\/#organization\"},\"potentialAction\":[{\"@type\":\"SearchAction\",\"target\":\"https:\/\/dev.sonoranjv.org\/es\/?s={search_term_string}\",\"query-input\":\"required name=search_term_string\"}],\"inLanguage\":\"es\"},{\"@type\":\"ImageObject\",\"@id\":\"https:\/\/dev.sonoranjv.org\/es\/acerca-de-nosotros\/consejo-consultivo\/eduardo-palacios\/#primaryimage\",\"inLanguage\":\"es\",\"url\":\"https:\/\/sonoranjv.org\/wp-content\/uploads\/2019\/01\/rsz_eduardo_palacios.jpg\",\"contentUrl\":\"https:\/\/sonoranjv.org\/wp-content\/uploads\/2019\/01\/rsz_eduardo_palacios.jpg\"},{\"@type\":\"WebPage\",\"@id\":\"https:\/\/dev.sonoranjv.org\/es\/acerca-de-nosotros\/consejo-consultivo\/eduardo-palacios\/#webpage\",\"url\":\"https:\/\/dev.sonoranjv.org\/es\/acerca-de-nosotros\/consejo-consultivo\/eduardo-palacios\/\",\"name\":\"Eduardo Palacios - Sonoran Joint Venture\",\"isPartOf\":{\"@id\":\"https:\/\/dev.sonoranjv.org\/es\/#website\"},\"primaryImageOfPage\":{\"@id\":\"https:\/\/dev.sonoranjv.org\/es\/acerca-de-nosotros\/consejo-consultivo\/eduardo-palacios\/#primaryimage\"},\"datePublished\":\"2019-01-31T18:50:31+00:00\",\"dateModified\":\"2019-01-31T18:50:31+00:00\",\"breadcrumb\":{\"@id\":\"https:\/\/dev.sonoranjv.org\/es\/acerca-de-nosotros\/consejo-consultivo\/eduardo-palacios\/#breadcrumb\"},\"inLanguage\":\"es\",\"potentialAction\":[{\"@type\":\"ReadAction\",\"target\":[\"https:\/\/dev.sonoranjv.org\/es\/acerca-de-nosotros\/consejo-consultivo\/eduardo-palacios\/\"]}]},{\"@type\":\"BreadcrumbList\",\"@id\":\"https:\/\/dev.sonoranjv.org\/es\/acerca-de-nosotros\/consejo-consultivo\/eduardo-palacios\/#breadcrumb\",\"itemListElement\":[{\"@type\":\"ListItem\",\"position\":1,\"item\":{\"@type\":\"WebPage\",\"@id\":\"https:\/\/dev.sonoranjv.org\/es\/\",\"url\":\"https:\/\/dev.sonoranjv.org\/es\/\",\"name\":\"Home\"}},{\"@type\":\"ListItem\",\"position\":2,\"item\":{\"@type\":\"WebPage\",\"@id\":\"https:\/\/dev.sonoranjv.org\/es\/acerca-de-nosotros\/\",\"url\":\"https:\/\/dev.sonoranjv.org\/es\/acerca-de-nosotros\/\",\"name\":\"Acerca de Nosotros\"}},{\"@type\":\"ListItem\",\"position\":3,\"item\":{\"@type\":\"WebPage\",\"@id\":\"https:\/\/dev.sonoranjv.org\/es\/acerca-de-nosotros\/consejo-consultivo\/\",\"url\":\"https:\/\/dev.sonoranjv.org\/es\/acerca-de-nosotros\/consejo-consultivo\/\",\"name\":\"Consejo Consultivo\"}},{\"@type\":\"ListItem\",\"position\":4,\"item\":{\"@id\":\"https:\/\/dev.sonoranjv.org\/es\/acerca-de-nosotros\/consejo-consultivo\/eduardo-palacios\/#webpage\"}}]}]}<\/script>\n<!-- \/ Yoast SEO plugin. -->","_links":{"self":[{"href":"https:\/\/dev.sonoranjv.org\/es\/wp-json\/wp\/v2\/pages\/7501"}],"collection":[{"href":"https:\/\/dev.sonoranjv.org\/es\/wp-json\/wp\/v2\/pages"}],"about":[{"href":"https:\/\/dev.sonoranjv.org\/es\/wp-json\/wp\/v2\/types\/page"}],"author":[{"embeddable":true,"href":"https:\/\/dev.sonoranjv.org\/es\/wp-json\/wp\/v2\/users\/6"}],"replies":[{"embeddable":true,"href":"https:\/\/dev.sonoranjv.org\/es\/wp-json\/wp\/v2\/comments?post=7501"}],"version-history":[{"count":2,"href":"https:\/\/dev.sonoranjv.org\/es\/wp-json\/wp\/v2\/pages\/7501\/revisions"}],"predecessor-version":[{"id":7504,"href":"https:\/\/dev.sonoranjv.org\/es\/wp-json\/wp\/v2\/pages\/7501\/revisions\/7504"}],"up":[{"embeddable":true,"href":"https:\/\/dev.sonoranjv.org\/es\/wp-json\/wp\/v2\/pages\/3986"}],"wp:attachment":[{"href":"https:\/\/dev.sonoranjv.org\/es\/wp-json\/wp\/v2\/media?parent=7501"}],"curies":[{"name":"wp","href":"https:\/\/api.w.org\/{rel}","templated":true}]}}