{"id":7493,"date":"2019-01-31T11:42:19","date_gmt":"2019-01-31T18:42:19","guid":{"rendered":"https:\/\/sonoranjv.org\/?page_id=7493"},"modified":"2019-01-31T11:42:19","modified_gmt":"2019-01-31T18:42:19","slug":"junko-hoshi","status":"publish","type":"page","link":"https:\/\/dev.sonoranjv.org\/es\/acerca-de-nosotros\/consejo-consultivo\/junko-hoshi\/","title":{"rendered":"Junko Hoshi"},"content":{"rendered":"<p><a href=\"https:\/\/sonoranjv.org\/wp-content\/uploads\/2019\/01\/rsz_junkohoshi.jpg\"><img loading=\"lazy\" class=\"wp-image-7491 aligncenter\" src=\"https:\/\/sonoranjv.org\/wp-content\/uploads\/2019\/01\/rsz_junkohoshi.jpg\" alt=\"\" width=\"400\" height=\"400\" srcset=\"https:\/\/dev.sonoranjv.org\/wp-content\/uploads\/2019\/01\/rsz_junkohoshi.jpg 612w, https:\/\/dev.sonoranjv.org\/wp-content\/uploads\/2019\/01\/rsz_junkohoshi-150x150.jpg 150w, https:\/\/dev.sonoranjv.org\/wp-content\/uploads\/2019\/01\/rsz_junkohoshi-300x300.jpg 300w, https:\/\/dev.sonoranjv.org\/wp-content\/uploads\/2019\/01\/rsz_junkohoshi-187x187.jpg 187w\" sizes=\"(max-width: 400px) 100vw, 400px\" \/><\/a><\/p>\n<p>Junko Hoshi es la Planificadora para la Conservaci\u00f3n del Instituto de Ciencias, Departamento de Pesca y Vida Silvestre de California. La pasi\u00f3n de Junko por la naturaleza se remonta a su primera memoria atiborr\u00e1ndose de frambuesas silvestres cerca de su casa. La expansi\u00f3n urbana descontrolada se acercaba r\u00e1pidamente y esos bosques secundarios en Tokio donde hab\u00eda estado atrapando bichos y excavando f\u00f3siles se transformaron en bosques de viviendas en tan solo dos a\u00f1os, excepto por las \u00e1reas protegidas bajo los c\u00f3digos de la ciudad. Esta experiencia al final la condujo a cambiar de la carrera de ingenier\u00eda y matem\u00e1ticas a planificadora para la conservaci\u00f3n.<\/p>\n<p>Durante los \u00faltimos 11 a\u00f1os, desde la escala local a la internacional, ha colaborado para avanzar las actividades de conservaci\u00f3n de los ecosistemas representando al CDFW (p. ej., CA Biodiversity Council, CA Strategic Growth Council, Landscape Conservation Cooperatives, Association of Fish and Wildlife Agencies, State of Aichi, Jap\u00f3n). Codesarroll\u00f3 varias estrategias regionales (p. ej., Plan de Conservaci\u00f3n del Delta de la Bah\u00eda y el Plan de Conservaci\u00f3n de Energ\u00edas Renovables del Desierto) antes de coliderar el desarrollo de la Actualizaci\u00f3n al Plan Estatal de Acci\u00f3n de Vida Silvestre de California 2015 (SWAP 2015). Actualmente administra el Programa SWAP as\u00ed como el Programa de Subvenciones de adquisici\u00f3n SB34 Advance Mitigation Land, a trav\u00e9s del cual se protegen permanentemente los terrenos de gran tama\u00f1o en perfecto estado en los desiertos de California como futuros terrenos de mitigaci\u00f3n previos al desarrollo.<\/p>\n<p>Junko ama las diversidades, sean humanas o naturales, y trabaja incansablemente por su visi\u00f3n de protegerlas y mejorarlas. No debe sorprendernos su emoci\u00f3n de unirse al SJV, para administrar juntos los paisajes naturales a lo largo de las fronteras y m\u00e1s all\u00e1 de las diferencias respondiendo a los mayores retos y oportunidades.<\/p>\n<p>Junko primero usa los binoculares para buscar plantas. Los correcaminos nunca fallan en elevarle el esp\u00edritu y recordarle tomar las cosas con facilidad. Los terrenos \u00e1ridos tambi\u00e9n cuentan con un lugar especial en su coraz\u00f3n; especialmente el agua en los desiertos es una interminable fuente de inspiraci\u00f3n para ella. \u00bfC\u00f3mo puede ser posible que tantos terrenos secos los hayan definido las caracter\u00edsticas del agua? \u00bfC\u00f3mo es que el salpicar de la lluvia despierta un frenes\u00ed en las flores de primavera del desierto?<\/p>\n","protected":false},"excerpt":{"rendered":"<p>Junko Hoshi es la Planificadora para la Conservaci\u00f3n del Instituto de Ciencias, Departamento de Pesca y Vida Silvestre de California. La pasi\u00f3n de Junko por la naturaleza se remonta a su primera memoria atiborr\u00e1ndose de frambuesas silvestres cerca de su casa. La expansi\u00f3n urbana descontrolada se acercaba r\u00e1pidamente y esos bosques secundarios en Tokio donde<\/p>\n","protected":false},"author":6,"featured_media":0,"parent":3986,"menu_order":0,"comment_status":"closed","ping_status":"closed","template":"","meta":[],"yoast_head":"<!-- This site is optimized with the Yoast SEO plugin v16.2 - https:\/\/yoast.com\/wordpress\/plugins\/seo\/ -->\n<title>Junko Hoshi - Sonoran Joint Venture<\/title>\n<meta name=\"robots\" content=\"index, follow, max-snippet:-1, max-image-preview:large, max-video-preview:-1\" \/>\n<link rel=\"canonical\" href=\"https:\/\/dev.sonoranjv.org\/es\/acerca-de-nosotros\/consejo-consultivo\/junko-hoshi\/\" \/>\n<meta property=\"og:locale\" content=\"es_ES\" \/>\n<meta property=\"og:type\" content=\"article\" \/>\n<meta property=\"og:title\" content=\"Junko Hoshi - Sonoran Joint Venture\" \/>\n<meta property=\"og:description\" content=\"Junko Hoshi es la Planificadora para la Conservaci\u00f3n del Instituto de Ciencias, Departamento de Pesca y Vida Silvestre de California. La pasi\u00f3n de Junko por la naturaleza se remonta a su primera memoria atiborr\u00e1ndose de frambuesas silvestres cerca de su casa. La expansi\u00f3n urbana descontrolada se acercaba r\u00e1pidamente y esos bosques secundarios en Tokio donde\" \/>\n<meta property=\"og:url\" content=\"https:\/\/dev.sonoranjv.org\/es\/acerca-de-nosotros\/consejo-consultivo\/junko-hoshi\/\" \/>\n<meta property=\"og:site_name\" content=\"Sonoran Joint Venture\" \/>\n<meta property=\"article:publisher\" content=\"http:\/\/www.facebook.com\/sonoranjv\" \/>\n<meta property=\"og:image\" content=\"https:\/\/sonoranjv.org\/wp-content\/uploads\/2019\/01\/rsz_junkohoshi.jpg\" \/>\n<meta name=\"twitter:card\" content=\"summary\" \/>\n<meta name=\"twitter:site\" content=\"@sonoranjv\" \/>\n<meta name=\"twitter:label1\" content=\"Tiempo de lectura\">\n\t<meta name=\"twitter:data1\" content=\"2 minutos\">\n<script type=\"application\/ld+json\" class=\"yoast-schema-graph\">{\"@context\":\"https:\/\/schema.org\",\"@graph\":[{\"@type\":\"Organization\",\"@id\":\"https:\/\/dev.sonoranjv.org\/es\/#organization\",\"name\":\"Sonoran Joint Venture\",\"url\":\"https:\/\/dev.sonoranjv.org\/es\/\",\"sameAs\":[\"http:\/\/www.facebook.com\/sonoranjv\",\"https:\/\/www.pinterest.com\/sonoranjv\/pins\/\",\"https:\/\/twitter.com\/sonoranjv\"],\"logo\":{\"@type\":\"ImageObject\",\"@id\":\"https:\/\/dev.sonoranjv.org\/es\/#logo\",\"inLanguage\":\"es\",\"url\":\"https:\/\/sonoranjv.org\/wp-content\/uploads\/2017\/05\/sonoran-joint-venture-og.jpg\",\"contentUrl\":\"https:\/\/sonoranjv.org\/wp-content\/uploads\/2017\/05\/sonoran-joint-venture-og.jpg\",\"width\":\"573\",\"height\":\"316\",\"caption\":\"Sonoran Joint Venture\"},\"image\":{\"@id\":\"https:\/\/dev.sonoranjv.org\/es\/#logo\"}},{\"@type\":\"WebSite\",\"@id\":\"https:\/\/dev.sonoranjv.org\/es\/#website\",\"url\":\"https:\/\/dev.sonoranjv.org\/es\/\",\"name\":\"Sonoran Joint Venture\",\"description\":\"Conserving the unique birds and habitats of the southwestern United States and northwestern Mexico\",\"publisher\":{\"@id\":\"https:\/\/dev.sonoranjv.org\/es\/#organization\"},\"potentialAction\":[{\"@type\":\"SearchAction\",\"target\":\"https:\/\/dev.sonoranjv.org\/es\/?s={search_term_string}\",\"query-input\":\"required name=search_term_string\"}],\"inLanguage\":\"es\"},{\"@type\":\"ImageObject\",\"@id\":\"https:\/\/dev.sonoranjv.org\/es\/acerca-de-nosotros\/consejo-consultivo\/junko-hoshi\/#primaryimage\",\"inLanguage\":\"es\",\"url\":\"https:\/\/sonoranjv.org\/wp-content\/uploads\/2019\/01\/rsz_junkohoshi.jpg\",\"contentUrl\":\"https:\/\/sonoranjv.org\/wp-content\/uploads\/2019\/01\/rsz_junkohoshi.jpg\"},{\"@type\":\"WebPage\",\"@id\":\"https:\/\/dev.sonoranjv.org\/es\/acerca-de-nosotros\/consejo-consultivo\/junko-hoshi\/#webpage\",\"url\":\"https:\/\/dev.sonoranjv.org\/es\/acerca-de-nosotros\/consejo-consultivo\/junko-hoshi\/\",\"name\":\"Junko Hoshi - Sonoran Joint Venture\",\"isPartOf\":{\"@id\":\"https:\/\/dev.sonoranjv.org\/es\/#website\"},\"primaryImageOfPage\":{\"@id\":\"https:\/\/dev.sonoranjv.org\/es\/acerca-de-nosotros\/consejo-consultivo\/junko-hoshi\/#primaryimage\"},\"datePublished\":\"2019-01-31T18:42:19+00:00\",\"dateModified\":\"2019-01-31T18:42:19+00:00\",\"breadcrumb\":{\"@id\":\"https:\/\/dev.sonoranjv.org\/es\/acerca-de-nosotros\/consejo-consultivo\/junko-hoshi\/#breadcrumb\"},\"inLanguage\":\"es\",\"potentialAction\":[{\"@type\":\"ReadAction\",\"target\":[\"https:\/\/dev.sonoranjv.org\/es\/acerca-de-nosotros\/consejo-consultivo\/junko-hoshi\/\"]}]},{\"@type\":\"BreadcrumbList\",\"@id\":\"https:\/\/dev.sonoranjv.org\/es\/acerca-de-nosotros\/consejo-consultivo\/junko-hoshi\/#breadcrumb\",\"itemListElement\":[{\"@type\":\"ListItem\",\"position\":1,\"item\":{\"@type\":\"WebPage\",\"@id\":\"https:\/\/dev.sonoranjv.org\/es\/\",\"url\":\"https:\/\/dev.sonoranjv.org\/es\/\",\"name\":\"Home\"}},{\"@type\":\"ListItem\",\"position\":2,\"item\":{\"@type\":\"WebPage\",\"@id\":\"https:\/\/dev.sonoranjv.org\/es\/acerca-de-nosotros\/\",\"url\":\"https:\/\/dev.sonoranjv.org\/es\/acerca-de-nosotros\/\",\"name\":\"Acerca de Nosotros\"}},{\"@type\":\"ListItem\",\"position\":3,\"item\":{\"@type\":\"WebPage\",\"@id\":\"https:\/\/dev.sonoranjv.org\/es\/acerca-de-nosotros\/consejo-consultivo\/\",\"url\":\"https:\/\/dev.sonoranjv.org\/es\/acerca-de-nosotros\/consejo-consultivo\/\",\"name\":\"Consejo Consultivo\"}},{\"@type\":\"ListItem\",\"position\":4,\"item\":{\"@id\":\"https:\/\/dev.sonoranjv.org\/es\/acerca-de-nosotros\/consejo-consultivo\/junko-hoshi\/#webpage\"}}]}]}<\/script>\n<!-- \/ Yoast SEO plugin. -->","_links":{"self":[{"href":"https:\/\/dev.sonoranjv.org\/es\/wp-json\/wp\/v2\/pages\/7493"}],"collection":[{"href":"https:\/\/dev.sonoranjv.org\/es\/wp-json\/wp\/v2\/pages"}],"about":[{"href":"https:\/\/dev.sonoranjv.org\/es\/wp-json\/wp\/v2\/types\/page"}],"author":[{"embeddable":true,"href":"https:\/\/dev.sonoranjv.org\/es\/wp-json\/wp\/v2\/users\/6"}],"replies":[{"embeddable":true,"href":"https:\/\/dev.sonoranjv.org\/es\/wp-json\/wp\/v2\/comments?post=7493"}],"version-history":[{"count":1,"href":"https:\/\/dev.sonoranjv.org\/es\/wp-json\/wp\/v2\/pages\/7493\/revisions"}],"predecessor-version":[{"id":7494,"href":"https:\/\/dev.sonoranjv.org\/es\/wp-json\/wp\/v2\/pages\/7493\/revisions\/7494"}],"up":[{"embeddable":true,"href":"https:\/\/dev.sonoranjv.org\/es\/wp-json\/wp\/v2\/pages\/3986"}],"wp:attachment":[{"href":"https:\/\/dev.sonoranjv.org\/es\/wp-json\/wp\/v2\/media?parent=7493"}],"curies":[{"name":"wp","href":"https:\/\/api.w.org\/{rel}","templated":true}]}}