{"id":6971,"date":"2018-07-30T14:16:26","date_gmt":"2018-07-30T21:16:26","guid":{"rendered":"http:\/\/sonoranjv.org\/?page_id=6971"},"modified":"2018-08-28T11:29:50","modified_gmt":"2018-08-28T18:29:50","slug":"lorayne-meltzer","status":"publish","type":"page","link":"https:\/\/dev.sonoranjv.org\/es\/acerca-de-nosotros\/consejo-consultivo\/lorayne-meltzer\/","title":{"rendered":"Lorayne Meltzer"},"content":{"rendered":"<p><a href=\"https:\/\/sonoranjv.org\/wp-content\/uploads\/2018\/04\/Lorayne-Meltzer.jpg\"><img loading=\"lazy\" class=\"size-full wp-image-6807 aligncenter\" src=\"https:\/\/sonoranjv.org\/wp-content\/uploads\/2018\/04\/Lorayne-Meltzer.jpg\" alt=\"\" width=\"322\" height=\"284\" srcset=\"https:\/\/dev.sonoranjv.org\/wp-content\/uploads\/2018\/04\/Lorayne-Meltzer.jpg 322w, https:\/\/dev.sonoranjv.org\/wp-content\/uploads\/2018\/04\/Lorayne-Meltzer-300x265.jpg 300w, https:\/\/dev.sonoranjv.org\/wp-content\/uploads\/2018\/04\/Lorayne-Meltzer-212x187.jpg 212w\" sizes=\"(max-width: 322px) 100vw, 322px\" \/><\/a><\/p>\n<p>Como Directora Ejecutiva y Profesora de Conservaci\u00f3n Marina del <a href=\"http:\/\/www.prescott.edu\/kino-bay-center\">Centro de Estudios Culturales y Ecol\u00f3gicos de Bah\u00eda Kino de Prescott College<\/a> en Sonora, M\u00e9xico, Lorayne lidera los esfuerzos de colaboraci\u00f3n, multiculturales e interdisciplinarios de conservaci\u00f3n comunitaria y educaci\u00f3n en el Golfo de California. El centro ha logrado contribuciones a largo plazo al estudio y la protecci\u00f3n de h\u00e1bitats isle\u00f1os y estuarinos cruciales para las aves de anidaci\u00f3n y migratorias mientras capacita a los miembros de la comunidad, a estudiantes y becarios de investigaci\u00f3n a participar en los esfuerzos de conservaci\u00f3n. Lorayne se siente honrada de formar parte del Consejo Consultivo del SJV debido a su profundo compromiso con los esfuerzos binacionales de conservaci\u00f3n que el SJV promueve y apoya. Aunque la llena de alegr\u00eda explorar todos los h\u00e1bitats marinos y costeros del Golfo, Lorayne guarda un amor especial por las zonas pel\u00e1gicas, donde todav\u00eda es com\u00fan ver rabijuncos pico rojo, grandes grupos de bobos aliment\u00e1ndose y padres y pollos en grupos de tres de m\u00e9rgulos de Craveri.<\/p>\n","protected":false},"excerpt":{"rendered":"<p>Como Directora Ejecutiva y Profesora de Conservaci\u00f3n Marina del Centro de Estudios Culturales y Ecol\u00f3gicos de Bah\u00eda Kino de Prescott College en Sonora, M\u00e9xico, Lorayne lidera los esfuerzos de colaboraci\u00f3n, multiculturales e interdisciplinarios de conservaci\u00f3n comunitaria y educaci\u00f3n en el Golfo de California. El centro ha logrado contribuciones a largo plazo al estudio y la<\/p>\n","protected":false},"author":6,"featured_media":0,"parent":3986,"menu_order":0,"comment_status":"closed","ping_status":"closed","template":"","meta":[],"yoast_head":"<!-- This site is optimized with the Yoast SEO plugin v16.2 - https:\/\/yoast.com\/wordpress\/plugins\/seo\/ -->\n<title>Lorayne Meltzer - Sonoran Joint Venture<\/title>\n<meta name=\"robots\" content=\"index, follow, max-snippet:-1, max-image-preview:large, max-video-preview:-1\" \/>\n<link rel=\"canonical\" href=\"https:\/\/dev.sonoranjv.org\/es\/acerca-de-nosotros\/consejo-consultivo\/lorayne-meltzer\/\" \/>\n<meta property=\"og:locale\" content=\"es_ES\" \/>\n<meta property=\"og:type\" content=\"article\" \/>\n<meta property=\"og:title\" content=\"Lorayne Meltzer - Sonoran Joint Venture\" \/>\n<meta property=\"og:description\" content=\"Como Directora Ejecutiva y Profesora de Conservaci\u00f3n Marina del Centro de Estudios Culturales y Ecol\u00f3gicos de Bah\u00eda Kino de Prescott College en Sonora, M\u00e9xico, Lorayne lidera los esfuerzos de colaboraci\u00f3n, multiculturales e interdisciplinarios de conservaci\u00f3n comunitaria y educaci\u00f3n en el Golfo de California. El centro ha logrado contribuciones a largo plazo al estudio y la\" \/>\n<meta property=\"og:url\" content=\"https:\/\/dev.sonoranjv.org\/es\/acerca-de-nosotros\/consejo-consultivo\/lorayne-meltzer\/\" \/>\n<meta property=\"og:site_name\" content=\"Sonoran Joint Venture\" \/>\n<meta property=\"article:publisher\" content=\"http:\/\/www.facebook.com\/sonoranjv\" \/>\n<meta property=\"article:modified_time\" content=\"2018-08-28T18:29:50+00:00\" \/>\n<meta property=\"og:image\" content=\"https:\/\/sonoranjv.org\/wp-content\/uploads\/2018\/04\/Lorayne-Meltzer.jpg\" \/>\n<meta name=\"twitter:card\" content=\"summary\" \/>\n<meta name=\"twitter:site\" content=\"@sonoranjv\" \/>\n<meta name=\"twitter:label1\" content=\"Tiempo de lectura\">\n\t<meta name=\"twitter:data1\" content=\"1 minuto\">\n<script type=\"application\/ld+json\" class=\"yoast-schema-graph\">{\"@context\":\"https:\/\/schema.org\",\"@graph\":[{\"@type\":\"Organization\",\"@id\":\"https:\/\/dev.sonoranjv.org\/es\/#organization\",\"name\":\"Sonoran Joint Venture\",\"url\":\"https:\/\/dev.sonoranjv.org\/es\/\",\"sameAs\":[\"http:\/\/www.facebook.com\/sonoranjv\",\"https:\/\/www.pinterest.com\/sonoranjv\/pins\/\",\"https:\/\/twitter.com\/sonoranjv\"],\"logo\":{\"@type\":\"ImageObject\",\"@id\":\"https:\/\/dev.sonoranjv.org\/es\/#logo\",\"inLanguage\":\"es\",\"url\":\"https:\/\/sonoranjv.org\/wp-content\/uploads\/2017\/05\/sonoran-joint-venture-og.jpg\",\"contentUrl\":\"https:\/\/sonoranjv.org\/wp-content\/uploads\/2017\/05\/sonoran-joint-venture-og.jpg\",\"width\":\"573\",\"height\":\"316\",\"caption\":\"Sonoran Joint Venture\"},\"image\":{\"@id\":\"https:\/\/dev.sonoranjv.org\/es\/#logo\"}},{\"@type\":\"WebSite\",\"@id\":\"https:\/\/dev.sonoranjv.org\/es\/#website\",\"url\":\"https:\/\/dev.sonoranjv.org\/es\/\",\"name\":\"Sonoran Joint Venture\",\"description\":\"Conserving the unique birds and habitats of the southwestern United States and northwestern Mexico\",\"publisher\":{\"@id\":\"https:\/\/dev.sonoranjv.org\/es\/#organization\"},\"potentialAction\":[{\"@type\":\"SearchAction\",\"target\":\"https:\/\/dev.sonoranjv.org\/es\/?s={search_term_string}\",\"query-input\":\"required name=search_term_string\"}],\"inLanguage\":\"es\"},{\"@type\":\"ImageObject\",\"@id\":\"https:\/\/dev.sonoranjv.org\/es\/acerca-de-nosotros\/consejo-consultivo\/lorayne-meltzer\/#primaryimage\",\"inLanguage\":\"es\",\"url\":\"https:\/\/sonoranjv.org\/wp-content\/uploads\/2018\/04\/Lorayne-Meltzer.jpg\",\"contentUrl\":\"https:\/\/sonoranjv.org\/wp-content\/uploads\/2018\/04\/Lorayne-Meltzer.jpg\"},{\"@type\":\"WebPage\",\"@id\":\"https:\/\/dev.sonoranjv.org\/es\/acerca-de-nosotros\/consejo-consultivo\/lorayne-meltzer\/#webpage\",\"url\":\"https:\/\/dev.sonoranjv.org\/es\/acerca-de-nosotros\/consejo-consultivo\/lorayne-meltzer\/\",\"name\":\"Lorayne Meltzer - Sonoran Joint Venture\",\"isPartOf\":{\"@id\":\"https:\/\/dev.sonoranjv.org\/es\/#website\"},\"primaryImageOfPage\":{\"@id\":\"https:\/\/dev.sonoranjv.org\/es\/acerca-de-nosotros\/consejo-consultivo\/lorayne-meltzer\/#primaryimage\"},\"datePublished\":\"2018-07-30T21:16:26+00:00\",\"dateModified\":\"2018-08-28T18:29:50+00:00\",\"breadcrumb\":{\"@id\":\"https:\/\/dev.sonoranjv.org\/es\/acerca-de-nosotros\/consejo-consultivo\/lorayne-meltzer\/#breadcrumb\"},\"inLanguage\":\"es\",\"potentialAction\":[{\"@type\":\"ReadAction\",\"target\":[\"https:\/\/dev.sonoranjv.org\/es\/acerca-de-nosotros\/consejo-consultivo\/lorayne-meltzer\/\"]}]},{\"@type\":\"BreadcrumbList\",\"@id\":\"https:\/\/dev.sonoranjv.org\/es\/acerca-de-nosotros\/consejo-consultivo\/lorayne-meltzer\/#breadcrumb\",\"itemListElement\":[{\"@type\":\"ListItem\",\"position\":1,\"item\":{\"@type\":\"WebPage\",\"@id\":\"https:\/\/dev.sonoranjv.org\/es\/\",\"url\":\"https:\/\/dev.sonoranjv.org\/es\/\",\"name\":\"Home\"}},{\"@type\":\"ListItem\",\"position\":2,\"item\":{\"@type\":\"WebPage\",\"@id\":\"https:\/\/dev.sonoranjv.org\/es\/acerca-de-nosotros\/\",\"url\":\"https:\/\/dev.sonoranjv.org\/es\/acerca-de-nosotros\/\",\"name\":\"Acerca de Nosotros\"}},{\"@type\":\"ListItem\",\"position\":3,\"item\":{\"@type\":\"WebPage\",\"@id\":\"https:\/\/dev.sonoranjv.org\/es\/acerca-de-nosotros\/consejo-consultivo\/\",\"url\":\"https:\/\/dev.sonoranjv.org\/es\/acerca-de-nosotros\/consejo-consultivo\/\",\"name\":\"Consejo Consultivo\"}},{\"@type\":\"ListItem\",\"position\":4,\"item\":{\"@id\":\"https:\/\/dev.sonoranjv.org\/es\/acerca-de-nosotros\/consejo-consultivo\/lorayne-meltzer\/#webpage\"}}]}]}<\/script>\n<!-- \/ Yoast SEO plugin. -->","_links":{"self":[{"href":"https:\/\/dev.sonoranjv.org\/es\/wp-json\/wp\/v2\/pages\/6971"}],"collection":[{"href":"https:\/\/dev.sonoranjv.org\/es\/wp-json\/wp\/v2\/pages"}],"about":[{"href":"https:\/\/dev.sonoranjv.org\/es\/wp-json\/wp\/v2\/types\/page"}],"author":[{"embeddable":true,"href":"https:\/\/dev.sonoranjv.org\/es\/wp-json\/wp\/v2\/users\/6"}],"replies":[{"embeddable":true,"href":"https:\/\/dev.sonoranjv.org\/es\/wp-json\/wp\/v2\/comments?post=6971"}],"version-history":[{"count":2,"href":"https:\/\/dev.sonoranjv.org\/es\/wp-json\/wp\/v2\/pages\/6971\/revisions"}],"predecessor-version":[{"id":7119,"href":"https:\/\/dev.sonoranjv.org\/es\/wp-json\/wp\/v2\/pages\/6971\/revisions\/7119"}],"up":[{"embeddable":true,"href":"https:\/\/dev.sonoranjv.org\/es\/wp-json\/wp\/v2\/pages\/3986"}],"wp:attachment":[{"href":"https:\/\/dev.sonoranjv.org\/es\/wp-json\/wp\/v2\/media?parent=6971"}],"curies":[{"name":"wp","href":"https:\/\/api.w.org\/{rel}","templated":true}]}}