{"id":6951,"date":"2018-07-30T13:59:20","date_gmt":"2018-07-30T20:59:20","guid":{"rendered":"http:\/\/sonoranjv.org\/?page_id=6951"},"modified":"2018-08-28T11:31:23","modified_gmt":"2018-08-28T18:31:23","slug":"pamela-nagler","status":"publish","type":"page","link":"https:\/\/dev.sonoranjv.org\/es\/acerca-de-nosotros\/consejo-consultivo\/pamela-nagler\/","title":{"rendered":"Pamela Nagler"},"content":{"rendered":"<p><a href=\"https:\/\/sonoranjv.org\/wp-content\/uploads\/2018\/07\/Pamela_SapFlowWiring.jpg\"><img loading=\"lazy\" class=\"size-full wp-image-6952 aligncenter\" src=\"https:\/\/sonoranjv.org\/wp-content\/uploads\/2018\/07\/Pamela_SapFlowWiring.jpg\" alt=\"\" width=\"512\" height=\"384\" srcset=\"https:\/\/dev.sonoranjv.org\/wp-content\/uploads\/2018\/07\/Pamela_SapFlowWiring.jpg 512w, https:\/\/dev.sonoranjv.org\/wp-content\/uploads\/2018\/07\/Pamela_SapFlowWiring-300x225.jpg 300w, https:\/\/dev.sonoranjv.org\/wp-content\/uploads\/2018\/07\/Pamela_SapFlowWiring-249x187.jpg 249w\" sizes=\"(max-width: 512px) 100vw, 512px\" \/><\/a><\/p>\n<p>Pamela L. Nagler es una Cient\u00edfica F\u00edsica de Investigaci\u00f3n con el Servicio Geol\u00f3gico de EEUU (USGS) en el Centro de Ciencias Biol\u00f3gicas del Suroeste en Tucson, Arizona. En el USGS fue la primera cient\u00edfica en determinar definitivamente que el tamarisco, un matorral introducido que se pensaba que consum\u00eda grandes cantidades de agua, no consume, como muchos lo supon\u00edan, m\u00e1s agua que las plantas nativas ribere\u00f1as. Tambi\u00e9n se ha centrado en trazar el r\u00e1pido movimiento de los escarabajos que biocontrolan el tamarisco en los r\u00edos occidentales, con consecuencias para la ecolog\u00eda ribere\u00f1a y los esfuerzos de restauraci\u00f3n. En 2010, Pamela recibi\u00f3 el Premio Presidencial a la Carrera Temprana en Ciencia e Ingenier\u00eda (PECASE) por el impacto de sus conclusiones cient\u00edficas en la ecolog\u00eda y el uso del agua de las plantas ribere\u00f1as. Su investigaci\u00f3n ha sido transformadora en el manejo de matorrales invasivos en el occidente de EEUU y ha tenido impactos positivos en las organizaciones socias y en las pol\u00edticas que gobiernan la cuantificaci\u00f3n, el suministro y la demanda del agua, y el impacto de los disturbios (especies invasivas). Pamela recibi\u00f3 su doctorado de la Universidad de Arizona en 2001 bajo la asesor\u00eda del Profesor Edward P. Glenn.<\/p>\n<p>El inter\u00e9s de Pamela de formar parte del Consejo Consultivo del Sonoran Joint Venture se debe a su principal enfoque de investigaci\u00f3n: la medici\u00f3n, el mapeo y el monitoreo de los cambios en la cobertura de la tierra en los h\u00e1bitats aviares, en particular las \u00e1reas ribere\u00f1as \u00e1ridas en el suroeste de EEUU y en M\u00e9xico. Pamela ha trabajado en proyectos de investigaci\u00f3n que se enfocan en las actividades de restauraci\u00f3n que tienen la meta de restaurar el h\u00e1bitat para las aves. Actualmente, Pamela colabora en la vinculaci\u00f3n de la informaci\u00f3n aviar con un marco de trabajo de modelaje de gran tama\u00f1o que incluye hidrolog\u00eda, vegetaci\u00f3n, h\u00e1bitat y que le proporcionar\u00e1 a los cient\u00edficos las respuestas a las preguntas sobre la respuesta de la comunidad aviar bajo varios escenarios de reparto de agua, que se utilizar\u00e1n para informar a los administradores las mejores pr\u00e1cticas para revitalizar los h\u00e1bitats ribere\u00f1os en el delta del R\u00edo Colorado en M\u00e9xico bajo la Minuta 323. \u00a1El h\u00e1bitat favorito de Pamela en la regi\u00f3n del SJV es la zona ribere\u00f1a dominada por cedro salado que necesita ayuda!<\/p>\n<p>&nbsp;<\/p>\n","protected":false},"excerpt":{"rendered":"<p>Pamela L. Nagler es una Cient\u00edfica F\u00edsica de Investigaci\u00f3n con el Servicio Geol\u00f3gico de EEUU (USGS) en el Centro de Ciencias Biol\u00f3gicas del Suroeste en Tucson, Arizona. En el USGS fue la primera cient\u00edfica en determinar definitivamente que el tamarisco, un matorral introducido que se pensaba que consum\u00eda grandes cantidades de agua, no consume, como<\/p>\n","protected":false},"author":6,"featured_media":0,"parent":3986,"menu_order":0,"comment_status":"closed","ping_status":"closed","template":"","meta":[],"yoast_head":"<!-- This site is optimized with the Yoast SEO plugin v16.2 - https:\/\/yoast.com\/wordpress\/plugins\/seo\/ -->\n<title>Pamela Nagler - Sonoran Joint Venture<\/title>\n<meta name=\"robots\" content=\"index, follow, max-snippet:-1, max-image-preview:large, max-video-preview:-1\" \/>\n<link rel=\"canonical\" href=\"https:\/\/dev.sonoranjv.org\/es\/acerca-de-nosotros\/consejo-consultivo\/pamela-nagler\/\" \/>\n<meta property=\"og:locale\" content=\"es_ES\" \/>\n<meta property=\"og:type\" content=\"article\" \/>\n<meta property=\"og:title\" content=\"Pamela Nagler - Sonoran Joint Venture\" \/>\n<meta property=\"og:description\" content=\"Pamela L. Nagler es una Cient\u00edfica F\u00edsica de Investigaci\u00f3n con el Servicio Geol\u00f3gico de EEUU (USGS) en el Centro de Ciencias Biol\u00f3gicas del Suroeste en Tucson, Arizona. En el USGS fue la primera cient\u00edfica en determinar definitivamente que el tamarisco, un matorral introducido que se pensaba que consum\u00eda grandes cantidades de agua, no consume, como\" \/>\n<meta property=\"og:url\" content=\"https:\/\/dev.sonoranjv.org\/es\/acerca-de-nosotros\/consejo-consultivo\/pamela-nagler\/\" \/>\n<meta property=\"og:site_name\" content=\"Sonoran Joint Venture\" \/>\n<meta property=\"article:publisher\" content=\"http:\/\/www.facebook.com\/sonoranjv\" \/>\n<meta property=\"article:modified_time\" content=\"2018-08-28T18:31:23+00:00\" \/>\n<meta property=\"og:image\" content=\"https:\/\/sonoranjv.org\/wp-content\/uploads\/2018\/07\/Pamela_SapFlowWiring.jpg\" \/>\n<meta name=\"twitter:card\" content=\"summary\" \/>\n<meta name=\"twitter:site\" content=\"@sonoranjv\" \/>\n<meta name=\"twitter:label1\" content=\"Tiempo de lectura\">\n\t<meta name=\"twitter:data1\" content=\"2 minutos\">\n<script type=\"application\/ld+json\" class=\"yoast-schema-graph\">{\"@context\":\"https:\/\/schema.org\",\"@graph\":[{\"@type\":\"Organization\",\"@id\":\"https:\/\/dev.sonoranjv.org\/es\/#organization\",\"name\":\"Sonoran Joint Venture\",\"url\":\"https:\/\/dev.sonoranjv.org\/es\/\",\"sameAs\":[\"http:\/\/www.facebook.com\/sonoranjv\",\"https:\/\/www.pinterest.com\/sonoranjv\/pins\/\",\"https:\/\/twitter.com\/sonoranjv\"],\"logo\":{\"@type\":\"ImageObject\",\"@id\":\"https:\/\/dev.sonoranjv.org\/es\/#logo\",\"inLanguage\":\"es\",\"url\":\"https:\/\/sonoranjv.org\/wp-content\/uploads\/2017\/05\/sonoran-joint-venture-og.jpg\",\"contentUrl\":\"https:\/\/sonoranjv.org\/wp-content\/uploads\/2017\/05\/sonoran-joint-venture-og.jpg\",\"width\":\"573\",\"height\":\"316\",\"caption\":\"Sonoran Joint Venture\"},\"image\":{\"@id\":\"https:\/\/dev.sonoranjv.org\/es\/#logo\"}},{\"@type\":\"WebSite\",\"@id\":\"https:\/\/dev.sonoranjv.org\/es\/#website\",\"url\":\"https:\/\/dev.sonoranjv.org\/es\/\",\"name\":\"Sonoran Joint Venture\",\"description\":\"Conserving the unique birds and habitats of the southwestern United States and northwestern Mexico\",\"publisher\":{\"@id\":\"https:\/\/dev.sonoranjv.org\/es\/#organization\"},\"potentialAction\":[{\"@type\":\"SearchAction\",\"target\":\"https:\/\/dev.sonoranjv.org\/es\/?s={search_term_string}\",\"query-input\":\"required name=search_term_string\"}],\"inLanguage\":\"es\"},{\"@type\":\"ImageObject\",\"@id\":\"https:\/\/dev.sonoranjv.org\/es\/acerca-de-nosotros\/consejo-consultivo\/pamela-nagler\/#primaryimage\",\"inLanguage\":\"es\",\"url\":\"https:\/\/sonoranjv.org\/wp-content\/uploads\/2018\/07\/Pamela_SapFlowWiring.jpg\",\"contentUrl\":\"https:\/\/sonoranjv.org\/wp-content\/uploads\/2018\/07\/Pamela_SapFlowWiring.jpg\"},{\"@type\":\"WebPage\",\"@id\":\"https:\/\/dev.sonoranjv.org\/es\/acerca-de-nosotros\/consejo-consultivo\/pamela-nagler\/#webpage\",\"url\":\"https:\/\/dev.sonoranjv.org\/es\/acerca-de-nosotros\/consejo-consultivo\/pamela-nagler\/\",\"name\":\"Pamela Nagler - Sonoran Joint Venture\",\"isPartOf\":{\"@id\":\"https:\/\/dev.sonoranjv.org\/es\/#website\"},\"primaryImageOfPage\":{\"@id\":\"https:\/\/dev.sonoranjv.org\/es\/acerca-de-nosotros\/consejo-consultivo\/pamela-nagler\/#primaryimage\"},\"datePublished\":\"2018-07-30T20:59:20+00:00\",\"dateModified\":\"2018-08-28T18:31:23+00:00\",\"breadcrumb\":{\"@id\":\"https:\/\/dev.sonoranjv.org\/es\/acerca-de-nosotros\/consejo-consultivo\/pamela-nagler\/#breadcrumb\"},\"inLanguage\":\"es\",\"potentialAction\":[{\"@type\":\"ReadAction\",\"target\":[\"https:\/\/dev.sonoranjv.org\/es\/acerca-de-nosotros\/consejo-consultivo\/pamela-nagler\/\"]}]},{\"@type\":\"BreadcrumbList\",\"@id\":\"https:\/\/dev.sonoranjv.org\/es\/acerca-de-nosotros\/consejo-consultivo\/pamela-nagler\/#breadcrumb\",\"itemListElement\":[{\"@type\":\"ListItem\",\"position\":1,\"item\":{\"@type\":\"WebPage\",\"@id\":\"https:\/\/dev.sonoranjv.org\/es\/\",\"url\":\"https:\/\/dev.sonoranjv.org\/es\/\",\"name\":\"Home\"}},{\"@type\":\"ListItem\",\"position\":2,\"item\":{\"@type\":\"WebPage\",\"@id\":\"https:\/\/dev.sonoranjv.org\/es\/acerca-de-nosotros\/\",\"url\":\"https:\/\/dev.sonoranjv.org\/es\/acerca-de-nosotros\/\",\"name\":\"Acerca de Nosotros\"}},{\"@type\":\"ListItem\",\"position\":3,\"item\":{\"@type\":\"WebPage\",\"@id\":\"https:\/\/dev.sonoranjv.org\/es\/acerca-de-nosotros\/consejo-consultivo\/\",\"url\":\"https:\/\/dev.sonoranjv.org\/es\/acerca-de-nosotros\/consejo-consultivo\/\",\"name\":\"Consejo Consultivo\"}},{\"@type\":\"ListItem\",\"position\":4,\"item\":{\"@id\":\"https:\/\/dev.sonoranjv.org\/es\/acerca-de-nosotros\/consejo-consultivo\/pamela-nagler\/#webpage\"}}]}]}<\/script>\n<!-- \/ Yoast SEO plugin. -->","_links":{"self":[{"href":"https:\/\/dev.sonoranjv.org\/es\/wp-json\/wp\/v2\/pages\/6951"}],"collection":[{"href":"https:\/\/dev.sonoranjv.org\/es\/wp-json\/wp\/v2\/pages"}],"about":[{"href":"https:\/\/dev.sonoranjv.org\/es\/wp-json\/wp\/v2\/types\/page"}],"author":[{"embeddable":true,"href":"https:\/\/dev.sonoranjv.org\/es\/wp-json\/wp\/v2\/users\/6"}],"replies":[{"embeddable":true,"href":"https:\/\/dev.sonoranjv.org\/es\/wp-json\/wp\/v2\/comments?post=6951"}],"version-history":[{"count":2,"href":"https:\/\/dev.sonoranjv.org\/es\/wp-json\/wp\/v2\/pages\/6951\/revisions"}],"predecessor-version":[{"id":7120,"href":"https:\/\/dev.sonoranjv.org\/es\/wp-json\/wp\/v2\/pages\/6951\/revisions\/7120"}],"up":[{"embeddable":true,"href":"https:\/\/dev.sonoranjv.org\/es\/wp-json\/wp\/v2\/pages\/3986"}],"wp:attachment":[{"href":"https:\/\/dev.sonoranjv.org\/es\/wp-json\/wp\/v2\/media?parent=6951"}],"curies":[{"name":"wp","href":"https:\/\/api.w.org\/{rel}","templated":true}]}}