{"id":6944,"date":"2018-07-30T13:54:12","date_gmt":"2018-07-30T20:54:12","guid":{"rendered":"http:\/\/sonoranjv.org\/?page_id=6944"},"modified":"2018-08-28T11:23:55","modified_gmt":"2018-08-28T18:23:55","slug":"francisco-abarca","status":"publish","type":"page","link":"https:\/\/dev.sonoranjv.org\/es\/acerca-de-nosotros\/consejo-consultivo\/francisco-abarca\/","title":{"rendered":"Francisco Abarca"},"content":{"rendered":"<p><a href=\"https:\/\/sonoranjv.org\/wp-content\/uploads\/2018\/07\/Paco-Mangrove.jpg\"><img loading=\"lazy\" class=\"wp-image-6941 aligncenter\" src=\"https:\/\/sonoranjv.org\/wp-content\/uploads\/2018\/07\/Paco-Mangrove.jpg\" alt=\"\" width=\"500\" height=\"500\" srcset=\"https:\/\/dev.sonoranjv.org\/wp-content\/uploads\/2018\/07\/Paco-Mangrove.jpg 720w, https:\/\/dev.sonoranjv.org\/wp-content\/uploads\/2018\/07\/Paco-Mangrove-150x150.jpg 150w, https:\/\/dev.sonoranjv.org\/wp-content\/uploads\/2018\/07\/Paco-Mangrove-300x300.jpg 300w, https:\/\/dev.sonoranjv.org\/wp-content\/uploads\/2018\/07\/Paco-Mangrove-187x187.jpg 187w\" sizes=\"(max-width: 500px) 100vw, 500px\" \/><\/a><\/p>\n<p>Francisco &#8220;Paco&#8221; Abarca es el Administrador del Programa Internacional y Fronterizo del Departamento de Caza y Pesca de Arizona. Durante los \u00faltimos 28 a\u00f1os, ha sido miembro activo y asesor clave de varios grupos de trabajo incluyendo varios equipos de recuperaci\u00f3n de especies en peligro de extinci\u00f3n, del Comit\u00e9 de Relaciones Internacionales de la Asociaci\u00f3n de Dependencias de Pesca y Vida Silvestre, la Comisi\u00f3n Arizona-M\u00e9xico, la Comisi\u00f3n para la Cooperaci\u00f3n Ambiental de Am\u00e9rica del Norte, la Oficina de Ciencias de la Embajada Americana en la Ciudad de M\u00e9xico y el Comit\u00e9 Trilateral Canad\u00e1 M\u00e9xico EEUU para la Conservaci\u00f3n y Manejo de la Vida Silvestre y el Ecosistema. Francisco se desempe\u00f1\u00f3 como asesor t\u00e9cnico durante la administraci\u00f3n Obama para el Programa Ambiental Buen Vecino cuya misi\u00f3n es asesorar al Presidente y al Congreso de Estados Unidos sobre los problemas ambientales a lo largo de la frontera entre EEUU y M\u00e9xico.<\/p>\n<p>Francisco ha sido partidario durante muchos a\u00f1os de la misi\u00f3n del SJV al implementar proyectos de conservaci\u00f3n de aves y participar en el Grupo de Trabajo de Ciencias y en\u00a0el Consejo Consultivo.\u00a0 Tiene la confianza en que las aves migratorias y los humedales unen a los pa\u00edses. En los \u00faltimos 22 a\u00f1os ha liderado un esfuerzo en capacitaci\u00f3n y desarrollo de capacidades de humedales en M\u00e9xico con la asistencia de cient\u00edficos y administradores de los humedales de Estados Unidos, Canad\u00e1 y M\u00e9xico. En 2006, recibi\u00f3 el Premio Nacional de Humedales de EEUU presentado por la Agencia de Protecci\u00f3n Ambiental de EEUU, el Servicio de Pesca y Vida Silvestre de EEUU, el Servicio Forestal de EEUU, el Servicio de Conservaci\u00f3n de los Recursos Naturales, la Administraci\u00f3n Federal de Caminos y el Instituto de Leyes Ambientales. El mismo a\u00f1o, tambi\u00e9n recibi\u00f3 el Premio Nacional de Conservaci\u00f3n de Humedales de la Secretar\u00eda de Medio Ambiente y Recursos Naturales del Gobierno de M\u00e9xico.<\/p>\n<p>Francisco estudi\u00f3 la licenciatura de la Universidad Nacional Aut\u00f3noma de M\u00e9xico en la Ciudad de M\u00e9xico y la maestr\u00eda en la Universidad Estatal de Arizona en 1989. Sus intereses profesionales incluyen la recuperaci\u00f3n de las especies en peligro de extinci\u00f3n, la diversidad biol\u00f3gica, la ecolog\u00eda y conservaci\u00f3n de aves y humedales y las pol\u00edticas y normas internacionales de vida silvestre. Los h\u00e1bitats de aves favoritos de Francisco son los humedales y disfruta trabajar con las aves acu\u00e1ticas y playeras en general. Sin embargo, Francisco afirma que, \u201csi tengo que elegir mis especies favoritas, ser\u00edan el pato golondrino, la garceta tricolor y el chorlo semipalmeado\u201d.<\/p>\n","protected":false},"excerpt":{"rendered":"<p>Francisco &#8220;Paco&#8221; Abarca es el Administrador del Programa Internacional y Fronterizo del Departamento de Caza y Pesca de Arizona. Durante los \u00faltimos 28 a\u00f1os, ha sido miembro activo y asesor clave de varios grupos de trabajo incluyendo varios equipos de recuperaci\u00f3n de especies en peligro de extinci\u00f3n, del Comit\u00e9 de Relaciones Internacionales de la Asociaci\u00f3n<\/p>\n","protected":false},"author":6,"featured_media":0,"parent":3986,"menu_order":0,"comment_status":"closed","ping_status":"closed","template":"","meta":[],"yoast_head":"<!-- This site is optimized with the Yoast SEO plugin v16.2 - https:\/\/yoast.com\/wordpress\/plugins\/seo\/ -->\n<title>Francisco Abarca - Sonoran Joint Venture<\/title>\n<meta name=\"robots\" content=\"index, follow, max-snippet:-1, max-image-preview:large, max-video-preview:-1\" \/>\n<link rel=\"canonical\" href=\"https:\/\/dev.sonoranjv.org\/es\/acerca-de-nosotros\/consejo-consultivo\/francisco-abarca\/\" \/>\n<meta property=\"og:locale\" content=\"es_ES\" \/>\n<meta property=\"og:type\" content=\"article\" \/>\n<meta property=\"og:title\" content=\"Francisco Abarca - Sonoran Joint Venture\" \/>\n<meta property=\"og:description\" content=\"Francisco &#8220;Paco&#8221; Abarca es el Administrador del Programa Internacional y Fronterizo del Departamento de Caza y Pesca de Arizona. Durante los \u00faltimos 28 a\u00f1os, ha sido miembro activo y asesor clave de varios grupos de trabajo incluyendo varios equipos de recuperaci\u00f3n de especies en peligro de extinci\u00f3n, del Comit\u00e9 de Relaciones Internacionales de la Asociaci\u00f3n\" \/>\n<meta property=\"og:url\" content=\"https:\/\/dev.sonoranjv.org\/es\/acerca-de-nosotros\/consejo-consultivo\/francisco-abarca\/\" \/>\n<meta property=\"og:site_name\" content=\"Sonoran Joint Venture\" \/>\n<meta property=\"article:publisher\" content=\"http:\/\/www.facebook.com\/sonoranjv\" \/>\n<meta property=\"article:modified_time\" content=\"2018-08-28T18:23:55+00:00\" \/>\n<meta property=\"og:image\" content=\"https:\/\/sonoranjv.org\/wp-content\/uploads\/2018\/07\/Paco-Mangrove.jpg\" \/>\n<meta name=\"twitter:card\" content=\"summary\" \/>\n<meta name=\"twitter:site\" content=\"@sonoranjv\" \/>\n<meta name=\"twitter:label1\" content=\"Tiempo de lectura\">\n\t<meta name=\"twitter:data1\" content=\"2 minutos\">\n<script type=\"application\/ld+json\" class=\"yoast-schema-graph\">{\"@context\":\"https:\/\/schema.org\",\"@graph\":[{\"@type\":\"Organization\",\"@id\":\"https:\/\/dev.sonoranjv.org\/es\/#organization\",\"name\":\"Sonoran Joint Venture\",\"url\":\"https:\/\/dev.sonoranjv.org\/es\/\",\"sameAs\":[\"http:\/\/www.facebook.com\/sonoranjv\",\"https:\/\/www.pinterest.com\/sonoranjv\/pins\/\",\"https:\/\/twitter.com\/sonoranjv\"],\"logo\":{\"@type\":\"ImageObject\",\"@id\":\"https:\/\/dev.sonoranjv.org\/es\/#logo\",\"inLanguage\":\"es\",\"url\":\"https:\/\/sonoranjv.org\/wp-content\/uploads\/2017\/05\/sonoran-joint-venture-og.jpg\",\"contentUrl\":\"https:\/\/sonoranjv.org\/wp-content\/uploads\/2017\/05\/sonoran-joint-venture-og.jpg\",\"width\":\"573\",\"height\":\"316\",\"caption\":\"Sonoran Joint Venture\"},\"image\":{\"@id\":\"https:\/\/dev.sonoranjv.org\/es\/#logo\"}},{\"@type\":\"WebSite\",\"@id\":\"https:\/\/dev.sonoranjv.org\/es\/#website\",\"url\":\"https:\/\/dev.sonoranjv.org\/es\/\",\"name\":\"Sonoran Joint Venture\",\"description\":\"Conserving the unique birds and habitats of the southwestern United States and northwestern Mexico\",\"publisher\":{\"@id\":\"https:\/\/dev.sonoranjv.org\/es\/#organization\"},\"potentialAction\":[{\"@type\":\"SearchAction\",\"target\":\"https:\/\/dev.sonoranjv.org\/es\/?s={search_term_string}\",\"query-input\":\"required name=search_term_string\"}],\"inLanguage\":\"es\"},{\"@type\":\"ImageObject\",\"@id\":\"https:\/\/dev.sonoranjv.org\/es\/acerca-de-nosotros\/consejo-consultivo\/francisco-abarca\/#primaryimage\",\"inLanguage\":\"es\",\"url\":\"https:\/\/sonoranjv.org\/wp-content\/uploads\/2018\/07\/Paco-Mangrove.jpg\",\"contentUrl\":\"https:\/\/sonoranjv.org\/wp-content\/uploads\/2018\/07\/Paco-Mangrove.jpg\"},{\"@type\":\"WebPage\",\"@id\":\"https:\/\/dev.sonoranjv.org\/es\/acerca-de-nosotros\/consejo-consultivo\/francisco-abarca\/#webpage\",\"url\":\"https:\/\/dev.sonoranjv.org\/es\/acerca-de-nosotros\/consejo-consultivo\/francisco-abarca\/\",\"name\":\"Francisco Abarca - Sonoran Joint Venture\",\"isPartOf\":{\"@id\":\"https:\/\/dev.sonoranjv.org\/es\/#website\"},\"primaryImageOfPage\":{\"@id\":\"https:\/\/dev.sonoranjv.org\/es\/acerca-de-nosotros\/consejo-consultivo\/francisco-abarca\/#primaryimage\"},\"datePublished\":\"2018-07-30T20:54:12+00:00\",\"dateModified\":\"2018-08-28T18:23:55+00:00\",\"breadcrumb\":{\"@id\":\"https:\/\/dev.sonoranjv.org\/es\/acerca-de-nosotros\/consejo-consultivo\/francisco-abarca\/#breadcrumb\"},\"inLanguage\":\"es\",\"potentialAction\":[{\"@type\":\"ReadAction\",\"target\":[\"https:\/\/dev.sonoranjv.org\/es\/acerca-de-nosotros\/consejo-consultivo\/francisco-abarca\/\"]}]},{\"@type\":\"BreadcrumbList\",\"@id\":\"https:\/\/dev.sonoranjv.org\/es\/acerca-de-nosotros\/consejo-consultivo\/francisco-abarca\/#breadcrumb\",\"itemListElement\":[{\"@type\":\"ListItem\",\"position\":1,\"item\":{\"@type\":\"WebPage\",\"@id\":\"https:\/\/dev.sonoranjv.org\/es\/\",\"url\":\"https:\/\/dev.sonoranjv.org\/es\/\",\"name\":\"Home\"}},{\"@type\":\"ListItem\",\"position\":2,\"item\":{\"@type\":\"WebPage\",\"@id\":\"https:\/\/dev.sonoranjv.org\/es\/acerca-de-nosotros\/\",\"url\":\"https:\/\/dev.sonoranjv.org\/es\/acerca-de-nosotros\/\",\"name\":\"Acerca de Nosotros\"}},{\"@type\":\"ListItem\",\"position\":3,\"item\":{\"@type\":\"WebPage\",\"@id\":\"https:\/\/dev.sonoranjv.org\/es\/acerca-de-nosotros\/consejo-consultivo\/\",\"url\":\"https:\/\/dev.sonoranjv.org\/es\/acerca-de-nosotros\/consejo-consultivo\/\",\"name\":\"Consejo Consultivo\"}},{\"@type\":\"ListItem\",\"position\":4,\"item\":{\"@id\":\"https:\/\/dev.sonoranjv.org\/es\/acerca-de-nosotros\/consejo-consultivo\/francisco-abarca\/#webpage\"}}]}]}<\/script>\n<!-- \/ Yoast SEO plugin. -->","_links":{"self":[{"href":"https:\/\/dev.sonoranjv.org\/es\/wp-json\/wp\/v2\/pages\/6944"}],"collection":[{"href":"https:\/\/dev.sonoranjv.org\/es\/wp-json\/wp\/v2\/pages"}],"about":[{"href":"https:\/\/dev.sonoranjv.org\/es\/wp-json\/wp\/v2\/types\/page"}],"author":[{"embeddable":true,"href":"https:\/\/dev.sonoranjv.org\/es\/wp-json\/wp\/v2\/users\/6"}],"replies":[{"embeddable":true,"href":"https:\/\/dev.sonoranjv.org\/es\/wp-json\/wp\/v2\/comments?post=6944"}],"version-history":[{"count":2,"href":"https:\/\/dev.sonoranjv.org\/es\/wp-json\/wp\/v2\/pages\/6944\/revisions"}],"predecessor-version":[{"id":7113,"href":"https:\/\/dev.sonoranjv.org\/es\/wp-json\/wp\/v2\/pages\/6944\/revisions\/7113"}],"up":[{"embeddable":true,"href":"https:\/\/dev.sonoranjv.org\/es\/wp-json\/wp\/v2\/pages\/3986"}],"wp:attachment":[{"href":"https:\/\/dev.sonoranjv.org\/es\/wp-json\/wp\/v2\/media?parent=6944"}],"curies":[{"name":"wp","href":"https:\/\/api.w.org\/{rel}","templated":true}]}}