{"id":6931,"date":"2018-07-30T13:43:58","date_gmt":"2018-07-30T20:43:58","guid":{"rendered":"http:\/\/sonoranjv.org\/?page_id=6931"},"modified":"2018-08-28T11:19:47","modified_gmt":"2018-08-28T18:19:47","slug":"elroy-masters","status":"publish","type":"page","link":"https:\/\/dev.sonoranjv.org\/es\/acerca-de-nosotros\/consejo-consultivo\/elroy-masters\/","title":{"rendered":"Elroy Masters"},"content":{"rendered":"<p><a href=\"https:\/\/sonoranjv.org\/wp-content\/uploads\/2018\/07\/Elroy-Masters-e1532983337186.jpg\"><img loading=\"lazy\" class=\"wp-image-6932 aligncenter\" src=\"https:\/\/sonoranjv.org\/wp-content\/uploads\/2018\/07\/Elroy-Masters-e1532983337186-768x1024.jpg\" alt=\"\" width=\"300\" height=\"400\" srcset=\"https:\/\/dev.sonoranjv.org\/wp-content\/uploads\/2018\/07\/Elroy-Masters-e1532983337186-768x1024.jpg 768w, https:\/\/dev.sonoranjv.org\/wp-content\/uploads\/2018\/07\/Elroy-Masters-e1532983337186-225x300.jpg 225w, https:\/\/dev.sonoranjv.org\/wp-content\/uploads\/2018\/07\/Elroy-Masters-e1532983337186-140x187.jpg 140w, https:\/\/dev.sonoranjv.org\/wp-content\/uploads\/2018\/07\/Elroy-Masters-e1532983337186.jpg 960w\" sizes=\"(max-width: 300px) 100vw, 300px\" \/><\/a><\/p>\n<p>Elroy Masters ha pasado su carrera entera de 28 a\u00f1os en la Oficina de Administraci\u00f3n de Tierras. La mayor parte de su trabajo se ha centrado en el desierto del suroeste trabajando en Yuma, Lake Havasu City y Phoenix, pero con temporadas en Washington D.C. y Nevada. Ha desempe\u00f1ado su puesto actual como Director Estatal del Programa de Pesca y Vida Silvestre del BLM de Arizona desde 2009. Su participaci\u00f3n con el Sonoran Joint Venture empez\u00f3 en 2010, como miembro del Consejo Consultivo , as\u00ed como del Grupo de Trabajo de Ciencias. La formaci\u00f3n de Elroy es en manejo de peces y vida silvestre, planificaci\u00f3n del paisaje, restauraci\u00f3n y monitoreo del h\u00e1bitat. Obtuvo su licenciatura en biolog\u00eda con \u00e9nfasis en el Manejo de Pesca y Vida Silvestre de la Universidad del Norte de Arizona en 1993. Para Elroy, las \u00e1reas ribere\u00f1as son su h\u00e1bitat de aves favorito. Nos explica, \u201ccreciendo en el desierto del suroeste, no puedes recalcar bastante la importancia del h\u00e1bitat ribere\u00f1o para tantas especies. Siempre he disfrutado los retos y lo gratificante de la restauraci\u00f3n ribere\u00f1a\u201d.<\/p>\n","protected":false},"excerpt":{"rendered":"<p>Elroy Masters ha pasado su carrera entera de 28 a\u00f1os en la Oficina de Administraci\u00f3n de Tierras. La mayor parte de su trabajo se ha centrado en el desierto del suroeste trabajando en Yuma, Lake Havasu City y Phoenix, pero con temporadas en Washington D.C. y Nevada. Ha desempe\u00f1ado su puesto actual como Director Estatal<\/p>\n","protected":false},"author":6,"featured_media":0,"parent":3986,"menu_order":0,"comment_status":"closed","ping_status":"closed","template":"","meta":[],"yoast_head":"<!-- This site is optimized with the Yoast SEO plugin v16.2 - https:\/\/yoast.com\/wordpress\/plugins\/seo\/ -->\n<title>Elroy Masters - Sonoran Joint Venture<\/title>\n<meta name=\"robots\" content=\"index, follow, max-snippet:-1, max-image-preview:large, max-video-preview:-1\" \/>\n<link rel=\"canonical\" href=\"https:\/\/dev.sonoranjv.org\/es\/acerca-de-nosotros\/consejo-consultivo\/elroy-masters\/\" \/>\n<meta property=\"og:locale\" content=\"es_ES\" \/>\n<meta property=\"og:type\" content=\"article\" \/>\n<meta property=\"og:title\" content=\"Elroy Masters - Sonoran Joint Venture\" \/>\n<meta property=\"og:description\" content=\"Elroy Masters ha pasado su carrera entera de 28 a\u00f1os en la Oficina de Administraci\u00f3n de Tierras. La mayor parte de su trabajo se ha centrado en el desierto del suroeste trabajando en Yuma, Lake Havasu City y Phoenix, pero con temporadas en Washington D.C. y Nevada. Ha desempe\u00f1ado su puesto actual como Director Estatal\" \/>\n<meta property=\"og:url\" content=\"https:\/\/dev.sonoranjv.org\/es\/acerca-de-nosotros\/consejo-consultivo\/elroy-masters\/\" \/>\n<meta property=\"og:site_name\" content=\"Sonoran Joint Venture\" \/>\n<meta property=\"article:publisher\" content=\"http:\/\/www.facebook.com\/sonoranjv\" \/>\n<meta property=\"article:modified_time\" content=\"2018-08-28T18:19:47+00:00\" \/>\n<meta property=\"og:image\" content=\"https:\/\/sonoranjv.org\/wp-content\/uploads\/2018\/07\/Elroy-Masters-e1532983337186-768x1024.jpg\" \/>\n<meta name=\"twitter:card\" content=\"summary\" \/>\n<meta name=\"twitter:site\" content=\"@sonoranjv\" \/>\n<meta name=\"twitter:label1\" content=\"Tiempo de lectura\">\n\t<meta name=\"twitter:data1\" content=\"1 minuto\">\n<script type=\"application\/ld+json\" class=\"yoast-schema-graph\">{\"@context\":\"https:\/\/schema.org\",\"@graph\":[{\"@type\":\"Organization\",\"@id\":\"https:\/\/dev.sonoranjv.org\/es\/#organization\",\"name\":\"Sonoran Joint Venture\",\"url\":\"https:\/\/dev.sonoranjv.org\/es\/\",\"sameAs\":[\"http:\/\/www.facebook.com\/sonoranjv\",\"https:\/\/www.pinterest.com\/sonoranjv\/pins\/\",\"https:\/\/twitter.com\/sonoranjv\"],\"logo\":{\"@type\":\"ImageObject\",\"@id\":\"https:\/\/dev.sonoranjv.org\/es\/#logo\",\"inLanguage\":\"es\",\"url\":\"https:\/\/sonoranjv.org\/wp-content\/uploads\/2017\/05\/sonoran-joint-venture-og.jpg\",\"contentUrl\":\"https:\/\/sonoranjv.org\/wp-content\/uploads\/2017\/05\/sonoran-joint-venture-og.jpg\",\"width\":\"573\",\"height\":\"316\",\"caption\":\"Sonoran Joint Venture\"},\"image\":{\"@id\":\"https:\/\/dev.sonoranjv.org\/es\/#logo\"}},{\"@type\":\"WebSite\",\"@id\":\"https:\/\/dev.sonoranjv.org\/es\/#website\",\"url\":\"https:\/\/dev.sonoranjv.org\/es\/\",\"name\":\"Sonoran Joint Venture\",\"description\":\"Conserving the unique birds and habitats of the southwestern United States and northwestern Mexico\",\"publisher\":{\"@id\":\"https:\/\/dev.sonoranjv.org\/es\/#organization\"},\"potentialAction\":[{\"@type\":\"SearchAction\",\"target\":\"https:\/\/dev.sonoranjv.org\/es\/?s={search_term_string}\",\"query-input\":\"required name=search_term_string\"}],\"inLanguage\":\"es\"},{\"@type\":\"ImageObject\",\"@id\":\"https:\/\/dev.sonoranjv.org\/es\/acerca-de-nosotros\/consejo-consultivo\/elroy-masters\/#primaryimage\",\"inLanguage\":\"es\",\"url\":\"https:\/\/sonoranjv.org\/wp-content\/uploads\/2018\/07\/Elroy-Masters-e1532983337186-768x1024.jpg\",\"contentUrl\":\"https:\/\/sonoranjv.org\/wp-content\/uploads\/2018\/07\/Elroy-Masters-e1532983337186-768x1024.jpg\"},{\"@type\":\"WebPage\",\"@id\":\"https:\/\/dev.sonoranjv.org\/es\/acerca-de-nosotros\/consejo-consultivo\/elroy-masters\/#webpage\",\"url\":\"https:\/\/dev.sonoranjv.org\/es\/acerca-de-nosotros\/consejo-consultivo\/elroy-masters\/\",\"name\":\"Elroy Masters - Sonoran Joint Venture\",\"isPartOf\":{\"@id\":\"https:\/\/dev.sonoranjv.org\/es\/#website\"},\"primaryImageOfPage\":{\"@id\":\"https:\/\/dev.sonoranjv.org\/es\/acerca-de-nosotros\/consejo-consultivo\/elroy-masters\/#primaryimage\"},\"datePublished\":\"2018-07-30T20:43:58+00:00\",\"dateModified\":\"2018-08-28T18:19:47+00:00\",\"breadcrumb\":{\"@id\":\"https:\/\/dev.sonoranjv.org\/es\/acerca-de-nosotros\/consejo-consultivo\/elroy-masters\/#breadcrumb\"},\"inLanguage\":\"es\",\"potentialAction\":[{\"@type\":\"ReadAction\",\"target\":[\"https:\/\/dev.sonoranjv.org\/es\/acerca-de-nosotros\/consejo-consultivo\/elroy-masters\/\"]}]},{\"@type\":\"BreadcrumbList\",\"@id\":\"https:\/\/dev.sonoranjv.org\/es\/acerca-de-nosotros\/consejo-consultivo\/elroy-masters\/#breadcrumb\",\"itemListElement\":[{\"@type\":\"ListItem\",\"position\":1,\"item\":{\"@type\":\"WebPage\",\"@id\":\"https:\/\/dev.sonoranjv.org\/es\/\",\"url\":\"https:\/\/dev.sonoranjv.org\/es\/\",\"name\":\"Home\"}},{\"@type\":\"ListItem\",\"position\":2,\"item\":{\"@type\":\"WebPage\",\"@id\":\"https:\/\/dev.sonoranjv.org\/es\/acerca-de-nosotros\/\",\"url\":\"https:\/\/dev.sonoranjv.org\/es\/acerca-de-nosotros\/\",\"name\":\"Acerca de Nosotros\"}},{\"@type\":\"ListItem\",\"position\":3,\"item\":{\"@type\":\"WebPage\",\"@id\":\"https:\/\/dev.sonoranjv.org\/es\/acerca-de-nosotros\/consejo-consultivo\/\",\"url\":\"https:\/\/dev.sonoranjv.org\/es\/acerca-de-nosotros\/consejo-consultivo\/\",\"name\":\"Consejo Consultivo\"}},{\"@type\":\"ListItem\",\"position\":4,\"item\":{\"@id\":\"https:\/\/dev.sonoranjv.org\/es\/acerca-de-nosotros\/consejo-consultivo\/elroy-masters\/#webpage\"}}]}]}<\/script>\n<!-- \/ Yoast SEO plugin. -->","_links":{"self":[{"href":"https:\/\/dev.sonoranjv.org\/es\/wp-json\/wp\/v2\/pages\/6931"}],"collection":[{"href":"https:\/\/dev.sonoranjv.org\/es\/wp-json\/wp\/v2\/pages"}],"about":[{"href":"https:\/\/dev.sonoranjv.org\/es\/wp-json\/wp\/v2\/types\/page"}],"author":[{"embeddable":true,"href":"https:\/\/dev.sonoranjv.org\/es\/wp-json\/wp\/v2\/users\/6"}],"replies":[{"embeddable":true,"href":"https:\/\/dev.sonoranjv.org\/es\/wp-json\/wp\/v2\/comments?post=6931"}],"version-history":[{"count":2,"href":"https:\/\/dev.sonoranjv.org\/es\/wp-json\/wp\/v2\/pages\/6931\/revisions"}],"predecessor-version":[{"id":7109,"href":"https:\/\/dev.sonoranjv.org\/es\/wp-json\/wp\/v2\/pages\/6931\/revisions\/7109"}],"up":[{"embeddable":true,"href":"https:\/\/dev.sonoranjv.org\/es\/wp-json\/wp\/v2\/pages\/3986"}],"wp:attachment":[{"href":"https:\/\/dev.sonoranjv.org\/es\/wp-json\/wp\/v2\/media?parent=6931"}],"curies":[{"name":"wp","href":"https:\/\/api.w.org\/{rel}","templated":true}]}}