{"id":6773,"date":"2018-06-19T13:54:07","date_gmt":"2018-06-19T20:54:07","guid":{"rendered":"http:\/\/sonoranjv.org\/?page_id=6773"},"modified":"2022-01-21T12:29:21","modified_gmt":"2022-01-21T19:29:21","slug":"federico-mendez-sanchez","status":"publish","type":"page","link":"https:\/\/dev.sonoranjv.org\/es\/acerca-de-nosotros\/consejo-consultivo\/federico-mendez-sanchez\/","title":{"rendered":"Federico M\u00e9ndez S\u00e1nchez"},"content":{"rendered":"<p><a href=\"https:\/\/sonoranjv.org\/wp-content\/uploads\/2018\/06\/FedericoMendez.jpg\"><img loading=\"lazy\" class=\" wp-image-6775 aligncenter\" src=\"https:\/\/sonoranjv.org\/wp-content\/uploads\/2018\/06\/FedericoMendez.jpg\" alt=\"\" width=\"497\" height=\"331\" srcset=\"https:\/\/dev.sonoranjv.org\/wp-content\/uploads\/2018\/06\/FedericoMendez.jpg 640w, https:\/\/dev.sonoranjv.org\/wp-content\/uploads\/2018\/06\/FedericoMendez-300x200.jpg 300w, https:\/\/dev.sonoranjv.org\/wp-content\/uploads\/2018\/06\/FedericoMendez-280x187.jpg 280w\" sizes=\"(max-width: 497px) 100vw, 497px\" \/><\/a><\/p>\n<p>Federico M\u00e9ndez S\u00e1nchez es el Director General del <a href=\"http:\/\/www.islas.org.mx\" target=\"_blank\" rel=\"noopener\">Grupo de Ecolog\u00eda y Conservaci\u00f3n de Islas<\/a>, A.C. (GECI), una organizaci\u00f3n mexicana de la sociedad civil dedicada a la restauraci\u00f3n y conservaci\u00f3n de islas. Es Ocean\u00f3logo con una Maestr\u00eda en Ciencia en Gesti\u00f3n Ambiental de la Universidad de Auckland en Nueva Zelanda. Federico acaba de terminar su Doctorado en el Centro de Investigaciones Biol\u00f3gicas del Noroeste, S.C. (CIBNOR). Federico tiene 13 a\u00f1os de experiencia tanto en restauraci\u00f3n como en manejo de recursos naturales. Durante las \u00faltimas dos d\u00e9cadas, GECI ha erradicado exitosamente 60 poblaciones de mam\u00edferos invasores de 39 islas mexicanas, muchas de ellas en el Noroeste de M\u00e9xico \u2014Pac\u00edfico de Baja California y Golfo de California\u2014. Estas acciones han beneficiado positivamente a m\u00e1s de 200 colonias de anidaci\u00f3n de aves marinas. De ah\u00ed que el inter\u00e9s de Federico de sumarse al Consejo Consultivo del SJV haya sido para contribuir en avanzar y consolidar la conservaci\u00f3n de las aves en la regi\u00f3n, con \u00e9nfasis en islas y aves marinas. Por su puesto que su h\u00e1bitat preferido de la regi\u00f3n SJV son las islas, siendo que Isla Guadalupe est\u00e1 muy cerca de su coraz\u00f3n; en tanto que su ave favorita es el end\u00e9mico m\u00e9rgulo de Guadalupe.<\/p>\n","protected":false},"excerpt":{"rendered":"<p>Federico M\u00e9ndez S\u00e1nchez es el Director General del Grupo de Ecolog\u00eda y Conservaci\u00f3n de Islas, A.C. (GECI), una organizaci\u00f3n mexicana de la sociedad civil dedicada a la restauraci\u00f3n y conservaci\u00f3n de islas. Es Ocean\u00f3logo con una Maestr\u00eda en Ciencia en Gesti\u00f3n Ambiental de la Universidad de Auckland en Nueva Zelanda. Federico acaba de terminar su<\/p>\n","protected":false},"author":6,"featured_media":0,"parent":3986,"menu_order":0,"comment_status":"closed","ping_status":"closed","template":"","meta":[],"yoast_head":"<!-- This site is optimized with the Yoast SEO plugin v16.2 - https:\/\/yoast.com\/wordpress\/plugins\/seo\/ -->\n<title>Federico M\u00e9ndez S\u00e1nchez - Sonoran Joint Venture<\/title>\n<meta name=\"robots\" content=\"index, follow, max-snippet:-1, max-image-preview:large, max-video-preview:-1\" \/>\n<link rel=\"canonical\" href=\"https:\/\/dev.sonoranjv.org\/es\/acerca-de-nosotros\/consejo-consultivo\/federico-mendez-sanchez\/\" \/>\n<meta property=\"og:locale\" content=\"es_ES\" \/>\n<meta property=\"og:type\" content=\"article\" \/>\n<meta property=\"og:title\" content=\"Federico M\u00e9ndez S\u00e1nchez - Sonoran Joint Venture\" \/>\n<meta property=\"og:description\" content=\"Federico M\u00e9ndez S\u00e1nchez es el Director General del Grupo de Ecolog\u00eda y Conservaci\u00f3n de Islas, A.C. (GECI), una organizaci\u00f3n mexicana de la sociedad civil dedicada a la restauraci\u00f3n y conservaci\u00f3n de islas. Es Ocean\u00f3logo con una Maestr\u00eda en Ciencia en Gesti\u00f3n Ambiental de la Universidad de Auckland en Nueva Zelanda. Federico acaba de terminar su\" \/>\n<meta property=\"og:url\" content=\"https:\/\/dev.sonoranjv.org\/es\/acerca-de-nosotros\/consejo-consultivo\/federico-mendez-sanchez\/\" \/>\n<meta property=\"og:site_name\" content=\"Sonoran Joint Venture\" \/>\n<meta property=\"article:publisher\" content=\"http:\/\/www.facebook.com\/sonoranjv\" \/>\n<meta property=\"article:modified_time\" content=\"2022-01-21T19:29:21+00:00\" \/>\n<meta property=\"og:image\" content=\"https:\/\/sonoranjv.org\/wp-content\/uploads\/2018\/06\/FedericoMendez.jpg\" \/>\n<meta name=\"twitter:card\" content=\"summary\" \/>\n<meta name=\"twitter:site\" content=\"@sonoranjv\" \/>\n<meta name=\"twitter:label1\" content=\"Tiempo de lectura\">\n\t<meta name=\"twitter:data1\" content=\"2 minutos\">\n<script type=\"application\/ld+json\" class=\"yoast-schema-graph\">{\"@context\":\"https:\/\/schema.org\",\"@graph\":[{\"@type\":\"Organization\",\"@id\":\"https:\/\/dev.sonoranjv.org\/es\/#organization\",\"name\":\"Sonoran Joint Venture\",\"url\":\"https:\/\/dev.sonoranjv.org\/es\/\",\"sameAs\":[\"http:\/\/www.facebook.com\/sonoranjv\",\"https:\/\/www.pinterest.com\/sonoranjv\/pins\/\",\"https:\/\/twitter.com\/sonoranjv\"],\"logo\":{\"@type\":\"ImageObject\",\"@id\":\"https:\/\/dev.sonoranjv.org\/es\/#logo\",\"inLanguage\":\"es\",\"url\":\"https:\/\/sonoranjv.org\/wp-content\/uploads\/2017\/05\/sonoran-joint-venture-og.jpg\",\"contentUrl\":\"https:\/\/sonoranjv.org\/wp-content\/uploads\/2017\/05\/sonoran-joint-venture-og.jpg\",\"width\":\"573\",\"height\":\"316\",\"caption\":\"Sonoran Joint Venture\"},\"image\":{\"@id\":\"https:\/\/dev.sonoranjv.org\/es\/#logo\"}},{\"@type\":\"WebSite\",\"@id\":\"https:\/\/dev.sonoranjv.org\/es\/#website\",\"url\":\"https:\/\/dev.sonoranjv.org\/es\/\",\"name\":\"Sonoran Joint Venture\",\"description\":\"Conserving the unique birds and habitats of the southwestern United States and northwestern Mexico\",\"publisher\":{\"@id\":\"https:\/\/dev.sonoranjv.org\/es\/#organization\"},\"potentialAction\":[{\"@type\":\"SearchAction\",\"target\":\"https:\/\/dev.sonoranjv.org\/es\/?s={search_term_string}\",\"query-input\":\"required name=search_term_string\"}],\"inLanguage\":\"es\"},{\"@type\":\"ImageObject\",\"@id\":\"https:\/\/dev.sonoranjv.org\/es\/acerca-de-nosotros\/consejo-consultivo\/federico-mendez-sanchez\/#primaryimage\",\"inLanguage\":\"es\",\"url\":\"https:\/\/sonoranjv.org\/wp-content\/uploads\/2018\/06\/FedericoMendez.jpg\",\"contentUrl\":\"https:\/\/sonoranjv.org\/wp-content\/uploads\/2018\/06\/FedericoMendez.jpg\"},{\"@type\":\"WebPage\",\"@id\":\"https:\/\/dev.sonoranjv.org\/es\/acerca-de-nosotros\/consejo-consultivo\/federico-mendez-sanchez\/#webpage\",\"url\":\"https:\/\/dev.sonoranjv.org\/es\/acerca-de-nosotros\/consejo-consultivo\/federico-mendez-sanchez\/\",\"name\":\"Federico M\\u00e9ndez S\\u00e1nchez - Sonoran Joint Venture\",\"isPartOf\":{\"@id\":\"https:\/\/dev.sonoranjv.org\/es\/#website\"},\"primaryImageOfPage\":{\"@id\":\"https:\/\/dev.sonoranjv.org\/es\/acerca-de-nosotros\/consejo-consultivo\/federico-mendez-sanchez\/#primaryimage\"},\"datePublished\":\"2018-06-19T20:54:07+00:00\",\"dateModified\":\"2022-01-21T19:29:21+00:00\",\"breadcrumb\":{\"@id\":\"https:\/\/dev.sonoranjv.org\/es\/acerca-de-nosotros\/consejo-consultivo\/federico-mendez-sanchez\/#breadcrumb\"},\"inLanguage\":\"es\",\"potentialAction\":[{\"@type\":\"ReadAction\",\"target\":[\"https:\/\/dev.sonoranjv.org\/es\/acerca-de-nosotros\/consejo-consultivo\/federico-mendez-sanchez\/\"]}]},{\"@type\":\"BreadcrumbList\",\"@id\":\"https:\/\/dev.sonoranjv.org\/es\/acerca-de-nosotros\/consejo-consultivo\/federico-mendez-sanchez\/#breadcrumb\",\"itemListElement\":[{\"@type\":\"ListItem\",\"position\":1,\"item\":{\"@type\":\"WebPage\",\"@id\":\"https:\/\/dev.sonoranjv.org\/es\/\",\"url\":\"https:\/\/dev.sonoranjv.org\/es\/\",\"name\":\"Home\"}},{\"@type\":\"ListItem\",\"position\":2,\"item\":{\"@type\":\"WebPage\",\"@id\":\"https:\/\/dev.sonoranjv.org\/es\/acerca-de-nosotros\/\",\"url\":\"https:\/\/dev.sonoranjv.org\/es\/acerca-de-nosotros\/\",\"name\":\"Acerca de Nosotros\"}},{\"@type\":\"ListItem\",\"position\":3,\"item\":{\"@type\":\"WebPage\",\"@id\":\"https:\/\/dev.sonoranjv.org\/es\/acerca-de-nosotros\/consejo-consultivo\/\",\"url\":\"https:\/\/dev.sonoranjv.org\/es\/acerca-de-nosotros\/consejo-consultivo\/\",\"name\":\"Consejo Consultivo\"}},{\"@type\":\"ListItem\",\"position\":4,\"item\":{\"@id\":\"https:\/\/dev.sonoranjv.org\/es\/acerca-de-nosotros\/consejo-consultivo\/federico-mendez-sanchez\/#webpage\"}}]}]}<\/script>\n<!-- \/ Yoast SEO plugin. -->","_links":{"self":[{"href":"https:\/\/dev.sonoranjv.org\/es\/wp-json\/wp\/v2\/pages\/6773"}],"collection":[{"href":"https:\/\/dev.sonoranjv.org\/es\/wp-json\/wp\/v2\/pages"}],"about":[{"href":"https:\/\/dev.sonoranjv.org\/es\/wp-json\/wp\/v2\/types\/page"}],"author":[{"embeddable":true,"href":"https:\/\/dev.sonoranjv.org\/es\/wp-json\/wp\/v2\/users\/6"}],"replies":[{"embeddable":true,"href":"https:\/\/dev.sonoranjv.org\/es\/wp-json\/wp\/v2\/comments?post=6773"}],"version-history":[{"count":7,"href":"https:\/\/dev.sonoranjv.org\/es\/wp-json\/wp\/v2\/pages\/6773\/revisions"}],"predecessor-version":[{"id":10116,"href":"https:\/\/dev.sonoranjv.org\/es\/wp-json\/wp\/v2\/pages\/6773\/revisions\/10116"}],"up":[{"embeddable":true,"href":"https:\/\/dev.sonoranjv.org\/es\/wp-json\/wp\/v2\/pages\/3986"}],"wp:attachment":[{"href":"https:\/\/dev.sonoranjv.org\/es\/wp-json\/wp\/v2\/media?parent=6773"}],"curies":[{"name":"wp","href":"https:\/\/api.w.org\/{rel}","templated":true}]}}