{"id":6544,"date":"2018-04-23T08:17:46","date_gmt":"2018-04-23T15:17:46","guid":{"rendered":"http:\/\/sonoranjv.org\/?page_id=6544"},"modified":"2021-03-12T11:35:29","modified_gmt":"2021-03-12T18:35:29","slug":"james-weigand","status":"publish","type":"page","link":"https:\/\/dev.sonoranjv.org\/es\/acerca-de-nosotros\/consejo-consultivo\/james-weigand\/","title":{"rendered":"James Weigand"},"content":{"rendered":"<p><a href=\"https:\/\/sonoranjv.org\/wp-content\/uploads\/2021\/03\/James-Weigand.jpg\"><img loading=\"lazy\" class=\"wp-image-9617 aligncenter\" src=\"https:\/\/sonoranjv.org\/wp-content\/uploads\/2021\/03\/James-Weigand-768x1024.jpg\" alt=\"\" width=\"301\" height=\"402\" srcset=\"https:\/\/dev.sonoranjv.org\/wp-content\/uploads\/2021\/03\/James-Weigand-768x1024.jpg 768w, https:\/\/dev.sonoranjv.org\/wp-content\/uploads\/2021\/03\/James-Weigand-225x300.jpg 225w, https:\/\/dev.sonoranjv.org\/wp-content\/uploads\/2021\/03\/James-Weigand-140x187.jpg 140w, https:\/\/dev.sonoranjv.org\/wp-content\/uploads\/2021\/03\/James-Weigand.jpg 960w\" sizes=\"(max-width: 301px) 100vw, 301px\" \/><\/a><\/p>\n<p>Jim Weigand es el ec\u00f3logo estatal de la Oficina de Administraci\u00f3n de Tierras del Estado de California con sede en Sacramento. Jim obtuvo el t\u00edtulo de maestr\u00eda en ciencias en silvicultura tropical de la Facultad del Ambiente de Yale y de doctorado de la Universidad Estatal de Oreg\u00f3n en ecolog\u00eda y manejo forestal. Actualmente se desempe\u00f1a en aplicaciones de percepci\u00f3n remota, monitoreos de suelos para la regi\u00f3n de Mar Salton, la investigaci\u00f3n en la corteza biol\u00f3gica del suelo, y en el monitoreo de aves marinas y del desierto. M\u00e1s recientemente empez\u00f3 a trabajar en los esfuerzos de restauraci\u00f3n para combatir los impactos ambientales en las aves (pensar en c\u00f3ndores) y dem\u00e1s fauna que resulta del cultivo ilegal de cannabis en los terrenos p\u00fablicos.<\/p>\n<p>La participaci\u00f3n profesional de Jim en el Consejo Consultivo del SJV es de apoyar la conservaci\u00f3n de las aves a trav\u00e9s de las fronteras, los estudios regionales y los proyectos de monitoreo para registrar los efectos del cambio clim\u00e1tico y del manejo de tierras p\u00fablicas en las poblaciones de aves ribere\u00f1as, cuitlacoches y rapaces. Fuera del alcance de su trabajo actual, Jim tambi\u00e9n asesora sobre la conservaci\u00f3n y restauraci\u00f3n del h\u00e1bitat de las aves neotropicales.<\/p>\n<p>El h\u00e1bitat para aves en California favorito de Jim en la regi\u00f3n del SJV es la parte oriental del condado de San Diego en la interfaz del Desierto Sonorense y las cordilleras Peninsulares.<\/p>\n","protected":false},"excerpt":{"rendered":"<p>Jim Weigand es el ec\u00f3logo estatal de la Oficina de Administraci\u00f3n de Tierras del Estado de California con sede en Sacramento. Jim obtuvo el t\u00edtulo de maestr\u00eda en ciencias en silvicultura tropical de la Facultad del Ambiente de Yale y de doctorado de la Universidad Estatal de Oreg\u00f3n en ecolog\u00eda y manejo forestal. Actualmente se<\/p>\n","protected":false},"author":6,"featured_media":0,"parent":3986,"menu_order":0,"comment_status":"closed","ping_status":"closed","template":"","meta":[],"yoast_head":"<!-- This site is optimized with the Yoast SEO plugin v16.2 - https:\/\/yoast.com\/wordpress\/plugins\/seo\/ -->\n<title>James Weigand - Sonoran Joint Venture<\/title>\n<meta name=\"robots\" content=\"index, follow, max-snippet:-1, max-image-preview:large, max-video-preview:-1\" \/>\n<link rel=\"canonical\" href=\"https:\/\/dev.sonoranjv.org\/es\/acerca-de-nosotros\/consejo-consultivo\/james-weigand\/\" \/>\n<meta property=\"og:locale\" content=\"es_ES\" \/>\n<meta property=\"og:type\" content=\"article\" \/>\n<meta property=\"og:title\" content=\"James Weigand - Sonoran Joint Venture\" \/>\n<meta property=\"og:description\" content=\"Jim Weigand es el ec\u00f3logo estatal de la Oficina de Administraci\u00f3n de Tierras del Estado de California con sede en Sacramento. Jim obtuvo el t\u00edtulo de maestr\u00eda en ciencias en silvicultura tropical de la Facultad del Ambiente de Yale y de doctorado de la Universidad Estatal de Oreg\u00f3n en ecolog\u00eda y manejo forestal. Actualmente se\" \/>\n<meta property=\"og:url\" content=\"https:\/\/dev.sonoranjv.org\/es\/acerca-de-nosotros\/consejo-consultivo\/james-weigand\/\" \/>\n<meta property=\"og:site_name\" content=\"Sonoran Joint Venture\" \/>\n<meta property=\"article:publisher\" content=\"http:\/\/www.facebook.com\/sonoranjv\" \/>\n<meta property=\"article:modified_time\" content=\"2021-03-12T18:35:29+00:00\" \/>\n<meta property=\"og:image\" content=\"https:\/\/sonoranjv.org\/wp-content\/uploads\/2021\/03\/James-Weigand-768x1024.jpg\" \/>\n<meta name=\"twitter:card\" content=\"summary\" \/>\n<meta name=\"twitter:site\" content=\"@sonoranjv\" \/>\n<meta name=\"twitter:label1\" content=\"Tiempo de lectura\">\n\t<meta name=\"twitter:data1\" content=\"1 minuto\">\n<script type=\"application\/ld+json\" class=\"yoast-schema-graph\">{\"@context\":\"https:\/\/schema.org\",\"@graph\":[{\"@type\":\"Organization\",\"@id\":\"https:\/\/dev.sonoranjv.org\/es\/#organization\",\"name\":\"Sonoran Joint Venture\",\"url\":\"https:\/\/dev.sonoranjv.org\/es\/\",\"sameAs\":[\"http:\/\/www.facebook.com\/sonoranjv\",\"https:\/\/www.pinterest.com\/sonoranjv\/pins\/\",\"https:\/\/twitter.com\/sonoranjv\"],\"logo\":{\"@type\":\"ImageObject\",\"@id\":\"https:\/\/dev.sonoranjv.org\/es\/#logo\",\"inLanguage\":\"es\",\"url\":\"https:\/\/sonoranjv.org\/wp-content\/uploads\/2017\/05\/sonoran-joint-venture-og.jpg\",\"contentUrl\":\"https:\/\/sonoranjv.org\/wp-content\/uploads\/2017\/05\/sonoran-joint-venture-og.jpg\",\"width\":\"573\",\"height\":\"316\",\"caption\":\"Sonoran Joint Venture\"},\"image\":{\"@id\":\"https:\/\/dev.sonoranjv.org\/es\/#logo\"}},{\"@type\":\"WebSite\",\"@id\":\"https:\/\/dev.sonoranjv.org\/es\/#website\",\"url\":\"https:\/\/dev.sonoranjv.org\/es\/\",\"name\":\"Sonoran Joint Venture\",\"description\":\"Conserving the unique birds and habitats of the southwestern United States and northwestern Mexico\",\"publisher\":{\"@id\":\"https:\/\/dev.sonoranjv.org\/es\/#organization\"},\"potentialAction\":[{\"@type\":\"SearchAction\",\"target\":\"https:\/\/dev.sonoranjv.org\/es\/?s={search_term_string}\",\"query-input\":\"required name=search_term_string\"}],\"inLanguage\":\"es\"},{\"@type\":\"ImageObject\",\"@id\":\"https:\/\/dev.sonoranjv.org\/es\/acerca-de-nosotros\/consejo-consultivo\/james-weigand\/#primaryimage\",\"inLanguage\":\"es\",\"url\":\"https:\/\/sonoranjv.org\/wp-content\/uploads\/2021\/03\/James-Weigand-768x1024.jpg\",\"contentUrl\":\"https:\/\/sonoranjv.org\/wp-content\/uploads\/2021\/03\/James-Weigand-768x1024.jpg\"},{\"@type\":\"WebPage\",\"@id\":\"https:\/\/dev.sonoranjv.org\/es\/acerca-de-nosotros\/consejo-consultivo\/james-weigand\/#webpage\",\"url\":\"https:\/\/dev.sonoranjv.org\/es\/acerca-de-nosotros\/consejo-consultivo\/james-weigand\/\",\"name\":\"James Weigand - Sonoran Joint Venture\",\"isPartOf\":{\"@id\":\"https:\/\/dev.sonoranjv.org\/es\/#website\"},\"primaryImageOfPage\":{\"@id\":\"https:\/\/dev.sonoranjv.org\/es\/acerca-de-nosotros\/consejo-consultivo\/james-weigand\/#primaryimage\"},\"datePublished\":\"2018-04-23T15:17:46+00:00\",\"dateModified\":\"2021-03-12T18:35:29+00:00\",\"breadcrumb\":{\"@id\":\"https:\/\/dev.sonoranjv.org\/es\/acerca-de-nosotros\/consejo-consultivo\/james-weigand\/#breadcrumb\"},\"inLanguage\":\"es\",\"potentialAction\":[{\"@type\":\"ReadAction\",\"target\":[\"https:\/\/dev.sonoranjv.org\/es\/acerca-de-nosotros\/consejo-consultivo\/james-weigand\/\"]}]},{\"@type\":\"BreadcrumbList\",\"@id\":\"https:\/\/dev.sonoranjv.org\/es\/acerca-de-nosotros\/consejo-consultivo\/james-weigand\/#breadcrumb\",\"itemListElement\":[{\"@type\":\"ListItem\",\"position\":1,\"item\":{\"@type\":\"WebPage\",\"@id\":\"https:\/\/dev.sonoranjv.org\/es\/\",\"url\":\"https:\/\/dev.sonoranjv.org\/es\/\",\"name\":\"Home\"}},{\"@type\":\"ListItem\",\"position\":2,\"item\":{\"@type\":\"WebPage\",\"@id\":\"https:\/\/dev.sonoranjv.org\/es\/acerca-de-nosotros\/\",\"url\":\"https:\/\/dev.sonoranjv.org\/es\/acerca-de-nosotros\/\",\"name\":\"Acerca de Nosotros\"}},{\"@type\":\"ListItem\",\"position\":3,\"item\":{\"@type\":\"WebPage\",\"@id\":\"https:\/\/dev.sonoranjv.org\/es\/acerca-de-nosotros\/consejo-consultivo\/\",\"url\":\"https:\/\/dev.sonoranjv.org\/es\/acerca-de-nosotros\/consejo-consultivo\/\",\"name\":\"Consejo Consultivo\"}},{\"@type\":\"ListItem\",\"position\":4,\"item\":{\"@id\":\"https:\/\/dev.sonoranjv.org\/es\/acerca-de-nosotros\/consejo-consultivo\/james-weigand\/#webpage\"}}]}]}<\/script>\n<!-- \/ Yoast SEO plugin. -->","_links":{"self":[{"href":"https:\/\/dev.sonoranjv.org\/es\/wp-json\/wp\/v2\/pages\/6544"}],"collection":[{"href":"https:\/\/dev.sonoranjv.org\/es\/wp-json\/wp\/v2\/pages"}],"about":[{"href":"https:\/\/dev.sonoranjv.org\/es\/wp-json\/wp\/v2\/types\/page"}],"author":[{"embeddable":true,"href":"https:\/\/dev.sonoranjv.org\/es\/wp-json\/wp\/v2\/users\/6"}],"replies":[{"embeddable":true,"href":"https:\/\/dev.sonoranjv.org\/es\/wp-json\/wp\/v2\/comments?post=6544"}],"version-history":[{"count":5,"href":"https:\/\/dev.sonoranjv.org\/es\/wp-json\/wp\/v2\/pages\/6544\/revisions"}],"predecessor-version":[{"id":9619,"href":"https:\/\/dev.sonoranjv.org\/es\/wp-json\/wp\/v2\/pages\/6544\/revisions\/9619"}],"up":[{"embeddable":true,"href":"https:\/\/dev.sonoranjv.org\/es\/wp-json\/wp\/v2\/pages\/3986"}],"wp:attachment":[{"href":"https:\/\/dev.sonoranjv.org\/es\/wp-json\/wp\/v2\/media?parent=6544"}],"curies":[{"name":"wp","href":"https:\/\/api.w.org\/{rel}","templated":true}]}}