{"id":6530,"date":"2018-04-23T08:04:18","date_gmt":"2018-04-23T15:04:18","guid":{"rendered":"http:\/\/sonoranjv.org\/?page_id=6530"},"modified":"2018-08-28T11:28:04","modified_gmt":"2018-08-28T18:28:04","slug":"ignacio-vilchis","status":"publish","type":"page","link":"https:\/\/dev.sonoranjv.org\/es\/acerca-de-nosotros\/consejo-consultivo\/ignacio-vilchis\/","title":{"rendered":"Ignacio Vilchis"},"content":{"rendered":"<p><a href=\"https:\/\/sonoranjv.org\/wp-content\/uploads\/2018\/04\/Nacho-Vilchis.jpg\"><img loading=\"lazy\" class=\"wp-image-6531 aligncenter\" src=\"https:\/\/sonoranjv.org\/wp-content\/uploads\/2018\/04\/Nacho-Vilchis.jpg\" alt=\"\" width=\"300\" height=\"334\" srcset=\"https:\/\/dev.sonoranjv.org\/wp-content\/uploads\/2018\/04\/Nacho-Vilchis.jpg 449w, https:\/\/dev.sonoranjv.org\/wp-content\/uploads\/2018\/04\/Nacho-Vilchis-269x300.jpg 269w, https:\/\/dev.sonoranjv.org\/wp-content\/uploads\/2018\/04\/Nacho-Vilchis-168x187.jpg 168w\" sizes=\"(max-width: 300px) 100vw, 300px\" \/><\/a><\/p>\n<p>Ignacio \u201cNacho\u201d Vilchis creci\u00f3 surfeando en Baja California y el sur de California, y ha pasado la mayor parte de su vida cerca del oc\u00e9ano Pac\u00edfico. Nacho realiz\u00f3 sus estudios de licenciatura en la Universidad de San Diego, de posgrado en la Universidad Cat\u00f3lica de Chile y de doctorado en Scripps Institution of Oceanography en La Jolla, California y un posdoctorado en biolog\u00eda de la conservaci\u00f3n en el Centro de Salud de Vida Silvestre de la Facultad de Veterinaria de la Universidad de California en Davis. Nacho ha pasado a\u00f1os en el mar estudiando a las aves marinas tropicales y templadas de los oc\u00e9anos abiertos del archipi\u00e9lago hawaiano, el atol\u00f3n Clipperton, la isla Malpelo, las islas Gal\u00e1pagos, Columbia Brit\u00e1nica, Estrecho de Puget y su m\u00e1s querido Golfo de California y todas sus islas.<\/p>\n<p>Actualmente es el Director Adjunto de la division de Ecolog\u00eda Animal Aplicada del Instituto de Investigaci\u00f3n para la Conservaci\u00f3n del Zool\u00f3gico de San Diego. En esta funci\u00f3n, Nacho implementa y supervisa la investigaci\u00f3n para la conservaci\u00f3n de un n\u00famero de especies de aves en peligro de extinci\u00f3n en el sur de California, Baja California y noroeste de M\u00e9xico. Nacho se uni\u00f3 al\u00a0Consejo Consultivo del SJV en la primavera de 2018 y est\u00e1 interesado en ayudar a conservar y restaurar las poblaciones de aves de todo el suroeste de los Estados Unidos y el noroeste de M\u00e9xico.<\/p>\n","protected":false},"excerpt":{"rendered":"<p>Ignacio \u201cNacho\u201d Vilchis creci\u00f3 surfeando en Baja California y el sur de California, y ha pasado la mayor parte de su vida cerca del oc\u00e9ano Pac\u00edfico. Nacho realiz\u00f3 sus estudios de licenciatura en la Universidad de San Diego, de posgrado en la Universidad Cat\u00f3lica de Chile y de doctorado en Scripps Institution of Oceanography en<\/p>\n","protected":false},"author":6,"featured_media":0,"parent":3986,"menu_order":0,"comment_status":"closed","ping_status":"closed","template":"","meta":[],"yoast_head":"<!-- This site is optimized with the Yoast SEO plugin v16.2 - https:\/\/yoast.com\/wordpress\/plugins\/seo\/ -->\n<title>Ignacio Vilchis - Sonoran Joint Venture<\/title>\n<meta name=\"robots\" content=\"index, follow, max-snippet:-1, max-image-preview:large, max-video-preview:-1\" \/>\n<link rel=\"canonical\" href=\"https:\/\/dev.sonoranjv.org\/es\/acerca-de-nosotros\/consejo-consultivo\/ignacio-vilchis\/\" \/>\n<meta property=\"og:locale\" content=\"es_ES\" \/>\n<meta property=\"og:type\" content=\"article\" \/>\n<meta property=\"og:title\" content=\"Ignacio Vilchis - Sonoran Joint Venture\" \/>\n<meta property=\"og:description\" content=\"Ignacio \u201cNacho\u201d Vilchis creci\u00f3 surfeando en Baja California y el sur de California, y ha pasado la mayor parte de su vida cerca del oc\u00e9ano Pac\u00edfico. Nacho realiz\u00f3 sus estudios de licenciatura en la Universidad de San Diego, de posgrado en la Universidad Cat\u00f3lica de Chile y de doctorado en Scripps Institution of Oceanography en\" \/>\n<meta property=\"og:url\" content=\"https:\/\/dev.sonoranjv.org\/es\/acerca-de-nosotros\/consejo-consultivo\/ignacio-vilchis\/\" \/>\n<meta property=\"og:site_name\" content=\"Sonoran Joint Venture\" \/>\n<meta property=\"article:publisher\" content=\"http:\/\/www.facebook.com\/sonoranjv\" \/>\n<meta property=\"article:modified_time\" content=\"2018-08-28T18:28:04+00:00\" \/>\n<meta property=\"og:image\" content=\"https:\/\/sonoranjv.org\/wp-content\/uploads\/2018\/04\/Nacho-Vilchis.jpg\" \/>\n<meta name=\"twitter:card\" content=\"summary\" \/>\n<meta name=\"twitter:site\" content=\"@sonoranjv\" \/>\n<meta name=\"twitter:label1\" content=\"Tiempo de lectura\">\n\t<meta name=\"twitter:data1\" content=\"1 minuto\">\n<script type=\"application\/ld+json\" class=\"yoast-schema-graph\">{\"@context\":\"https:\/\/schema.org\",\"@graph\":[{\"@type\":\"Organization\",\"@id\":\"https:\/\/dev.sonoranjv.org\/es\/#organization\",\"name\":\"Sonoran Joint Venture\",\"url\":\"https:\/\/dev.sonoranjv.org\/es\/\",\"sameAs\":[\"http:\/\/www.facebook.com\/sonoranjv\",\"https:\/\/www.pinterest.com\/sonoranjv\/pins\/\",\"https:\/\/twitter.com\/sonoranjv\"],\"logo\":{\"@type\":\"ImageObject\",\"@id\":\"https:\/\/dev.sonoranjv.org\/es\/#logo\",\"inLanguage\":\"es\",\"url\":\"https:\/\/sonoranjv.org\/wp-content\/uploads\/2017\/05\/sonoran-joint-venture-og.jpg\",\"contentUrl\":\"https:\/\/sonoranjv.org\/wp-content\/uploads\/2017\/05\/sonoran-joint-venture-og.jpg\",\"width\":\"573\",\"height\":\"316\",\"caption\":\"Sonoran Joint Venture\"},\"image\":{\"@id\":\"https:\/\/dev.sonoranjv.org\/es\/#logo\"}},{\"@type\":\"WebSite\",\"@id\":\"https:\/\/dev.sonoranjv.org\/es\/#website\",\"url\":\"https:\/\/dev.sonoranjv.org\/es\/\",\"name\":\"Sonoran Joint Venture\",\"description\":\"Conserving the unique birds and habitats of the southwestern United States and northwestern Mexico\",\"publisher\":{\"@id\":\"https:\/\/dev.sonoranjv.org\/es\/#organization\"},\"potentialAction\":[{\"@type\":\"SearchAction\",\"target\":\"https:\/\/dev.sonoranjv.org\/es\/?s={search_term_string}\",\"query-input\":\"required name=search_term_string\"}],\"inLanguage\":\"es\"},{\"@type\":\"ImageObject\",\"@id\":\"https:\/\/dev.sonoranjv.org\/es\/acerca-de-nosotros\/consejo-consultivo\/ignacio-vilchis\/#primaryimage\",\"inLanguage\":\"es\",\"url\":\"https:\/\/sonoranjv.org\/wp-content\/uploads\/2018\/04\/Nacho-Vilchis.jpg\",\"contentUrl\":\"https:\/\/sonoranjv.org\/wp-content\/uploads\/2018\/04\/Nacho-Vilchis.jpg\"},{\"@type\":\"WebPage\",\"@id\":\"https:\/\/dev.sonoranjv.org\/es\/acerca-de-nosotros\/consejo-consultivo\/ignacio-vilchis\/#webpage\",\"url\":\"https:\/\/dev.sonoranjv.org\/es\/acerca-de-nosotros\/consejo-consultivo\/ignacio-vilchis\/\",\"name\":\"Ignacio Vilchis - Sonoran Joint Venture\",\"isPartOf\":{\"@id\":\"https:\/\/dev.sonoranjv.org\/es\/#website\"},\"primaryImageOfPage\":{\"@id\":\"https:\/\/dev.sonoranjv.org\/es\/acerca-de-nosotros\/consejo-consultivo\/ignacio-vilchis\/#primaryimage\"},\"datePublished\":\"2018-04-23T15:04:18+00:00\",\"dateModified\":\"2018-08-28T18:28:04+00:00\",\"breadcrumb\":{\"@id\":\"https:\/\/dev.sonoranjv.org\/es\/acerca-de-nosotros\/consejo-consultivo\/ignacio-vilchis\/#breadcrumb\"},\"inLanguage\":\"es\",\"potentialAction\":[{\"@type\":\"ReadAction\",\"target\":[\"https:\/\/dev.sonoranjv.org\/es\/acerca-de-nosotros\/consejo-consultivo\/ignacio-vilchis\/\"]}]},{\"@type\":\"BreadcrumbList\",\"@id\":\"https:\/\/dev.sonoranjv.org\/es\/acerca-de-nosotros\/consejo-consultivo\/ignacio-vilchis\/#breadcrumb\",\"itemListElement\":[{\"@type\":\"ListItem\",\"position\":1,\"item\":{\"@type\":\"WebPage\",\"@id\":\"https:\/\/dev.sonoranjv.org\/es\/\",\"url\":\"https:\/\/dev.sonoranjv.org\/es\/\",\"name\":\"Home\"}},{\"@type\":\"ListItem\",\"position\":2,\"item\":{\"@type\":\"WebPage\",\"@id\":\"https:\/\/dev.sonoranjv.org\/es\/acerca-de-nosotros\/\",\"url\":\"https:\/\/dev.sonoranjv.org\/es\/acerca-de-nosotros\/\",\"name\":\"Acerca de Nosotros\"}},{\"@type\":\"ListItem\",\"position\":3,\"item\":{\"@type\":\"WebPage\",\"@id\":\"https:\/\/dev.sonoranjv.org\/es\/acerca-de-nosotros\/consejo-consultivo\/\",\"url\":\"https:\/\/dev.sonoranjv.org\/es\/acerca-de-nosotros\/consejo-consultivo\/\",\"name\":\"Consejo Consultivo\"}},{\"@type\":\"ListItem\",\"position\":4,\"item\":{\"@id\":\"https:\/\/dev.sonoranjv.org\/es\/acerca-de-nosotros\/consejo-consultivo\/ignacio-vilchis\/#webpage\"}}]}]}<\/script>\n<!-- \/ Yoast SEO plugin. -->","_links":{"self":[{"href":"https:\/\/dev.sonoranjv.org\/es\/wp-json\/wp\/v2\/pages\/6530"}],"collection":[{"href":"https:\/\/dev.sonoranjv.org\/es\/wp-json\/wp\/v2\/pages"}],"about":[{"href":"https:\/\/dev.sonoranjv.org\/es\/wp-json\/wp\/v2\/types\/page"}],"author":[{"embeddable":true,"href":"https:\/\/dev.sonoranjv.org\/es\/wp-json\/wp\/v2\/users\/6"}],"replies":[{"embeddable":true,"href":"https:\/\/dev.sonoranjv.org\/es\/wp-json\/wp\/v2\/comments?post=6530"}],"version-history":[{"count":4,"href":"https:\/\/dev.sonoranjv.org\/es\/wp-json\/wp\/v2\/pages\/6530\/revisions"}],"predecessor-version":[{"id":7117,"href":"https:\/\/dev.sonoranjv.org\/es\/wp-json\/wp\/v2\/pages\/6530\/revisions\/7117"}],"up":[{"embeddable":true,"href":"https:\/\/dev.sonoranjv.org\/es\/wp-json\/wp\/v2\/pages\/3986"}],"wp:attachment":[{"href":"https:\/\/dev.sonoranjv.org\/es\/wp-json\/wp\/v2\/media?parent=6530"}],"curies":[{"name":"wp","href":"https:\/\/api.w.org\/{rel}","templated":true}]}}