{"id":6519,"date":"2018-04-23T07:56:08","date_gmt":"2018-04-23T14:56:08","guid":{"rendered":"http:\/\/sonoranjv.org\/?page_id=6519"},"modified":"2019-10-25T13:47:00","modified_gmt":"2019-10-25T20:47:00","slug":"horacio-de-la-cueva","status":"publish","type":"page","link":"https:\/\/dev.sonoranjv.org\/es\/acerca-de-nosotros\/consejo-consultivo\/horacio-de-la-cueva\/","title":{"rendered":"Horacio de la Cueva"},"content":{"rendered":"<p><a href=\"https:\/\/sonoranjv.org\/wp-content\/uploads\/2018\/04\/HoraciodelaCueva.jpg\"><img loading=\"lazy\" class=\"wp-image-6520 aligncenter\" src=\"https:\/\/sonoranjv.org\/wp-content\/uploads\/2018\/04\/HoraciodelaCueva.jpg\" alt=\"\" width=\"276\" height=\"353\" srcset=\"https:\/\/dev.sonoranjv.org\/wp-content\/uploads\/2018\/04\/HoraciodelaCueva.jpg 524w, https:\/\/dev.sonoranjv.org\/wp-content\/uploads\/2018\/04\/HoraciodelaCueva-235x300.jpg 235w, https:\/\/dev.sonoranjv.org\/wp-content\/uploads\/2018\/04\/HoraciodelaCueva-146x187.jpg 146w\" sizes=\"(max-width: 276px) 100vw, 276px\" \/><\/a><\/p>\n<p>Horacio de la Cueva obtuvo su doctorado en la Universidad de la Columbia Brit\u00e1nica trabajando en \u201cEfecto de suelo en el vuelo de aleteo\u201d, un estudio en biomec\u00e1nica pura que le permiti\u00f3 trabajar con su enigma favorito: forma y funci\u00f3n. Al regresar a M\u00e9xico, Horacio empez\u00f3 a trabajar con playeros occidentales con el Servicio Canadiense de Vida Silvestre y posteriormente en la conservaci\u00f3n del c\u00f3ndor de California con Ezequiel Ezculla y Ernesto Franco. A trav\u00e9s del proyecto del c\u00f3ndor en Baja California, Horacio conoci\u00f3 a Robert Mesta, quien fue Coordinador del SJV de tantos a\u00f1os hasta su jubilaci\u00f3n en 2015. Actualmente, Horacio es Investigador Principal en el Centro de Investigaci\u00f3n Cient\u00edfica y de Educaci\u00f3n Superior de Ensenada (CICESE) en Baja California, y el anterior presidente del Consejo Consultivo del SJV.<\/p>\n<p>Horacio explic\u00f3 su propio trabajo y su participaci\u00f3n en\u00a0el Consejo Consultivo del SJV; \u201cLa conservaci\u00f3n se ha convertido en una de las principales responsabilidades y llamados de muchos bi\u00f3logos. En un mundo donde los seres humanos est\u00e1n dominando los espacios habitables, la conservaci\u00f3n no s\u00f3lo es una prioridad, sino algo indispensable. Las aves y sus h\u00e1bitats son un medio perfecto para la conservaci\u00f3n, ya que se les ve como un componente hermoso y esencial del paisaje. Las aves migratorias nos ayudan a entender la magnitud global del esfuerzo de conservaci\u00f3n, mientras que las especies de la localidad nos ayudan a centrarnos en nuestros alrededores. El SJV es la mejor manera que tenemos para llevar la conservaci\u00f3n m\u00e1s lejos a nivel bioregional, permiti\u00e9ndonos ignorar las deficiencias pol\u00edticas y legislativas\u201d.<\/p>\n<p>Horacio acepta que, \u201cdos aves amenazad\u00edsimas con diferentes historias engloban mi entendimiento y mi amor por la regi\u00f3n del SJV, el c\u00f3ndor de California y la codorniz mascarita.\u201d<\/p>\n","protected":false},"excerpt":{"rendered":"<p>Horacio de la Cueva obtuvo su doctorado en la Universidad de la Columbia Brit\u00e1nica trabajando en \u201cEfecto de suelo en el vuelo de aleteo\u201d, un estudio en biomec\u00e1nica pura que le permiti\u00f3 trabajar con su enigma favorito: forma y funci\u00f3n. Al regresar a M\u00e9xico, Horacio empez\u00f3 a trabajar con playeros occidentales con el Servicio Canadiense<\/p>\n","protected":false},"author":6,"featured_media":0,"parent":3986,"menu_order":0,"comment_status":"closed","ping_status":"closed","template":"","meta":[],"yoast_head":"<!-- This site is optimized with the Yoast SEO plugin v16.2 - https:\/\/yoast.com\/wordpress\/plugins\/seo\/ -->\n<title>Horacio de la Cueva - Sonoran Joint Venture<\/title>\n<meta name=\"robots\" content=\"index, follow, max-snippet:-1, max-image-preview:large, max-video-preview:-1\" \/>\n<link rel=\"canonical\" href=\"https:\/\/dev.sonoranjv.org\/es\/acerca-de-nosotros\/consejo-consultivo\/horacio-de-la-cueva\/\" \/>\n<meta property=\"og:locale\" content=\"es_ES\" \/>\n<meta property=\"og:type\" content=\"article\" \/>\n<meta property=\"og:title\" content=\"Horacio de la Cueva - Sonoran Joint Venture\" \/>\n<meta property=\"og:description\" content=\"Horacio de la Cueva obtuvo su doctorado en la Universidad de la Columbia Brit\u00e1nica trabajando en \u201cEfecto de suelo en el vuelo de aleteo\u201d, un estudio en biomec\u00e1nica pura que le permiti\u00f3 trabajar con su enigma favorito: forma y funci\u00f3n. Al regresar a M\u00e9xico, Horacio empez\u00f3 a trabajar con playeros occidentales con el Servicio Canadiense\" \/>\n<meta property=\"og:url\" content=\"https:\/\/dev.sonoranjv.org\/es\/acerca-de-nosotros\/consejo-consultivo\/horacio-de-la-cueva\/\" \/>\n<meta property=\"og:site_name\" content=\"Sonoran Joint Venture\" \/>\n<meta property=\"article:publisher\" content=\"http:\/\/www.facebook.com\/sonoranjv\" \/>\n<meta property=\"article:modified_time\" content=\"2019-10-25T20:47:00+00:00\" \/>\n<meta property=\"og:image\" content=\"https:\/\/sonoranjv.org\/wp-content\/uploads\/2018\/04\/HoraciodelaCueva.jpg\" \/>\n<meta name=\"twitter:card\" content=\"summary\" \/>\n<meta name=\"twitter:site\" content=\"@sonoranjv\" \/>\n<meta name=\"twitter:label1\" content=\"Tiempo de lectura\">\n\t<meta name=\"twitter:data1\" content=\"2 minutos\">\n<script type=\"application\/ld+json\" class=\"yoast-schema-graph\">{\"@context\":\"https:\/\/schema.org\",\"@graph\":[{\"@type\":\"Organization\",\"@id\":\"https:\/\/dev.sonoranjv.org\/es\/#organization\",\"name\":\"Sonoran Joint Venture\",\"url\":\"https:\/\/dev.sonoranjv.org\/es\/\",\"sameAs\":[\"http:\/\/www.facebook.com\/sonoranjv\",\"https:\/\/www.pinterest.com\/sonoranjv\/pins\/\",\"https:\/\/twitter.com\/sonoranjv\"],\"logo\":{\"@type\":\"ImageObject\",\"@id\":\"https:\/\/dev.sonoranjv.org\/es\/#logo\",\"inLanguage\":\"es\",\"url\":\"https:\/\/sonoranjv.org\/wp-content\/uploads\/2017\/05\/sonoran-joint-venture-og.jpg\",\"contentUrl\":\"https:\/\/sonoranjv.org\/wp-content\/uploads\/2017\/05\/sonoran-joint-venture-og.jpg\",\"width\":\"573\",\"height\":\"316\",\"caption\":\"Sonoran Joint Venture\"},\"image\":{\"@id\":\"https:\/\/dev.sonoranjv.org\/es\/#logo\"}},{\"@type\":\"WebSite\",\"@id\":\"https:\/\/dev.sonoranjv.org\/es\/#website\",\"url\":\"https:\/\/dev.sonoranjv.org\/es\/\",\"name\":\"Sonoran Joint Venture\",\"description\":\"Conserving the unique birds and habitats of the southwestern United States and northwestern Mexico\",\"publisher\":{\"@id\":\"https:\/\/dev.sonoranjv.org\/es\/#organization\"},\"potentialAction\":[{\"@type\":\"SearchAction\",\"target\":\"https:\/\/dev.sonoranjv.org\/es\/?s={search_term_string}\",\"query-input\":\"required name=search_term_string\"}],\"inLanguage\":\"es\"},{\"@type\":\"ImageObject\",\"@id\":\"https:\/\/dev.sonoranjv.org\/es\/acerca-de-nosotros\/consejo-consultivo\/horacio-de-la-cueva\/#primaryimage\",\"inLanguage\":\"es\",\"url\":\"https:\/\/sonoranjv.org\/wp-content\/uploads\/2018\/04\/HoraciodelaCueva.jpg\",\"contentUrl\":\"https:\/\/sonoranjv.org\/wp-content\/uploads\/2018\/04\/HoraciodelaCueva.jpg\"},{\"@type\":\"WebPage\",\"@id\":\"https:\/\/dev.sonoranjv.org\/es\/acerca-de-nosotros\/consejo-consultivo\/horacio-de-la-cueva\/#webpage\",\"url\":\"https:\/\/dev.sonoranjv.org\/es\/acerca-de-nosotros\/consejo-consultivo\/horacio-de-la-cueva\/\",\"name\":\"Horacio de la Cueva - Sonoran Joint Venture\",\"isPartOf\":{\"@id\":\"https:\/\/dev.sonoranjv.org\/es\/#website\"},\"primaryImageOfPage\":{\"@id\":\"https:\/\/dev.sonoranjv.org\/es\/acerca-de-nosotros\/consejo-consultivo\/horacio-de-la-cueva\/#primaryimage\"},\"datePublished\":\"2018-04-23T14:56:08+00:00\",\"dateModified\":\"2019-10-25T20:47:00+00:00\",\"breadcrumb\":{\"@id\":\"https:\/\/dev.sonoranjv.org\/es\/acerca-de-nosotros\/consejo-consultivo\/horacio-de-la-cueva\/#breadcrumb\"},\"inLanguage\":\"es\",\"potentialAction\":[{\"@type\":\"ReadAction\",\"target\":[\"https:\/\/dev.sonoranjv.org\/es\/acerca-de-nosotros\/consejo-consultivo\/horacio-de-la-cueva\/\"]}]},{\"@type\":\"BreadcrumbList\",\"@id\":\"https:\/\/dev.sonoranjv.org\/es\/acerca-de-nosotros\/consejo-consultivo\/horacio-de-la-cueva\/#breadcrumb\",\"itemListElement\":[{\"@type\":\"ListItem\",\"position\":1,\"item\":{\"@type\":\"WebPage\",\"@id\":\"https:\/\/dev.sonoranjv.org\/es\/\",\"url\":\"https:\/\/dev.sonoranjv.org\/es\/\",\"name\":\"Home\"}},{\"@type\":\"ListItem\",\"position\":2,\"item\":{\"@type\":\"WebPage\",\"@id\":\"https:\/\/dev.sonoranjv.org\/es\/acerca-de-nosotros\/\",\"url\":\"https:\/\/dev.sonoranjv.org\/es\/acerca-de-nosotros\/\",\"name\":\"Acerca de Nosotros\"}},{\"@type\":\"ListItem\",\"position\":3,\"item\":{\"@type\":\"WebPage\",\"@id\":\"https:\/\/dev.sonoranjv.org\/es\/acerca-de-nosotros\/consejo-consultivo\/\",\"url\":\"https:\/\/dev.sonoranjv.org\/es\/acerca-de-nosotros\/consejo-consultivo\/\",\"name\":\"Consejo Consultivo\"}},{\"@type\":\"ListItem\",\"position\":4,\"item\":{\"@id\":\"https:\/\/dev.sonoranjv.org\/es\/acerca-de-nosotros\/consejo-consultivo\/horacio-de-la-cueva\/#webpage\"}}]}]}<\/script>\n<!-- \/ Yoast SEO plugin. -->","_links":{"self":[{"href":"https:\/\/dev.sonoranjv.org\/es\/wp-json\/wp\/v2\/pages\/6519"}],"collection":[{"href":"https:\/\/dev.sonoranjv.org\/es\/wp-json\/wp\/v2\/pages"}],"about":[{"href":"https:\/\/dev.sonoranjv.org\/es\/wp-json\/wp\/v2\/types\/page"}],"author":[{"embeddable":true,"href":"https:\/\/dev.sonoranjv.org\/es\/wp-json\/wp\/v2\/users\/6"}],"replies":[{"embeddable":true,"href":"https:\/\/dev.sonoranjv.org\/es\/wp-json\/wp\/v2\/comments?post=6519"}],"version-history":[{"count":8,"href":"https:\/\/dev.sonoranjv.org\/es\/wp-json\/wp\/v2\/pages\/6519\/revisions"}],"predecessor-version":[{"id":6522,"href":"https:\/\/dev.sonoranjv.org\/es\/wp-json\/wp\/v2\/pages\/6519\/revisions\/6522"}],"up":[{"embeddable":true,"href":"https:\/\/dev.sonoranjv.org\/es\/wp-json\/wp\/v2\/pages\/3986"}],"wp:attachment":[{"href":"https:\/\/dev.sonoranjv.org\/es\/wp-json\/wp\/v2\/media?parent=6519"}],"curies":[{"name":"wp","href":"https:\/\/api.w.org\/{rel}","templated":true}]}}