{"id":6507,"date":"2018-04-17T15:52:23","date_gmt":"2018-04-17T22:52:23","guid":{"rendered":"http:\/\/sonoranjv.org\/?page_id=6507"},"modified":"2018-04-17T15:52:23","modified_gmt":"2018-04-17T22:52:23","slug":"gustavo-danemann","status":"publish","type":"page","link":"https:\/\/dev.sonoranjv.org\/es\/acerca-de-nosotros\/consejo-consultivo\/gustavo-danemann\/","title":{"rendered":"Gustavo Danemann"},"content":{"rendered":"<p><a href=\"https:\/\/sonoranjv.org\/wp-content\/uploads\/2018\/04\/Gustavo-Daneman.png\"><img loading=\"lazy\" class=\"wp-image-6503 aligncenter\" src=\"https:\/\/sonoranjv.org\/wp-content\/uploads\/2018\/04\/Gustavo-Daneman.png\" alt=\"\" width=\"400\" height=\"301\" srcset=\"https:\/\/dev.sonoranjv.org\/wp-content\/uploads\/2018\/04\/Gustavo-Daneman.png 271w, https:\/\/dev.sonoranjv.org\/wp-content\/uploads\/2018\/04\/Gustavo-Daneman-248x187.png 248w\" sizes=\"(max-width: 400px) 100vw, 400px\" \/><\/a><\/p>\n<p>Gustavo D. Danemann es el Director Ejecutivo de Pronatura Noroeste A.C. Se inici\u00f3 su Carrera como bi\u00f3logo marino en 1984 estudiando aves, peces, humedales y \u00e1reas naturales protegidas a lo largo de la pen\u00ednsula de Baja California. Posteriormente su desarrollo profesional se centr\u00f3 en el an\u00e1lisis de pol\u00edticas y la administraci\u00f3n de los recursos naturales, temas que motivaron su investigaci\u00f3n de doctorado.<\/p>\n<p>La antigua Pronatura Pen\u00ednsula de Baja California contrat\u00f3 a Gustavo en 1997 para llevar a cabo la identificaci\u00f3n de las prioridades de conservaci\u00f3n basadas en la primera planificaci\u00f3n para la conservaci\u00f3n de Pronatura. Como Coordinador del Programa y Director de Conservaci\u00f3n, estuvo a cargo del Programa de Conservaci\u00f3n de la Reserva de la Bi\u00f3sfera Bah\u00eda de los \u00c1ngeles. En julio de 2007 asumi\u00f3 el cargo de Director Ejecutivo de Pronatura Noroeste A. C., que no s\u00f3lo incluye a la pen\u00ednsula de Baja California sino tambi\u00e9n al Golfo de California y sus islas, los estados de Sonora, Sinaloa y Nayarit, Chihuahua y Durango a lo largo de la Sierra Madre, la costa de Jalisco y la zona econ\u00f3mica exclusiva de M\u00e9xico en el oc\u00e9ano Pac\u00edfico que corresponde a dichos estados\u2014casi la mitad del territorio mexicano. Desde 2007, Pronatura Noroeste ha crecido para integrar a m\u00e1s de 100 miembros del personal, ocho oficiales de operaci\u00f3n y 11 programas regionales de conservaci\u00f3n.<\/p>\n<p>Como buzo activo desde 1976, Gustavo ha trabajado como dive master y gu\u00eda de la naturaleza en el Mar de Cort\u00e9s durante casi diez a\u00f1os. Su relaci\u00f3n con el mar y la vida silvestre del oc\u00e9ano, junto con su conocimiento acad\u00e9mico en dichos temas, se refleja en la extensa lista de publicaciones y trabajo fotogr\u00e1fico publicado en libros y revistas mexicanas e internacionales.<\/p>\n","protected":false},"excerpt":{"rendered":"<p>Gustavo D. Danemann es el Director Ejecutivo de Pronatura Noroeste A.C. Se inici\u00f3 su Carrera como bi\u00f3logo marino en 1984 estudiando aves, peces, humedales y \u00e1reas naturales protegidas a lo largo de la pen\u00ednsula de Baja California. Posteriormente su desarrollo profesional se centr\u00f3 en el an\u00e1lisis de pol\u00edticas y la administraci\u00f3n de los recursos naturales,<\/p>\n","protected":false},"author":6,"featured_media":0,"parent":3986,"menu_order":0,"comment_status":"closed","ping_status":"closed","template":"","meta":[],"yoast_head":"<!-- This site is optimized with the Yoast SEO plugin v16.2 - https:\/\/yoast.com\/wordpress\/plugins\/seo\/ -->\n<title>Gustavo Danemann - Sonoran Joint Venture<\/title>\n<meta name=\"robots\" content=\"index, follow, max-snippet:-1, max-image-preview:large, max-video-preview:-1\" \/>\n<link rel=\"canonical\" href=\"https:\/\/dev.sonoranjv.org\/es\/acerca-de-nosotros\/consejo-consultivo\/gustavo-danemann\/\" \/>\n<meta property=\"og:locale\" content=\"es_ES\" \/>\n<meta property=\"og:type\" content=\"article\" \/>\n<meta property=\"og:title\" content=\"Gustavo Danemann - Sonoran Joint Venture\" \/>\n<meta property=\"og:description\" content=\"Gustavo D. Danemann es el Director Ejecutivo de Pronatura Noroeste A.C. Se inici\u00f3 su Carrera como bi\u00f3logo marino en 1984 estudiando aves, peces, humedales y \u00e1reas naturales protegidas a lo largo de la pen\u00ednsula de Baja California. Posteriormente su desarrollo profesional se centr\u00f3 en el an\u00e1lisis de pol\u00edticas y la administraci\u00f3n de los recursos naturales,\" \/>\n<meta property=\"og:url\" content=\"https:\/\/dev.sonoranjv.org\/es\/acerca-de-nosotros\/consejo-consultivo\/gustavo-danemann\/\" \/>\n<meta property=\"og:site_name\" content=\"Sonoran Joint Venture\" \/>\n<meta property=\"article:publisher\" content=\"http:\/\/www.facebook.com\/sonoranjv\" \/>\n<meta property=\"og:image\" content=\"https:\/\/sonoranjv.org\/wp-content\/uploads\/2018\/04\/Gustavo-Daneman.png\" \/>\n<meta name=\"twitter:card\" content=\"summary\" \/>\n<meta name=\"twitter:site\" content=\"@sonoranjv\" \/>\n<meta name=\"twitter:label1\" content=\"Tiempo de lectura\">\n\t<meta name=\"twitter:data1\" content=\"2 minutos\">\n<script type=\"application\/ld+json\" class=\"yoast-schema-graph\">{\"@context\":\"https:\/\/schema.org\",\"@graph\":[{\"@type\":\"Organization\",\"@id\":\"https:\/\/dev.sonoranjv.org\/es\/#organization\",\"name\":\"Sonoran Joint Venture\",\"url\":\"https:\/\/dev.sonoranjv.org\/es\/\",\"sameAs\":[\"http:\/\/www.facebook.com\/sonoranjv\",\"https:\/\/www.pinterest.com\/sonoranjv\/pins\/\",\"https:\/\/twitter.com\/sonoranjv\"],\"logo\":{\"@type\":\"ImageObject\",\"@id\":\"https:\/\/dev.sonoranjv.org\/es\/#logo\",\"inLanguage\":\"es\",\"url\":\"https:\/\/sonoranjv.org\/wp-content\/uploads\/2017\/05\/sonoran-joint-venture-og.jpg\",\"contentUrl\":\"https:\/\/sonoranjv.org\/wp-content\/uploads\/2017\/05\/sonoran-joint-venture-og.jpg\",\"width\":\"573\",\"height\":\"316\",\"caption\":\"Sonoran Joint Venture\"},\"image\":{\"@id\":\"https:\/\/dev.sonoranjv.org\/es\/#logo\"}},{\"@type\":\"WebSite\",\"@id\":\"https:\/\/dev.sonoranjv.org\/es\/#website\",\"url\":\"https:\/\/dev.sonoranjv.org\/es\/\",\"name\":\"Sonoran Joint Venture\",\"description\":\"Conserving the unique birds and habitats of the southwestern United States and northwestern Mexico\",\"publisher\":{\"@id\":\"https:\/\/dev.sonoranjv.org\/es\/#organization\"},\"potentialAction\":[{\"@type\":\"SearchAction\",\"target\":\"https:\/\/dev.sonoranjv.org\/es\/?s={search_term_string}\",\"query-input\":\"required name=search_term_string\"}],\"inLanguage\":\"es\"},{\"@type\":\"ImageObject\",\"@id\":\"https:\/\/dev.sonoranjv.org\/es\/acerca-de-nosotros\/consejo-consultivo\/gustavo-danemann\/#primaryimage\",\"inLanguage\":\"es\",\"url\":\"https:\/\/sonoranjv.org\/wp-content\/uploads\/2018\/04\/Gustavo-Daneman.png\",\"contentUrl\":\"https:\/\/sonoranjv.org\/wp-content\/uploads\/2018\/04\/Gustavo-Daneman.png\"},{\"@type\":\"WebPage\",\"@id\":\"https:\/\/dev.sonoranjv.org\/es\/acerca-de-nosotros\/consejo-consultivo\/gustavo-danemann\/#webpage\",\"url\":\"https:\/\/dev.sonoranjv.org\/es\/acerca-de-nosotros\/consejo-consultivo\/gustavo-danemann\/\",\"name\":\"Gustavo Danemann - Sonoran Joint Venture\",\"isPartOf\":{\"@id\":\"https:\/\/dev.sonoranjv.org\/es\/#website\"},\"primaryImageOfPage\":{\"@id\":\"https:\/\/dev.sonoranjv.org\/es\/acerca-de-nosotros\/consejo-consultivo\/gustavo-danemann\/#primaryimage\"},\"datePublished\":\"2018-04-17T22:52:23+00:00\",\"dateModified\":\"2018-04-17T22:52:23+00:00\",\"breadcrumb\":{\"@id\":\"https:\/\/dev.sonoranjv.org\/es\/acerca-de-nosotros\/consejo-consultivo\/gustavo-danemann\/#breadcrumb\"},\"inLanguage\":\"es\",\"potentialAction\":[{\"@type\":\"ReadAction\",\"target\":[\"https:\/\/dev.sonoranjv.org\/es\/acerca-de-nosotros\/consejo-consultivo\/gustavo-danemann\/\"]}]},{\"@type\":\"BreadcrumbList\",\"@id\":\"https:\/\/dev.sonoranjv.org\/es\/acerca-de-nosotros\/consejo-consultivo\/gustavo-danemann\/#breadcrumb\",\"itemListElement\":[{\"@type\":\"ListItem\",\"position\":1,\"item\":{\"@type\":\"WebPage\",\"@id\":\"https:\/\/dev.sonoranjv.org\/es\/\",\"url\":\"https:\/\/dev.sonoranjv.org\/es\/\",\"name\":\"Home\"}},{\"@type\":\"ListItem\",\"position\":2,\"item\":{\"@type\":\"WebPage\",\"@id\":\"https:\/\/dev.sonoranjv.org\/es\/acerca-de-nosotros\/\",\"url\":\"https:\/\/dev.sonoranjv.org\/es\/acerca-de-nosotros\/\",\"name\":\"Acerca de Nosotros\"}},{\"@type\":\"ListItem\",\"position\":3,\"item\":{\"@type\":\"WebPage\",\"@id\":\"https:\/\/dev.sonoranjv.org\/es\/acerca-de-nosotros\/consejo-consultivo\/\",\"url\":\"https:\/\/dev.sonoranjv.org\/es\/acerca-de-nosotros\/consejo-consultivo\/\",\"name\":\"Consejo Consultivo\"}},{\"@type\":\"ListItem\",\"position\":4,\"item\":{\"@id\":\"https:\/\/dev.sonoranjv.org\/es\/acerca-de-nosotros\/consejo-consultivo\/gustavo-danemann\/#webpage\"}}]}]}<\/script>\n<!-- \/ Yoast SEO plugin. -->","_links":{"self":[{"href":"https:\/\/dev.sonoranjv.org\/es\/wp-json\/wp\/v2\/pages\/6507"}],"collection":[{"href":"https:\/\/dev.sonoranjv.org\/es\/wp-json\/wp\/v2\/pages"}],"about":[{"href":"https:\/\/dev.sonoranjv.org\/es\/wp-json\/wp\/v2\/types\/page"}],"author":[{"embeddable":true,"href":"https:\/\/dev.sonoranjv.org\/es\/wp-json\/wp\/v2\/users\/6"}],"replies":[{"embeddable":true,"href":"https:\/\/dev.sonoranjv.org\/es\/wp-json\/wp\/v2\/comments?post=6507"}],"version-history":[{"count":1,"href":"https:\/\/dev.sonoranjv.org\/es\/wp-json\/wp\/v2\/pages\/6507\/revisions"}],"predecessor-version":[{"id":6508,"href":"https:\/\/dev.sonoranjv.org\/es\/wp-json\/wp\/v2\/pages\/6507\/revisions\/6508"}],"up":[{"embeddable":true,"href":"https:\/\/dev.sonoranjv.org\/es\/wp-json\/wp\/v2\/pages\/3986"}],"wp:attachment":[{"href":"https:\/\/dev.sonoranjv.org\/es\/wp-json\/wp\/v2\/media?parent=6507"}],"curies":[{"name":"wp","href":"https:\/\/api.w.org\/{rel}","templated":true}]}}