{"id":6497,"date":"2018-04-17T15:45:43","date_gmt":"2018-04-17T22:45:43","guid":{"rendered":"http:\/\/sonoranjv.org\/?page_id=6497"},"modified":"2019-05-22T07:35:45","modified_gmt":"2019-05-22T14:35:45","slug":"greg-butcher","status":"publish","type":"page","link":"https:\/\/dev.sonoranjv.org\/es\/acerca-de-nosotros\/consejo-consultivo\/greg-butcher\/","title":{"rendered":"Greg Butcher"},"content":{"rendered":"<p>&nbsp;<\/p>\n<p><a href=\"https:\/\/sonoranjv.org\/wp-content\/uploads\/2019\/05\/Greg-Butcher.jpg\"><img loading=\"lazy\" class=\"wp-image-7863 aligncenter\" src=\"https:\/\/sonoranjv.org\/wp-content\/uploads\/2019\/05\/Greg-Butcher-1024x768.jpg\" alt=\"Greg Butcher\" width=\"400\" height=\"300\" srcset=\"https:\/\/dev.sonoranjv.org\/wp-content\/uploads\/2019\/05\/Greg-Butcher-1024x768.jpg 1024w, https:\/\/dev.sonoranjv.org\/wp-content\/uploads\/2019\/05\/Greg-Butcher-300x225.jpg 300w, https:\/\/dev.sonoranjv.org\/wp-content\/uploads\/2019\/05\/Greg-Butcher-768x576.jpg 768w, https:\/\/dev.sonoranjv.org\/wp-content\/uploads\/2019\/05\/Greg-Butcher-249x187.jpg 249w, https:\/\/dev.sonoranjv.org\/wp-content\/uploads\/2019\/05\/Greg-Butcher-1170x878.jpg 1170w, https:\/\/dev.sonoranjv.org\/wp-content\/uploads\/2019\/05\/Greg-Butcher.jpg 1600w\" sizes=\"(max-width: 400px) 100vw, 400px\" \/><\/a><\/p>\n<p>Greg Butcher es el Coordinador de Especies Migratorias de Programas Internacionales del Servicio Forestal de EEUU, trabajando con aves, murci\u00e9lagos y mariposas monarca. El Programa de Especies Migratorias se centra en promover la conservaci\u00f3n al sur de la frontera de EEUU para complementar los esfuerzos de conservaci\u00f3n del Servicio Forestal en EEUU. Los proyectos se realizan principalmente en el hemisferio occidental e incluyen a las aves de pastizales y bosques, aves costeras y la investigaci\u00f3n y conservaci\u00f3n de las aves acu\u00e1ticas. Greg ha sido miembro durante mucho tiempo del Consejo Consultivo del Sonoran Joint Venture, brindando muchos a\u00f1os de orientaci\u00f3n y conocimiento al SJV. Tambi\u00e9n es miembro de la Iniciativa de Conservaci\u00f3n de las Aves de Norteam\u00e9rica, de la Red de Reservas de Aves Costeras del Hemisferio Occidental y del programa de conservaci\u00f3n de aves terrestres de Compa\u00f1eros en Vuelo.<\/p>\n<p>Existen varios bosques nacionales en los l\u00edmites estadounidenses del SJV y muchas de las aves que se reproducen en dichos bosques pasan el invierno en la parte mexicana del SJV. Por ello, el SJV ayuda al Servicio Forestal a planificar la conservaci\u00f3n del ciclo anual completo de las especies con las que el Servicio Forestal tiene una responsabilidad de conservaci\u00f3n. Greg ha participado en el desarrollo del proceso de planificaci\u00f3n de Empresa de Conservaci\u00f3n de las Aves del Bosque Seco Tropical de Compa\u00f1eros en Vuelo, que se basa en gran medida en la planificaci\u00f3n para la conservaci\u00f3n del SJV.<\/p>\n<p>La regi\u00f3n del SJV comprende algunas de las \u00e1reas m\u00e1s bellas del planeta, desde La Paz a Mazatl\u00e1n en el sur, al Parque Estatal Anza-Borrego Desert y las Islas del Cielo al sureste de Arizona al norte. Greg acepta que \u201cnunca olvidar\u00e1 su introducci\u00f3n literaria al \u00e1rea a trav\u00e9s del libro de John Steinbeck y Ed Ricketts <em>Por el mar de Cort\u00e9s<\/em>\u201d.<\/p>\n","protected":false},"excerpt":{"rendered":"<p>&nbsp; Greg Butcher es el Coordinador de Especies Migratorias de Programas Internacionales del Servicio Forestal de EEUU, trabajando con aves, murci\u00e9lagos y mariposas monarca. El Programa de Especies Migratorias se centra en promover la conservaci\u00f3n al sur de la frontera de EEUU para complementar los esfuerzos de conservaci\u00f3n del Servicio Forestal en EEUU. Los proyectos<\/p>\n","protected":false},"author":6,"featured_media":0,"parent":3986,"menu_order":0,"comment_status":"closed","ping_status":"closed","template":"","meta":[],"yoast_head":"<!-- This site is optimized with the Yoast SEO plugin v16.2 - https:\/\/yoast.com\/wordpress\/plugins\/seo\/ -->\n<title>Greg Butcher - Sonoran Joint Venture<\/title>\n<meta name=\"robots\" content=\"index, follow, max-snippet:-1, max-image-preview:large, max-video-preview:-1\" \/>\n<link rel=\"canonical\" href=\"https:\/\/dev.sonoranjv.org\/es\/acerca-de-nosotros\/consejo-consultivo\/greg-butcher\/\" \/>\n<meta property=\"og:locale\" content=\"es_ES\" \/>\n<meta property=\"og:type\" content=\"article\" \/>\n<meta property=\"og:title\" content=\"Greg Butcher - Sonoran Joint Venture\" \/>\n<meta property=\"og:description\" content=\"&nbsp; Greg Butcher es el Coordinador de Especies Migratorias de Programas Internacionales del Servicio Forestal de EEUU, trabajando con aves, murci\u00e9lagos y mariposas monarca. El Programa de Especies Migratorias se centra en promover la conservaci\u00f3n al sur de la frontera de EEUU para complementar los esfuerzos de conservaci\u00f3n del Servicio Forestal en EEUU. Los proyectos\" \/>\n<meta property=\"og:url\" content=\"https:\/\/dev.sonoranjv.org\/es\/acerca-de-nosotros\/consejo-consultivo\/greg-butcher\/\" \/>\n<meta property=\"og:site_name\" content=\"Sonoran Joint Venture\" \/>\n<meta property=\"article:publisher\" content=\"http:\/\/www.facebook.com\/sonoranjv\" \/>\n<meta property=\"article:modified_time\" content=\"2019-05-22T14:35:45+00:00\" \/>\n<meta property=\"og:image\" content=\"https:\/\/sonoranjv.org\/wp-content\/uploads\/2019\/05\/Greg-Butcher-1024x768.jpg\" \/>\n<meta name=\"twitter:card\" content=\"summary\" \/>\n<meta name=\"twitter:site\" content=\"@sonoranjv\" \/>\n<meta name=\"twitter:label1\" content=\"Tiempo de lectura\">\n\t<meta name=\"twitter:data1\" content=\"2 minutos\">\n<script type=\"application\/ld+json\" class=\"yoast-schema-graph\">{\"@context\":\"https:\/\/schema.org\",\"@graph\":[{\"@type\":\"Organization\",\"@id\":\"https:\/\/dev.sonoranjv.org\/es\/#organization\",\"name\":\"Sonoran Joint Venture\",\"url\":\"https:\/\/dev.sonoranjv.org\/es\/\",\"sameAs\":[\"http:\/\/www.facebook.com\/sonoranjv\",\"https:\/\/www.pinterest.com\/sonoranjv\/pins\/\",\"https:\/\/twitter.com\/sonoranjv\"],\"logo\":{\"@type\":\"ImageObject\",\"@id\":\"https:\/\/dev.sonoranjv.org\/es\/#logo\",\"inLanguage\":\"es\",\"url\":\"https:\/\/sonoranjv.org\/wp-content\/uploads\/2017\/05\/sonoran-joint-venture-og.jpg\",\"contentUrl\":\"https:\/\/sonoranjv.org\/wp-content\/uploads\/2017\/05\/sonoran-joint-venture-og.jpg\",\"width\":\"573\",\"height\":\"316\",\"caption\":\"Sonoran Joint Venture\"},\"image\":{\"@id\":\"https:\/\/dev.sonoranjv.org\/es\/#logo\"}},{\"@type\":\"WebSite\",\"@id\":\"https:\/\/dev.sonoranjv.org\/es\/#website\",\"url\":\"https:\/\/dev.sonoranjv.org\/es\/\",\"name\":\"Sonoran Joint Venture\",\"description\":\"Conserving the unique birds and habitats of the southwestern United States and northwestern Mexico\",\"publisher\":{\"@id\":\"https:\/\/dev.sonoranjv.org\/es\/#organization\"},\"potentialAction\":[{\"@type\":\"SearchAction\",\"target\":\"https:\/\/dev.sonoranjv.org\/es\/?s={search_term_string}\",\"query-input\":\"required name=search_term_string\"}],\"inLanguage\":\"es\"},{\"@type\":\"ImageObject\",\"@id\":\"https:\/\/dev.sonoranjv.org\/es\/acerca-de-nosotros\/consejo-consultivo\/greg-butcher\/#primaryimage\",\"inLanguage\":\"es\",\"url\":\"https:\/\/sonoranjv.org\/wp-content\/uploads\/2019\/05\/Greg-Butcher-1024x768.jpg\",\"contentUrl\":\"https:\/\/sonoranjv.org\/wp-content\/uploads\/2019\/05\/Greg-Butcher-1024x768.jpg\"},{\"@type\":\"WebPage\",\"@id\":\"https:\/\/dev.sonoranjv.org\/es\/acerca-de-nosotros\/consejo-consultivo\/greg-butcher\/#webpage\",\"url\":\"https:\/\/dev.sonoranjv.org\/es\/acerca-de-nosotros\/consejo-consultivo\/greg-butcher\/\",\"name\":\"Greg Butcher - Sonoran Joint Venture\",\"isPartOf\":{\"@id\":\"https:\/\/dev.sonoranjv.org\/es\/#website\"},\"primaryImageOfPage\":{\"@id\":\"https:\/\/dev.sonoranjv.org\/es\/acerca-de-nosotros\/consejo-consultivo\/greg-butcher\/#primaryimage\"},\"datePublished\":\"2018-04-17T22:45:43+00:00\",\"dateModified\":\"2019-05-22T14:35:45+00:00\",\"breadcrumb\":{\"@id\":\"https:\/\/dev.sonoranjv.org\/es\/acerca-de-nosotros\/consejo-consultivo\/greg-butcher\/#breadcrumb\"},\"inLanguage\":\"es\",\"potentialAction\":[{\"@type\":\"ReadAction\",\"target\":[\"https:\/\/dev.sonoranjv.org\/es\/acerca-de-nosotros\/consejo-consultivo\/greg-butcher\/\"]}]},{\"@type\":\"BreadcrumbList\",\"@id\":\"https:\/\/dev.sonoranjv.org\/es\/acerca-de-nosotros\/consejo-consultivo\/greg-butcher\/#breadcrumb\",\"itemListElement\":[{\"@type\":\"ListItem\",\"position\":1,\"item\":{\"@type\":\"WebPage\",\"@id\":\"https:\/\/dev.sonoranjv.org\/es\/\",\"url\":\"https:\/\/dev.sonoranjv.org\/es\/\",\"name\":\"Home\"}},{\"@type\":\"ListItem\",\"position\":2,\"item\":{\"@type\":\"WebPage\",\"@id\":\"https:\/\/dev.sonoranjv.org\/es\/acerca-de-nosotros\/\",\"url\":\"https:\/\/dev.sonoranjv.org\/es\/acerca-de-nosotros\/\",\"name\":\"Acerca de Nosotros\"}},{\"@type\":\"ListItem\",\"position\":3,\"item\":{\"@type\":\"WebPage\",\"@id\":\"https:\/\/dev.sonoranjv.org\/es\/acerca-de-nosotros\/consejo-consultivo\/\",\"url\":\"https:\/\/dev.sonoranjv.org\/es\/acerca-de-nosotros\/consejo-consultivo\/\",\"name\":\"Consejo Consultivo\"}},{\"@type\":\"ListItem\",\"position\":4,\"item\":{\"@id\":\"https:\/\/dev.sonoranjv.org\/es\/acerca-de-nosotros\/consejo-consultivo\/greg-butcher\/#webpage\"}}]}]}<\/script>\n<!-- \/ Yoast SEO plugin. -->","_links":{"self":[{"href":"https:\/\/dev.sonoranjv.org\/es\/wp-json\/wp\/v2\/pages\/6497"}],"collection":[{"href":"https:\/\/dev.sonoranjv.org\/es\/wp-json\/wp\/v2\/pages"}],"about":[{"href":"https:\/\/dev.sonoranjv.org\/es\/wp-json\/wp\/v2\/types\/page"}],"author":[{"embeddable":true,"href":"https:\/\/dev.sonoranjv.org\/es\/wp-json\/wp\/v2\/users\/6"}],"replies":[{"embeddable":true,"href":"https:\/\/dev.sonoranjv.org\/es\/wp-json\/wp\/v2\/comments?post=6497"}],"version-history":[{"count":4,"href":"https:\/\/dev.sonoranjv.org\/es\/wp-json\/wp\/v2\/pages\/6497\/revisions"}],"predecessor-version":[{"id":7865,"href":"https:\/\/dev.sonoranjv.org\/es\/wp-json\/wp\/v2\/pages\/6497\/revisions\/7865"}],"up":[{"embeddable":true,"href":"https:\/\/dev.sonoranjv.org\/es\/wp-json\/wp\/v2\/pages\/3986"}],"wp:attachment":[{"href":"https:\/\/dev.sonoranjv.org\/es\/wp-json\/wp\/v2\/media?parent=6497"}],"curies":[{"name":"wp","href":"https:\/\/api.w.org\/{rel}","templated":true}]}}