{"id":6467,"date":"2018-04-17T15:21:31","date_gmt":"2018-04-17T22:21:31","guid":{"rendered":"http:\/\/sonoranjv.org\/?page_id=6467"},"modified":"2019-05-21T07:52:54","modified_gmt":"2019-05-21T14:52:54","slug":"clare-aslan","status":"publish","type":"page","link":"https:\/\/dev.sonoranjv.org\/es\/acerca-de-nosotros\/consejo-consultivo\/clare-aslan\/","title":{"rendered":"Clare Aslan"},"content":{"rendered":"<p><a href=\"https:\/\/sonoranjv.org\/wp-content\/uploads\/2018\/04\/clare-researchgate-profile.jpg\"><img loading=\"lazy\" class=\"wp-image-6512 aligncenter\" src=\"https:\/\/sonoranjv.org\/wp-content\/uploads\/2018\/04\/clare-researchgate-profile-1024x683.jpg\" alt=\"\" width=\"401\" height=\"267\" srcset=\"https:\/\/dev.sonoranjv.org\/wp-content\/uploads\/2018\/04\/clare-researchgate-profile-1024x683.jpg 1024w, https:\/\/dev.sonoranjv.org\/wp-content\/uploads\/2018\/04\/clare-researchgate-profile-300x200.jpg 300w, https:\/\/dev.sonoranjv.org\/wp-content\/uploads\/2018\/04\/clare-researchgate-profile-768x512.jpg 768w, https:\/\/dev.sonoranjv.org\/wp-content\/uploads\/2018\/04\/clare-researchgate-profile-280x187.jpg 280w, https:\/\/dev.sonoranjv.org\/wp-content\/uploads\/2018\/04\/clare-researchgate-profile-1170x780.jpg 1170w\" sizes=\"(max-width: 401px) 100vw, 401px\" \/><\/a><\/p>\n<p>Clare Alsan es la Directora Adjunta de la Iniciativa para la Conservaci\u00f3n del Paisaje, un centro de investigaci\u00f3n de la Universidad del Norte de Arizona dedicado a la investigaci\u00f3n de la conservaci\u00f3n orientada a las soluciones que se lleva a cabo en sociedad con las partes interesadas. Es becaria David H. Smith en investigaci\u00f3n para la conservaci\u00f3n, becaria Wilburforce en ciencias de la conservaci\u00f3n y becaria Flinn-Brown. Clare hizo su licenciatura en ecolog\u00eda y biolog\u00eda evolutiva en la Universidad de Arizona y obtuvo su doctorado en ecolog\u00eda en la Universidad de California en Davis. Es arizonense de quinta generaci\u00f3n y actualmente Profesora Auxiliar en la Facultad de Ciencias de la Tierra y Sustentabilidad Ambiental de NAU.<\/p>\n<p>La investigaci\u00f3n de Clare abarca una amplia diversidad de preguntas de conservaci\u00f3n, pero un tema com\u00fan al que a menudo regresa es el papel de las aves en las funciones ecol\u00f3gicas y las interacciones de las especies, en particular la dispersi\u00f3n de semillas y la polinizaci\u00f3n. Estudia c\u00f3mo las comunidades y distribuciones alteradas de las aves pueden impactar ecosistemas completos, y c\u00f3mo las actividades humanas pueden apoyar de manera m\u00e1s sustentable los h\u00e1bitats y las poblaciones de aves. Siente que es un privilegio enorme ser parte del Consejo Consultivo del SJV porque sus primeras experiencias y exploraciones de ecolog\u00eda fueron en el Desierto Sonorense. Una pasi\u00f3n principal para ella es la conservaci\u00f3n de las especies singulares y las interacciones en la regi\u00f3n del Desierto Sonorense.<\/p>\n<p>El h\u00e1bitat regional favorito de Clare son las tierras altas del Desierto Sonorense y la incre\u00edble diversidad de aves que ocupan esa ecoregi\u00f3n. Clare explica, \u201cNo hay nada m\u00e1s emocionante que ver a un colibr\u00ed visitar un ocotillo o a un carpintero del desierto salir volando de un nido en un sahuaro\u201d.<\/p>\n","protected":false},"excerpt":{"rendered":"<p>Clare Alsan es la Directora Adjunta de la Iniciativa para la Conservaci\u00f3n del Paisaje, un centro de investigaci\u00f3n de la Universidad del Norte de Arizona dedicado a la investigaci\u00f3n de la conservaci\u00f3n orientada a las soluciones que se lleva a cabo en sociedad con las partes interesadas. Es becaria David H. Smith en investigaci\u00f3n para<\/p>\n","protected":false},"author":6,"featured_media":0,"parent":3986,"menu_order":0,"comment_status":"closed","ping_status":"closed","template":"","meta":[],"yoast_head":"<!-- This site is optimized with the Yoast SEO plugin v16.2 - https:\/\/yoast.com\/wordpress\/plugins\/seo\/ -->\n<title>Clare Aslan - Sonoran Joint Venture<\/title>\n<meta name=\"robots\" content=\"index, follow, max-snippet:-1, max-image-preview:large, max-video-preview:-1\" \/>\n<link rel=\"canonical\" href=\"https:\/\/dev.sonoranjv.org\/es\/acerca-de-nosotros\/consejo-consultivo\/clare-aslan\/\" \/>\n<meta property=\"og:locale\" content=\"es_ES\" \/>\n<meta property=\"og:type\" content=\"article\" \/>\n<meta property=\"og:title\" content=\"Clare Aslan - Sonoran Joint Venture\" \/>\n<meta property=\"og:description\" content=\"Clare Alsan es la Directora Adjunta de la Iniciativa para la Conservaci\u00f3n del Paisaje, un centro de investigaci\u00f3n de la Universidad del Norte de Arizona dedicado a la investigaci\u00f3n de la conservaci\u00f3n orientada a las soluciones que se lleva a cabo en sociedad con las partes interesadas. Es becaria David H. Smith en investigaci\u00f3n para\" \/>\n<meta property=\"og:url\" content=\"https:\/\/dev.sonoranjv.org\/es\/acerca-de-nosotros\/consejo-consultivo\/clare-aslan\/\" \/>\n<meta property=\"og:site_name\" content=\"Sonoran Joint Venture\" \/>\n<meta property=\"article:publisher\" content=\"http:\/\/www.facebook.com\/sonoranjv\" \/>\n<meta property=\"article:modified_time\" content=\"2019-05-21T14:52:54+00:00\" \/>\n<meta property=\"og:image\" content=\"https:\/\/sonoranjv.org\/wp-content\/uploads\/2018\/04\/clare-researchgate-profile-1024x683.jpg\" \/>\n<meta name=\"twitter:card\" content=\"summary\" \/>\n<meta name=\"twitter:site\" content=\"@sonoranjv\" \/>\n<meta name=\"twitter:label1\" content=\"Tiempo de lectura\">\n\t<meta name=\"twitter:data1\" content=\"2 minutos\">\n<script type=\"application\/ld+json\" class=\"yoast-schema-graph\">{\"@context\":\"https:\/\/schema.org\",\"@graph\":[{\"@type\":\"Organization\",\"@id\":\"https:\/\/dev.sonoranjv.org\/es\/#organization\",\"name\":\"Sonoran Joint Venture\",\"url\":\"https:\/\/dev.sonoranjv.org\/es\/\",\"sameAs\":[\"http:\/\/www.facebook.com\/sonoranjv\",\"https:\/\/www.pinterest.com\/sonoranjv\/pins\/\",\"https:\/\/twitter.com\/sonoranjv\"],\"logo\":{\"@type\":\"ImageObject\",\"@id\":\"https:\/\/dev.sonoranjv.org\/es\/#logo\",\"inLanguage\":\"es\",\"url\":\"https:\/\/sonoranjv.org\/wp-content\/uploads\/2017\/05\/sonoran-joint-venture-og.jpg\",\"contentUrl\":\"https:\/\/sonoranjv.org\/wp-content\/uploads\/2017\/05\/sonoran-joint-venture-og.jpg\",\"width\":\"573\",\"height\":\"316\",\"caption\":\"Sonoran Joint Venture\"},\"image\":{\"@id\":\"https:\/\/dev.sonoranjv.org\/es\/#logo\"}},{\"@type\":\"WebSite\",\"@id\":\"https:\/\/dev.sonoranjv.org\/es\/#website\",\"url\":\"https:\/\/dev.sonoranjv.org\/es\/\",\"name\":\"Sonoran Joint Venture\",\"description\":\"Conserving the unique birds and habitats of the southwestern United States and northwestern Mexico\",\"publisher\":{\"@id\":\"https:\/\/dev.sonoranjv.org\/es\/#organization\"},\"potentialAction\":[{\"@type\":\"SearchAction\",\"target\":\"https:\/\/dev.sonoranjv.org\/es\/?s={search_term_string}\",\"query-input\":\"required name=search_term_string\"}],\"inLanguage\":\"es\"},{\"@type\":\"ImageObject\",\"@id\":\"https:\/\/dev.sonoranjv.org\/es\/acerca-de-nosotros\/consejo-consultivo\/clare-aslan\/#primaryimage\",\"inLanguage\":\"es\",\"url\":\"https:\/\/sonoranjv.org\/wp-content\/uploads\/2018\/04\/clare-researchgate-profile-1024x683.jpg\",\"contentUrl\":\"https:\/\/sonoranjv.org\/wp-content\/uploads\/2018\/04\/clare-researchgate-profile-1024x683.jpg\"},{\"@type\":\"WebPage\",\"@id\":\"https:\/\/dev.sonoranjv.org\/es\/acerca-de-nosotros\/consejo-consultivo\/clare-aslan\/#webpage\",\"url\":\"https:\/\/dev.sonoranjv.org\/es\/acerca-de-nosotros\/consejo-consultivo\/clare-aslan\/\",\"name\":\"Clare Aslan - Sonoran Joint Venture\",\"isPartOf\":{\"@id\":\"https:\/\/dev.sonoranjv.org\/es\/#website\"},\"primaryImageOfPage\":{\"@id\":\"https:\/\/dev.sonoranjv.org\/es\/acerca-de-nosotros\/consejo-consultivo\/clare-aslan\/#primaryimage\"},\"datePublished\":\"2018-04-17T22:21:31+00:00\",\"dateModified\":\"2019-05-21T14:52:54+00:00\",\"breadcrumb\":{\"@id\":\"https:\/\/dev.sonoranjv.org\/es\/acerca-de-nosotros\/consejo-consultivo\/clare-aslan\/#breadcrumb\"},\"inLanguage\":\"es\",\"potentialAction\":[{\"@type\":\"ReadAction\",\"target\":[\"https:\/\/dev.sonoranjv.org\/es\/acerca-de-nosotros\/consejo-consultivo\/clare-aslan\/\"]}]},{\"@type\":\"BreadcrumbList\",\"@id\":\"https:\/\/dev.sonoranjv.org\/es\/acerca-de-nosotros\/consejo-consultivo\/clare-aslan\/#breadcrumb\",\"itemListElement\":[{\"@type\":\"ListItem\",\"position\":1,\"item\":{\"@type\":\"WebPage\",\"@id\":\"https:\/\/dev.sonoranjv.org\/es\/\",\"url\":\"https:\/\/dev.sonoranjv.org\/es\/\",\"name\":\"Home\"}},{\"@type\":\"ListItem\",\"position\":2,\"item\":{\"@type\":\"WebPage\",\"@id\":\"https:\/\/dev.sonoranjv.org\/es\/acerca-de-nosotros\/\",\"url\":\"https:\/\/dev.sonoranjv.org\/es\/acerca-de-nosotros\/\",\"name\":\"Acerca de Nosotros\"}},{\"@type\":\"ListItem\",\"position\":3,\"item\":{\"@type\":\"WebPage\",\"@id\":\"https:\/\/dev.sonoranjv.org\/es\/acerca-de-nosotros\/consejo-consultivo\/\",\"url\":\"https:\/\/dev.sonoranjv.org\/es\/acerca-de-nosotros\/consejo-consultivo\/\",\"name\":\"Consejo Consultivo\"}},{\"@type\":\"ListItem\",\"position\":4,\"item\":{\"@id\":\"https:\/\/dev.sonoranjv.org\/es\/acerca-de-nosotros\/consejo-consultivo\/clare-aslan\/#webpage\"}}]}]}<\/script>\n<!-- \/ Yoast SEO plugin. -->","_links":{"self":[{"href":"https:\/\/dev.sonoranjv.org\/es\/wp-json\/wp\/v2\/pages\/6467"}],"collection":[{"href":"https:\/\/dev.sonoranjv.org\/es\/wp-json\/wp\/v2\/pages"}],"about":[{"href":"https:\/\/dev.sonoranjv.org\/es\/wp-json\/wp\/v2\/types\/page"}],"author":[{"embeddable":true,"href":"https:\/\/dev.sonoranjv.org\/es\/wp-json\/wp\/v2\/users\/6"}],"replies":[{"embeddable":true,"href":"https:\/\/dev.sonoranjv.org\/es\/wp-json\/wp\/v2\/comments?post=6467"}],"version-history":[{"count":4,"href":"https:\/\/dev.sonoranjv.org\/es\/wp-json\/wp\/v2\/pages\/6467\/revisions"}],"predecessor-version":[{"id":7107,"href":"https:\/\/dev.sonoranjv.org\/es\/wp-json\/wp\/v2\/pages\/6467\/revisions\/7107"}],"up":[{"embeddable":true,"href":"https:\/\/dev.sonoranjv.org\/es\/wp-json\/wp\/v2\/pages\/3986"}],"wp:attachment":[{"href":"https:\/\/dev.sonoranjv.org\/es\/wp-json\/wp\/v2\/media?parent=6467"}],"curies":[{"name":"wp","href":"https:\/\/api.w.org\/{rel}","templated":true}]}}