{"id":6460,"date":"2018-04-17T15:09:28","date_gmt":"2018-04-17T22:09:28","guid":{"rendered":"http:\/\/sonoranjv.org\/?page_id=6460"},"modified":"2018-08-28T11:16:21","modified_gmt":"2018-08-28T18:16:21","slug":"arvind-panjabi","status":"publish","type":"page","link":"https:\/\/dev.sonoranjv.org\/es\/acerca-de-nosotros\/consejo-consultivo\/arvind-panjabi\/","title":{"rendered":"Arvind Panjabi"},"content":{"rendered":"<p><a href=\"https:\/\/sonoranjv.org\/wp-content\/uploads\/2018\/04\/ArvindPanjabi.jpg\"><img loading=\"lazy\" class=\"wp-image-6458 aligncenter\" src=\"https:\/\/sonoranjv.org\/wp-content\/uploads\/2018\/04\/ArvindPanjabi-1024x694.jpg\" alt=\"\" width=\"400\" height=\"271\" srcset=\"https:\/\/dev.sonoranjv.org\/wp-content\/uploads\/2018\/04\/ArvindPanjabi-1024x694.jpg 1024w, https:\/\/dev.sonoranjv.org\/wp-content\/uploads\/2018\/04\/ArvindPanjabi-300x203.jpg 300w, https:\/\/dev.sonoranjv.org\/wp-content\/uploads\/2018\/04\/ArvindPanjabi-768x520.jpg 768w, https:\/\/dev.sonoranjv.org\/wp-content\/uploads\/2018\/04\/ArvindPanjabi-276x187.jpg 276w, https:\/\/dev.sonoranjv.org\/wp-content\/uploads\/2018\/04\/ArvindPanjabi-1170x793.jpg 1170w\" sizes=\"(max-width: 400px) 100vw, 400px\" \/><\/a><\/p>\n<p>Arvind Panjabi es el Director Internacional de Bird Conservancy of the Rockies, donde trabaja desde 2000. Arvind desarroll\u00f3 y actualmente supervisa los programas de ciencia, administraci\u00f3n y educaci\u00f3n en el norte de M\u00e9xico de Bird Conservancy, que se centran principalmente en aves de pastizales y dem\u00e1s vida silvestre, incluyendo especies residentes y migratorias. Arvind tambi\u00e9n supervisa la Base de Datos de Evaluaci\u00f3n de las Conservaci\u00f3n de las Aves de Compa\u00f1eros en Vuelo, una herramienta para los planificadores de la conservaci\u00f3n que cubre 10 pa\u00edses desde Panam\u00e1 hasta Canad\u00e1 y 1,600 especies de aves.<\/p>\n<p>Arvind se uni\u00f3 al Consejo Consultivo del SJV en 2012 y actualmente es el covicepresidente de EEUU. Como uno de los pocos miembros del consejo del SJV que vive en EEUU pero que trabaja principalmente en M\u00e9xico, Arvind brinda una perspectiva binacional al SJV, as\u00ed como experiencia en el campo en los sistemas de pastizales y con terratenientes privados y socios variados en ambos pa\u00edses. Su ave favorita en la regi\u00f3n del SJV es &#8220;el gorri\u00f3n de Baird \u2013 poco conocido, rara vez visto, altamente amenazado y de una belleza despampanante, especialmente en invierno, cuando se encuentra en la regi\u00f3n del SJV y acaba de mudar su plumaje mostrando sus brillantes tonos ocres, que armonizan de manera perfecta con el pasto amarillo.&#8221;<\/p>\n","protected":false},"excerpt":{"rendered":"<p>Arvind Panjabi es el Director Internacional de Bird Conservancy of the Rockies, donde trabaja desde 2000. Arvind desarroll\u00f3 y actualmente supervisa los programas de ciencia, administraci\u00f3n y educaci\u00f3n en el norte de M\u00e9xico de Bird Conservancy, que se centran principalmente en aves de pastizales y dem\u00e1s vida silvestre, incluyendo especies residentes y migratorias. Arvind tambi\u00e9n<\/p>\n","protected":false},"author":6,"featured_media":0,"parent":3986,"menu_order":0,"comment_status":"closed","ping_status":"closed","template":"","meta":[],"yoast_head":"<!-- This site is optimized with the Yoast SEO plugin v16.2 - https:\/\/yoast.com\/wordpress\/plugins\/seo\/ -->\n<title>Arvind Panjabi - Sonoran Joint Venture<\/title>\n<meta name=\"robots\" content=\"index, follow, max-snippet:-1, max-image-preview:large, max-video-preview:-1\" \/>\n<link rel=\"canonical\" href=\"https:\/\/dev.sonoranjv.org\/es\/acerca-de-nosotros\/consejo-consultivo\/arvind-panjabi\/\" \/>\n<meta property=\"og:locale\" content=\"es_ES\" \/>\n<meta property=\"og:type\" content=\"article\" \/>\n<meta property=\"og:title\" content=\"Arvind Panjabi - Sonoran Joint Venture\" \/>\n<meta property=\"og:description\" content=\"Arvind Panjabi es el Director Internacional de Bird Conservancy of the Rockies, donde trabaja desde 2000. Arvind desarroll\u00f3 y actualmente supervisa los programas de ciencia, administraci\u00f3n y educaci\u00f3n en el norte de M\u00e9xico de Bird Conservancy, que se centran principalmente en aves de pastizales y dem\u00e1s vida silvestre, incluyendo especies residentes y migratorias. Arvind tambi\u00e9n\" \/>\n<meta property=\"og:url\" content=\"https:\/\/dev.sonoranjv.org\/es\/acerca-de-nosotros\/consejo-consultivo\/arvind-panjabi\/\" \/>\n<meta property=\"og:site_name\" content=\"Sonoran Joint Venture\" \/>\n<meta property=\"article:publisher\" content=\"http:\/\/www.facebook.com\/sonoranjv\" \/>\n<meta property=\"article:modified_time\" content=\"2018-08-28T18:16:21+00:00\" \/>\n<meta property=\"og:image\" content=\"https:\/\/sonoranjv.org\/wp-content\/uploads\/2018\/04\/ArvindPanjabi-1024x694.jpg\" \/>\n<meta name=\"twitter:card\" content=\"summary\" \/>\n<meta name=\"twitter:site\" content=\"@sonoranjv\" \/>\n<meta name=\"twitter:label1\" content=\"Tiempo de lectura\">\n\t<meta name=\"twitter:data1\" content=\"1 minuto\">\n<script type=\"application\/ld+json\" class=\"yoast-schema-graph\">{\"@context\":\"https:\/\/schema.org\",\"@graph\":[{\"@type\":\"Organization\",\"@id\":\"https:\/\/dev.sonoranjv.org\/es\/#organization\",\"name\":\"Sonoran Joint Venture\",\"url\":\"https:\/\/dev.sonoranjv.org\/es\/\",\"sameAs\":[\"http:\/\/www.facebook.com\/sonoranjv\",\"https:\/\/www.pinterest.com\/sonoranjv\/pins\/\",\"https:\/\/twitter.com\/sonoranjv\"],\"logo\":{\"@type\":\"ImageObject\",\"@id\":\"https:\/\/dev.sonoranjv.org\/es\/#logo\",\"inLanguage\":\"es\",\"url\":\"https:\/\/sonoranjv.org\/wp-content\/uploads\/2017\/05\/sonoran-joint-venture-og.jpg\",\"contentUrl\":\"https:\/\/sonoranjv.org\/wp-content\/uploads\/2017\/05\/sonoran-joint-venture-og.jpg\",\"width\":\"573\",\"height\":\"316\",\"caption\":\"Sonoran Joint Venture\"},\"image\":{\"@id\":\"https:\/\/dev.sonoranjv.org\/es\/#logo\"}},{\"@type\":\"WebSite\",\"@id\":\"https:\/\/dev.sonoranjv.org\/es\/#website\",\"url\":\"https:\/\/dev.sonoranjv.org\/es\/\",\"name\":\"Sonoran Joint Venture\",\"description\":\"Conserving the unique birds and habitats of the southwestern United States and northwestern Mexico\",\"publisher\":{\"@id\":\"https:\/\/dev.sonoranjv.org\/es\/#organization\"},\"potentialAction\":[{\"@type\":\"SearchAction\",\"target\":\"https:\/\/dev.sonoranjv.org\/es\/?s={search_term_string}\",\"query-input\":\"required name=search_term_string\"}],\"inLanguage\":\"es\"},{\"@type\":\"ImageObject\",\"@id\":\"https:\/\/dev.sonoranjv.org\/es\/acerca-de-nosotros\/consejo-consultivo\/arvind-panjabi\/#primaryimage\",\"inLanguage\":\"es\",\"url\":\"https:\/\/sonoranjv.org\/wp-content\/uploads\/2018\/04\/ArvindPanjabi-1024x694.jpg\",\"contentUrl\":\"https:\/\/sonoranjv.org\/wp-content\/uploads\/2018\/04\/ArvindPanjabi-1024x694.jpg\"},{\"@type\":\"WebPage\",\"@id\":\"https:\/\/dev.sonoranjv.org\/es\/acerca-de-nosotros\/consejo-consultivo\/arvind-panjabi\/#webpage\",\"url\":\"https:\/\/dev.sonoranjv.org\/es\/acerca-de-nosotros\/consejo-consultivo\/arvind-panjabi\/\",\"name\":\"Arvind Panjabi - Sonoran Joint Venture\",\"isPartOf\":{\"@id\":\"https:\/\/dev.sonoranjv.org\/es\/#website\"},\"primaryImageOfPage\":{\"@id\":\"https:\/\/dev.sonoranjv.org\/es\/acerca-de-nosotros\/consejo-consultivo\/arvind-panjabi\/#primaryimage\"},\"datePublished\":\"2018-04-17T22:09:28+00:00\",\"dateModified\":\"2018-08-28T18:16:21+00:00\",\"breadcrumb\":{\"@id\":\"https:\/\/dev.sonoranjv.org\/es\/acerca-de-nosotros\/consejo-consultivo\/arvind-panjabi\/#breadcrumb\"},\"inLanguage\":\"es\",\"potentialAction\":[{\"@type\":\"ReadAction\",\"target\":[\"https:\/\/dev.sonoranjv.org\/es\/acerca-de-nosotros\/consejo-consultivo\/arvind-panjabi\/\"]}]},{\"@type\":\"BreadcrumbList\",\"@id\":\"https:\/\/dev.sonoranjv.org\/es\/acerca-de-nosotros\/consejo-consultivo\/arvind-panjabi\/#breadcrumb\",\"itemListElement\":[{\"@type\":\"ListItem\",\"position\":1,\"item\":{\"@type\":\"WebPage\",\"@id\":\"https:\/\/dev.sonoranjv.org\/es\/\",\"url\":\"https:\/\/dev.sonoranjv.org\/es\/\",\"name\":\"Home\"}},{\"@type\":\"ListItem\",\"position\":2,\"item\":{\"@type\":\"WebPage\",\"@id\":\"https:\/\/dev.sonoranjv.org\/es\/acerca-de-nosotros\/\",\"url\":\"https:\/\/dev.sonoranjv.org\/es\/acerca-de-nosotros\/\",\"name\":\"Acerca de Nosotros\"}},{\"@type\":\"ListItem\",\"position\":3,\"item\":{\"@type\":\"WebPage\",\"@id\":\"https:\/\/dev.sonoranjv.org\/es\/acerca-de-nosotros\/consejo-consultivo\/\",\"url\":\"https:\/\/dev.sonoranjv.org\/es\/acerca-de-nosotros\/consejo-consultivo\/\",\"name\":\"Consejo Consultivo\"}},{\"@type\":\"ListItem\",\"position\":4,\"item\":{\"@id\":\"https:\/\/dev.sonoranjv.org\/es\/acerca-de-nosotros\/consejo-consultivo\/arvind-panjabi\/#webpage\"}}]}]}<\/script>\n<!-- \/ Yoast SEO plugin. -->","_links":{"self":[{"href":"https:\/\/dev.sonoranjv.org\/es\/wp-json\/wp\/v2\/pages\/6460"}],"collection":[{"href":"https:\/\/dev.sonoranjv.org\/es\/wp-json\/wp\/v2\/pages"}],"about":[{"href":"https:\/\/dev.sonoranjv.org\/es\/wp-json\/wp\/v2\/types\/page"}],"author":[{"embeddable":true,"href":"https:\/\/dev.sonoranjv.org\/es\/wp-json\/wp\/v2\/users\/6"}],"replies":[{"embeddable":true,"href":"https:\/\/dev.sonoranjv.org\/es\/wp-json\/wp\/v2\/comments?post=6460"}],"version-history":[{"count":3,"href":"https:\/\/dev.sonoranjv.org\/es\/wp-json\/wp\/v2\/pages\/6460\/revisions"}],"predecessor-version":[{"id":7106,"href":"https:\/\/dev.sonoranjv.org\/es\/wp-json\/wp\/v2\/pages\/6460\/revisions\/7106"}],"up":[{"embeddable":true,"href":"https:\/\/dev.sonoranjv.org\/es\/wp-json\/wp\/v2\/pages\/3986"}],"wp:attachment":[{"href":"https:\/\/dev.sonoranjv.org\/es\/wp-json\/wp\/v2\/media?parent=6460"}],"curies":[{"name":"wp","href":"https:\/\/api.w.org\/{rel}","templated":true}]}}