{"id":6095,"date":"2018-01-10T14:42:41","date_gmt":"2018-01-10T21:42:41","guid":{"rendered":"http:\/\/sonoranjv.org\/?page_id=6095"},"modified":"2022-04-04T14:55:14","modified_gmt":"2022-04-04T21:55:14","slug":"geoff-geupel","status":"publish","type":"page","link":"https:\/\/dev.sonoranjv.org\/es\/acerca-de-nosotros\/consejo-consultivo\/geoff-geupel\/","title":{"rendered":"Geoff Geupel"},"content":{"rendered":"<p>&nbsp;<\/p>\n<p><a href=\"https:\/\/sonoranjv.org\/wp-content\/uploads\/2018\/01\/GRG-Carizzo.jpg\"><img loading=\"lazy\" class=\"wp-image-6056 aligncenter\" src=\"https:\/\/sonoranjv.org\/wp-content\/uploads\/2018\/01\/GRG-Carizzo.jpg\" alt=\"\" width=\"401\" height=\"301\" srcset=\"https:\/\/dev.sonoranjv.org\/wp-content\/uploads\/2018\/01\/GRG-Carizzo.jpg 1280w, https:\/\/dev.sonoranjv.org\/wp-content\/uploads\/2018\/01\/GRG-Carizzo-300x225.jpg 300w, https:\/\/dev.sonoranjv.org\/wp-content\/uploads\/2018\/01\/GRG-Carizzo-768x576.jpg 768w, https:\/\/dev.sonoranjv.org\/wp-content\/uploads\/2018\/01\/GRG-Carizzo-1024x768.jpg 1024w, https:\/\/dev.sonoranjv.org\/wp-content\/uploads\/2018\/01\/GRG-Carizzo-249x187.jpg 249w, https:\/\/dev.sonoranjv.org\/wp-content\/uploads\/2018\/01\/GRG-Carizzo-1170x878.jpg 1170w\" sizes=\"(max-width: 401px) 100vw, 401px\" \/><\/a><\/p>\n<p>&nbsp;<\/p>\n<p>Geoff Geupel es el Director de\u00a0Asociaciones Estrat\u00e9gicas y miembro del equipo de manejo de Point Blue Conservation Science. Geoff ha participado mucho en el SJV durante muchos a\u00f1os y ha sido el presidente del Consejo Consultivo por \u00a17 a\u00f1os! Geoff empez\u00f3 su carrera en 1980 como becario de bi\u00f3logo de campo en Point Blue y desde entonces ha trabajado para la organizaci\u00f3n de maneras diferentes, incluyendo pasar 18 a\u00f1os como director de su Programa Terrestre. Actualmente, Geoff trabaja estrechamente con muchos socios para evaluar los impactos de la restauraci\u00f3n, el uso del suelo y el cambio clim\u00e1tico en las poblaciones de vida silvestre y los servicios del ecosistema con la meta de realizar mejores y m\u00e1s adecuadas pr\u00e1cticas para superar los resultados de la conservaci\u00f3n. Su pasi\u00f3n es hacer que los datos de monitoreo y la ciencia sean relevantes al p\u00fablico y a los administradores de tierras privadas. Geoff es el presidente del Comit\u00e9 Nacional de Direcci\u00f3n de Compa\u00f1eros en Vuelo y expresidente inmediato del Sonoran Joint Venture. La especie favorita actual de Geoff en el \u00e1rea del SJV es el cuitlacoche p\u00e1lido y tiene una debilidad por los camea.<\/p>\n","protected":false},"excerpt":{"rendered":"<p>&nbsp; &nbsp; Geoff Geupel es el Director de\u00a0Asociaciones Estrat\u00e9gicas y miembro del equipo de manejo de Point Blue Conservation Science. Geoff ha participado mucho en el SJV durante muchos a\u00f1os y ha sido el presidente del Consejo Consultivo por \u00a17 a\u00f1os! Geoff empez\u00f3 su carrera en 1980 como becario de bi\u00f3logo de campo en Point<\/p>\n","protected":false},"author":6,"featured_media":0,"parent":3986,"menu_order":0,"comment_status":"closed","ping_status":"closed","template":"","meta":[],"yoast_head":"<!-- This site is optimized with the Yoast SEO plugin v16.2 - https:\/\/yoast.com\/wordpress\/plugins\/seo\/ -->\n<title>Geoff Geupel - Sonoran Joint Venture<\/title>\n<meta name=\"robots\" content=\"index, follow, max-snippet:-1, max-image-preview:large, max-video-preview:-1\" \/>\n<link rel=\"canonical\" href=\"https:\/\/dev.sonoranjv.org\/es\/acerca-de-nosotros\/consejo-consultivo\/geoff-geupel\/\" \/>\n<meta property=\"og:locale\" content=\"es_ES\" \/>\n<meta property=\"og:type\" content=\"article\" \/>\n<meta property=\"og:title\" content=\"Geoff Geupel - Sonoran Joint Venture\" \/>\n<meta property=\"og:description\" content=\"&nbsp; &nbsp; Geoff Geupel es el Director de\u00a0Asociaciones Estrat\u00e9gicas y miembro del equipo de manejo de Point Blue Conservation Science. Geoff ha participado mucho en el SJV durante muchos a\u00f1os y ha sido el presidente del Consejo Consultivo por \u00a17 a\u00f1os! Geoff empez\u00f3 su carrera en 1980 como becario de bi\u00f3logo de campo en Point\" \/>\n<meta property=\"og:url\" content=\"https:\/\/dev.sonoranjv.org\/es\/acerca-de-nosotros\/consejo-consultivo\/geoff-geupel\/\" \/>\n<meta property=\"og:site_name\" content=\"Sonoran Joint Venture\" \/>\n<meta property=\"article:publisher\" content=\"http:\/\/www.facebook.com\/sonoranjv\" \/>\n<meta property=\"article:modified_time\" content=\"2022-04-04T21:55:14+00:00\" \/>\n<meta property=\"og:image\" content=\"https:\/\/sonoranjv.org\/wp-content\/uploads\/2018\/01\/GRG-Carizzo.jpg\" \/>\n<meta name=\"twitter:card\" content=\"summary\" \/>\n<meta name=\"twitter:site\" content=\"@sonoranjv\" \/>\n<meta name=\"twitter:label1\" content=\"Tiempo de lectura\">\n\t<meta name=\"twitter:data1\" content=\"2 minutos\">\n<script type=\"application\/ld+json\" class=\"yoast-schema-graph\">{\"@context\":\"https:\/\/schema.org\",\"@graph\":[{\"@type\":\"Organization\",\"@id\":\"https:\/\/dev.sonoranjv.org\/es\/#organization\",\"name\":\"Sonoran Joint Venture\",\"url\":\"https:\/\/dev.sonoranjv.org\/es\/\",\"sameAs\":[\"http:\/\/www.facebook.com\/sonoranjv\",\"https:\/\/www.pinterest.com\/sonoranjv\/pins\/\",\"https:\/\/twitter.com\/sonoranjv\"],\"logo\":{\"@type\":\"ImageObject\",\"@id\":\"https:\/\/dev.sonoranjv.org\/es\/#logo\",\"inLanguage\":\"es\",\"url\":\"https:\/\/sonoranjv.org\/wp-content\/uploads\/2017\/05\/sonoran-joint-venture-og.jpg\",\"contentUrl\":\"https:\/\/sonoranjv.org\/wp-content\/uploads\/2017\/05\/sonoran-joint-venture-og.jpg\",\"width\":\"573\",\"height\":\"316\",\"caption\":\"Sonoran Joint Venture\"},\"image\":{\"@id\":\"https:\/\/dev.sonoranjv.org\/es\/#logo\"}},{\"@type\":\"WebSite\",\"@id\":\"https:\/\/dev.sonoranjv.org\/es\/#website\",\"url\":\"https:\/\/dev.sonoranjv.org\/es\/\",\"name\":\"Sonoran Joint Venture\",\"description\":\"Conserving the unique birds and habitats of the southwestern United States and northwestern Mexico\",\"publisher\":{\"@id\":\"https:\/\/dev.sonoranjv.org\/es\/#organization\"},\"potentialAction\":[{\"@type\":\"SearchAction\",\"target\":\"https:\/\/dev.sonoranjv.org\/es\/?s={search_term_string}\",\"query-input\":\"required name=search_term_string\"}],\"inLanguage\":\"es\"},{\"@type\":\"ImageObject\",\"@id\":\"https:\/\/dev.sonoranjv.org\/es\/acerca-de-nosotros\/consejo-consultivo\/geoff-geupel\/#primaryimage\",\"inLanguage\":\"es\",\"url\":\"https:\/\/sonoranjv.org\/wp-content\/uploads\/2018\/01\/GRG-Carizzo.jpg\",\"contentUrl\":\"https:\/\/sonoranjv.org\/wp-content\/uploads\/2018\/01\/GRG-Carizzo.jpg\"},{\"@type\":\"WebPage\",\"@id\":\"https:\/\/dev.sonoranjv.org\/es\/acerca-de-nosotros\/consejo-consultivo\/geoff-geupel\/#webpage\",\"url\":\"https:\/\/dev.sonoranjv.org\/es\/acerca-de-nosotros\/consejo-consultivo\/geoff-geupel\/\",\"name\":\"Geoff Geupel - Sonoran Joint Venture\",\"isPartOf\":{\"@id\":\"https:\/\/dev.sonoranjv.org\/es\/#website\"},\"primaryImageOfPage\":{\"@id\":\"https:\/\/dev.sonoranjv.org\/es\/acerca-de-nosotros\/consejo-consultivo\/geoff-geupel\/#primaryimage\"},\"datePublished\":\"2018-01-10T21:42:41+00:00\",\"dateModified\":\"2022-04-04T21:55:14+00:00\",\"breadcrumb\":{\"@id\":\"https:\/\/dev.sonoranjv.org\/es\/acerca-de-nosotros\/consejo-consultivo\/geoff-geupel\/#breadcrumb\"},\"inLanguage\":\"es\",\"potentialAction\":[{\"@type\":\"ReadAction\",\"target\":[\"https:\/\/dev.sonoranjv.org\/es\/acerca-de-nosotros\/consejo-consultivo\/geoff-geupel\/\"]}]},{\"@type\":\"BreadcrumbList\",\"@id\":\"https:\/\/dev.sonoranjv.org\/es\/acerca-de-nosotros\/consejo-consultivo\/geoff-geupel\/#breadcrumb\",\"itemListElement\":[{\"@type\":\"ListItem\",\"position\":1,\"item\":{\"@type\":\"WebPage\",\"@id\":\"https:\/\/dev.sonoranjv.org\/es\/\",\"url\":\"https:\/\/dev.sonoranjv.org\/es\/\",\"name\":\"Home\"}},{\"@type\":\"ListItem\",\"position\":2,\"item\":{\"@type\":\"WebPage\",\"@id\":\"https:\/\/dev.sonoranjv.org\/es\/acerca-de-nosotros\/\",\"url\":\"https:\/\/dev.sonoranjv.org\/es\/acerca-de-nosotros\/\",\"name\":\"Acerca de Nosotros\"}},{\"@type\":\"ListItem\",\"position\":3,\"item\":{\"@type\":\"WebPage\",\"@id\":\"https:\/\/dev.sonoranjv.org\/es\/acerca-de-nosotros\/consejo-consultivo\/\",\"url\":\"https:\/\/dev.sonoranjv.org\/es\/acerca-de-nosotros\/consejo-consultivo\/\",\"name\":\"Consejo Consultivo\"}},{\"@type\":\"ListItem\",\"position\":4,\"item\":{\"@id\":\"https:\/\/dev.sonoranjv.org\/es\/acerca-de-nosotros\/consejo-consultivo\/geoff-geupel\/#webpage\"}}]}]}<\/script>\n<!-- \/ Yoast SEO plugin. -->","_links":{"self":[{"href":"https:\/\/dev.sonoranjv.org\/es\/wp-json\/wp\/v2\/pages\/6095"}],"collection":[{"href":"https:\/\/dev.sonoranjv.org\/es\/wp-json\/wp\/v2\/pages"}],"about":[{"href":"https:\/\/dev.sonoranjv.org\/es\/wp-json\/wp\/v2\/types\/page"}],"author":[{"embeddable":true,"href":"https:\/\/dev.sonoranjv.org\/es\/wp-json\/wp\/v2\/users\/6"}],"replies":[{"embeddable":true,"href":"https:\/\/dev.sonoranjv.org\/es\/wp-json\/wp\/v2\/comments?post=6095"}],"version-history":[{"count":6,"href":"https:\/\/dev.sonoranjv.org\/es\/wp-json\/wp\/v2\/pages\/6095\/revisions"}],"predecessor-version":[{"id":10192,"href":"https:\/\/dev.sonoranjv.org\/es\/wp-json\/wp\/v2\/pages\/6095\/revisions\/10192"}],"up":[{"embeddable":true,"href":"https:\/\/dev.sonoranjv.org\/es\/wp-json\/wp\/v2\/pages\/3986"}],"wp:attachment":[{"href":"https:\/\/dev.sonoranjv.org\/es\/wp-json\/wp\/v2\/media?parent=6095"}],"curies":[{"name":"wp","href":"https:\/\/api.w.org\/{rel}","templated":true}]}}