{"id":5887,"date":"2017-11-07T11:12:24","date_gmt":"2017-11-07T18:12:24","guid":{"rendered":"http:\/\/sonoranjv.org\/?page_id=5887"},"modified":"2020-06-11T11:29:13","modified_gmt":"2020-06-11T18:29:13","slug":"avicaching","status":"publish","type":"page","link":"https:\/\/dev.sonoranjv.org\/es\/avicaching\/","title":{"rendered":"Avicaching en el desierto"},"content":{"rendered":"<h3 style=\"text-align: center;\"><a href=\"https:\/\/sonoranjv.org\/wp-content\/uploads\/2017\/11\/rsz_greater_roadrunnersjv.jpg\"><img loading=\"lazy\" class=\"alignnone size-full wp-image-6037\" src=\"https:\/\/sonoranjv.org\/wp-content\/uploads\/2017\/11\/rsz_greater_roadrunnersjv.jpg\" alt=\"\" width=\"457\" height=\"212\" srcset=\"https:\/\/dev.sonoranjv.org\/wp-content\/uploads\/2017\/11\/rsz_greater_roadrunnersjv.jpg 457w, https:\/\/dev.sonoranjv.org\/wp-content\/uploads\/2017\/11\/rsz_greater_roadrunnersjv-300x139.jpg 300w, https:\/\/dev.sonoranjv.org\/wp-content\/uploads\/2017\/11\/rsz_greater_roadrunnersjv-280x130.jpg 280w\" sizes=\"(max-width: 457px) 100vw, 457px\" \/><\/a><\/h3>\n<p><strong>Gracias a todos los que participaron en nuestra primera temporada de Avicaching en el desierto. Mientras que el juego est\u00e1 actualmente cerrado, esperamos volver a abrirlo para este tema u otros en el futuro.<\/strong><\/p>\n<h3>Ver nuestros resultados iniciales<\/h3>\n<ul>\n<li>Acceda al informe <a href=\"https:\/\/sonoranjv.org\/wp-content\/uploads\/2020\/06\/DESERT-AVICACHING-REPORT_2018.pdf\">Desert Avicaching Report 2018<\/a> (en ingl\u00e9s)<\/li>\n<li>\u00c9chale un vistazo a nuestro <a href=\"https:\/\/sonoranjv.org\/es\/avicaching-en-el-desierto-monitoreo-coordinado-de-aves\/\" target=\"_blank\" rel=\"noopener noreferrer\">art\u00edculo<\/a> del SJV eBolet\u00edn para un resumen de resultados y lecciones aprendidas del proyecto<\/li>\n<\/ul>\n<hr \/>\n<h3>\u00bfQu\u00e9 es Avicaching?<\/h3>\n<p><a href=\"http:\/\/ebird.org\/content\/ebird\/science\/applied-projects\/avicaching\/\" target=\"_blank\" rel=\"noopener noreferrer\">Avicaching<\/a>, creado por <a href=\"http:\/\/www.birds.cornell.edu\/page.aspx?pid=1609\" target=\"_blank\" rel=\"noopener noreferrer\">el Laboratorio de Ornitolog\u00eda de Cornell<\/a>, es sencillamente <a href=\"http:\/\/ebird.org\/content\/ebird\/\" target=\"_blank\" rel=\"noopener noreferrer\">eBird<\/a> + Geocaching: buscar lugares espec\u00edficos para ver todas las aves que sea posible. Con geocaching, la gente visita lugares espec\u00edficos para encontrar tesoros. Con avicaching, los sitios eBird son los lugares y las aves son los tesoros.<\/p>\n<p>El Avicaching no s\u00f3lo es un juego. Los datos recopilados por los participantes cubren la falta de informaci\u00f3n y ayudan a orientar las decisiones de manejo y conservaci\u00f3n. Los observadores de aves van a lugares designados eBird, siguen los protocolos espec\u00edficos de observaci\u00f3n de aves y presentan sus listas. \u00bfEl resultado? Los participantes ganan un nuevo juego qu\u00e9 jugar mientras observan aves y eBird recopila datos valiosos para ayudar a orientar futuros monitoreos de aves y esfuerzos de conservaci\u00f3n.<\/p>\n<h3>Avicaching en el desierto<\/h3>\n<p>La regi\u00f3n del Sonoran Joint Venture es extensa y tiene muchas \u00e1reas con poca informaci\u00f3n sobre las aves. Una parte de nuestra regi\u00f3n incluye a los desiertos Mojave y Colorado al sur de California, un \u00e1rea que se encuentra bajo presi\u00f3n del desarrollo de energ\u00edas alternas. Mientras que las energ\u00edas alternas, como la solar, tienen un gran potencial, tambi\u00e9n tienen impactos en las aves y en el h\u00e1bitat. Tanto la comunidad de conservaci\u00f3n como la comunidad de energ\u00edas alternas tienen una necesidad de entender dichos impactos. El SJV y nuestros socios quieren saber m\u00e1s sobre c\u00f3mo y d\u00f3nde estos esfuerzos afectan a las aves. Adem\u00e1s de los impactos de las instalaciones en la vida silvestre, las aves migratorias que pasan por el \u00e1rea en su camino al norte o al sur muy probablemente se vean impactadas. Pero no contamos con un firme entendimiento de qu\u00e9 especies, ni del alcance de los impactos. Esto convierte en todo un reto decidir d\u00f3nde y c\u00f3mo gastar mejor el dinero de la mitigaci\u00f3n de los urbanizadores.<\/p>\n<p>El SJV,\u00a0Bureau of Land Management, <a href=\"http:\/\/pointblue.org\/\" target=\"_blank\" rel=\"noopener noreferrer\">Point Blue Conservation Science,<\/a>\u00a0y <a href=\"https:\/\/www.gbbo.org\/\" target=\"_blank\" rel=\"noopener noreferrer\">Great Basin Bird Observatory<\/a> quieren usar eBird para cambiarlo\u00a0por lanzando el primer juego de <em>Avicaching en el desierto<\/em>. \u00a1Ah\u00ed es donde T\u00da participas!<\/p>\n<h3>\u00bfC\u00f3mo juego?<\/h3>\n<p>Gana puntos visitando cualquiera de nuestros lugares de Avicaching (los Hotspots de eBird identificados) y presenta una lista complete de dicho lugar.<strong>\u00a0<em>Avicaching en el desierto<\/em>\u00a0ya est\u00e1 cerrada<\/strong>.<\/p>\n<h3>\u00bfA d\u00f3nde voy?<\/h3>\n<p>Revisa los lugares de Avicaching abriendo el mapa 2018 de <em>Avicaching en el desierto<\/em> abajo y navega a uno de los lugares designados.\u00a0Use su tel\u00e9fono m\u00f3vil para navegar a una de los lugares de Avicaching. Como sitio eBird, estos lugares tambi\u00e9n est\u00e1n visibles en la aplicaci\u00f3n m\u00f3vil de eBird en tel\u00e9fonos iOS y Android cuando env\u00edas listas.<\/p>\n<h5><iframe loading=\"lazy\" src=\"https:\/\/www.google.com\/maps\/d\/u\/0\/embed?mid=1TdoYIJERpt_8u_FyaLSIWzLXnamkPbOq\" width=\"640\" height=\"480\"><\/iframe><\/h5>\n<h5><em>Nota: La seguridad es la mayor preocupaci\u00f3n. Aunque se puede llegar a todos los lugares de Avicaching en veh\u00edculo, al desierto siempre debemos acercarnos con preparaci\u00f3n y respeto. Estos Hotspots de Avicaching pueden estar en terrenos \u00e1speros, escarpados y remotos. Por favor prep\u00e1rate con bastante combustible, agua, alimentos y protecci\u00f3n solar. La recepci\u00f3n del tel\u00e9fono celular puede ser muy limitada. Puedes ser de gran ayuda para otros si nos avisas de desgajamientos de caminos, requisitos inesperados de veh\u00edculos altos y otros problemas de acceso. Por favor av\u00edsanos si tienes cualesquier inquietudes sobre un camino en particular o un lugar que has visitado.<\/em><\/h5>\n<h3>\u00bfCu\u00e1les son las reglas?<\/h3>\n<p>Si es posible, todas tus observaciones deben realizarse antes de las 10 am o despu\u00e9s de las 7 pm. Cada checklist debe durar un m\u00ednimo de 20 minutos y un m\u00e1ximo de 60 minutos.\u00a0Si viaja m\u00e1s de una milla o observar durante m\u00e1s de una hora, no hay problema: simplemente inicie una nueva lista de verificaci\u00f3n. Debe enviar una lista de verificaci\u00f3n completa de todas las aves que puede identificar durante el per\u00edodo de 20-60 minutos.<\/p>\n<p>Puede observar que algunos puntos tienen &#8220;Desert Thrashers&#8221; al final del nombre de Avicache. El Grupo de Trabajo Desert Thrasher est\u00e1 estudiando los patrones de distribuci\u00f3n estacional para varias especies de cuitlacoche. Puedes agregar a nuestro conocimiento de los rascadores del desierto e incrementar la cobertura de la encuesta visitando estos puntos de thrasher del desierto como parte de <em>Avicaching en el Desierto<\/em>. Si tiene preguntas sobre los puntos de Desert Thrasher en Nevada, comun\u00edquese con <a href=\"mailto:harter@gbbo.org\">Lauren Harter<\/a>. Para los puntos de Desert Thrasher en California, comun\u00edquese con <a href=\"mailto:cmccreedy-RA@pointblue.org\">Chris McCreedy<\/a>.<\/p>\n<h3>Puntuaci\u00f3n, premios y clasificaciones<\/h3>\n<p>Cada lista completa presentada siguiendo los lineamientos anteriores te dar\u00e1 un punto que pueden contribuir a tu puntaje de Avicaching. Cada persona que presente al menos una lista que le d\u00e9 un punto, es candidata a la loter\u00eda de premios al final del juego de Avicaching. Entre m\u00e1s puntos ganes durante el transcurso de la competencia, mayores oportunidades tendr\u00e1s de ganar. Cada punto ingresa tu nombre una vez en la loter\u00eda aleatoria. Por ejemplo, si tienes 15 puntos, tu nombre se ha ingresado 15 veces; 50 puntos, 50 veces, etc. \u00a1Los premios incluyen binoculares y otros equipos de observaci\u00f3n de aves, camisetas, gorras, membres\u00edas a organizaciones de conservaci\u00f3n y m\u00e1s!<\/p>\n<p>Adem\u00e1s de la loter\u00eda de premios, tambi\u00e9n hay una competencia para el mayor n\u00famero de listas de verificaci\u00f3n y para el mayor n\u00famero de especies observadas en total en los lugares de Avicaching. El observador que tenga la lista de especies acumuladas m\u00e1s alta al final del juego ganar\u00e1 en la categor\u00eda de especies; el observador que presente el mayor n\u00famero de listas de verificaci\u00f3n ganar\u00e1 la categor\u00eda de la lista de verificaci\u00f3n.\u00a0Tambi\u00e9n seleccionaremos un ganador aleatoria cada mes de los participantes de ese mes.<\/p>\n<p>Tanto los resultados Avicache y los conteos totales de especies se actualizan en tiempo real.\u00a0Haga clic en el bot\u00f3n a continuaci\u00f3n para ver los puntajes actuales.<\/p>\n<p><a href=\"https:\/\/ebird.org\/avicache\/desert2018\" target=\"_blank\" rel=\"noopener noreferrer\"><img loading=\"lazy\" class=\"size-full wp-image-6257 aligncenter\" src=\"https:\/\/sonoranjv.org\/wp-content\/uploads\/2017\/11\/avicaching-leaderboard-button-esp.jpg\" alt=\"\" width=\"202\" height=\"92\" \/><\/a><\/p>\n<p>\u00bfTienes m\u00e1s preguntas? P\u00f3ngase en contacto con <a href=\"mailto:cmccreedy-RA@pointblue.org\">Chris McCreedy<\/a>.<\/p>\n<hr \/>\n<p>Gracias a la generosidad de las siguientes empresas y organizaciones por proporcionar premios:<\/p>\n<ul>\n<li><a href=\"http:\/\/aba.org\" target=\"_blank\" rel=\"noopener noreferrer\">American Birding Association<\/a><\/li>\n<li><a href=\"http:\/\/athlonoptics.com\/\" target=\"_blank\" rel=\"noopener noreferrer\">Athlon Optics<\/a><\/li>\n<li><a href=\"http:\/\/www.birdseyebirding.com\/\" target=\"_blank\" rel=\"noopener noreferrer\">BirdsEye Nature Apps<\/a><\/li>\n<li><a href=\"http:\/\/pointblue.org\" target=\"_blank\" rel=\"noopener noreferrer\">Point Blue Conservation Science<\/a><\/li>\n<li><a href=\"https:\/\/www.wildwingsla.com\/\" target=\"_blank\" rel=\"noopener noreferrer\">Wildwings Backyard Nature Store<\/a><\/li>\n<li><a href=\"https:\/\/www.phoneskope.com\/\" target=\"_blank\" rel=\"noopener noreferrer\">PhoneSkope<\/a><\/li>\n<\/ul>\n<hr \/>\n<h6 style=\"text-align: center;\">Financiamiento para este proyecto provisto por Sonoran Joint Venture y Bureau of Land Management<\/h6>\n","protected":false},"excerpt":{"rendered":"<p>Gracias a todos los que participaron en nuestra primera temporada de Avicaching en el desierto. Mientras que el juego est\u00e1 actualmente cerrado, esperamos volver a abrirlo para este tema u otros en el futuro. Ver nuestros resultados iniciales Acceda al informe Desert Avicaching Report 2018 (en ingl\u00e9s) \u00c9chale un vistazo a nuestro art\u00edculo del SJV<\/p>\n","protected":false},"author":6,"featured_media":0,"parent":0,"menu_order":0,"comment_status":"closed","ping_status":"closed","template":"","meta":[],"yoast_head":"<!-- This site is optimized with the Yoast SEO plugin v16.2 - https:\/\/yoast.com\/wordpress\/plugins\/seo\/ -->\n<title>Avicaching en el desierto - Sonoran Joint Venture<\/title>\n<meta name=\"robots\" content=\"index, follow, max-snippet:-1, max-image-preview:large, max-video-preview:-1\" \/>\n<link rel=\"canonical\" href=\"https:\/\/dev.sonoranjv.org\/es\/avicaching\/\" \/>\n<meta property=\"og:locale\" content=\"es_ES\" \/>\n<meta property=\"og:type\" content=\"article\" \/>\n<meta property=\"og:title\" content=\"Avicaching en el desierto - Sonoran Joint Venture\" \/>\n<meta property=\"og:description\" content=\"Gracias a todos los que participaron en nuestra primera temporada de Avicaching en el desierto. Mientras que el juego est\u00e1 actualmente cerrado, esperamos volver a abrirlo para este tema u otros en el futuro. Ver nuestros resultados iniciales Acceda al informe Desert Avicaching Report 2018 (en ingl\u00e9s) \u00c9chale un vistazo a nuestro art\u00edculo del SJV\" \/>\n<meta property=\"og:url\" content=\"https:\/\/dev.sonoranjv.org\/es\/avicaching\/\" \/>\n<meta property=\"og:site_name\" content=\"Sonoran Joint Venture\" \/>\n<meta property=\"article:publisher\" content=\"http:\/\/www.facebook.com\/sonoranjv\" \/>\n<meta property=\"article:modified_time\" content=\"2020-06-11T18:29:13+00:00\" \/>\n<meta property=\"og:image\" content=\"https:\/\/sonoranjv.org\/wp-content\/uploads\/2017\/11\/rsz_greater_roadrunnersjv.jpg\" \/>\n<meta name=\"twitter:card\" content=\"summary\" \/>\n<meta name=\"twitter:site\" content=\"@sonoranjv\" \/>\n<meta name=\"twitter:label1\" content=\"Tiempo de lectura\">\n\t<meta name=\"twitter:data1\" content=\"6 minutos\">\n<script type=\"application\/ld+json\" class=\"yoast-schema-graph\">{\"@context\":\"https:\/\/schema.org\",\"@graph\":[{\"@type\":\"Organization\",\"@id\":\"https:\/\/dev.sonoranjv.org\/es\/#organization\",\"name\":\"Sonoran Joint Venture\",\"url\":\"https:\/\/dev.sonoranjv.org\/es\/\",\"sameAs\":[\"http:\/\/www.facebook.com\/sonoranjv\",\"https:\/\/www.pinterest.com\/sonoranjv\/pins\/\",\"https:\/\/twitter.com\/sonoranjv\"],\"logo\":{\"@type\":\"ImageObject\",\"@id\":\"https:\/\/dev.sonoranjv.org\/es\/#logo\",\"inLanguage\":\"es\",\"url\":\"https:\/\/sonoranjv.org\/wp-content\/uploads\/2017\/05\/sonoran-joint-venture-og.jpg\",\"contentUrl\":\"https:\/\/sonoranjv.org\/wp-content\/uploads\/2017\/05\/sonoran-joint-venture-og.jpg\",\"width\":\"573\",\"height\":\"316\",\"caption\":\"Sonoran Joint Venture\"},\"image\":{\"@id\":\"https:\/\/dev.sonoranjv.org\/es\/#logo\"}},{\"@type\":\"WebSite\",\"@id\":\"https:\/\/dev.sonoranjv.org\/es\/#website\",\"url\":\"https:\/\/dev.sonoranjv.org\/es\/\",\"name\":\"Sonoran Joint Venture\",\"description\":\"Conserving the unique birds and habitats of the southwestern United States and northwestern Mexico\",\"publisher\":{\"@id\":\"https:\/\/dev.sonoranjv.org\/es\/#organization\"},\"potentialAction\":[{\"@type\":\"SearchAction\",\"target\":\"https:\/\/dev.sonoranjv.org\/es\/?s={search_term_string}\",\"query-input\":\"required name=search_term_string\"}],\"inLanguage\":\"es\"},{\"@type\":\"ImageObject\",\"@id\":\"https:\/\/dev.sonoranjv.org\/es\/avicaching\/#primaryimage\",\"inLanguage\":\"es\",\"url\":\"https:\/\/sonoranjv.org\/wp-content\/uploads\/2017\/11\/rsz_greater_roadrunnersjv.jpg\",\"contentUrl\":\"https:\/\/sonoranjv.org\/wp-content\/uploads\/2017\/11\/rsz_greater_roadrunnersjv.jpg\"},{\"@type\":\"WebPage\",\"@id\":\"https:\/\/dev.sonoranjv.org\/es\/avicaching\/#webpage\",\"url\":\"https:\/\/dev.sonoranjv.org\/es\/avicaching\/\",\"name\":\"Avicaching en el desierto - Sonoran Joint Venture\",\"isPartOf\":{\"@id\":\"https:\/\/dev.sonoranjv.org\/es\/#website\"},\"primaryImageOfPage\":{\"@id\":\"https:\/\/dev.sonoranjv.org\/es\/avicaching\/#primaryimage\"},\"datePublished\":\"2017-11-07T18:12:24+00:00\",\"dateModified\":\"2020-06-11T18:29:13+00:00\",\"breadcrumb\":{\"@id\":\"https:\/\/dev.sonoranjv.org\/es\/avicaching\/#breadcrumb\"},\"inLanguage\":\"es\",\"potentialAction\":[{\"@type\":\"ReadAction\",\"target\":[\"https:\/\/dev.sonoranjv.org\/es\/avicaching\/\"]}]},{\"@type\":\"BreadcrumbList\",\"@id\":\"https:\/\/dev.sonoranjv.org\/es\/avicaching\/#breadcrumb\",\"itemListElement\":[{\"@type\":\"ListItem\",\"position\":1,\"item\":{\"@type\":\"WebPage\",\"@id\":\"https:\/\/dev.sonoranjv.org\/es\/\",\"url\":\"https:\/\/dev.sonoranjv.org\/es\/\",\"name\":\"Home\"}},{\"@type\":\"ListItem\",\"position\":2,\"item\":{\"@id\":\"https:\/\/dev.sonoranjv.org\/es\/avicaching\/#webpage\"}}]}]}<\/script>\n<!-- \/ Yoast SEO plugin. -->","_links":{"self":[{"href":"https:\/\/dev.sonoranjv.org\/es\/wp-json\/wp\/v2\/pages\/5887"}],"collection":[{"href":"https:\/\/dev.sonoranjv.org\/es\/wp-json\/wp\/v2\/pages"}],"about":[{"href":"https:\/\/dev.sonoranjv.org\/es\/wp-json\/wp\/v2\/types\/page"}],"author":[{"embeddable":true,"href":"https:\/\/dev.sonoranjv.org\/es\/wp-json\/wp\/v2\/users\/6"}],"replies":[{"embeddable":true,"href":"https:\/\/dev.sonoranjv.org\/es\/wp-json\/wp\/v2\/comments?post=5887"}],"version-history":[{"count":33,"href":"https:\/\/dev.sonoranjv.org\/es\/wp-json\/wp\/v2\/pages\/5887\/revisions"}],"predecessor-version":[{"id":5896,"href":"https:\/\/dev.sonoranjv.org\/es\/wp-json\/wp\/v2\/pages\/5887\/revisions\/5896"}],"wp:attachment":[{"href":"https:\/\/dev.sonoranjv.org\/es\/wp-json\/wp\/v2\/media?parent=5887"}],"curies":[{"name":"wp","href":"https:\/\/api.w.org\/{rel}","templated":true}]}}