{"id":4880,"date":"2017-04-10T12:53:49","date_gmt":"2017-04-10T19:53:49","guid":{"rendered":"http:\/\/sonoranjv.org\/?page_id=4880\/"},"modified":"2021-04-26T10:24:39","modified_gmt":"2021-04-26T17:24:39","slug":"herramientas-de-conservacion","status":"publish","type":"page","link":"https:\/\/dev.sonoranjv.org\/es\/herramientas-de-conservacion\/","title":{"rendered":"Herramientas de Conservaci\u00f3n"},"content":{"rendered":"<p>El Sonoran Joint Venture ayuda a proporcionar las mejores herramientas y ciencias de conservaci\u00f3n para ayudar a nuestros socios en la conservaci\u00f3n de las aves y el h\u00e1bitat. Desde herramientas que apoyan la toma de decisiones para ayudar a los administradores y bi\u00f3logos a tomar decisiones informadas en circunstancias inciertas hasta informes detalladas sobre las necesidades de aves y h\u00e1bitats prioritarios, el SJV trabaja para asegurarse que nuestros socios cuentan con las herramientas que necesitan para desempe\u00f1ar la labor.<\/p>\n<p>Conozca m\u00e1s:<\/p>\n<ul>\n<li><a href=\"https:\/\/sonoranjv.org\/es\/herramientas-de-conservacion\/cuentas-de-species\/\">Cuentas de Especies y H\u00e1bitat<\/a><\/li>\n<li><a href=\"http:\/\/borderlandsbirds.org\/?lang=es\">Borderlands Avian Data Center<\/a><\/li>\n<li><a href=\"https:\/\/borderlandsbirds.org\/explore-los-datos\/inicio\/?lang=es\">PLuMA (Planificaci\u00f3n para el Manejo y Adaptaci\u00f3n de Paisajes)<\/a><\/li>\n<li><a href=\"http:\/\/sonoranjv.org\/es\/avicaching\/\">Avicaching en el desierto<\/a><\/li>\n<\/ul>\n","protected":false},"excerpt":{"rendered":"<p>El Sonoran Joint Venture ayuda a proporcionar las mejores herramientas y ciencias de conservaci\u00f3n para ayudar a nuestros socios en la conservaci\u00f3n de las aves y el h\u00e1bitat. Desde herramientas que apoyan la toma de decisiones para ayudar a los administradores y bi\u00f3logos a tomar decisiones informadas en circunstancias inciertas hasta informes detalladas sobre las<\/p>\n","protected":false},"author":3,"featured_media":0,"parent":0,"menu_order":0,"comment_status":"closed","ping_status":"closed","template":"","meta":[],"yoast_head":"<!-- This site is optimized with the Yoast SEO plugin v16.2 - https:\/\/yoast.com\/wordpress\/plugins\/seo\/ -->\n<title>Herramientas de Conservaci\u00f3n - Sonoran Joint Venture<\/title>\n<meta name=\"robots\" content=\"index, follow, max-snippet:-1, max-image-preview:large, max-video-preview:-1\" \/>\n<link rel=\"canonical\" href=\"https:\/\/dev.sonoranjv.org\/es\/herramientas-de-conservacion\/\" \/>\n<meta property=\"og:locale\" content=\"es_ES\" \/>\n<meta property=\"og:type\" content=\"article\" \/>\n<meta property=\"og:title\" content=\"Herramientas de Conservaci\u00f3n - Sonoran Joint Venture\" \/>\n<meta property=\"og:description\" content=\"El Sonoran Joint Venture ayuda a proporcionar las mejores herramientas y ciencias de conservaci\u00f3n para ayudar a nuestros socios en la conservaci\u00f3n de las aves y el h\u00e1bitat. Desde herramientas que apoyan la toma de decisiones para ayudar a los administradores y bi\u00f3logos a tomar decisiones informadas en circunstancias inciertas hasta informes detalladas sobre las\" \/>\n<meta property=\"og:url\" content=\"https:\/\/dev.sonoranjv.org\/es\/herramientas-de-conservacion\/\" \/>\n<meta property=\"og:site_name\" content=\"Sonoran Joint Venture\" \/>\n<meta property=\"article:publisher\" content=\"http:\/\/www.facebook.com\/sonoranjv\" \/>\n<meta property=\"article:modified_time\" content=\"2021-04-26T17:24:39+00:00\" \/>\n<meta name=\"twitter:card\" content=\"summary\" \/>\n<meta name=\"twitter:site\" content=\"@sonoranjv\" \/>\n<meta name=\"twitter:label1\" content=\"Tiempo de lectura\">\n\t<meta name=\"twitter:data1\" content=\"1 minuto\">\n<script type=\"application\/ld+json\" class=\"yoast-schema-graph\">{\"@context\":\"https:\/\/schema.org\",\"@graph\":[{\"@type\":\"Organization\",\"@id\":\"https:\/\/dev.sonoranjv.org\/es\/#organization\",\"name\":\"Sonoran Joint Venture\",\"url\":\"https:\/\/dev.sonoranjv.org\/es\/\",\"sameAs\":[\"http:\/\/www.facebook.com\/sonoranjv\",\"https:\/\/www.pinterest.com\/sonoranjv\/pins\/\",\"https:\/\/twitter.com\/sonoranjv\"],\"logo\":{\"@type\":\"ImageObject\",\"@id\":\"https:\/\/dev.sonoranjv.org\/es\/#logo\",\"inLanguage\":\"es\",\"url\":\"https:\/\/sonoranjv.org\/wp-content\/uploads\/2017\/05\/sonoran-joint-venture-og.jpg\",\"contentUrl\":\"https:\/\/sonoranjv.org\/wp-content\/uploads\/2017\/05\/sonoran-joint-venture-og.jpg\",\"width\":\"573\",\"height\":\"316\",\"caption\":\"Sonoran Joint Venture\"},\"image\":{\"@id\":\"https:\/\/dev.sonoranjv.org\/es\/#logo\"}},{\"@type\":\"WebSite\",\"@id\":\"https:\/\/dev.sonoranjv.org\/es\/#website\",\"url\":\"https:\/\/dev.sonoranjv.org\/es\/\",\"name\":\"Sonoran Joint Venture\",\"description\":\"Conserving the unique birds and habitats of the southwestern United States and northwestern Mexico\",\"publisher\":{\"@id\":\"https:\/\/dev.sonoranjv.org\/es\/#organization\"},\"potentialAction\":[{\"@type\":\"SearchAction\",\"target\":\"https:\/\/dev.sonoranjv.org\/es\/?s={search_term_string}\",\"query-input\":\"required name=search_term_string\"}],\"inLanguage\":\"es\"},{\"@type\":\"WebPage\",\"@id\":\"https:\/\/dev.sonoranjv.org\/es\/herramientas-de-conservacion\/#webpage\",\"url\":\"https:\/\/dev.sonoranjv.org\/es\/herramientas-de-conservacion\/\",\"name\":\"Herramientas de Conservaci\\u00f3n - Sonoran Joint Venture\",\"isPartOf\":{\"@id\":\"https:\/\/dev.sonoranjv.org\/es\/#website\"},\"datePublished\":\"2017-04-10T19:53:49+00:00\",\"dateModified\":\"2021-04-26T17:24:39+00:00\",\"breadcrumb\":{\"@id\":\"https:\/\/dev.sonoranjv.org\/es\/herramientas-de-conservacion\/#breadcrumb\"},\"inLanguage\":\"es\",\"potentialAction\":[{\"@type\":\"ReadAction\",\"target\":[\"https:\/\/dev.sonoranjv.org\/es\/herramientas-de-conservacion\/\"]}]},{\"@type\":\"BreadcrumbList\",\"@id\":\"https:\/\/dev.sonoranjv.org\/es\/herramientas-de-conservacion\/#breadcrumb\",\"itemListElement\":[{\"@type\":\"ListItem\",\"position\":1,\"item\":{\"@type\":\"WebPage\",\"@id\":\"https:\/\/dev.sonoranjv.org\/es\/\",\"url\":\"https:\/\/dev.sonoranjv.org\/es\/\",\"name\":\"Home\"}},{\"@type\":\"ListItem\",\"position\":2,\"item\":{\"@id\":\"https:\/\/dev.sonoranjv.org\/es\/herramientas-de-conservacion\/#webpage\"}}]}]}<\/script>\n<!-- \/ Yoast SEO plugin. -->","_links":{"self":[{"href":"https:\/\/dev.sonoranjv.org\/es\/wp-json\/wp\/v2\/pages\/4880"}],"collection":[{"href":"https:\/\/dev.sonoranjv.org\/es\/wp-json\/wp\/v2\/pages"}],"about":[{"href":"https:\/\/dev.sonoranjv.org\/es\/wp-json\/wp\/v2\/types\/page"}],"author":[{"embeddable":true,"href":"https:\/\/dev.sonoranjv.org\/es\/wp-json\/wp\/v2\/users\/3"}],"replies":[{"embeddable":true,"href":"https:\/\/dev.sonoranjv.org\/es\/wp-json\/wp\/v2\/comments?post=4880"}],"version-history":[{"count":13,"href":"https:\/\/dev.sonoranjv.org\/es\/wp-json\/wp\/v2\/pages\/4880\/revisions"}],"predecessor-version":[{"id":9716,"href":"https:\/\/dev.sonoranjv.org\/es\/wp-json\/wp\/v2\/pages\/4880\/revisions\/9716"}],"wp:attachment":[{"href":"https:\/\/dev.sonoranjv.org\/es\/wp-json\/wp\/v2\/media?parent=4880"}],"curies":[{"name":"wp","href":"https:\/\/api.w.org\/{rel}","templated":true}]}}