{"id":3998,"date":"2012-06-12T11:46:34","date_gmt":"2012-06-12T18:46:34","guid":{"rendered":"http:\/\/sonoranjv.org\/tierras-bajas-del-pacifico\/"},"modified":"2018-08-28T10:12:27","modified_gmt":"2018-08-28T17:12:27","slug":"tierras-bajas-del-pacifico","status":"publish","type":"page","link":"https:\/\/dev.sonoranjv.org\/es\/aves-y-habitats\/tierras-bajas-del-pacifico\/","title":{"rendered":"Tierras bajas del Pac\u00edfico"},"content":{"rendered":"<p>La subregi\u00f3n de tierras bajas del Pac\u00edfico del Sonoran Joint Venture se extiende desde el noreste de Sonora, entre el Desierto Sonorense y la Sierra Madre Occidental, hasta la costa del norte de Sinaloa y continua a lo largo de la misma hasta la frontera con Nayarit. En el extremo este est\u00e1 paralela a la pendiente del Pac\u00edfico de la Sierra Madre Occidental a aproximadamente 775 m sobre el nivel del mar. Esta subregi\u00f3n incluye a las Regiones 43 y 44 para la Conservaci\u00f3n de las Aves.<\/p>\n<p>Los h\u00e1bitats en esta regi\u00f3n son principalmente matorrales, bosques caducifolios tropicales y bosques de pino y roble, con franjas de vegetaci\u00f3n ribere\u00f1a que la cruzan. En la costa se encuentran manglares, humedales marino costeros, costa y otros h\u00e1bitats marinos. En la costa se encuentran importantes islas de reproducci\u00f3n de aves y aguas de forrajeo.<\/p>\n<p>El \u00e1rea alberga ecosistemas importantes que sustentan a una impresionante y diversa flora y fauna. Los bosques caducifolios tropicales son una de las comunidades con mayor peligro de extinci\u00f3n en el hemisferio occidental. La regi\u00f3n es muy abundante en especies end\u00e9micas, algunas con clasificaci\u00f3n de conservaci\u00f3n. Algunas importantes especies de aves incluyen a la garza tigre mexicana, al halc\u00f3n peregrino, la chachalaca mexicana occidental, la polluela pecho amarillo, la guacamaya verde, la golondrina sinaloense, el trog\u00f3n elegante, el carpintero pico plata, la chara de Beechy, el vireo de gorra negra, el playerito occidental y el chorlito nevado.<\/p>\n<h3>Subregiones del Sonoran Joint Venture<\/h3>\n<div class=\"row \">\n<div class=\"col-sm-6 \">\n<div class=\"image-box-wrapper\"><a href=\"es\/aves-y-habitats\/fronteras-aridas\/\"><img src=\"https:\/\/sonoranjv.org\/wp-content\/uploads\/2016\/11\/arid-borderlands.jpg\"><\/a><\/p>\n<div class=\"image-box-content\">\n<h2><a href=\"http:\/\/sonoranjv.org\/es\/aves-y-habitats\/fronteras-aridas\/\">Fronteras \u00e1ridas<\/a><\/h2>\n<\/div>\n<\/div>\n<\/div>\n<div class=\"col-sm-6 \">\n<div class=\"image-box-wrapper\"><a href=\"http:\/\/sonoranjv.org\/es\/aves-y-habitats\/costas-y-montanas-de-california\/\"><img src=\"https:\/\/sonoranjv.org\/wp-content\/uploads\/2016\/11\/california-coasts-and-mountains.jpg\"><\/a><\/p>\n<div class=\"image-box-content\">\n<h2><a href=\"http:\/\/sonoranjv.org\/es\/aves-y-habitats\/costas-y-montanas-de-california\/\">Costas y monta\u00f1as de California<\/a><\/h2>\n<\/div>\n<\/div>\n<\/div>\n<div class=\"col-sm-6 \">\n<div class=\"image-box-wrapper\"><a href=\"http:\/\/sonoranjv.org\/es\/aves-y-habitats\/tierras-altas-mexicanas\/\"><img src=\"https:\/\/sonoranjv.org\/wp-content\/uploads\/2016\/11\/mexican-highlands.jpg\"><\/a><\/p>\n<div class=\"image-box-content\">\n<h2><a href=\"http:\/\/sonoranjv.org\/es\/aves-y-habitats\/tierras-altas-mexicanas\/\">Tierras altas mexicanas<\/a><\/h2>\n<\/div>\n<\/div>\n<\/div>\n<div class=\"col-sm-6 \">\n<div class=\"image-box-wrapper\"><a href=\"http:\/\/sonoranjv.org\/es\/aves-y-habitats\/tierras-bajas-del-pacifico\/\"><img src=\"https:\/\/sonoranjv.org\/wp-content\/uploads\/2016\/11\/pacific-lowlands.jpg\"><\/a><\/p>\n<div class=\"image-box-content\">\n<h2><a href=\"http:\/\/sonoranjv.org\/es\/aves-y-habitats\/tierras-bajas-del-pacifico\/\">Tierras bajas del Pac\u00edfico<\/a><\/h2>\n<\/div>\n<\/div>\n<\/div>\n<\/div>\n","protected":false},"excerpt":{"rendered":"<p>La subregi\u00f3n de tierras bajas del Pac\u00edfico del Sonoran Joint Venture se extiende desde el noreste de Sonora, entre el Desierto Sonorense y la Sierra Madre Occidental, hasta la costa del norte de Sinaloa y continua a lo largo de la misma hasta la frontera con Nayarit. En el extremo este est\u00e1 paralela a la<\/p>\n","protected":false},"author":2,"featured_media":0,"parent":3942,"menu_order":0,"comment_status":"closed","ping_status":"closed","template":"","meta":[],"yoast_head":"<!-- This site is optimized with the Yoast SEO plugin v16.2 - https:\/\/yoast.com\/wordpress\/plugins\/seo\/ -->\n<title>Tierras bajas del Pac\u00edfico - Sonoran Joint Venture<\/title>\n<meta name=\"robots\" content=\"index, follow, max-snippet:-1, max-image-preview:large, max-video-preview:-1\" \/>\n<link rel=\"canonical\" href=\"https:\/\/dev.sonoranjv.org\/es\/aves-y-habitats\/tierras-bajas-del-pacifico\/\" \/>\n<meta property=\"og:locale\" content=\"es_ES\" \/>\n<meta property=\"og:type\" content=\"article\" \/>\n<meta property=\"og:title\" content=\"Tierras bajas del Pac\u00edfico - Sonoran Joint Venture\" \/>\n<meta property=\"og:description\" content=\"La subregi\u00f3n de tierras bajas del Pac\u00edfico del Sonoran Joint Venture se extiende desde el noreste de Sonora, entre el Desierto Sonorense y la Sierra Madre Occidental, hasta la costa del norte de Sinaloa y continua a lo largo de la misma hasta la frontera con Nayarit. En el extremo este est\u00e1 paralela a la\" \/>\n<meta property=\"og:url\" content=\"https:\/\/dev.sonoranjv.org\/es\/aves-y-habitats\/tierras-bajas-del-pacifico\/\" \/>\n<meta property=\"og:site_name\" content=\"Sonoran Joint Venture\" \/>\n<meta property=\"article:publisher\" content=\"http:\/\/www.facebook.com\/sonoranjv\" \/>\n<meta property=\"article:modified_time\" content=\"2018-08-28T17:12:27+00:00\" \/>\n<meta property=\"og:image\" content=\"https:\/\/sonoranjv.org\/wp-content\/uploads\/2016\/11\/arid-borderlands.jpg\" \/>\n<meta name=\"twitter:card\" content=\"summary\" \/>\n<meta name=\"twitter:site\" content=\"@sonoranjv\" \/>\n<meta name=\"twitter:label1\" content=\"Tiempo de lectura\">\n\t<meta name=\"twitter:data1\" content=\"1 minuto\">\n<script type=\"application\/ld+json\" class=\"yoast-schema-graph\">{\"@context\":\"https:\/\/schema.org\",\"@graph\":[{\"@type\":\"Organization\",\"@id\":\"https:\/\/dev.sonoranjv.org\/es\/#organization\",\"name\":\"Sonoran Joint Venture\",\"url\":\"https:\/\/dev.sonoranjv.org\/es\/\",\"sameAs\":[\"http:\/\/www.facebook.com\/sonoranjv\",\"https:\/\/www.pinterest.com\/sonoranjv\/pins\/\",\"https:\/\/twitter.com\/sonoranjv\"],\"logo\":{\"@type\":\"ImageObject\",\"@id\":\"https:\/\/dev.sonoranjv.org\/es\/#logo\",\"inLanguage\":\"es\",\"url\":\"https:\/\/sonoranjv.org\/wp-content\/uploads\/2017\/05\/sonoran-joint-venture-og.jpg\",\"contentUrl\":\"https:\/\/sonoranjv.org\/wp-content\/uploads\/2017\/05\/sonoran-joint-venture-og.jpg\",\"width\":\"573\",\"height\":\"316\",\"caption\":\"Sonoran Joint Venture\"},\"image\":{\"@id\":\"https:\/\/dev.sonoranjv.org\/es\/#logo\"}},{\"@type\":\"WebSite\",\"@id\":\"https:\/\/dev.sonoranjv.org\/es\/#website\",\"url\":\"https:\/\/dev.sonoranjv.org\/es\/\",\"name\":\"Sonoran Joint Venture\",\"description\":\"Conserving the unique birds and habitats of the southwestern United States and northwestern Mexico\",\"publisher\":{\"@id\":\"https:\/\/dev.sonoranjv.org\/es\/#organization\"},\"potentialAction\":[{\"@type\":\"SearchAction\",\"target\":\"https:\/\/dev.sonoranjv.org\/es\/?s={search_term_string}\",\"query-input\":\"required name=search_term_string\"}],\"inLanguage\":\"es\"},{\"@type\":\"ImageObject\",\"@id\":\"https:\/\/dev.sonoranjv.org\/es\/aves-y-habitats\/tierras-bajas-del-pacifico\/#primaryimage\",\"inLanguage\":\"es\",\"url\":\"https:\/\/sonoranjv.org\/wp-content\/uploads\/2016\/11\/arid-borderlands.jpg\",\"contentUrl\":\"https:\/\/sonoranjv.org\/wp-content\/uploads\/2016\/11\/arid-borderlands.jpg\"},{\"@type\":\"WebPage\",\"@id\":\"https:\/\/dev.sonoranjv.org\/es\/aves-y-habitats\/tierras-bajas-del-pacifico\/#webpage\",\"url\":\"https:\/\/dev.sonoranjv.org\/es\/aves-y-habitats\/tierras-bajas-del-pacifico\/\",\"name\":\"Tierras bajas del Pac\\u00edfico - Sonoran Joint Venture\",\"isPartOf\":{\"@id\":\"https:\/\/dev.sonoranjv.org\/es\/#website\"},\"primaryImageOfPage\":{\"@id\":\"https:\/\/dev.sonoranjv.org\/es\/aves-y-habitats\/tierras-bajas-del-pacifico\/#primaryimage\"},\"datePublished\":\"2012-06-12T18:46:34+00:00\",\"dateModified\":\"2018-08-28T17:12:27+00:00\",\"breadcrumb\":{\"@id\":\"https:\/\/dev.sonoranjv.org\/es\/aves-y-habitats\/tierras-bajas-del-pacifico\/#breadcrumb\"},\"inLanguage\":\"es\",\"potentialAction\":[{\"@type\":\"ReadAction\",\"target\":[\"https:\/\/dev.sonoranjv.org\/es\/aves-y-habitats\/tierras-bajas-del-pacifico\/\"]}]},{\"@type\":\"BreadcrumbList\",\"@id\":\"https:\/\/dev.sonoranjv.org\/es\/aves-y-habitats\/tierras-bajas-del-pacifico\/#breadcrumb\",\"itemListElement\":[{\"@type\":\"ListItem\",\"position\":1,\"item\":{\"@type\":\"WebPage\",\"@id\":\"https:\/\/dev.sonoranjv.org\/es\/\",\"url\":\"https:\/\/dev.sonoranjv.org\/es\/\",\"name\":\"Home\"}},{\"@type\":\"ListItem\",\"position\":2,\"item\":{\"@type\":\"WebPage\",\"@id\":\"https:\/\/dev.sonoranjv.org\/es\/aves-y-habitats\/\",\"url\":\"https:\/\/dev.sonoranjv.org\/es\/aves-y-habitats\/\",\"name\":\"Aves y H\\u00e1bitats\"}},{\"@type\":\"ListItem\",\"position\":3,\"item\":{\"@id\":\"https:\/\/dev.sonoranjv.org\/es\/aves-y-habitats\/tierras-bajas-del-pacifico\/#webpage\"}}]}]}<\/script>\n<!-- \/ Yoast SEO plugin. -->","_links":{"self":[{"href":"https:\/\/dev.sonoranjv.org\/es\/wp-json\/wp\/v2\/pages\/3998"}],"collection":[{"href":"https:\/\/dev.sonoranjv.org\/es\/wp-json\/wp\/v2\/pages"}],"about":[{"href":"https:\/\/dev.sonoranjv.org\/es\/wp-json\/wp\/v2\/types\/page"}],"author":[{"embeddable":true,"href":"https:\/\/dev.sonoranjv.org\/es\/wp-json\/wp\/v2\/users\/2"}],"replies":[{"embeddable":true,"href":"https:\/\/dev.sonoranjv.org\/es\/wp-json\/wp\/v2\/comments?post=3998"}],"version-history":[{"count":5,"href":"https:\/\/dev.sonoranjv.org\/es\/wp-json\/wp\/v2\/pages\/3998\/revisions"}],"predecessor-version":[{"id":7081,"href":"https:\/\/dev.sonoranjv.org\/es\/wp-json\/wp\/v2\/pages\/3998\/revisions\/7081"}],"up":[{"embeddable":true,"href":"https:\/\/dev.sonoranjv.org\/es\/wp-json\/wp\/v2\/pages\/3942"}],"wp:attachment":[{"href":"https:\/\/dev.sonoranjv.org\/es\/wp-json\/wp\/v2\/media?parent=3998"}],"curies":[{"name":"wp","href":"https:\/\/api.w.org\/{rel}","templated":true}]}}