{"id":3996,"date":"2012-06-12T11:44:39","date_gmt":"2012-06-12T18:44:39","guid":{"rendered":"http:\/\/sonoranjv.org\/tierras-altas-mexicanas\/"},"modified":"2018-08-28T10:11:34","modified_gmt":"2018-08-28T17:11:34","slug":"tierras-altas-mexicanas","status":"publish","type":"page","link":"https:\/\/dev.sonoranjv.org\/es\/aves-y-habitats\/tierras-altas-mexicanas\/","title":{"rendered":"Tierras altas mexicanas"},"content":{"rendered":"<p>La subregi\u00f3n de tierras altas mexicanas del Sonoran Joint Venture comprende partes de Arizona, Sonora, Sinaloa, Chihuahua, Durango y Nayarit. Esta subregi\u00f3n incluye una parte de la Regi\u00f3n 34 para la Conservaci\u00f3n de las Aves. El \u00e1rea se caracteriza por grandes elevaciones y una topograf\u00eda compleja con bosques de monta\u00f1as altas separados por pastizales semides\u00e9rticos, matorrales sinaloenses, bosque caducifolio tropical y matorrales del Desierto Chihuahuense y Sonorense. En las mayores elevaciones de esta subregi\u00f3n, en los ca\u00f1ones y en las cuestas del norte encontramos bosques de con\u00edferas mixtos de abeto de Douglas, abeto blanco, pino torcido, pino ayacahuite, \u00e1lamo y pino ponderosa. El abeto falso por lo general s\u00f3lo se encuentra en las partes norte de la regi\u00f3n. Los l\u00edmites inferiores de estos bosques de pino se unen a bosques de enebro y pi\u00f1ones, chaparral y pino y roble. Los pastizales, que a menudo est\u00e1n degradados, tambi\u00e9n se encuentran a bajas elevaciones. El h\u00e1bitat ribere\u00f1o es importante en toda la subregi\u00f3n, as\u00ed como los humedales des\u00e9rticos como playas y ci\u00e9nagas.<\/p>\n<p>Tambi\u00e9n se encuentran remanentes de antiguos bosques de pino y roble que son h\u00e1bitat para el carpintero gigante, posiblemente extinto, y otras especies importantes como el \u00e1guila real, la guacamaya verde, la cotorra serrana occidental y el trog\u00f3n orej\u00f3n. Otras aves terrestres prioritarias incluyen a la golondrina sinaloense, al b\u00faho manchado, al chipe de cara roja y al mirlo pinto. Entre las especies cuyos rangos se extienden a los Estados Unidos en esta regi\u00f3n, las mayores prioridades incluyen al chipe de cara roja, al zacatonero de cinco rayas y a la codorniz Moctezuma. Las \u00e1reas ribere\u00f1as en la parte baja de la subregi\u00f3n sustentan a muchas aves migratorias en tr\u00e1nsito as\u00ed como la reproducci\u00f3n del tirano de pico grueso, del cuco occidental de pico amarillo y el mosquero saucero del suroeste. La mayor parte de las tierras altas en Estados Unidos son p\u00fablicas, pero los pastizales y \u00e1reas ribere\u00f1as de elevaciones m\u00e1s bajas son propiedad privada. Los importantes h\u00e1bitats de humedales, como Playa Willcox, brindan un h\u00e1bitat de invierno para las aves acu\u00e1ticas.<\/p>\n<h3>Subregiones del Sonoran Joint Venture<\/h3>\n<div class=\"row \">\n<div class=\"col-sm-6 \">\n<div class=\"image-box-wrapper\"><a href=\"es\/aves-y-habitats\/fronteras-aridas\/\"><img src=\"https:\/\/sonoranjv.org\/wp-content\/uploads\/2016\/11\/arid-borderlands.jpg\"><\/a><\/p>\n<div class=\"image-box-content\">\n<h2><a href=\"http:\/\/sonoranjv.org\/es\/aves-y-habitats\/fronteras-aridas\/\">Fronteras \u00e1ridas<\/a><\/h2>\n<\/div>\n<\/div>\n<\/div>\n<div class=\"col-sm-6 \">\n<div class=\"image-box-wrapper\"><a href=\"http:\/\/sonoranjv.org\/es\/aves-y-habitats\/costas-y-montanas-de-california\/\"><img src=\"https:\/\/sonoranjv.org\/wp-content\/uploads\/2016\/11\/california-coasts-and-mountains.jpg\"><\/a><\/p>\n<div class=\"image-box-content\">\n<h2><a href=\"http:\/\/sonoranjv.org\/es\/aves-y-habitats\/costas-y-montanas-de-california\/\">Costas y monta\u00f1as de California<\/a><\/h2>\n<\/div>\n<\/div>\n<\/div>\n<div class=\"col-sm-6 \">\n<div class=\"image-box-wrapper\"><a href=\"http:\/\/sonoranjv.org\/es\/aves-y-habitats\/tierras-altas-mexicanas\/\"><img src=\"https:\/\/sonoranjv.org\/wp-content\/uploads\/2016\/11\/mexican-highlands.jpg\"><\/a><\/p>\n<div class=\"image-box-content\">\n<h2><a href=\"http:\/\/sonoranjv.org\/es\/aves-y-habitats\/tierras-altas-mexicanas\/\">Tierras altas mexicanas<\/a><\/h2>\n<\/div>\n<\/div>\n<\/div>\n<div class=\"col-sm-6 \">\n<div class=\"image-box-wrapper\"><a href=\"http:\/\/sonoranjv.org\/es\/aves-y-habitats\/tierras-bajas-del-pacifico\/\"><img src=\"https:\/\/sonoranjv.org\/wp-content\/uploads\/2016\/11\/pacific-lowlands.jpg\"><\/a><\/p>\n<div class=\"image-box-content\">\n<h2><a href=\"http:\/\/sonoranjv.org\/es\/aves-y-habitats\/tierras-bajas-del-pacifico\/\">Tierras bajas del Pac\u00edfico<\/a><\/h2>\n<\/div>\n<\/div>\n<\/div>\n<\/div>\n","protected":false},"excerpt":{"rendered":"<p>La subregi\u00f3n de tierras altas mexicanas del Sonoran Joint Venture comprende partes de Arizona, Sonora, Sinaloa, Chihuahua, Durango y Nayarit. Esta subregi\u00f3n incluye una parte de la Regi\u00f3n 34 para la Conservaci\u00f3n de las Aves. El \u00e1rea se caracteriza por grandes elevaciones y una topograf\u00eda compleja con bosques de monta\u00f1as altas separados por pastizales semides\u00e9rticos,<\/p>\n","protected":false},"author":2,"featured_media":0,"parent":3942,"menu_order":0,"comment_status":"closed","ping_status":"closed","template":"","meta":[],"yoast_head":"<!-- This site is optimized with the Yoast SEO plugin v16.2 - https:\/\/yoast.com\/wordpress\/plugins\/seo\/ -->\n<title>Tierras altas mexicanas - Sonoran Joint Venture<\/title>\n<meta name=\"robots\" content=\"index, follow, max-snippet:-1, max-image-preview:large, max-video-preview:-1\" \/>\n<link rel=\"canonical\" href=\"https:\/\/dev.sonoranjv.org\/es\/aves-y-habitats\/tierras-altas-mexicanas\/\" \/>\n<meta property=\"og:locale\" content=\"es_ES\" \/>\n<meta property=\"og:type\" content=\"article\" \/>\n<meta property=\"og:title\" content=\"Tierras altas mexicanas - Sonoran Joint Venture\" \/>\n<meta property=\"og:description\" content=\"La subregi\u00f3n de tierras altas mexicanas del Sonoran Joint Venture comprende partes de Arizona, Sonora, Sinaloa, Chihuahua, Durango y Nayarit. Esta subregi\u00f3n incluye una parte de la Regi\u00f3n 34 para la Conservaci\u00f3n de las Aves. El \u00e1rea se caracteriza por grandes elevaciones y una topograf\u00eda compleja con bosques de monta\u00f1as altas separados por pastizales semides\u00e9rticos,\" \/>\n<meta property=\"og:url\" content=\"https:\/\/dev.sonoranjv.org\/es\/aves-y-habitats\/tierras-altas-mexicanas\/\" \/>\n<meta property=\"og:site_name\" content=\"Sonoran Joint Venture\" \/>\n<meta property=\"article:publisher\" content=\"http:\/\/www.facebook.com\/sonoranjv\" \/>\n<meta property=\"article:modified_time\" content=\"2018-08-28T17:11:34+00:00\" \/>\n<meta property=\"og:image\" content=\"https:\/\/sonoranjv.org\/wp-content\/uploads\/2016\/11\/arid-borderlands.jpg\" \/>\n<meta name=\"twitter:card\" content=\"summary\" \/>\n<meta name=\"twitter:site\" content=\"@sonoranjv\" \/>\n<meta name=\"twitter:label1\" content=\"Tiempo de lectura\">\n\t<meta name=\"twitter:data1\" content=\"2 minutos\">\n<script type=\"application\/ld+json\" class=\"yoast-schema-graph\">{\"@context\":\"https:\/\/schema.org\",\"@graph\":[{\"@type\":\"Organization\",\"@id\":\"https:\/\/dev.sonoranjv.org\/es\/#organization\",\"name\":\"Sonoran Joint Venture\",\"url\":\"https:\/\/dev.sonoranjv.org\/es\/\",\"sameAs\":[\"http:\/\/www.facebook.com\/sonoranjv\",\"https:\/\/www.pinterest.com\/sonoranjv\/pins\/\",\"https:\/\/twitter.com\/sonoranjv\"],\"logo\":{\"@type\":\"ImageObject\",\"@id\":\"https:\/\/dev.sonoranjv.org\/es\/#logo\",\"inLanguage\":\"es\",\"url\":\"https:\/\/sonoranjv.org\/wp-content\/uploads\/2017\/05\/sonoran-joint-venture-og.jpg\",\"contentUrl\":\"https:\/\/sonoranjv.org\/wp-content\/uploads\/2017\/05\/sonoran-joint-venture-og.jpg\",\"width\":\"573\",\"height\":\"316\",\"caption\":\"Sonoran Joint Venture\"},\"image\":{\"@id\":\"https:\/\/dev.sonoranjv.org\/es\/#logo\"}},{\"@type\":\"WebSite\",\"@id\":\"https:\/\/dev.sonoranjv.org\/es\/#website\",\"url\":\"https:\/\/dev.sonoranjv.org\/es\/\",\"name\":\"Sonoran Joint Venture\",\"description\":\"Conserving the unique birds and habitats of the southwestern United States and northwestern Mexico\",\"publisher\":{\"@id\":\"https:\/\/dev.sonoranjv.org\/es\/#organization\"},\"potentialAction\":[{\"@type\":\"SearchAction\",\"target\":\"https:\/\/dev.sonoranjv.org\/es\/?s={search_term_string}\",\"query-input\":\"required name=search_term_string\"}],\"inLanguage\":\"es\"},{\"@type\":\"ImageObject\",\"@id\":\"https:\/\/dev.sonoranjv.org\/es\/aves-y-habitats\/tierras-altas-mexicanas\/#primaryimage\",\"inLanguage\":\"es\",\"url\":\"https:\/\/sonoranjv.org\/wp-content\/uploads\/2016\/11\/arid-borderlands.jpg\",\"contentUrl\":\"https:\/\/sonoranjv.org\/wp-content\/uploads\/2016\/11\/arid-borderlands.jpg\"},{\"@type\":\"WebPage\",\"@id\":\"https:\/\/dev.sonoranjv.org\/es\/aves-y-habitats\/tierras-altas-mexicanas\/#webpage\",\"url\":\"https:\/\/dev.sonoranjv.org\/es\/aves-y-habitats\/tierras-altas-mexicanas\/\",\"name\":\"Tierras altas mexicanas - Sonoran Joint Venture\",\"isPartOf\":{\"@id\":\"https:\/\/dev.sonoranjv.org\/es\/#website\"},\"primaryImageOfPage\":{\"@id\":\"https:\/\/dev.sonoranjv.org\/es\/aves-y-habitats\/tierras-altas-mexicanas\/#primaryimage\"},\"datePublished\":\"2012-06-12T18:44:39+00:00\",\"dateModified\":\"2018-08-28T17:11:34+00:00\",\"breadcrumb\":{\"@id\":\"https:\/\/dev.sonoranjv.org\/es\/aves-y-habitats\/tierras-altas-mexicanas\/#breadcrumb\"},\"inLanguage\":\"es\",\"potentialAction\":[{\"@type\":\"ReadAction\",\"target\":[\"https:\/\/dev.sonoranjv.org\/es\/aves-y-habitats\/tierras-altas-mexicanas\/\"]}]},{\"@type\":\"BreadcrumbList\",\"@id\":\"https:\/\/dev.sonoranjv.org\/es\/aves-y-habitats\/tierras-altas-mexicanas\/#breadcrumb\",\"itemListElement\":[{\"@type\":\"ListItem\",\"position\":1,\"item\":{\"@type\":\"WebPage\",\"@id\":\"https:\/\/dev.sonoranjv.org\/es\/\",\"url\":\"https:\/\/dev.sonoranjv.org\/es\/\",\"name\":\"Home\"}},{\"@type\":\"ListItem\",\"position\":2,\"item\":{\"@type\":\"WebPage\",\"@id\":\"https:\/\/dev.sonoranjv.org\/es\/aves-y-habitats\/\",\"url\":\"https:\/\/dev.sonoranjv.org\/es\/aves-y-habitats\/\",\"name\":\"Aves y H\\u00e1bitats\"}},{\"@type\":\"ListItem\",\"position\":3,\"item\":{\"@id\":\"https:\/\/dev.sonoranjv.org\/es\/aves-y-habitats\/tierras-altas-mexicanas\/#webpage\"}}]}]}<\/script>\n<!-- \/ Yoast SEO plugin. -->","_links":{"self":[{"href":"https:\/\/dev.sonoranjv.org\/es\/wp-json\/wp\/v2\/pages\/3996"}],"collection":[{"href":"https:\/\/dev.sonoranjv.org\/es\/wp-json\/wp\/v2\/pages"}],"about":[{"href":"https:\/\/dev.sonoranjv.org\/es\/wp-json\/wp\/v2\/types\/page"}],"author":[{"embeddable":true,"href":"https:\/\/dev.sonoranjv.org\/es\/wp-json\/wp\/v2\/users\/2"}],"replies":[{"embeddable":true,"href":"https:\/\/dev.sonoranjv.org\/es\/wp-json\/wp\/v2\/comments?post=3996"}],"version-history":[{"count":3,"href":"https:\/\/dev.sonoranjv.org\/es\/wp-json\/wp\/v2\/pages\/3996\/revisions"}],"predecessor-version":[{"id":7079,"href":"https:\/\/dev.sonoranjv.org\/es\/wp-json\/wp\/v2\/pages\/3996\/revisions\/7079"}],"up":[{"embeddable":true,"href":"https:\/\/dev.sonoranjv.org\/es\/wp-json\/wp\/v2\/pages\/3942"}],"wp:attachment":[{"href":"https:\/\/dev.sonoranjv.org\/es\/wp-json\/wp\/v2\/media?parent=3996"}],"curies":[{"name":"wp","href":"https:\/\/api.w.org\/{rel}","templated":true}]}}