{"id":3994,"date":"2012-06-12T11:43:12","date_gmt":"2012-06-12T18:43:12","guid":{"rendered":"http:\/\/sonoranjv.org\/costas-y-montanas-de-california\/"},"modified":"2018-08-28T10:12:01","modified_gmt":"2018-08-28T17:12:01","slug":"costas-y-montanas-de-california","status":"publish","type":"page","link":"https:\/\/dev.sonoranjv.org\/es\/aves-y-habitats\/costas-y-montanas-de-california\/","title":{"rendered":"Costas y monta\u00f1as de California"},"content":{"rendered":"<p>La subregi\u00f3n del Sonoran Joint Venture, Costas y monta\u00f1as de California, comprende al sur de California, Baja California y las islas del Pac\u00edfico de la costa de estos dos estados. La subregi\u00f3n incluye toda o parte de las regiones 32, 39 y 63 de las Regiones para la Conservaci\u00f3n de las Aves. El clima mediterr\u00e1neo de veranos calientes y secos e inviernos fr\u00edos y h\u00famedos crea las condiciones para una vegetaci\u00f3n que incluye matorrales costeros, chaparral, bosque de enebros y pi\u00f1ones y roble, y pino conforme la elevaci\u00f3n aumenta. Estos h\u00e1bitats sustentan aves como la perlita californiana, la codorniz californiana, la codorniz de monta\u00f1a, la camea, el cuitlacoche californiano, el carpintero californiano, el carbonero sencillo, el vireo de Bell &#8220;Least&#8221;, y el c\u00f3ndor californiano. Las \u00e1reas costeras brindan un h\u00e1bitat para varias especies de aves acu\u00e1ticas y costeras y son \u00e1reas de invierno importantes para el ganso de collar, el picopando canelo, la avoceta americana y el playero de marea. Las Islas Canal ofrecen sitios de reproducci\u00f3n para 14 especies de aves marinas como el pai\u00f1o ceniciento, el pai\u00f1o de Leach y el pai\u00f1o negro, el ostrero negro y la alcuela oscura. La mayor parte de la poblaci\u00f3n mundial de pai\u00f1o ceniciento y m\u00e9rgulo de Scripp&#8217;s (anteriormente &#8216;Xantus&#8217;) anida en un peque\u00f1o n\u00famero de islas costeras en esta subregi\u00f3n. Una proporci\u00f3n considerable de las poblaciones de charr\u00e1n elegante y gaviota ploma pasan la temporada no reproductiva aqu\u00ed, y millones de pardelas grises se re\u00fanen cada oto\u00f1o en las aguas pel\u00e1gicas, junto con un gran n\u00famero de otras aves acu\u00e1ticas.<\/p>\n<h3>Subregiones del Sonoran Joint Venture<\/h3>\n<div class=\"row \">\n<div class=\"col-sm-6 \">\n<div class=\"image-box-wrapper\"><a href=\"es\/aves-y-habitats\/fronteras-aridas\/\"><img src=\"https:\/\/sonoranjv.org\/wp-content\/uploads\/2016\/11\/arid-borderlands.jpg\"><\/a><\/p>\n<div class=\"image-box-content\">\n<h2><a href=\"http:\/\/sonoranjv.org\/es\/aves-y-habitats\/fronteras-aridas\/\">Fronteras \u00e1ridas<\/a><\/h2>\n<\/div>\n<\/div>\n<\/div>\n<div class=\"col-sm-6 \">\n<div class=\"image-box-wrapper\"><a href=\"http:\/\/sonoranjv.org\/es\/aves-y-habitats\/costas-y-montanas-de-california\/\"><img src=\"https:\/\/sonoranjv.org\/wp-content\/uploads\/2016\/11\/california-coasts-and-mountains.jpg\"><\/a><\/p>\n<div class=\"image-box-content\">\n<h2><a href=\"http:\/\/sonoranjv.org\/es\/aves-y-habitats\/costas-y-montanas-de-california\/\">Costas y monta\u00f1as de California<\/a><\/h2>\n<\/div>\n<\/div>\n<\/div>\n<div class=\"col-sm-6 \">\n<div class=\"image-box-wrapper\"><a href=\"http:\/\/sonoranjv.org\/es\/aves-y-habitats\/tierras-altas-mexicanas\/\"><img src=\"https:\/\/sonoranjv.org\/wp-content\/uploads\/2016\/11\/mexican-highlands.jpg\"><\/a><\/p>\n<div class=\"image-box-content\">\n<h2><a href=\"http:\/\/sonoranjv.org\/es\/aves-y-habitats\/tierras-altas-mexicanas\/\">Tierras altas mexicanas<\/a><\/h2>\n<\/div>\n<\/div>\n<\/div>\n<div class=\"col-sm-6 \">\n<div class=\"image-box-wrapper\"><a href=\"http:\/\/sonoranjv.org\/es\/aves-y-habitats\/tierras-bajas-del-pacifico\/\"><img src=\"https:\/\/sonoranjv.org\/wp-content\/uploads\/2016\/11\/pacific-lowlands.jpg\"><\/a><\/p>\n<div class=\"image-box-content\">\n<h2><a href=\"http:\/\/sonoranjv.org\/es\/aves-y-habitats\/tierras-bajas-del-pacifico\/\">Tierras bajas del Pac\u00edfico<\/a><\/h2>\n<\/div>\n<\/div>\n<\/div>\n<\/div>\n","protected":false},"excerpt":{"rendered":"<p>La subregi\u00f3n del Sonoran Joint Venture, Costas y monta\u00f1as de California, comprende al sur de California, Baja California y las islas del Pac\u00edfico de la costa de estos dos estados. La subregi\u00f3n incluye toda o parte de las regiones 32, 39 y 63 de las Regiones para la Conservaci\u00f3n de las Aves. El clima mediterr\u00e1neo<\/p>\n","protected":false},"author":2,"featured_media":0,"parent":3942,"menu_order":0,"comment_status":"closed","ping_status":"closed","template":"","meta":[],"yoast_head":"<!-- This site is optimized with the Yoast SEO plugin v16.2 - https:\/\/yoast.com\/wordpress\/plugins\/seo\/ -->\n<title>Costas y monta\u00f1as de California - Sonoran Joint Venture<\/title>\n<meta name=\"robots\" content=\"index, follow, max-snippet:-1, max-image-preview:large, max-video-preview:-1\" \/>\n<link rel=\"canonical\" href=\"https:\/\/dev.sonoranjv.org\/es\/aves-y-habitats\/costas-y-montanas-de-california\/\" \/>\n<meta property=\"og:locale\" content=\"es_ES\" \/>\n<meta property=\"og:type\" content=\"article\" \/>\n<meta property=\"og:title\" content=\"Costas y monta\u00f1as de California - Sonoran Joint Venture\" \/>\n<meta property=\"og:description\" content=\"La subregi\u00f3n del Sonoran Joint Venture, Costas y monta\u00f1as de California, comprende al sur de California, Baja California y las islas del Pac\u00edfico de la costa de estos dos estados. La subregi\u00f3n incluye toda o parte de las regiones 32, 39 y 63 de las Regiones para la Conservaci\u00f3n de las Aves. El clima mediterr\u00e1neo\" \/>\n<meta property=\"og:url\" content=\"https:\/\/dev.sonoranjv.org\/es\/aves-y-habitats\/costas-y-montanas-de-california\/\" \/>\n<meta property=\"og:site_name\" content=\"Sonoran Joint Venture\" \/>\n<meta property=\"article:publisher\" content=\"http:\/\/www.facebook.com\/sonoranjv\" \/>\n<meta property=\"article:modified_time\" content=\"2018-08-28T17:12:01+00:00\" \/>\n<meta property=\"og:image\" content=\"https:\/\/sonoranjv.org\/wp-content\/uploads\/2016\/11\/arid-borderlands.jpg\" \/>\n<meta name=\"twitter:card\" content=\"summary\" \/>\n<meta name=\"twitter:site\" content=\"@sonoranjv\" \/>\n<meta name=\"twitter:label1\" content=\"Tiempo de lectura\">\n\t<meta name=\"twitter:data1\" content=\"2 minutos\">\n<script type=\"application\/ld+json\" class=\"yoast-schema-graph\">{\"@context\":\"https:\/\/schema.org\",\"@graph\":[{\"@type\":\"Organization\",\"@id\":\"https:\/\/dev.sonoranjv.org\/es\/#organization\",\"name\":\"Sonoran Joint Venture\",\"url\":\"https:\/\/dev.sonoranjv.org\/es\/\",\"sameAs\":[\"http:\/\/www.facebook.com\/sonoranjv\",\"https:\/\/www.pinterest.com\/sonoranjv\/pins\/\",\"https:\/\/twitter.com\/sonoranjv\"],\"logo\":{\"@type\":\"ImageObject\",\"@id\":\"https:\/\/dev.sonoranjv.org\/es\/#logo\",\"inLanguage\":\"es\",\"url\":\"https:\/\/sonoranjv.org\/wp-content\/uploads\/2017\/05\/sonoran-joint-venture-og.jpg\",\"contentUrl\":\"https:\/\/sonoranjv.org\/wp-content\/uploads\/2017\/05\/sonoran-joint-venture-og.jpg\",\"width\":\"573\",\"height\":\"316\",\"caption\":\"Sonoran Joint Venture\"},\"image\":{\"@id\":\"https:\/\/dev.sonoranjv.org\/es\/#logo\"}},{\"@type\":\"WebSite\",\"@id\":\"https:\/\/dev.sonoranjv.org\/es\/#website\",\"url\":\"https:\/\/dev.sonoranjv.org\/es\/\",\"name\":\"Sonoran Joint Venture\",\"description\":\"Conserving the unique birds and habitats of the southwestern United States and northwestern Mexico\",\"publisher\":{\"@id\":\"https:\/\/dev.sonoranjv.org\/es\/#organization\"},\"potentialAction\":[{\"@type\":\"SearchAction\",\"target\":\"https:\/\/dev.sonoranjv.org\/es\/?s={search_term_string}\",\"query-input\":\"required name=search_term_string\"}],\"inLanguage\":\"es\"},{\"@type\":\"ImageObject\",\"@id\":\"https:\/\/dev.sonoranjv.org\/es\/aves-y-habitats\/costas-y-montanas-de-california\/#primaryimage\",\"inLanguage\":\"es\",\"url\":\"https:\/\/sonoranjv.org\/wp-content\/uploads\/2016\/11\/arid-borderlands.jpg\",\"contentUrl\":\"https:\/\/sonoranjv.org\/wp-content\/uploads\/2016\/11\/arid-borderlands.jpg\"},{\"@type\":\"WebPage\",\"@id\":\"https:\/\/dev.sonoranjv.org\/es\/aves-y-habitats\/costas-y-montanas-de-california\/#webpage\",\"url\":\"https:\/\/dev.sonoranjv.org\/es\/aves-y-habitats\/costas-y-montanas-de-california\/\",\"name\":\"Costas y monta\\u00f1as de California - Sonoran Joint Venture\",\"isPartOf\":{\"@id\":\"https:\/\/dev.sonoranjv.org\/es\/#website\"},\"primaryImageOfPage\":{\"@id\":\"https:\/\/dev.sonoranjv.org\/es\/aves-y-habitats\/costas-y-montanas-de-california\/#primaryimage\"},\"datePublished\":\"2012-06-12T18:43:12+00:00\",\"dateModified\":\"2018-08-28T17:12:01+00:00\",\"breadcrumb\":{\"@id\":\"https:\/\/dev.sonoranjv.org\/es\/aves-y-habitats\/costas-y-montanas-de-california\/#breadcrumb\"},\"inLanguage\":\"es\",\"potentialAction\":[{\"@type\":\"ReadAction\",\"target\":[\"https:\/\/dev.sonoranjv.org\/es\/aves-y-habitats\/costas-y-montanas-de-california\/\"]}]},{\"@type\":\"BreadcrumbList\",\"@id\":\"https:\/\/dev.sonoranjv.org\/es\/aves-y-habitats\/costas-y-montanas-de-california\/#breadcrumb\",\"itemListElement\":[{\"@type\":\"ListItem\",\"position\":1,\"item\":{\"@type\":\"WebPage\",\"@id\":\"https:\/\/dev.sonoranjv.org\/es\/\",\"url\":\"https:\/\/dev.sonoranjv.org\/es\/\",\"name\":\"Home\"}},{\"@type\":\"ListItem\",\"position\":2,\"item\":{\"@type\":\"WebPage\",\"@id\":\"https:\/\/dev.sonoranjv.org\/es\/aves-y-habitats\/\",\"url\":\"https:\/\/dev.sonoranjv.org\/es\/aves-y-habitats\/\",\"name\":\"Aves y H\\u00e1bitats\"}},{\"@type\":\"ListItem\",\"position\":3,\"item\":{\"@id\":\"https:\/\/dev.sonoranjv.org\/es\/aves-y-habitats\/costas-y-montanas-de-california\/#webpage\"}}]}]}<\/script>\n<!-- \/ Yoast SEO plugin. -->","_links":{"self":[{"href":"https:\/\/dev.sonoranjv.org\/es\/wp-json\/wp\/v2\/pages\/3994"}],"collection":[{"href":"https:\/\/dev.sonoranjv.org\/es\/wp-json\/wp\/v2\/pages"}],"about":[{"href":"https:\/\/dev.sonoranjv.org\/es\/wp-json\/wp\/v2\/types\/page"}],"author":[{"embeddable":true,"href":"https:\/\/dev.sonoranjv.org\/es\/wp-json\/wp\/v2\/users\/2"}],"replies":[{"embeddable":true,"href":"https:\/\/dev.sonoranjv.org\/es\/wp-json\/wp\/v2\/comments?post=3994"}],"version-history":[{"count":4,"href":"https:\/\/dev.sonoranjv.org\/es\/wp-json\/wp\/v2\/pages\/3994\/revisions"}],"predecessor-version":[{"id":7080,"href":"https:\/\/dev.sonoranjv.org\/es\/wp-json\/wp\/v2\/pages\/3994\/revisions\/7080"}],"up":[{"embeddable":true,"href":"https:\/\/dev.sonoranjv.org\/es\/wp-json\/wp\/v2\/pages\/3942"}],"wp:attachment":[{"href":"https:\/\/dev.sonoranjv.org\/es\/wp-json\/wp\/v2\/media?parent=3994"}],"curies":[{"name":"wp","href":"https:\/\/api.w.org\/{rel}","templated":true}]}}