{"id":3992,"date":"2012-06-10T12:09:51","date_gmt":"2012-06-10T19:09:51","guid":{"rendered":"http:\/\/sonoranjv.org\/garza-rojiza\/"},"modified":"2012-06-10T12:09:51","modified_gmt":"2012-06-10T19:09:51","slug":"garza-rojiza","status":"publish","type":"page","link":"https:\/\/dev.sonoranjv.org\/es\/aves-y-habitats\/garza-rojiza\/","title":{"rendered":"Garza Rojiza"},"content":{"rendered":"<h2>Garza Rojiza<\/h2>\n[image size=&#8221;large&#8221;]https:\/\/sonoranjv.org\/wp-content\/uploads\/2012\/06\/reddish-egret.jpg[\/image]\n<p>En la explicaci\u00f3n de las Aves de Norteam\u00e9rica 2002, a la garza rojiza se le llama \u201cla garza m\u00e1s rara y menos conocida de Norteam\u00e9rica\u201d. Casi extinguida en Estados Unidos como resultado de la caza de plumas, hoy en d\u00eda la especie sigue recuper\u00e1ndose de este impacto. Los bi\u00f3logos empiezan a entender el estado y la distribuci\u00f3n de esta especie en M\u00e9xico, pero falta mucho por aprender. Aunque ya no esta amenazada, la degradaci\u00f3n y p\u00e9rdida del h\u00e1bitat y las alteraciones en los sitios de anidaci\u00f3n y para posarse siguen amenazando a esta especie.<\/p>\n<p>Los socios del SJV en M\u00e9xico realizan estudios para entender mejor el estado y la distribuci\u00f3n de la garza rojiza, incluyendo las amenazas para su conservaci\u00f3n.<\/p>\n[divider\/]\n<h4>Aves Importantes del Sonoran Joint Venture<\/h4>\n[one_fourth]\n<a href=\"http:\/\/sonoranjv.org\/aves-y-habitats\/ganso-de-collar\/?lang=es\"><img loading=\"lazy\" class=\"alignright\" title=\"tn-birds-brant\" src=\"https:\/\/sonoranjv.org\/wp-content\/uploads\/2012\/06\/tn-birds-brant.jpg\" alt=\"\" width=\"142\" height=\"90\" \/><\/a><\/p>\n<h6>Ganso de Collar<\/h6>\n[\/one_fourth]\n[one_fourth]\n<a href=\"http:\/\/sonoranjv.org\/aves-y-habitats\/garza-rojiza\/?lang=es\"><img loading=\"lazy\" class=\"alignright\" title=\"tn-birds-egret\" src=\"https:\/\/sonoranjv.org\/wp-content\/uploads\/2012\/06\/tn-birds-egret.jpg\" alt=\"\" width=\"142\" height=\"90\" \/><\/a><\/p>\n<h6>Garza rojiza<\/h6>\n[\/one_fourth]\n[one_fourth]\n<a href=\"http:\/\/sonoranjv.org\/aves-y-habitats\/gorrion-serrano\/?lang=es\"><img loading=\"lazy\" class=\"alignright\" title=\"tn-birds-sparrow\" src=\"https:\/\/sonoranjv.org\/wp-content\/uploads\/2012\/06\/tn-birds-sparrow.jpg\" alt=\"\" width=\"142\" height=\"90\" \/><\/a><\/p>\n<h6>Gorri\u00f3n serrano<\/h6>\n[\/one_fourth]\n[one_fourth_last]\n<a href=\"http:\/\/sonoranjv.org\/aves-y-habitats\/chorlito-nevado\/?lang=es\"><img loading=\"lazy\" class=\"alignright\" title=\"tn-snowy-plover\" src=\"https:\/\/sonoranjv.org\/wp-content\/uploads\/2012\/06\/tn-birds-snowy-plover.jpg\" alt=\"\" width=\"142\" height=\"90\" \/><\/a><\/p>\n<h6>Chorlito nevado<\/h6>\n[\/one_fourth_last]\n","protected":false},"excerpt":{"rendered":"<p>Garza Rojiza [image size=&#8221;large&#8221;]https:\/\/sonoranjv.org\/wp-content\/uploads\/2012\/06\/reddish-egret.jpg[\/image] En la explicaci\u00f3n de las Aves de Norteam\u00e9rica 2002, a la garza rojiza se le llama \u201cla garza m\u00e1s rara y menos conocida de Norteam\u00e9rica\u201d. Casi extinguida en Estados Unidos como resultado de la caza de plumas, hoy en d\u00eda la especie sigue recuper\u00e1ndose de este impacto. Los bi\u00f3logos empiezan a<\/p>\n","protected":false},"author":2,"featured_media":0,"parent":3942,"menu_order":0,"comment_status":"closed","ping_status":"open","template":"","meta":[],"yoast_head":"<!-- This site is optimized with the Yoast SEO plugin v16.2 - https:\/\/yoast.com\/wordpress\/plugins\/seo\/ -->\n<title>Garza Rojiza - Sonoran Joint Venture<\/title>\n<meta name=\"robots\" content=\"index, follow, max-snippet:-1, max-image-preview:large, max-video-preview:-1\" \/>\n<link rel=\"canonical\" href=\"https:\/\/dev.sonoranjv.org\/es\/aves-y-habitats\/garza-rojiza\/\" \/>\n<meta property=\"og:locale\" content=\"es_ES\" \/>\n<meta property=\"og:type\" content=\"article\" \/>\n<meta property=\"og:title\" content=\"Garza Rojiza - Sonoran Joint Venture\" \/>\n<meta property=\"og:description\" content=\"Garza Rojiza [image size=&#8221;large&#8221;]https:\/\/sonoranjv.org\/wp-content\/uploads\/2012\/06\/reddish-egret.jpg[\/image] En la explicaci\u00f3n de las Aves de Norteam\u00e9rica 2002, a la garza rojiza se le llama \u201cla garza m\u00e1s rara y menos conocida de Norteam\u00e9rica\u201d. Casi extinguida en Estados Unidos como resultado de la caza de plumas, hoy en d\u00eda la especie sigue recuper\u00e1ndose de este impacto. Los bi\u00f3logos empiezan a\" \/>\n<meta property=\"og:url\" content=\"https:\/\/dev.sonoranjv.org\/es\/aves-y-habitats\/garza-rojiza\/\" \/>\n<meta property=\"og:site_name\" content=\"Sonoran Joint Venture\" \/>\n<meta property=\"article:publisher\" content=\"http:\/\/www.facebook.com\/sonoranjv\" \/>\n<meta property=\"og:image\" content=\"https:\/\/sonoranjv.org\/wp-content\/uploads\/2012\/06\/tn-birds-brant.jpg\" \/>\n<meta name=\"twitter:card\" content=\"summary\" \/>\n<meta name=\"twitter:site\" content=\"@sonoranjv\" \/>\n<meta name=\"twitter:label1\" content=\"Tiempo de lectura\">\n\t<meta name=\"twitter:data1\" content=\"1 minuto\">\n<script type=\"application\/ld+json\" class=\"yoast-schema-graph\">{\"@context\":\"https:\/\/schema.org\",\"@graph\":[{\"@type\":\"Organization\",\"@id\":\"https:\/\/dev.sonoranjv.org\/es\/#organization\",\"name\":\"Sonoran Joint Venture\",\"url\":\"https:\/\/dev.sonoranjv.org\/es\/\",\"sameAs\":[\"http:\/\/www.facebook.com\/sonoranjv\",\"https:\/\/www.pinterest.com\/sonoranjv\/pins\/\",\"https:\/\/twitter.com\/sonoranjv\"],\"logo\":{\"@type\":\"ImageObject\",\"@id\":\"https:\/\/dev.sonoranjv.org\/es\/#logo\",\"inLanguage\":\"es\",\"url\":\"https:\/\/sonoranjv.org\/wp-content\/uploads\/2017\/05\/sonoran-joint-venture-og.jpg\",\"contentUrl\":\"https:\/\/sonoranjv.org\/wp-content\/uploads\/2017\/05\/sonoran-joint-venture-og.jpg\",\"width\":\"573\",\"height\":\"316\",\"caption\":\"Sonoran Joint Venture\"},\"image\":{\"@id\":\"https:\/\/dev.sonoranjv.org\/es\/#logo\"}},{\"@type\":\"WebSite\",\"@id\":\"https:\/\/dev.sonoranjv.org\/es\/#website\",\"url\":\"https:\/\/dev.sonoranjv.org\/es\/\",\"name\":\"Sonoran Joint Venture\",\"description\":\"Conserving the unique birds and habitats of the southwestern United States and northwestern Mexico\",\"publisher\":{\"@id\":\"https:\/\/dev.sonoranjv.org\/es\/#organization\"},\"potentialAction\":[{\"@type\":\"SearchAction\",\"target\":\"https:\/\/dev.sonoranjv.org\/es\/?s={search_term_string}\",\"query-input\":\"required name=search_term_string\"}],\"inLanguage\":\"es\"},{\"@type\":\"ImageObject\",\"@id\":\"https:\/\/dev.sonoranjv.org\/es\/aves-y-habitats\/garza-rojiza\/#primaryimage\",\"inLanguage\":\"es\",\"url\":\"https:\/\/sonoranjv.org\/wp-content\/uploads\/2012\/06\/tn-birds-brant.jpg\",\"contentUrl\":\"https:\/\/sonoranjv.org\/wp-content\/uploads\/2012\/06\/tn-birds-brant.jpg\"},{\"@type\":\"WebPage\",\"@id\":\"https:\/\/dev.sonoranjv.org\/es\/aves-y-habitats\/garza-rojiza\/#webpage\",\"url\":\"https:\/\/dev.sonoranjv.org\/es\/aves-y-habitats\/garza-rojiza\/\",\"name\":\"Garza Rojiza - Sonoran Joint Venture\",\"isPartOf\":{\"@id\":\"https:\/\/dev.sonoranjv.org\/es\/#website\"},\"primaryImageOfPage\":{\"@id\":\"https:\/\/dev.sonoranjv.org\/es\/aves-y-habitats\/garza-rojiza\/#primaryimage\"},\"datePublished\":\"2012-06-10T19:09:51+00:00\",\"dateModified\":\"2012-06-10T19:09:51+00:00\",\"breadcrumb\":{\"@id\":\"https:\/\/dev.sonoranjv.org\/es\/aves-y-habitats\/garza-rojiza\/#breadcrumb\"},\"inLanguage\":\"es\",\"potentialAction\":[{\"@type\":\"ReadAction\",\"target\":[\"https:\/\/dev.sonoranjv.org\/es\/aves-y-habitats\/garza-rojiza\/\"]}]},{\"@type\":\"BreadcrumbList\",\"@id\":\"https:\/\/dev.sonoranjv.org\/es\/aves-y-habitats\/garza-rojiza\/#breadcrumb\",\"itemListElement\":[{\"@type\":\"ListItem\",\"position\":1,\"item\":{\"@type\":\"WebPage\",\"@id\":\"https:\/\/dev.sonoranjv.org\/es\/\",\"url\":\"https:\/\/dev.sonoranjv.org\/es\/\",\"name\":\"Home\"}},{\"@type\":\"ListItem\",\"position\":2,\"item\":{\"@type\":\"WebPage\",\"@id\":\"https:\/\/dev.sonoranjv.org\/es\/aves-y-habitats\/\",\"url\":\"https:\/\/dev.sonoranjv.org\/es\/aves-y-habitats\/\",\"name\":\"Aves y H\\u00e1bitats\"}},{\"@type\":\"ListItem\",\"position\":3,\"item\":{\"@id\":\"https:\/\/dev.sonoranjv.org\/es\/aves-y-habitats\/garza-rojiza\/#webpage\"}}]}]}<\/script>\n<!-- \/ Yoast SEO plugin. -->","_links":{"self":[{"href":"https:\/\/dev.sonoranjv.org\/es\/wp-json\/wp\/v2\/pages\/3992"}],"collection":[{"href":"https:\/\/dev.sonoranjv.org\/es\/wp-json\/wp\/v2\/pages"}],"about":[{"href":"https:\/\/dev.sonoranjv.org\/es\/wp-json\/wp\/v2\/types\/page"}],"author":[{"embeddable":true,"href":"https:\/\/dev.sonoranjv.org\/es\/wp-json\/wp\/v2\/users\/2"}],"replies":[{"embeddable":true,"href":"https:\/\/dev.sonoranjv.org\/es\/wp-json\/wp\/v2\/comments?post=3992"}],"version-history":[{"count":0,"href":"https:\/\/dev.sonoranjv.org\/es\/wp-json\/wp\/v2\/pages\/3992\/revisions"}],"up":[{"embeddable":true,"href":"https:\/\/dev.sonoranjv.org\/es\/wp-json\/wp\/v2\/pages\/3942"}],"wp:attachment":[{"href":"https:\/\/dev.sonoranjv.org\/es\/wp-json\/wp\/v2\/media?parent=3992"}],"curies":[{"name":"wp","href":"https:\/\/api.w.org\/{rel}","templated":true}]}}