{"id":3986,"date":"2012-06-08T14:20:26","date_gmt":"2012-06-08T21:20:26","guid":{"rendered":"http:\/\/sonoranjv.org\/mesa-directiva-del-sjv\/"},"modified":"2022-08-17T13:00:01","modified_gmt":"2022-08-17T20:00:01","slug":"consejo-consultivo","status":"publish","type":"page","link":"https:\/\/dev.sonoranjv.org\/es\/acerca-de-nosotros\/consejo-consultivo\/","title":{"rendered":"Consejo Consultivo"},"content":{"rendered":"<p>El Consejo Consultivo del SJV mantiene el liderazgo, los recursos y el apoyo para cumplir las metas y objetivos organizacionales estrat\u00e9gicos. El Consejo consta de representantes binacionales de cada estado en la regi\u00f3n del SJV. Los miembros incluyen a representantes de las dependencias federales y estatales, empresas y organizaciones de conservaci\u00f3n sin fines de lucro, as\u00ed como ciudadanos interesados en la conservaci\u00f3n de las aves y sus h\u00e1bitats dentro de los l\u00edmites del SJV.\u00a0<strong>Si desea participar en el Consejo Consultivo o obtener m\u00e1s informaci\u00f3n, favor de comunicarse con\u00a0<a href=\"https:\/\/mail.google.com\/mail\/?view=cm&amp;fs=1&amp;tf=1&amp;to=jennie_duberstein@fws.gov\" target=\"_blank\" rel=\"noopener noreferrer\">Jennie Duberstein<\/a>.<\/strong><\/p>\n<h3>Haz clic en cada nombre para obtener m\u00e1s informaci\u00f3n sobre los miembros<\/h3>\n<p><strong><a href=\"francisco-abarca\/\">Francisco Abarca<\/a>\u00a0<\/strong><br \/>\nGerente de Programas Internacionales y Fronterizos, Departamento de Caza y Pesca de Arizona<\/p>\n<p><a href=\"clare-aslan\/\"><strong>Clare Aslan<\/strong><\/a><br \/>\nProfesor Asistente de Investigaci\u00f3n, Northern Arizona University<\/p>\n<p><strong>Humberto Berlanga Garc\u00eda<\/strong><br \/>\nCoordinador de NABCI Mexico, CONABIO<\/p>\n<p><a href=\"greg-butcher\/\"><strong>Greg Butcher<\/strong><\/a><strong>\u00a0<\/strong><br \/>\nCoordinador de Programa de Aves Migratorias, USDA Forest Service International Programs<\/p>\n<p><a href=\"gustavo-danemann\/\"><strong>Gustavo Danemann<\/strong><\/a><br \/>\nDirector Ejecutivo, Pronatura Noroeste<\/p>\n<p><strong><a href=\"horacio-de-la-cueva\/\">Horacio de la Cueva<\/a>\u00a0<\/strong><br \/>\nCient\u00edfico de Investigaci\u00f3n, Centro de Investigaci\u00f3n Cient\u00edfica y de Educaci\u00f3n Superior de Ensenada (CICESE)<\/p>\n<p><strong>Ana Luisa Figueroa<\/strong><br \/>\nDirectora de la regi\u00f3n noroeste de CONANP; Directora de APFF Islas del Golfo de California; Directora de RB Isla San Pedro M\u00e1rtir<\/p>\n<p><a href=\"https:\/\/sonoranjv.org\/es\/acerca-de-nosotros\/consejo-consultivo\/jeffrey-fleming\/\" target=\"_blank\" rel=\"noopener\"><strong>Jeffrey Fleming<\/strong><\/a><br \/>\nDirector Regional Adjunto, Oficina Regional del Suroeste del Servicio de Pesca y Vida Silvestre de EEUU<\/p>\n<p><a href=\"https:\/\/sonoranjv.org\/es\/acerca-de-nosotros\/consejo-consultivo\/monica-franco-ortiz\/\"><strong>M\u00f3nica Franco Ortiz<\/strong><\/a><br \/>\nDirectora de M\u00e9xico, COSTASALVAJE<\/p>\n<p><strong><a href=\"geoff-geupel\/\">Geoff Geupel<\/a>\u00a0<\/strong><br \/>\nDirector de Asociaciones Estrat\u00e9gicas, Point Blue Conservation Science<\/p>\n<p><a href=\"https:\/\/sonoranjv.org\/es\/acerca-de-nosotros\/consejo-consultivo\/emma-havstad\/\"><strong>Emma Havstad<\/strong><\/a><br \/>\nEc\u00f3logo del sur de California, River Partners<\/p>\n<p><a href=\"https:\/\/sonoranjv.org\/es\/acerca-de-nosotros\/consejo-consultivo\/leslie-hay\/\" target=\"_blank\" rel=\"noopener\"><b>Leslie Hay<\/b><\/a><br \/>\nDirectora del Programa Regional de Vida Silvestre, Servicio Forestal de EEUU<\/p>\n<p><strong><a href=\"https:\/\/sonoranjv.org\/es\/acerca-de-nosotros\/consejo-consultivo\/jonathan-hayes\/\" target=\"_blank\" rel=\"noopener noreferrer\">Jonathan Hayes<\/a><\/strong><br \/>\nDirector Ejecutivo, Audubon Southwest<\/p>\n<p><strong>Sallie Hejl<\/strong><br \/>\nCoordinadora de Investigaci\u00f3n, Desert Southwest CESU, National Park Service<\/p>\n<p><a href=\"junko-hoshi\/\"><strong>Junko Hoshi<\/strong><\/a><br \/>\nPlanificadora para la Conservaci\u00f3n, Instituto de Ciencias, Departamento de Pesca y Vida Silvestre de California<\/p>\n<p><a href=\"elroy-masters\/\"><strong>Elroy Masters<\/strong><\/a><strong>\u00a0\u2013 Vicepresidente<\/strong><br \/>\nEncargado del Programa de Pesca y Vida Silvestre, BLM Arizona Oficina Estatal<\/p>\n<p><a href=\"lorayne-meltzer\/\"><strong>Lorayne Meltzer<\/strong><\/a><br \/>\nDirectora Ejecutiva, Centro de Estudios Culturales y Ecol\u00f3gicos de Bah\u00eda Kino de Prescott College<\/p>\n<p><strong><b><a href=\"federico-mendez-sanchez\/\">Federico M\u00e9ndez S\u00e1nchez<\/a> \u2013 Presidente<br \/>\n<\/b><\/strong>Director General, Grupo de Ecolog\u00eda y Conservaci\u00f3n de Islas, A.C.<\/p>\n<p><a href=\"pamela-nagler\/\"><strong>Pamela Nagler<\/strong><\/a><br \/>\nInvestigadora Cient\u00edfica F\u00edsica, U.S. Geological Survey, Sonoran Desert Research Station<\/p>\n<p><a href=\"eduardo-palacios\/\"><strong>Eduardo Palacios<\/strong><\/a><br \/>\nCient\u00edfico de Investigaci\u00f3n, Centro de Investigaci\u00f3n Cient\u00edfica y de Educaci\u00f3n Superior de Ensenada (CICESE)<\/p>\n<p><a href=\"arvind-panjabi\/\"><strong>Arvind Panjabi<\/strong><\/a><br \/>\nDirector de Programas Internacionales,\u00a0Bird Conservancy of the Rockies<\/p>\n<p><a href=\"https:\/\/sonoranjv.org\/es\/acerca-de-nosotros\/consejo-consultivo\/aimee-roberson\/\"><b>Aimee Roberson<\/b><\/a><br \/>\nDirectora Regional de Suroeste, American Bird Conservancy<\/p>\n<p><a href=\"ignacio-vilchis\/\"><strong>Ignacio Vilchis<\/strong><\/a><br \/>\nDirector Asociado, programa de ecolog\u00eda animal aplicada, San Diego Zoo Institute for Conservation Research<\/p>\n<p><a href=\"james-weigand\/\"><strong>James Weigand<\/strong><\/a><br \/>\nEc\u00f3logo, BLM California Oficina Estatal<\/p>\n","protected":false},"excerpt":{"rendered":"<p>El Consejo Consultivo del SJV mantiene el liderazgo, los recursos y el apoyo para cumplir las metas y objetivos organizacionales estrat\u00e9gicos. El Consejo consta de representantes binacionales de cada estado en la regi\u00f3n del SJV. Los miembros incluyen a representantes de las dependencias federales y estatales, empresas y organizaciones de conservaci\u00f3n sin fines de lucro,<\/p>\n","protected":false},"author":2,"featured_media":0,"parent":3920,"menu_order":0,"comment_status":"closed","ping_status":"closed","template":"","meta":[],"yoast_head":"<!-- This site is optimized with the Yoast SEO plugin v16.2 - https:\/\/yoast.com\/wordpress\/plugins\/seo\/ -->\n<title>Consejo Consultivo - Sonoran Joint Venture<\/title>\n<meta name=\"robots\" content=\"index, follow, max-snippet:-1, max-image-preview:large, max-video-preview:-1\" \/>\n<link rel=\"canonical\" href=\"https:\/\/dev.sonoranjv.org\/es\/acerca-de-nosotros\/consejo-consultivo\/\" \/>\n<meta property=\"og:locale\" content=\"es_ES\" \/>\n<meta property=\"og:type\" content=\"article\" \/>\n<meta property=\"og:title\" content=\"Consejo Consultivo - Sonoran Joint Venture\" \/>\n<meta property=\"og:description\" content=\"El Consejo Consultivo del SJV mantiene el liderazgo, los recursos y el apoyo para cumplir las metas y objetivos organizacionales estrat\u00e9gicos. El Consejo consta de representantes binacionales de cada estado en la regi\u00f3n del SJV. Los miembros incluyen a representantes de las dependencias federales y estatales, empresas y organizaciones de conservaci\u00f3n sin fines de lucro,\" \/>\n<meta property=\"og:url\" content=\"https:\/\/dev.sonoranjv.org\/es\/acerca-de-nosotros\/consejo-consultivo\/\" \/>\n<meta property=\"og:site_name\" content=\"Sonoran Joint Venture\" \/>\n<meta property=\"article:publisher\" content=\"http:\/\/www.facebook.com\/sonoranjv\" \/>\n<meta property=\"article:modified_time\" content=\"2022-08-17T20:00:01+00:00\" \/>\n<meta name=\"twitter:card\" content=\"summary\" \/>\n<meta name=\"twitter:site\" content=\"@sonoranjv\" \/>\n<meta name=\"twitter:label1\" content=\"Tiempo de lectura\">\n\t<meta name=\"twitter:data1\" content=\"2 minutos\">\n<script type=\"application\/ld+json\" class=\"yoast-schema-graph\">{\"@context\":\"https:\/\/schema.org\",\"@graph\":[{\"@type\":\"Organization\",\"@id\":\"https:\/\/dev.sonoranjv.org\/es\/#organization\",\"name\":\"Sonoran Joint Venture\",\"url\":\"https:\/\/dev.sonoranjv.org\/es\/\",\"sameAs\":[\"http:\/\/www.facebook.com\/sonoranjv\",\"https:\/\/www.pinterest.com\/sonoranjv\/pins\/\",\"https:\/\/twitter.com\/sonoranjv\"],\"logo\":{\"@type\":\"ImageObject\",\"@id\":\"https:\/\/dev.sonoranjv.org\/es\/#logo\",\"inLanguage\":\"es\",\"url\":\"https:\/\/sonoranjv.org\/wp-content\/uploads\/2017\/05\/sonoran-joint-venture-og.jpg\",\"contentUrl\":\"https:\/\/sonoranjv.org\/wp-content\/uploads\/2017\/05\/sonoran-joint-venture-og.jpg\",\"width\":\"573\",\"height\":\"316\",\"caption\":\"Sonoran Joint Venture\"},\"image\":{\"@id\":\"https:\/\/dev.sonoranjv.org\/es\/#logo\"}},{\"@type\":\"WebSite\",\"@id\":\"https:\/\/dev.sonoranjv.org\/es\/#website\",\"url\":\"https:\/\/dev.sonoranjv.org\/es\/\",\"name\":\"Sonoran Joint Venture\",\"description\":\"Conserving the unique birds and habitats of the southwestern United States and northwestern Mexico\",\"publisher\":{\"@id\":\"https:\/\/dev.sonoranjv.org\/es\/#organization\"},\"potentialAction\":[{\"@type\":\"SearchAction\",\"target\":\"https:\/\/dev.sonoranjv.org\/es\/?s={search_term_string}\",\"query-input\":\"required name=search_term_string\"}],\"inLanguage\":\"es\"},{\"@type\":\"WebPage\",\"@id\":\"https:\/\/dev.sonoranjv.org\/es\/acerca-de-nosotros\/consejo-consultivo\/#webpage\",\"url\":\"https:\/\/dev.sonoranjv.org\/es\/acerca-de-nosotros\/consejo-consultivo\/\",\"name\":\"Consejo Consultivo - Sonoran Joint Venture\",\"isPartOf\":{\"@id\":\"https:\/\/dev.sonoranjv.org\/es\/#website\"},\"datePublished\":\"2012-06-08T21:20:26+00:00\",\"dateModified\":\"2022-08-17T20:00:01+00:00\",\"breadcrumb\":{\"@id\":\"https:\/\/dev.sonoranjv.org\/es\/acerca-de-nosotros\/consejo-consultivo\/#breadcrumb\"},\"inLanguage\":\"es\",\"potentialAction\":[{\"@type\":\"ReadAction\",\"target\":[\"https:\/\/dev.sonoranjv.org\/es\/acerca-de-nosotros\/consejo-consultivo\/\"]}]},{\"@type\":\"BreadcrumbList\",\"@id\":\"https:\/\/dev.sonoranjv.org\/es\/acerca-de-nosotros\/consejo-consultivo\/#breadcrumb\",\"itemListElement\":[{\"@type\":\"ListItem\",\"position\":1,\"item\":{\"@type\":\"WebPage\",\"@id\":\"https:\/\/dev.sonoranjv.org\/es\/\",\"url\":\"https:\/\/dev.sonoranjv.org\/es\/\",\"name\":\"Home\"}},{\"@type\":\"ListItem\",\"position\":2,\"item\":{\"@type\":\"WebPage\",\"@id\":\"https:\/\/dev.sonoranjv.org\/es\/acerca-de-nosotros\/\",\"url\":\"https:\/\/dev.sonoranjv.org\/es\/acerca-de-nosotros\/\",\"name\":\"Acerca de Nosotros\"}},{\"@type\":\"ListItem\",\"position\":3,\"item\":{\"@id\":\"https:\/\/dev.sonoranjv.org\/es\/acerca-de-nosotros\/consejo-consultivo\/#webpage\"}}]}]}<\/script>\n<!-- \/ Yoast SEO plugin. -->","_links":{"self":[{"href":"https:\/\/dev.sonoranjv.org\/es\/wp-json\/wp\/v2\/pages\/3986"}],"collection":[{"href":"https:\/\/dev.sonoranjv.org\/es\/wp-json\/wp\/v2\/pages"}],"about":[{"href":"https:\/\/dev.sonoranjv.org\/es\/wp-json\/wp\/v2\/types\/page"}],"author":[{"embeddable":true,"href":"https:\/\/dev.sonoranjv.org\/es\/wp-json\/wp\/v2\/users\/2"}],"replies":[{"embeddable":true,"href":"https:\/\/dev.sonoranjv.org\/es\/wp-json\/wp\/v2\/comments?post=3986"}],"version-history":[{"count":53,"href":"https:\/\/dev.sonoranjv.org\/es\/wp-json\/wp\/v2\/pages\/3986\/revisions"}],"predecessor-version":[{"id":10546,"href":"https:\/\/dev.sonoranjv.org\/es\/wp-json\/wp\/v2\/pages\/3986\/revisions\/10546"}],"up":[{"embeddable":true,"href":"https:\/\/dev.sonoranjv.org\/es\/wp-json\/wp\/v2\/pages\/3920"}],"wp:attachment":[{"href":"https:\/\/dev.sonoranjv.org\/es\/wp-json\/wp\/v2\/media?parent=3986"}],"curies":[{"name":"wp","href":"https:\/\/api.w.org\/{rel}","templated":true}]}}