{"id":3984,"date":"2012-05-29T21:32:41","date_gmt":"2012-05-30T04:32:41","guid":{"rendered":"http:\/\/sonoranjv.org\/fronteras-aridas\/"},"modified":"2018-08-28T10:10:52","modified_gmt":"2018-08-28T17:10:52","slug":"fronteras-aridas","status":"publish","type":"page","link":"https:\/\/dev.sonoranjv.org\/es\/aves-y-habitats\/fronteras-aridas\/","title":{"rendered":"Fronteras \u00e1ridas"},"content":{"rendered":"<p>La subregi\u00f3n de zonas fronterizas \u00e1ridas del Sonoran Joint Venture incluye partes de Arizona, California, Nevada, Utah, Sonora, Sinaloa, Baja California, Baja California Sur y las islas adyacentes en el Golfo de California y el Oc\u00e9ano Pac\u00edfico. La subregi\u00f3n incluye todas o parte de las cuatro Regiones para la Conservaci\u00f3n de las Aves (33, 40, 41 y 42) y comprende ecosistemas \u00fanicos incluyendo a los desiertos Sonorense y Mojave, h\u00e1bitats ribere\u00f1os, manglares, matorrales des\u00e9rticos y bosque caducifolio tropical. Algunas de las especies de plantas caracter\u00edsticas que pueden encontrarse aqu\u00ed incluyen al sahuaro, card\u00f3n, mezquite, \u00e1lamo, sauce, cirio y palofierro.<\/p>\n<p>Los desiertos Sonorense y Mojave se encuentran en la parte norte de esta subregi\u00f3n, y pueden verse especies como el cuitlacoche p\u00e1lido, el rascador de Abert, el carpintero de pechera de Arizona, el zacatonero de ala rufa y la codorniz mascarita. Los relativamente peque\u00f1os y escasos humedales ribere\u00f1os y de agua dulce en el desierto son fundamentalmente importantes para la vida silvestre. La parte baja del R\u00edo Colorado y los humedales adyacentes brindan la mayor parte del h\u00e1bitat de humedales de agua dulce, junto con el Salton Sea al sureste de California. Juntas, ambas \u00e1reas brindan un h\u00e1bitat de invierno importante para grandes poblaciones de patos, gansos y aves acu\u00e1ticas como el zambullidor orejudo, el achichilique de pico naranja y el achichilique de pico amarillo. Los humedales costeros de importancia global se encuentran a lo largo de la costa del Golfo de California, en especial el delta del R\u00edo Colorado.<\/p>\n<p>En el desierto Vizca\u00edno de la pen\u00ednsula de Baja California, encontramos especies end\u00e9micas como el cuitlacoche peninsular, la mascarita peninsular y el colibr\u00ed de Xantus. Tambi\u00e9n, una importante poblaci\u00f3n de ganso de collar pasa el invierno en la costa de esta regi\u00f3n. La pardela mexicana, el pai\u00f1o negro, el m\u00e9rgulo de Scripps (anteriormente Xantus) y el pai\u00f1o menor anida en las islas del Oc\u00e9ano Pac\u00edfico.<\/p>\n<p>Las casi 100 islas del Golfo de California son sitios de anidaci\u00f3n importantes para las aves acu\u00e1ticas y corredores migratorios para otras especies. En particular, proporcionan h\u00e1bitats de reproducci\u00f3n para el pai\u00f1o negro y el pai\u00f1o menor, el rabijunco de pico rojo, el bobo de patas azules y el bobo caf\u00e9, el pel\u00edcano pardo, el cormor\u00e1n de Brandt, el gavil\u00e1n pescador, el ostrero americano, la gaviota ploma y la gaviota de patas amarillas, y el m\u00e9rgulo de Craveri, entre otros.<\/p>\n<h3>Subregiones del Sonoran Joint Venture<\/h3>\n<div class=\"row \">\n<div class=\"col-sm-6 \">\n<div class=\"image-box-wrapper\"><a href=\"es\/aves-y-habitats\/fronteras-aridas\/\"><img src=\"https:\/\/sonoranjv.org\/wp-content\/uploads\/2016\/11\/arid-borderlands.jpg\"><\/a><\/p>\n<div class=\"image-box-content\">\n<h2><a href=\"http:\/\/sonoranjv.org\/es\/aves-y-habitats\/fronteras-aridas\/\">Fronteras \u00e1ridas<\/a><\/h2>\n<\/div>\n<\/div>\n<\/div>\n<div class=\"col-sm-6 \">\n<div class=\"image-box-wrapper\"><a href=\"http:\/\/sonoranjv.org\/es\/aves-y-habitats\/costas-y-montanas-de-california\/\"><img src=\"https:\/\/sonoranjv.org\/wp-content\/uploads\/2016\/11\/california-coasts-and-mountains.jpg\"><\/a><\/p>\n<div class=\"image-box-content\">\n<h2><a href=\"http:\/\/sonoranjv.org\/es\/aves-y-habitats\/costas-y-montanas-de-california\/\">Costas y monta\u00f1as de California<\/a><\/h2>\n<\/div>\n<\/div>\n<\/div>\n<div class=\"col-sm-6 \">\n<div class=\"image-box-wrapper\"><a href=\"http:\/\/sonoranjv.org\/es\/aves-y-habitats\/tierras-altas-mexicanas\/\"><img src=\"https:\/\/sonoranjv.org\/wp-content\/uploads\/2016\/11\/mexican-highlands.jpg\"><\/a><\/p>\n<div class=\"image-box-content\">\n<h2><a href=\"http:\/\/sonoranjv.org\/es\/aves-y-habitats\/tierras-altas-mexicanas\/\">Tierras altas mexicanas<\/a><\/h2>\n<\/div>\n<\/div>\n<\/div>\n<div class=\"col-sm-6 \">\n<div class=\"image-box-wrapper\"><a href=\"http:\/\/sonoranjv.org\/es\/aves-y-habitats\/tierras-bajas-del-pacifico\/\"><img src=\"https:\/\/sonoranjv.org\/wp-content\/uploads\/2016\/11\/pacific-lowlands.jpg\"><\/a><\/p>\n<div class=\"image-box-content\">\n<h2><a href=\"http:\/\/sonoranjv.org\/es\/aves-y-habitats\/tierras-bajas-del-pacifico\/\">Tierras bajas del Pac\u00edfico<\/a><\/h2>\n<\/div>\n<\/div>\n<\/div>\n<\/div>\n","protected":false},"excerpt":{"rendered":"<p>La subregi\u00f3n de zonas fronterizas \u00e1ridas del Sonoran Joint Venture incluye partes de Arizona, California, Nevada, Utah, Sonora, Sinaloa, Baja California, Baja California Sur y las islas adyacentes en el Golfo de California y el Oc\u00e9ano Pac\u00edfico. La subregi\u00f3n incluye todas o parte de las cuatro Regiones para la Conservaci\u00f3n de las Aves (33, 40,<\/p>\n","protected":false},"author":2,"featured_media":0,"parent":3942,"menu_order":0,"comment_status":"closed","ping_status":"closed","template":"","meta":[],"yoast_head":"<!-- This site is optimized with the Yoast SEO plugin v16.2 - https:\/\/yoast.com\/wordpress\/plugins\/seo\/ -->\n<title>Fronteras \u00e1ridas - Sonoran Joint Venture<\/title>\n<meta name=\"robots\" content=\"index, follow, max-snippet:-1, max-image-preview:large, max-video-preview:-1\" \/>\n<link rel=\"canonical\" href=\"https:\/\/dev.sonoranjv.org\/es\/aves-y-habitats\/fronteras-aridas\/\" \/>\n<meta property=\"og:locale\" content=\"es_ES\" \/>\n<meta property=\"og:type\" content=\"article\" \/>\n<meta property=\"og:title\" content=\"Fronteras \u00e1ridas - Sonoran Joint Venture\" \/>\n<meta property=\"og:description\" content=\"La subregi\u00f3n de zonas fronterizas \u00e1ridas del Sonoran Joint Venture incluye partes de Arizona, California, Nevada, Utah, Sonora, Sinaloa, Baja California, Baja California Sur y las islas adyacentes en el Golfo de California y el Oc\u00e9ano Pac\u00edfico. La subregi\u00f3n incluye todas o parte de las cuatro Regiones para la Conservaci\u00f3n de las Aves (33, 40,\" \/>\n<meta property=\"og:url\" content=\"https:\/\/dev.sonoranjv.org\/es\/aves-y-habitats\/fronteras-aridas\/\" \/>\n<meta property=\"og:site_name\" content=\"Sonoran Joint Venture\" \/>\n<meta property=\"article:publisher\" content=\"http:\/\/www.facebook.com\/sonoranjv\" \/>\n<meta property=\"article:modified_time\" content=\"2018-08-28T17:10:52+00:00\" \/>\n<meta property=\"og:image\" content=\"https:\/\/sonoranjv.org\/wp-content\/uploads\/2016\/11\/arid-borderlands.jpg\" \/>\n<meta name=\"twitter:card\" content=\"summary\" \/>\n<meta name=\"twitter:site\" content=\"@sonoranjv\" \/>\n<meta name=\"twitter:label1\" content=\"Tiempo de lectura\">\n\t<meta name=\"twitter:data1\" content=\"2 minutos\">\n<script type=\"application\/ld+json\" class=\"yoast-schema-graph\">{\"@context\":\"https:\/\/schema.org\",\"@graph\":[{\"@type\":\"Organization\",\"@id\":\"https:\/\/dev.sonoranjv.org\/es\/#organization\",\"name\":\"Sonoran Joint Venture\",\"url\":\"https:\/\/dev.sonoranjv.org\/es\/\",\"sameAs\":[\"http:\/\/www.facebook.com\/sonoranjv\",\"https:\/\/www.pinterest.com\/sonoranjv\/pins\/\",\"https:\/\/twitter.com\/sonoranjv\"],\"logo\":{\"@type\":\"ImageObject\",\"@id\":\"https:\/\/dev.sonoranjv.org\/es\/#logo\",\"inLanguage\":\"es\",\"url\":\"https:\/\/sonoranjv.org\/wp-content\/uploads\/2017\/05\/sonoran-joint-venture-og.jpg\",\"contentUrl\":\"https:\/\/sonoranjv.org\/wp-content\/uploads\/2017\/05\/sonoran-joint-venture-og.jpg\",\"width\":\"573\",\"height\":\"316\",\"caption\":\"Sonoran Joint Venture\"},\"image\":{\"@id\":\"https:\/\/dev.sonoranjv.org\/es\/#logo\"}},{\"@type\":\"WebSite\",\"@id\":\"https:\/\/dev.sonoranjv.org\/es\/#website\",\"url\":\"https:\/\/dev.sonoranjv.org\/es\/\",\"name\":\"Sonoran Joint Venture\",\"description\":\"Conserving the unique birds and habitats of the southwestern United States and northwestern Mexico\",\"publisher\":{\"@id\":\"https:\/\/dev.sonoranjv.org\/es\/#organization\"},\"potentialAction\":[{\"@type\":\"SearchAction\",\"target\":\"https:\/\/dev.sonoranjv.org\/es\/?s={search_term_string}\",\"query-input\":\"required name=search_term_string\"}],\"inLanguage\":\"es\"},{\"@type\":\"ImageObject\",\"@id\":\"https:\/\/dev.sonoranjv.org\/es\/aves-y-habitats\/fronteras-aridas\/#primaryimage\",\"inLanguage\":\"es\",\"url\":\"https:\/\/sonoranjv.org\/wp-content\/uploads\/2016\/11\/arid-borderlands.jpg\",\"contentUrl\":\"https:\/\/sonoranjv.org\/wp-content\/uploads\/2016\/11\/arid-borderlands.jpg\"},{\"@type\":\"WebPage\",\"@id\":\"https:\/\/dev.sonoranjv.org\/es\/aves-y-habitats\/fronteras-aridas\/#webpage\",\"url\":\"https:\/\/dev.sonoranjv.org\/es\/aves-y-habitats\/fronteras-aridas\/\",\"name\":\"Fronteras \\u00e1ridas - Sonoran Joint Venture\",\"isPartOf\":{\"@id\":\"https:\/\/dev.sonoranjv.org\/es\/#website\"},\"primaryImageOfPage\":{\"@id\":\"https:\/\/dev.sonoranjv.org\/es\/aves-y-habitats\/fronteras-aridas\/#primaryimage\"},\"datePublished\":\"2012-05-30T04:32:41+00:00\",\"dateModified\":\"2018-08-28T17:10:52+00:00\",\"breadcrumb\":{\"@id\":\"https:\/\/dev.sonoranjv.org\/es\/aves-y-habitats\/fronteras-aridas\/#breadcrumb\"},\"inLanguage\":\"es\",\"potentialAction\":[{\"@type\":\"ReadAction\",\"target\":[\"https:\/\/dev.sonoranjv.org\/es\/aves-y-habitats\/fronteras-aridas\/\"]}]},{\"@type\":\"BreadcrumbList\",\"@id\":\"https:\/\/dev.sonoranjv.org\/es\/aves-y-habitats\/fronteras-aridas\/#breadcrumb\",\"itemListElement\":[{\"@type\":\"ListItem\",\"position\":1,\"item\":{\"@type\":\"WebPage\",\"@id\":\"https:\/\/dev.sonoranjv.org\/es\/\",\"url\":\"https:\/\/dev.sonoranjv.org\/es\/\",\"name\":\"Home\"}},{\"@type\":\"ListItem\",\"position\":2,\"item\":{\"@type\":\"WebPage\",\"@id\":\"https:\/\/dev.sonoranjv.org\/es\/aves-y-habitats\/\",\"url\":\"https:\/\/dev.sonoranjv.org\/es\/aves-y-habitats\/\",\"name\":\"Aves y H\\u00e1bitats\"}},{\"@type\":\"ListItem\",\"position\":3,\"item\":{\"@id\":\"https:\/\/dev.sonoranjv.org\/es\/aves-y-habitats\/fronteras-aridas\/#webpage\"}}]}]}<\/script>\n<!-- \/ Yoast SEO plugin. -->","_links":{"self":[{"href":"https:\/\/dev.sonoranjv.org\/es\/wp-json\/wp\/v2\/pages\/3984"}],"collection":[{"href":"https:\/\/dev.sonoranjv.org\/es\/wp-json\/wp\/v2\/pages"}],"about":[{"href":"https:\/\/dev.sonoranjv.org\/es\/wp-json\/wp\/v2\/types\/page"}],"author":[{"embeddable":true,"href":"https:\/\/dev.sonoranjv.org\/es\/wp-json\/wp\/v2\/users\/2"}],"replies":[{"embeddable":true,"href":"https:\/\/dev.sonoranjv.org\/es\/wp-json\/wp\/v2\/comments?post=3984"}],"version-history":[{"count":7,"href":"https:\/\/dev.sonoranjv.org\/es\/wp-json\/wp\/v2\/pages\/3984\/revisions"}],"predecessor-version":[{"id":7078,"href":"https:\/\/dev.sonoranjv.org\/es\/wp-json\/wp\/v2\/pages\/3984\/revisions\/7078"}],"up":[{"embeddable":true,"href":"https:\/\/dev.sonoranjv.org\/es\/wp-json\/wp\/v2\/pages\/3942"}],"wp:attachment":[{"href":"https:\/\/dev.sonoranjv.org\/es\/wp-json\/wp\/v2\/media?parent=3984"}],"curies":[{"name":"wp","href":"https:\/\/api.w.org\/{rel}","templated":true}]}}