{"id":3958,"date":"2012-05-14T12:15:23","date_gmt":"2012-05-14T19:15:23","guid":{"rendered":"http:\/\/sonoranjv.org\/otros-planes-de-conservacion-de-aves\/"},"modified":"2019-10-09T09:39:06","modified_gmt":"2019-10-09T16:39:06","slug":"otros-planes-de-conservacion-de-aves","status":"publish","type":"page","link":"https:\/\/dev.sonoranjv.org\/es\/planificacion\/otros-planes-de-conservacion-de-aves\/","title":{"rendered":"Otros Planes de Conservaci\u00f3n de Aves"},"content":{"rendered":"<p>Estos planes est\u00e1n disponibles en espa\u00f1ol. Haz clic <a href=\"https:\/\/sonoranjv.org\/planning\/other-bird-conservation-plans\/\" target=\"_blank\" rel=\"noopener noreferrer\">aqu\u00ed<\/a> para ver planes de conservaci\u00f3n adicionales que solo est\u00e1n disponibles en ingl\u00e9s.<\/p>\n<ul>\n<li><a href=\"https:\/\/sonoranjv.org\/wp-content\/uploads\/2019\/10\/PIF2010-Spanish-FINAL_small.pdf\" target=\"_blank\" rel=\"noopener noreferrer\">Conservando a nuestras aves compartidas<\/a>: La vision trinacional de Compa\u00f1eros en Vuelo para la conservaci\u00f3n de las aves terrestres (2010)<\/li>\n<li><a href=\"http:\/\/es.stateofthebirds.org\/2016\/#_ga=2.87363674.399871486.1521139229-1266162717.1520881399\">El Estado de Conservaci\u00f3n de las Aves de Norteam\u00e9rica,<\/a> Iniciativa para la Conservaci\u00f3n de las Aves de Am\u00e9rica del Norte (2016)<\/li>\n<li><a href=\"https:\/\/www.shorebirdplan.org\/wp-content\/uploads\/2018\/03\/ECAPRPA_espanol_final.pdf\">Estrategia de Conservaci\u00f3n de las Aves Playeras de la Ruta del Pac\u00edfico de las Americas,<\/a> National Audubon Society (2017)<\/li>\n<\/ul>\n","protected":false},"excerpt":{"rendered":"<p>Estos planes est\u00e1n disponibles en espa\u00f1ol. Haz clic aqu\u00ed para ver planes de conservaci\u00f3n adicionales que solo est\u00e1n disponibles en ingl\u00e9s. Conservando a nuestras aves compartidas: La vision trinacional de Compa\u00f1eros en Vuelo para la conservaci\u00f3n de las aves terrestres (2010) El Estado de Conservaci\u00f3n de las Aves de Norteam\u00e9rica, Iniciativa para la Conservaci\u00f3n de<\/p>\n","protected":false},"author":2,"featured_media":0,"parent":3914,"menu_order":0,"comment_status":"closed","ping_status":"open","template":"","meta":[],"yoast_head":"<!-- This site is optimized with the Yoast SEO plugin v16.2 - https:\/\/yoast.com\/wordpress\/plugins\/seo\/ -->\n<title>Otros Planes de Conservaci\u00f3n de Aves - Sonoran Joint Venture<\/title>\n<meta name=\"robots\" content=\"index, follow, max-snippet:-1, max-image-preview:large, max-video-preview:-1\" \/>\n<link rel=\"canonical\" href=\"https:\/\/dev.sonoranjv.org\/es\/planificacion\/otros-planes-de-conservacion-de-aves\/\" \/>\n<meta property=\"og:locale\" content=\"es_ES\" \/>\n<meta property=\"og:type\" content=\"article\" \/>\n<meta property=\"og:title\" content=\"Otros Planes de Conservaci\u00f3n de Aves - Sonoran Joint Venture\" \/>\n<meta property=\"og:description\" content=\"Estos planes est\u00e1n disponibles en espa\u00f1ol. Haz clic aqu\u00ed para ver planes de conservaci\u00f3n adicionales que solo est\u00e1n disponibles en ingl\u00e9s. Conservando a nuestras aves compartidas: La vision trinacional de Compa\u00f1eros en Vuelo para la conservaci\u00f3n de las aves terrestres (2010) El Estado de Conservaci\u00f3n de las Aves de Norteam\u00e9rica, Iniciativa para la Conservaci\u00f3n de\" \/>\n<meta property=\"og:url\" content=\"https:\/\/dev.sonoranjv.org\/es\/planificacion\/otros-planes-de-conservacion-de-aves\/\" \/>\n<meta property=\"og:site_name\" content=\"Sonoran Joint Venture\" \/>\n<meta property=\"article:publisher\" content=\"http:\/\/www.facebook.com\/sonoranjv\" \/>\n<meta property=\"article:modified_time\" content=\"2019-10-09T16:39:06+00:00\" \/>\n<meta name=\"twitter:card\" content=\"summary\" \/>\n<meta name=\"twitter:site\" content=\"@sonoranjv\" \/>\n<script type=\"application\/ld+json\" class=\"yoast-schema-graph\">{\"@context\":\"https:\/\/schema.org\",\"@graph\":[{\"@type\":\"Organization\",\"@id\":\"https:\/\/dev.sonoranjv.org\/es\/#organization\",\"name\":\"Sonoran Joint Venture\",\"url\":\"https:\/\/dev.sonoranjv.org\/es\/\",\"sameAs\":[\"http:\/\/www.facebook.com\/sonoranjv\",\"https:\/\/www.pinterest.com\/sonoranjv\/pins\/\",\"https:\/\/twitter.com\/sonoranjv\"],\"logo\":{\"@type\":\"ImageObject\",\"@id\":\"https:\/\/dev.sonoranjv.org\/es\/#logo\",\"inLanguage\":\"es\",\"url\":\"https:\/\/sonoranjv.org\/wp-content\/uploads\/2017\/05\/sonoran-joint-venture-og.jpg\",\"contentUrl\":\"https:\/\/sonoranjv.org\/wp-content\/uploads\/2017\/05\/sonoran-joint-venture-og.jpg\",\"width\":\"573\",\"height\":\"316\",\"caption\":\"Sonoran Joint Venture\"},\"image\":{\"@id\":\"https:\/\/dev.sonoranjv.org\/es\/#logo\"}},{\"@type\":\"WebSite\",\"@id\":\"https:\/\/dev.sonoranjv.org\/es\/#website\",\"url\":\"https:\/\/dev.sonoranjv.org\/es\/\",\"name\":\"Sonoran Joint Venture\",\"description\":\"Conserving the unique birds and habitats of the southwestern United States and northwestern Mexico\",\"publisher\":{\"@id\":\"https:\/\/dev.sonoranjv.org\/es\/#organization\"},\"potentialAction\":[{\"@type\":\"SearchAction\",\"target\":\"https:\/\/dev.sonoranjv.org\/es\/?s={search_term_string}\",\"query-input\":\"required name=search_term_string\"}],\"inLanguage\":\"es\"},{\"@type\":\"WebPage\",\"@id\":\"https:\/\/dev.sonoranjv.org\/es\/planificacion\/otros-planes-de-conservacion-de-aves\/#webpage\",\"url\":\"https:\/\/dev.sonoranjv.org\/es\/planificacion\/otros-planes-de-conservacion-de-aves\/\",\"name\":\"Otros Planes de Conservaci\\u00f3n de Aves - Sonoran Joint Venture\",\"isPartOf\":{\"@id\":\"https:\/\/dev.sonoranjv.org\/es\/#website\"},\"datePublished\":\"2012-05-14T19:15:23+00:00\",\"dateModified\":\"2019-10-09T16:39:06+00:00\",\"breadcrumb\":{\"@id\":\"https:\/\/dev.sonoranjv.org\/es\/planificacion\/otros-planes-de-conservacion-de-aves\/#breadcrumb\"},\"inLanguage\":\"es\",\"potentialAction\":[{\"@type\":\"ReadAction\",\"target\":[\"https:\/\/dev.sonoranjv.org\/es\/planificacion\/otros-planes-de-conservacion-de-aves\/\"]}]},{\"@type\":\"BreadcrumbList\",\"@id\":\"https:\/\/dev.sonoranjv.org\/es\/planificacion\/otros-planes-de-conservacion-de-aves\/#breadcrumb\",\"itemListElement\":[{\"@type\":\"ListItem\",\"position\":1,\"item\":{\"@type\":\"WebPage\",\"@id\":\"https:\/\/dev.sonoranjv.org\/es\/\",\"url\":\"https:\/\/dev.sonoranjv.org\/es\/\",\"name\":\"Home\"}},{\"@type\":\"ListItem\",\"position\":2,\"item\":{\"@type\":\"WebPage\",\"@id\":\"https:\/\/dev.sonoranjv.org\/es\/planificacion\/\",\"url\":\"https:\/\/dev.sonoranjv.org\/es\/planificacion\/\",\"name\":\"Planificaci\\u00f3n\"}},{\"@type\":\"ListItem\",\"position\":3,\"item\":{\"@id\":\"https:\/\/dev.sonoranjv.org\/es\/planificacion\/otros-planes-de-conservacion-de-aves\/#webpage\"}}]}]}<\/script>\n<!-- \/ Yoast SEO plugin. -->","_links":{"self":[{"href":"https:\/\/dev.sonoranjv.org\/es\/wp-json\/wp\/v2\/pages\/3958"}],"collection":[{"href":"https:\/\/dev.sonoranjv.org\/es\/wp-json\/wp\/v2\/pages"}],"about":[{"href":"https:\/\/dev.sonoranjv.org\/es\/wp-json\/wp\/v2\/types\/page"}],"author":[{"embeddable":true,"href":"https:\/\/dev.sonoranjv.org\/es\/wp-json\/wp\/v2\/users\/2"}],"replies":[{"embeddable":true,"href":"https:\/\/dev.sonoranjv.org\/es\/wp-json\/wp\/v2\/comments?post=3958"}],"version-history":[{"count":10,"href":"https:\/\/dev.sonoranjv.org\/es\/wp-json\/wp\/v2\/pages\/3958\/revisions"}],"predecessor-version":[{"id":8200,"href":"https:\/\/dev.sonoranjv.org\/es\/wp-json\/wp\/v2\/pages\/3958\/revisions\/8200"}],"up":[{"embeddable":true,"href":"https:\/\/dev.sonoranjv.org\/es\/wp-json\/wp\/v2\/pages\/3914"}],"wp:attachment":[{"href":"https:\/\/dev.sonoranjv.org\/es\/wp-json\/wp\/v2\/media?parent=3958"}],"curies":[{"name":"wp","href":"https:\/\/api.w.org\/{rel}","templated":true}]}}