{"id":3956,"date":"2012-05-14T12:14:44","date_gmt":"2012-05-14T19:14:44","guid":{"rendered":"http:\/\/sonoranjv.org\/suplemento-de-manejo-de-aves-acuaticas-de-la-sonoran-joint-venture\/"},"modified":"2019-10-08T10:38:56","modified_gmt":"2019-10-08T17:38:56","slug":"suplemento-de-manejo-de-aves-acuaticas-de-la-sonoran-joint-venture","status":"publish","type":"page","link":"https:\/\/dev.sonoranjv.org\/es\/planificacion\/suplemento-de-manejo-de-aves-acuaticas-de-la-sonoran-joint-venture\/","title":{"rendered":"Suplemento de Manejo de Aves Acu\u00e1ticas del Sonoran Joint Venture"},"content":{"rendered":"<p>El Suplemento de Aves Acu\u00e1ticas del Sonoran Joint Venture (Suplemento) es un mapa para la conservaci\u00f3n de aves acu\u00e1ticas cineg\u00e9ticas. Se gu\u00eda e informa al equipo de trabajo, el Consejo Consultivo, los comit\u00e9s y los colaboradores del Sonoran Joint Venture en sus actividades de conservaci\u00f3n en un proceso din\u00e1mico basado en el conocimiento cient\u00edfico, la planeaci\u00f3n adaptativa de conservaci\u00f3n y la entrega de productos. El Suplemento tambi\u00e9n demuestra y enfatiza la necesidad de acciones de conservaci\u00f3n y de los recursos para obtener los objetivos biol\u00f3gicos del SJV. Este Suplemento dibuja los objetivos de poblaci\u00f3n y h\u00e1bitat, las estrategias de implementaci\u00f3n, los temas de monitoreo e investigaci\u00f3n, \u00e1reas prioritarias y otra informaci\u00f3n esencial para el SJV y sus colaboradores para conservar aves acu\u00e1ticas cineg\u00e9ticas y humedales.<\/p>\n<p><a href=\"https:\/\/sonoranjv.org\/wp-content\/uploads\/2012\/05\/SJV_Waterfowl_Mgmt_Supplement_v2011_1221.pdf\" target=\"_blank\" rel=\"noopener noreferrer\">\u00bb <\/a><a href=\"https:\/\/sonoranjv.org\/wp-content\/uploads\/2012\/05\/SJV_Waterfowl_Mgmt_Supplement_v2011_1221.pdf\" target=\"_blank\" rel=\"noopener noreferrer\">Clic aqu\u00ed para bajar El Suplemento de Aves Acu\u00e1ticas del Sonoran Joint Venture<\/a> (en ingl\u00e9s)<\/p>\n","protected":false},"excerpt":{"rendered":"<p>El Suplemento de Aves Acu\u00e1ticas del Sonoran Joint Venture (Suplemento) es un mapa para la conservaci\u00f3n de aves acu\u00e1ticas cineg\u00e9ticas. Se gu\u00eda e informa al equipo de trabajo, el Consejo Consultivo, los comit\u00e9s y los colaboradores del Sonoran Joint Venture en sus actividades de conservaci\u00f3n en un proceso din\u00e1mico basado en el conocimiento cient\u00edfico, la<\/p>\n","protected":false},"author":2,"featured_media":0,"parent":3914,"menu_order":0,"comment_status":"closed","ping_status":"open","template":"","meta":[],"yoast_head":"<!-- This site is optimized with the Yoast SEO plugin v16.2 - https:\/\/yoast.com\/wordpress\/plugins\/seo\/ -->\n<title>Suplemento de Manejo de Aves Acu\u00e1ticas del Sonoran Joint Venture - Sonoran Joint Venture<\/title>\n<meta name=\"robots\" content=\"index, follow, max-snippet:-1, max-image-preview:large, max-video-preview:-1\" \/>\n<link rel=\"canonical\" href=\"https:\/\/dev.sonoranjv.org\/es\/planificacion\/suplemento-de-manejo-de-aves-acuaticas-de-la-sonoran-joint-venture\/\" \/>\n<meta property=\"og:locale\" content=\"es_ES\" \/>\n<meta property=\"og:type\" content=\"article\" \/>\n<meta property=\"og:title\" content=\"Suplemento de Manejo de Aves Acu\u00e1ticas del Sonoran Joint Venture - Sonoran Joint Venture\" \/>\n<meta property=\"og:description\" content=\"El Suplemento de Aves Acu\u00e1ticas del Sonoran Joint Venture (Suplemento) es un mapa para la conservaci\u00f3n de aves acu\u00e1ticas cineg\u00e9ticas. Se gu\u00eda e informa al equipo de trabajo, el Consejo Consultivo, los comit\u00e9s y los colaboradores del Sonoran Joint Venture en sus actividades de conservaci\u00f3n en un proceso din\u00e1mico basado en el conocimiento cient\u00edfico, la\" \/>\n<meta property=\"og:url\" content=\"https:\/\/dev.sonoranjv.org\/es\/planificacion\/suplemento-de-manejo-de-aves-acuaticas-de-la-sonoran-joint-venture\/\" \/>\n<meta property=\"og:site_name\" content=\"Sonoran Joint Venture\" \/>\n<meta property=\"article:publisher\" content=\"http:\/\/www.facebook.com\/sonoranjv\" \/>\n<meta property=\"article:modified_time\" content=\"2019-10-08T17:38:56+00:00\" \/>\n<meta name=\"twitter:card\" content=\"summary\" \/>\n<meta name=\"twitter:site\" content=\"@sonoranjv\" \/>\n<meta name=\"twitter:label1\" content=\"Tiempo de lectura\">\n\t<meta name=\"twitter:data1\" content=\"1 minuto\">\n<script type=\"application\/ld+json\" class=\"yoast-schema-graph\">{\"@context\":\"https:\/\/schema.org\",\"@graph\":[{\"@type\":\"Organization\",\"@id\":\"https:\/\/dev.sonoranjv.org\/es\/#organization\",\"name\":\"Sonoran Joint Venture\",\"url\":\"https:\/\/dev.sonoranjv.org\/es\/\",\"sameAs\":[\"http:\/\/www.facebook.com\/sonoranjv\",\"https:\/\/www.pinterest.com\/sonoranjv\/pins\/\",\"https:\/\/twitter.com\/sonoranjv\"],\"logo\":{\"@type\":\"ImageObject\",\"@id\":\"https:\/\/dev.sonoranjv.org\/es\/#logo\",\"inLanguage\":\"es\",\"url\":\"https:\/\/sonoranjv.org\/wp-content\/uploads\/2017\/05\/sonoran-joint-venture-og.jpg\",\"contentUrl\":\"https:\/\/sonoranjv.org\/wp-content\/uploads\/2017\/05\/sonoran-joint-venture-og.jpg\",\"width\":\"573\",\"height\":\"316\",\"caption\":\"Sonoran Joint Venture\"},\"image\":{\"@id\":\"https:\/\/dev.sonoranjv.org\/es\/#logo\"}},{\"@type\":\"WebSite\",\"@id\":\"https:\/\/dev.sonoranjv.org\/es\/#website\",\"url\":\"https:\/\/dev.sonoranjv.org\/es\/\",\"name\":\"Sonoran Joint Venture\",\"description\":\"Conserving the unique birds and habitats of the southwestern United States and northwestern Mexico\",\"publisher\":{\"@id\":\"https:\/\/dev.sonoranjv.org\/es\/#organization\"},\"potentialAction\":[{\"@type\":\"SearchAction\",\"target\":\"https:\/\/dev.sonoranjv.org\/es\/?s={search_term_string}\",\"query-input\":\"required name=search_term_string\"}],\"inLanguage\":\"es\"},{\"@type\":\"WebPage\",\"@id\":\"https:\/\/dev.sonoranjv.org\/es\/planificacion\/suplemento-de-manejo-de-aves-acuaticas-de-la-sonoran-joint-venture\/#webpage\",\"url\":\"https:\/\/dev.sonoranjv.org\/es\/planificacion\/suplemento-de-manejo-de-aves-acuaticas-de-la-sonoran-joint-venture\/\",\"name\":\"Suplemento de Manejo de Aves Acu\\u00e1ticas del Sonoran Joint Venture - Sonoran Joint Venture\",\"isPartOf\":{\"@id\":\"https:\/\/dev.sonoranjv.org\/es\/#website\"},\"datePublished\":\"2012-05-14T19:14:44+00:00\",\"dateModified\":\"2019-10-08T17:38:56+00:00\",\"breadcrumb\":{\"@id\":\"https:\/\/dev.sonoranjv.org\/es\/planificacion\/suplemento-de-manejo-de-aves-acuaticas-de-la-sonoran-joint-venture\/#breadcrumb\"},\"inLanguage\":\"es\",\"potentialAction\":[{\"@type\":\"ReadAction\",\"target\":[\"https:\/\/dev.sonoranjv.org\/es\/planificacion\/suplemento-de-manejo-de-aves-acuaticas-de-la-sonoran-joint-venture\/\"]}]},{\"@type\":\"BreadcrumbList\",\"@id\":\"https:\/\/dev.sonoranjv.org\/es\/planificacion\/suplemento-de-manejo-de-aves-acuaticas-de-la-sonoran-joint-venture\/#breadcrumb\",\"itemListElement\":[{\"@type\":\"ListItem\",\"position\":1,\"item\":{\"@type\":\"WebPage\",\"@id\":\"https:\/\/dev.sonoranjv.org\/es\/\",\"url\":\"https:\/\/dev.sonoranjv.org\/es\/\",\"name\":\"Home\"}},{\"@type\":\"ListItem\",\"position\":2,\"item\":{\"@type\":\"WebPage\",\"@id\":\"https:\/\/dev.sonoranjv.org\/es\/planificacion\/\",\"url\":\"https:\/\/dev.sonoranjv.org\/es\/planificacion\/\",\"name\":\"Planificaci\\u00f3n\"}},{\"@type\":\"ListItem\",\"position\":3,\"item\":{\"@id\":\"https:\/\/dev.sonoranjv.org\/es\/planificacion\/suplemento-de-manejo-de-aves-acuaticas-de-la-sonoran-joint-venture\/#webpage\"}}]}]}<\/script>\n<!-- \/ Yoast SEO plugin. -->","_links":{"self":[{"href":"https:\/\/dev.sonoranjv.org\/es\/wp-json\/wp\/v2\/pages\/3956"}],"collection":[{"href":"https:\/\/dev.sonoranjv.org\/es\/wp-json\/wp\/v2\/pages"}],"about":[{"href":"https:\/\/dev.sonoranjv.org\/es\/wp-json\/wp\/v2\/types\/page"}],"author":[{"embeddable":true,"href":"https:\/\/dev.sonoranjv.org\/es\/wp-json\/wp\/v2\/users\/2"}],"replies":[{"embeddable":true,"href":"https:\/\/dev.sonoranjv.org\/es\/wp-json\/wp\/v2\/comments?post=3956"}],"version-history":[{"count":7,"href":"https:\/\/dev.sonoranjv.org\/es\/wp-json\/wp\/v2\/pages\/3956\/revisions"}],"predecessor-version":[{"id":8182,"href":"https:\/\/dev.sonoranjv.org\/es\/wp-json\/wp\/v2\/pages\/3956\/revisions\/8182"}],"up":[{"embeddable":true,"href":"https:\/\/dev.sonoranjv.org\/es\/wp-json\/wp\/v2\/pages\/3914"}],"wp:attachment":[{"href":"https:\/\/dev.sonoranjv.org\/es\/wp-json\/wp\/v2\/media?parent=3956"}],"curies":[{"name":"wp","href":"https:\/\/api.w.org\/{rel}","templated":true}]}}