{"id":3952,"date":"2011-11-11T19:50:03","date_gmt":"2011-11-11T19:50:03","guid":{"rendered":"http:\/\/sonoranjv.org\/listserv-del-sonoran-joint-venture\/"},"modified":"2017-07-03T08:45:27","modified_gmt":"2017-07-03T15:45:27","slug":"listserv-del-sonoran-joint-venture","status":"publish","type":"page","link":"https:\/\/dev.sonoranjv.org\/es\/noticias\/listserv-del-sonoran-joint-venture\/","title":{"rendered":"Listserv del Sonoran Joint Venture"},"content":{"rendered":"<p>Suscribirse a la lista gratuita del SJV es una manera de estar al d\u00eda con el SJV. Para hacerlo, siga estas sencillas instrucciones:<\/p>\n<ol>\n<li>Enviar un correo electr\u00f3nico a <a href=\"mailto:listserv@listserv.uark.edu\">listserv@listserv.uark.edu<\/a> con el siguiente mensaje:<br \/>\nsubscribe SONOJV-L su nombre su apellido<\/li>\n<li>Dejar el tema en blanco.<\/li>\n<\/ol>\n<p>Ejemplo: subscribe SONOJV-L Juan L\u00f3pez<\/p>\n<p>Despu\u00e9s de enviar el correo, debe recibir una respuesta automatizada con instrucciones sobre c\u00f3mo publicar, cambiar sus preferencias, o eliminar su subscripci\u00f3n. Si tiene alg\u00fan problema, comunicarse con <a href=\"mailto:emily_clark@fws.gov\">Emily Clark<\/a>.<\/p>\n","protected":false},"excerpt":{"rendered":"<p>Suscribirse a la lista gratuita del SJV es una manera de estar al d\u00eda con el SJV. Para hacerlo, siga estas sencillas instrucciones: Enviar un correo electr\u00f3nico a listserv@listserv.uark.edu con el siguiente mensaje: subscribe SONOJV-L su nombre su apellido Dejar el tema en blanco. Ejemplo: subscribe SONOJV-L Juan L\u00f3pez Despu\u00e9s de enviar el correo, debe<\/p>\n","protected":false},"author":2,"featured_media":0,"parent":3918,"menu_order":0,"comment_status":"closed","ping_status":"closed","template":"","meta":[],"yoast_head":"<!-- This site is optimized with the Yoast SEO plugin v16.2 - https:\/\/yoast.com\/wordpress\/plugins\/seo\/ -->\n<title>Listserv del Sonoran Joint Venture - Sonoran Joint Venture<\/title>\n<meta name=\"robots\" content=\"index, follow, max-snippet:-1, max-image-preview:large, max-video-preview:-1\" \/>\n<link rel=\"canonical\" href=\"https:\/\/dev.sonoranjv.org\/es\/noticias\/listserv-del-sonoran-joint-venture\/\" \/>\n<meta property=\"og:locale\" content=\"es_ES\" \/>\n<meta property=\"og:type\" content=\"article\" \/>\n<meta property=\"og:title\" content=\"Listserv del Sonoran Joint Venture - Sonoran Joint Venture\" \/>\n<meta property=\"og:description\" content=\"Suscribirse a la lista gratuita del SJV es una manera de estar al d\u00eda con el SJV. Para hacerlo, siga estas sencillas instrucciones: Enviar un correo electr\u00f3nico a listserv@listserv.uark.edu con el siguiente mensaje: subscribe SONOJV-L su nombre su apellido Dejar el tema en blanco. Ejemplo: subscribe SONOJV-L Juan L\u00f3pez Despu\u00e9s de enviar el correo, debe\" \/>\n<meta property=\"og:url\" content=\"https:\/\/dev.sonoranjv.org\/es\/noticias\/listserv-del-sonoran-joint-venture\/\" \/>\n<meta property=\"og:site_name\" content=\"Sonoran Joint Venture\" \/>\n<meta property=\"article:publisher\" content=\"http:\/\/www.facebook.com\/sonoranjv\" \/>\n<meta property=\"article:modified_time\" content=\"2017-07-03T15:45:27+00:00\" \/>\n<meta name=\"twitter:card\" content=\"summary\" \/>\n<meta name=\"twitter:site\" content=\"@sonoranjv\" \/>\n<script type=\"application\/ld+json\" class=\"yoast-schema-graph\">{\"@context\":\"https:\/\/schema.org\",\"@graph\":[{\"@type\":\"Organization\",\"@id\":\"https:\/\/dev.sonoranjv.org\/es\/#organization\",\"name\":\"Sonoran Joint Venture\",\"url\":\"https:\/\/dev.sonoranjv.org\/es\/\",\"sameAs\":[\"http:\/\/www.facebook.com\/sonoranjv\",\"https:\/\/www.pinterest.com\/sonoranjv\/pins\/\",\"https:\/\/twitter.com\/sonoranjv\"],\"logo\":{\"@type\":\"ImageObject\",\"@id\":\"https:\/\/dev.sonoranjv.org\/es\/#logo\",\"inLanguage\":\"es\",\"url\":\"https:\/\/sonoranjv.org\/wp-content\/uploads\/2017\/05\/sonoran-joint-venture-og.jpg\",\"contentUrl\":\"https:\/\/sonoranjv.org\/wp-content\/uploads\/2017\/05\/sonoran-joint-venture-og.jpg\",\"width\":\"573\",\"height\":\"316\",\"caption\":\"Sonoran Joint Venture\"},\"image\":{\"@id\":\"https:\/\/dev.sonoranjv.org\/es\/#logo\"}},{\"@type\":\"WebSite\",\"@id\":\"https:\/\/dev.sonoranjv.org\/es\/#website\",\"url\":\"https:\/\/dev.sonoranjv.org\/es\/\",\"name\":\"Sonoran Joint Venture\",\"description\":\"Conserving the unique birds and habitats of the southwestern United States and northwestern Mexico\",\"publisher\":{\"@id\":\"https:\/\/dev.sonoranjv.org\/es\/#organization\"},\"potentialAction\":[{\"@type\":\"SearchAction\",\"target\":\"https:\/\/dev.sonoranjv.org\/es\/?s={search_term_string}\",\"query-input\":\"required name=search_term_string\"}],\"inLanguage\":\"es\"},{\"@type\":\"WebPage\",\"@id\":\"https:\/\/dev.sonoranjv.org\/es\/noticias\/listserv-del-sonoran-joint-venture\/#webpage\",\"url\":\"https:\/\/dev.sonoranjv.org\/es\/noticias\/listserv-del-sonoran-joint-venture\/\",\"name\":\"Listserv del Sonoran Joint Venture - Sonoran Joint Venture\",\"isPartOf\":{\"@id\":\"https:\/\/dev.sonoranjv.org\/es\/#website\"},\"datePublished\":\"2011-11-11T19:50:03+00:00\",\"dateModified\":\"2017-07-03T15:45:27+00:00\",\"breadcrumb\":{\"@id\":\"https:\/\/dev.sonoranjv.org\/es\/noticias\/listserv-del-sonoran-joint-venture\/#breadcrumb\"},\"inLanguage\":\"es\",\"potentialAction\":[{\"@type\":\"ReadAction\",\"target\":[\"https:\/\/dev.sonoranjv.org\/es\/noticias\/listserv-del-sonoran-joint-venture\/\"]}]},{\"@type\":\"BreadcrumbList\",\"@id\":\"https:\/\/dev.sonoranjv.org\/es\/noticias\/listserv-del-sonoran-joint-venture\/#breadcrumb\",\"itemListElement\":[{\"@type\":\"ListItem\",\"position\":1,\"item\":{\"@type\":\"WebPage\",\"@id\":\"https:\/\/dev.sonoranjv.org\/es\/\",\"url\":\"https:\/\/dev.sonoranjv.org\/es\/\",\"name\":\"Home\"}},{\"@type\":\"ListItem\",\"position\":2,\"item\":{\"@type\":\"WebPage\",\"@id\":\"https:\/\/dev.sonoranjv.org\/es\/noticias\/\",\"url\":\"https:\/\/dev.sonoranjv.org\/es\/noticias\/\",\"name\":\"Noticias\"}},{\"@type\":\"ListItem\",\"position\":3,\"item\":{\"@id\":\"https:\/\/dev.sonoranjv.org\/es\/noticias\/listserv-del-sonoran-joint-venture\/#webpage\"}}]}]}<\/script>\n<!-- \/ Yoast SEO plugin. -->","_links":{"self":[{"href":"https:\/\/dev.sonoranjv.org\/es\/wp-json\/wp\/v2\/pages\/3952"}],"collection":[{"href":"https:\/\/dev.sonoranjv.org\/es\/wp-json\/wp\/v2\/pages"}],"about":[{"href":"https:\/\/dev.sonoranjv.org\/es\/wp-json\/wp\/v2\/types\/page"}],"author":[{"embeddable":true,"href":"https:\/\/dev.sonoranjv.org\/es\/wp-json\/wp\/v2\/users\/2"}],"replies":[{"embeddable":true,"href":"https:\/\/dev.sonoranjv.org\/es\/wp-json\/wp\/v2\/comments?post=3952"}],"version-history":[{"count":2,"href":"https:\/\/dev.sonoranjv.org\/es\/wp-json\/wp\/v2\/pages\/3952\/revisions"}],"predecessor-version":[{"id":5502,"href":"https:\/\/dev.sonoranjv.org\/es\/wp-json\/wp\/v2\/pages\/3952\/revisions\/5502"}],"up":[{"embeddable":true,"href":"https:\/\/dev.sonoranjv.org\/es\/wp-json\/wp\/v2\/pages\/3918"}],"wp:attachment":[{"href":"https:\/\/dev.sonoranjv.org\/es\/wp-json\/wp\/v2\/media?parent=3952"}],"curies":[{"name":"wp","href":"https:\/\/api.w.org\/{rel}","templated":true}]}}