{"id":3938,"date":"2011-02-23T15:11:50","date_gmt":"2011-02-23T15:11:50","guid":{"rendered":"http:\/\/sonoranjv.org\/plan-de-conservacion-de-aves\/"},"modified":"2019-10-08T10:37:32","modified_gmt":"2019-10-08T17:37:32","slug":"plan-de-conservacion-de-aves","status":"publish","type":"page","link":"https:\/\/dev.sonoranjv.org\/es\/planificacion\/plan-de-conservacion-de-aves\/","title":{"rendered":"Plan de Conservaci\u00f3n de Aves"},"content":{"rendered":"<h2>Resumen Ejecutivo<\/h2>\n<p>El Plan de Conservaci\u00f3n De Aves (Plan) del Sonoran Joint Venture (SJV) provee los fundamentos biol\u00f3gicos para las actividades del SJV. El Plan resume la situaci\u00f3n de las especies de aves, establece prioridades para estas especies, provee discusiones sobre el h\u00e1bitat y recomendaciones de conservaci\u00f3n y lista las \u00c1reas Foco para acciones de conservaci\u00f3n. Este Plan ser\u00e1 un plan maestro para la conservaci\u00f3n regional de aves. Guiar\u00e1 las acciones del equipo de trabajo del SJV, su Consejo Consultivo y a sus comit\u00e9s en sus acciones e informar\u00e1 a los socios de SJV de las actividades ben\u00e9ficas. Finalmente y de importancia principal, este Plan demuestra y enfatiza la necesidad de acciones de conservaci\u00f3n y los recursos necesarios para lograr los objetivos biol\u00f3gicos del SJV.<\/p>\n<p><a href=\"https:\/\/sonoranjv.org\/wp-content\/uploads\/2011\/02\/SJVConsPlan121206.pdf\">\u00bb Clic aqu\u00ed para bajar el Plan de Conservaci\u00f3n de Aves del SJV<\/a> (en ingl\u00e9s)<\/p>\n<p>Hay aproximadamente 740 especies documentadas en el \u00e1rea del SJV. De estas, 667 se encuentran regularmente. Uno de los prop\u00f3sitos principales y de las caracter\u00edsticas \u00fanicas del Plan es un an\u00e1lisis de la avifauna que eval\u00faa la situaci\u00f3n y asigna prioridades a las especies en el \u00e1rea del SJV. A nivel continental, 155 especies son consideradas Especies de Preocupaci\u00f3n que merecen atenci\u00f3n para su conservaci\u00f3n. Adem\u00e1s hay 152 Especies de Preocupaci\u00f3n Regional.<\/p>\n<p>El SJV est\u00e1 dividida en cuatro regiones ecol\u00f3gicas, cada una de ellas tiene h\u00e1bitats, aves y problemas de conservaci\u00f3n de conservaci\u00f3n \u00fanicos. Cada Regi\u00f3n es discutida por separado como un cap\u00edtulo de este Plan. Las Especies de Preocupaci\u00f3n Continental, evaluadas a escala binacional, son listadas para cada Regi\u00f3n. Las especies que se encuentran en cada Regi\u00f3n son evaluadas por separado para el Nivel de Preocupaci\u00f3n Regional. Tambi\u00e9n presentamos a las especies de Responsabilidad de Manejo (Stewardship Responsibility Species) v.g., especies para las cuales la Regi\u00f3n tiene un gran porcentaje de las poblaciones de esas especies y por lo tanto un alto grado de \u201cresponsabilidad\u201d para conservarla). Las Especies de Preocupaci\u00f3n son listadas y se les asigna un rango en los Cuadros de H\u00e1bitat de acuerdo a sus necesidades y objetivo para la poblaci\u00f3n. Los h\u00e1bitats que se encuentran dentro de cada Regi\u00f3n tienen caracter\u00edsticas de comunidades de planta y f\u00edsicas\/biol\u00f3gicas y descripciones de amenazas as\u00ed como una lista de acciones y oportunidades de conservaci\u00f3n.<\/p>\n<p>La Regi\u00f3n de las Fronteras \u00c1ridas (Arid Borderland) abarca principalmente los matorrales des\u00e9rticos de Mojave, Sonora y Vizca\u00edno y los m\u00faltiples h\u00e1bitats de humedales e islas asociadas a aproximadamente 3,200 km de l\u00ednea de costa. En esta Regi\u00f3n existen 88 Especies de Preocupaci\u00f3n Continental, 83 Especies de Preocupaci\u00f3n Regional y 20 Especies de Responsabilidad de Manejo. Los principales h\u00e1bitats en los que habitan las Especies de Preocupaci\u00f3n son matorral des\u00e9rtico, bosque de mezquite, ripario y humedales de agua dulce y costeros.<\/p>\n<p>La Regi\u00f3n de Costas y Monta\u00f1as de California (California Coasts and Mountains) es conocida por su matorral costero, el chaparral y varios tipos de bosque que se encuentra en sus monta\u00f1as escarpadas. En la Regi\u00f3n tambi\u00e9n existen humedales costeros de importancia cr\u00edtica e islas de reproducci\u00f3n de aves, en las que muchas de estas islas tienen especies y subespecies distintivas y en peligro considerable. Se identificaron 82 especies de Preocupaci\u00f3n Continental, 41 de Preocupaci\u00f3n Regional y 12 m\u00e1s de Responsabilidad de Manejo. Adem\u00e1s de los humedales e islas con aves reproductoras, el matorral costero y el chaparral tienen un n\u00famero de Especies de Preocupaci\u00f3n.<\/p>\n<p>La Regi\u00f3n de las Tierras Altas Mexicanas (Mexican Highlands) se caracteriza por elevaciones altas y una topograf\u00eda compleja, donde varios tipos de bosques se entrelazan con pastizales de desierto, matorral des\u00e9rtico y matorral espinoso. Hay 71 Especies de Preocupaci\u00f3n Continental, 60 de Preocupaci\u00f3n Regional y 30 m\u00e1s de Responsabilidad de Manejo. La mayor\u00eda de las Especies de Preocupaci\u00f3n se encuentran en bosques de pino-encino y con\u00edferas mixtas, zonas riparias y pastizales.<\/p>\n<p>La Regi\u00f3n de las Tierras Bajas del Pac\u00edfico (Pacific Lowlands) es principalmente un \u00e1rea de matorral espinoso y l\u00ednea de costa donde se encuentran muchos humedales de importancia continental. Hay 88 Especies de Preocupaci\u00f3n Continental, 51 de Preocupaci\u00f3n Regional y 11 m\u00e1s de Responsabilidad de Manejo. La mayor\u00eda de las Especies de Preocupaci\u00f3n se encuentran en el bosque tropical caducifolio y en los diversos humedales costeros.<\/p>\n<p><strong>Informaci\u00f3n de Contacto:<\/strong><br \/>\n<a href=\"mailto:jennie_duberstein@fws.gov\">Jennie Duberstein<\/a><\/p>\n","protected":false},"excerpt":{"rendered":"<p>Resumen Ejecutivo El Plan de Conservaci\u00f3n De Aves (Plan) del Sonoran Joint Venture (SJV) provee los fundamentos biol\u00f3gicos para las actividades del SJV. El Plan resume la situaci\u00f3n de las especies de aves, establece prioridades para estas especies, provee discusiones sobre el h\u00e1bitat y recomendaciones de conservaci\u00f3n y lista las \u00c1reas Foco para acciones de<\/p>\n","protected":false},"author":2,"featured_media":0,"parent":3914,"menu_order":0,"comment_status":"closed","ping_status":"closed","template":"","meta":[],"yoast_head":"<!-- This site is optimized with the Yoast SEO plugin v16.2 - https:\/\/yoast.com\/wordpress\/plugins\/seo\/ -->\n<title>Plan de Conservaci\u00f3n de Aves - Sonoran Joint Venture<\/title>\n<meta name=\"robots\" content=\"index, follow, max-snippet:-1, max-image-preview:large, max-video-preview:-1\" \/>\n<link rel=\"canonical\" href=\"https:\/\/dev.sonoranjv.org\/es\/planificacion\/plan-de-conservacion-de-aves\/\" \/>\n<meta property=\"og:locale\" content=\"es_ES\" \/>\n<meta property=\"og:type\" content=\"article\" \/>\n<meta property=\"og:title\" content=\"Plan de Conservaci\u00f3n de Aves - Sonoran Joint Venture\" \/>\n<meta property=\"og:description\" content=\"Resumen Ejecutivo El Plan de Conservaci\u00f3n De Aves (Plan) del Sonoran Joint Venture (SJV) provee los fundamentos biol\u00f3gicos para las actividades del SJV. El Plan resume la situaci\u00f3n de las especies de aves, establece prioridades para estas especies, provee discusiones sobre el h\u00e1bitat y recomendaciones de conservaci\u00f3n y lista las \u00c1reas Foco para acciones de\" \/>\n<meta property=\"og:url\" content=\"https:\/\/dev.sonoranjv.org\/es\/planificacion\/plan-de-conservacion-de-aves\/\" \/>\n<meta property=\"og:site_name\" content=\"Sonoran Joint Venture\" \/>\n<meta property=\"article:publisher\" content=\"http:\/\/www.facebook.com\/sonoranjv\" \/>\n<meta property=\"article:modified_time\" content=\"2019-10-08T17:37:32+00:00\" \/>\n<meta name=\"twitter:card\" content=\"summary\" \/>\n<meta name=\"twitter:site\" content=\"@sonoranjv\" \/>\n<meta name=\"twitter:label1\" content=\"Tiempo de lectura\">\n\t<meta name=\"twitter:data1\" content=\"4 minutos\">\n<script type=\"application\/ld+json\" class=\"yoast-schema-graph\">{\"@context\":\"https:\/\/schema.org\",\"@graph\":[{\"@type\":\"Organization\",\"@id\":\"https:\/\/dev.sonoranjv.org\/es\/#organization\",\"name\":\"Sonoran Joint Venture\",\"url\":\"https:\/\/dev.sonoranjv.org\/es\/\",\"sameAs\":[\"http:\/\/www.facebook.com\/sonoranjv\",\"https:\/\/www.pinterest.com\/sonoranjv\/pins\/\",\"https:\/\/twitter.com\/sonoranjv\"],\"logo\":{\"@type\":\"ImageObject\",\"@id\":\"https:\/\/dev.sonoranjv.org\/es\/#logo\",\"inLanguage\":\"es\",\"url\":\"https:\/\/sonoranjv.org\/wp-content\/uploads\/2017\/05\/sonoran-joint-venture-og.jpg\",\"contentUrl\":\"https:\/\/sonoranjv.org\/wp-content\/uploads\/2017\/05\/sonoran-joint-venture-og.jpg\",\"width\":\"573\",\"height\":\"316\",\"caption\":\"Sonoran Joint Venture\"},\"image\":{\"@id\":\"https:\/\/dev.sonoranjv.org\/es\/#logo\"}},{\"@type\":\"WebSite\",\"@id\":\"https:\/\/dev.sonoranjv.org\/es\/#website\",\"url\":\"https:\/\/dev.sonoranjv.org\/es\/\",\"name\":\"Sonoran Joint Venture\",\"description\":\"Conserving the unique birds and habitats of the southwestern United States and northwestern Mexico\",\"publisher\":{\"@id\":\"https:\/\/dev.sonoranjv.org\/es\/#organization\"},\"potentialAction\":[{\"@type\":\"SearchAction\",\"target\":\"https:\/\/dev.sonoranjv.org\/es\/?s={search_term_string}\",\"query-input\":\"required name=search_term_string\"}],\"inLanguage\":\"es\"},{\"@type\":\"WebPage\",\"@id\":\"https:\/\/dev.sonoranjv.org\/es\/planificacion\/plan-de-conservacion-de-aves\/#webpage\",\"url\":\"https:\/\/dev.sonoranjv.org\/es\/planificacion\/plan-de-conservacion-de-aves\/\",\"name\":\"Plan de Conservaci\\u00f3n de Aves - Sonoran Joint Venture\",\"isPartOf\":{\"@id\":\"https:\/\/dev.sonoranjv.org\/es\/#website\"},\"datePublished\":\"2011-02-23T15:11:50+00:00\",\"dateModified\":\"2019-10-08T17:37:32+00:00\",\"breadcrumb\":{\"@id\":\"https:\/\/dev.sonoranjv.org\/es\/planificacion\/plan-de-conservacion-de-aves\/#breadcrumb\"},\"inLanguage\":\"es\",\"potentialAction\":[{\"@type\":\"ReadAction\",\"target\":[\"https:\/\/dev.sonoranjv.org\/es\/planificacion\/plan-de-conservacion-de-aves\/\"]}]},{\"@type\":\"BreadcrumbList\",\"@id\":\"https:\/\/dev.sonoranjv.org\/es\/planificacion\/plan-de-conservacion-de-aves\/#breadcrumb\",\"itemListElement\":[{\"@type\":\"ListItem\",\"position\":1,\"item\":{\"@type\":\"WebPage\",\"@id\":\"https:\/\/dev.sonoranjv.org\/es\/\",\"url\":\"https:\/\/dev.sonoranjv.org\/es\/\",\"name\":\"Home\"}},{\"@type\":\"ListItem\",\"position\":2,\"item\":{\"@type\":\"WebPage\",\"@id\":\"https:\/\/dev.sonoranjv.org\/es\/planificacion\/\",\"url\":\"https:\/\/dev.sonoranjv.org\/es\/planificacion\/\",\"name\":\"Planificaci\\u00f3n\"}},{\"@type\":\"ListItem\",\"position\":3,\"item\":{\"@id\":\"https:\/\/dev.sonoranjv.org\/es\/planificacion\/plan-de-conservacion-de-aves\/#webpage\"}}]}]}<\/script>\n<!-- \/ Yoast SEO plugin. -->","_links":{"self":[{"href":"https:\/\/dev.sonoranjv.org\/es\/wp-json\/wp\/v2\/pages\/3938"}],"collection":[{"href":"https:\/\/dev.sonoranjv.org\/es\/wp-json\/wp\/v2\/pages"}],"about":[{"href":"https:\/\/dev.sonoranjv.org\/es\/wp-json\/wp\/v2\/types\/page"}],"author":[{"embeddable":true,"href":"https:\/\/dev.sonoranjv.org\/es\/wp-json\/wp\/v2\/users\/2"}],"replies":[{"embeddable":true,"href":"https:\/\/dev.sonoranjv.org\/es\/wp-json\/wp\/v2\/comments?post=3938"}],"version-history":[{"count":10,"href":"https:\/\/dev.sonoranjv.org\/es\/wp-json\/wp\/v2\/pages\/3938\/revisions"}],"predecessor-version":[{"id":8181,"href":"https:\/\/dev.sonoranjv.org\/es\/wp-json\/wp\/v2\/pages\/3938\/revisions\/8181"}],"up":[{"embeddable":true,"href":"https:\/\/dev.sonoranjv.org\/es\/wp-json\/wp\/v2\/pages\/3914"}],"wp:attachment":[{"href":"https:\/\/dev.sonoranjv.org\/es\/wp-json\/wp\/v2\/media?parent=3938"}],"curies":[{"name":"wp","href":"https:\/\/api.w.org\/{rel}","templated":true}]}}