{"id":3936,"date":"2011-02-23T15:11:06","date_gmt":"2011-02-23T15:11:06","guid":{"rendered":"http:\/\/sonoranjv.org\/plan-estrategica\/"},"modified":"2019-10-08T10:35:58","modified_gmt":"2019-10-08T17:35:58","slug":"plan-estrategica","status":"publish","type":"page","link":"https:\/\/dev.sonoranjv.org\/es\/planificacion\/plan-estrategica\/","title":{"rendered":"Plan Estrat\u00e9gica"},"content":{"rendered":"<p>El Plan Estrat\u00e9gico del Sonoran Joint Venture presente una estrategia regional para proteger, conservar, restaurar y mejorar poblaciones de aves y sus h\u00e1bitats dentro de los l\u00edmites del Sonoran Joint Venture. Esta versi\u00f3n del Plan ser\u00e1 actualizada regularmente en un proceso din\u00e1mico basado en los mejores datos e informaci\u00f3n desarrollado por los socios del SJV.<\/p>\n<h2>Prop\u00f3sito y Contenidos del Plan<\/h2>\n<p>El Plan Estrat\u00e9gico gu\u00eda la direcci\u00f3n general del SJV. Provea una estructura no s\u00f3lo para la planeaci\u00f3n biol\u00f3gica, pero tambi\u00e9n para otros elementos esenciales para un programa de conservaci\u00f3n exitosa y sustentable. La secci\u00f3n de \u201cElementos y Estrategias\u201d incluye metas, objetivos, estrategias y medidas de \u00e9xito. Secciones de introducci\u00f3n describen la historia del SJV y la importancia ecol\u00f3gica del \u00e1rea. Siguiente, las metas y objetivos del SJV est\u00e1n desarrollados, junto con una lista de estrategias para lograr cada meta. Finalmente, discutimos la estructura del SJV, incluyendo los papeles de la Mesa Directiva, Comit\u00e9 T\u00e9cnico, Comit\u00e9 de Comunicaci\u00f3n, Educaci\u00f3n y Extensi\u00f3n y personal.<\/p>\n<p><a href=\"https:\/\/sonoranjv.org\/wp-content\/uploads\/2008\/09\/SJV_StratPlan_1.0.pdf\">\u00bb Clic aqu\u00ed para bajar el Plan Estrat\u00e9gico del SJV<\/a> (en ingl\u00e9s)<\/p>\n","protected":false},"excerpt":{"rendered":"<p>El Plan Estrat\u00e9gico del Sonoran Joint Venture presente una estrategia regional para proteger, conservar, restaurar y mejorar poblaciones de aves y sus h\u00e1bitats dentro de los l\u00edmites del Sonoran Joint Venture. Esta versi\u00f3n del Plan ser\u00e1 actualizada regularmente en un proceso din\u00e1mico basado en los mejores datos e informaci\u00f3n desarrollado por los socios del SJV.<\/p>\n","protected":false},"author":2,"featured_media":0,"parent":3914,"menu_order":0,"comment_status":"closed","ping_status":"closed","template":"","meta":[],"yoast_head":"<!-- This site is optimized with the Yoast SEO plugin v16.2 - https:\/\/yoast.com\/wordpress\/plugins\/seo\/ -->\n<title>Plan Estrat\u00e9gica - Sonoran Joint Venture<\/title>\n<meta name=\"robots\" content=\"index, follow, max-snippet:-1, max-image-preview:large, max-video-preview:-1\" \/>\n<link rel=\"canonical\" href=\"https:\/\/dev.sonoranjv.org\/es\/planificacion\/plan-estrategica\/\" \/>\n<meta property=\"og:locale\" content=\"es_ES\" \/>\n<meta property=\"og:type\" content=\"article\" \/>\n<meta property=\"og:title\" content=\"Plan Estrat\u00e9gica - Sonoran Joint Venture\" \/>\n<meta property=\"og:description\" content=\"El Plan Estrat\u00e9gico del Sonoran Joint Venture presente una estrategia regional para proteger, conservar, restaurar y mejorar poblaciones de aves y sus h\u00e1bitats dentro de los l\u00edmites del Sonoran Joint Venture. Esta versi\u00f3n del Plan ser\u00e1 actualizada regularmente en un proceso din\u00e1mico basado en los mejores datos e informaci\u00f3n desarrollado por los socios del SJV.\" \/>\n<meta property=\"og:url\" content=\"https:\/\/dev.sonoranjv.org\/es\/planificacion\/plan-estrategica\/\" \/>\n<meta property=\"og:site_name\" content=\"Sonoran Joint Venture\" \/>\n<meta property=\"article:publisher\" content=\"http:\/\/www.facebook.com\/sonoranjv\" \/>\n<meta property=\"article:modified_time\" content=\"2019-10-08T17:35:58+00:00\" \/>\n<meta name=\"twitter:card\" content=\"summary\" \/>\n<meta name=\"twitter:site\" content=\"@sonoranjv\" \/>\n<meta name=\"twitter:label1\" content=\"Tiempo de lectura\">\n\t<meta name=\"twitter:data1\" content=\"1 minuto\">\n<script type=\"application\/ld+json\" class=\"yoast-schema-graph\">{\"@context\":\"https:\/\/schema.org\",\"@graph\":[{\"@type\":\"Organization\",\"@id\":\"https:\/\/dev.sonoranjv.org\/es\/#organization\",\"name\":\"Sonoran Joint Venture\",\"url\":\"https:\/\/dev.sonoranjv.org\/es\/\",\"sameAs\":[\"http:\/\/www.facebook.com\/sonoranjv\",\"https:\/\/www.pinterest.com\/sonoranjv\/pins\/\",\"https:\/\/twitter.com\/sonoranjv\"],\"logo\":{\"@type\":\"ImageObject\",\"@id\":\"https:\/\/dev.sonoranjv.org\/es\/#logo\",\"inLanguage\":\"es\",\"url\":\"https:\/\/sonoranjv.org\/wp-content\/uploads\/2017\/05\/sonoran-joint-venture-og.jpg\",\"contentUrl\":\"https:\/\/sonoranjv.org\/wp-content\/uploads\/2017\/05\/sonoran-joint-venture-og.jpg\",\"width\":\"573\",\"height\":\"316\",\"caption\":\"Sonoran Joint Venture\"},\"image\":{\"@id\":\"https:\/\/dev.sonoranjv.org\/es\/#logo\"}},{\"@type\":\"WebSite\",\"@id\":\"https:\/\/dev.sonoranjv.org\/es\/#website\",\"url\":\"https:\/\/dev.sonoranjv.org\/es\/\",\"name\":\"Sonoran Joint Venture\",\"description\":\"Conserving the unique birds and habitats of the southwestern United States and northwestern Mexico\",\"publisher\":{\"@id\":\"https:\/\/dev.sonoranjv.org\/es\/#organization\"},\"potentialAction\":[{\"@type\":\"SearchAction\",\"target\":\"https:\/\/dev.sonoranjv.org\/es\/?s={search_term_string}\",\"query-input\":\"required name=search_term_string\"}],\"inLanguage\":\"es\"},{\"@type\":\"WebPage\",\"@id\":\"https:\/\/dev.sonoranjv.org\/es\/planificacion\/plan-estrategica\/#webpage\",\"url\":\"https:\/\/dev.sonoranjv.org\/es\/planificacion\/plan-estrategica\/\",\"name\":\"Plan Estrat\\u00e9gica - Sonoran Joint Venture\",\"isPartOf\":{\"@id\":\"https:\/\/dev.sonoranjv.org\/es\/#website\"},\"datePublished\":\"2011-02-23T15:11:06+00:00\",\"dateModified\":\"2019-10-08T17:35:58+00:00\",\"breadcrumb\":{\"@id\":\"https:\/\/dev.sonoranjv.org\/es\/planificacion\/plan-estrategica\/#breadcrumb\"},\"inLanguage\":\"es\",\"potentialAction\":[{\"@type\":\"ReadAction\",\"target\":[\"https:\/\/dev.sonoranjv.org\/es\/planificacion\/plan-estrategica\/\"]}]},{\"@type\":\"BreadcrumbList\",\"@id\":\"https:\/\/dev.sonoranjv.org\/es\/planificacion\/plan-estrategica\/#breadcrumb\",\"itemListElement\":[{\"@type\":\"ListItem\",\"position\":1,\"item\":{\"@type\":\"WebPage\",\"@id\":\"https:\/\/dev.sonoranjv.org\/es\/\",\"url\":\"https:\/\/dev.sonoranjv.org\/es\/\",\"name\":\"Home\"}},{\"@type\":\"ListItem\",\"position\":2,\"item\":{\"@type\":\"WebPage\",\"@id\":\"https:\/\/dev.sonoranjv.org\/es\/planificacion\/\",\"url\":\"https:\/\/dev.sonoranjv.org\/es\/planificacion\/\",\"name\":\"Planificaci\\u00f3n\"}},{\"@type\":\"ListItem\",\"position\":3,\"item\":{\"@id\":\"https:\/\/dev.sonoranjv.org\/es\/planificacion\/plan-estrategica\/#webpage\"}}]}]}<\/script>\n<!-- \/ Yoast SEO plugin. -->","_links":{"self":[{"href":"https:\/\/dev.sonoranjv.org\/es\/wp-json\/wp\/v2\/pages\/3936"}],"collection":[{"href":"https:\/\/dev.sonoranjv.org\/es\/wp-json\/wp\/v2\/pages"}],"about":[{"href":"https:\/\/dev.sonoranjv.org\/es\/wp-json\/wp\/v2\/types\/page"}],"author":[{"embeddable":true,"href":"https:\/\/dev.sonoranjv.org\/es\/wp-json\/wp\/v2\/users\/2"}],"replies":[{"embeddable":true,"href":"https:\/\/dev.sonoranjv.org\/es\/wp-json\/wp\/v2\/comments?post=3936"}],"version-history":[{"count":6,"href":"https:\/\/dev.sonoranjv.org\/es\/wp-json\/wp\/v2\/pages\/3936\/revisions"}],"predecessor-version":[{"id":8180,"href":"https:\/\/dev.sonoranjv.org\/es\/wp-json\/wp\/v2\/pages\/3936\/revisions\/8180"}],"up":[{"embeddable":true,"href":"https:\/\/dev.sonoranjv.org\/es\/wp-json\/wp\/v2\/pages\/3914"}],"wp:attachment":[{"href":"https:\/\/dev.sonoranjv.org\/es\/wp-json\/wp\/v2\/media?parent=3936"}],"curies":[{"name":"wp","href":"https:\/\/api.w.org\/{rel}","templated":true}]}}