{"id":3932,"date":"2011-02-23T14:39:45","date_gmt":"2011-02-23T14:39:45","guid":{"rendered":"http:\/\/sonoranjv.org\/colaboradores\/"},"modified":"2020-02-06T11:27:45","modified_gmt":"2020-02-06T18:27:45","slug":"colaboradores","status":"publish","type":"page","link":"https:\/\/dev.sonoranjv.org\/es\/acerca-de-nosotros\/colaboradores\/","title":{"rendered":"Colaboradores"},"content":{"rendered":"<p>Para lograr nuestros objetivos, el Sonoran Joint Venture colabora con un diversos socios, incluyendo asociaciones civiles de los Estados Unidos y M\u00e9xico, agencias gubernamentales locales, estatales y nacionales y ciudadanos privados.<\/p>\n<p>Visite la p\u00e1gina de <a title=\"Programs &amp; Projects\" href=\"..\/programs-projects?lang=es\">Programas y Proyectos<\/a> para aprender m\u00e1s sobre el trabajo de los socios del SJV.<\/p>\n\n<ul class=\"list-style1\">\n<li><a href=\"http:\/\/www.africamsafari.com.mx\/\" target=\"_blank\" rel=\"noopener noreferrer\">Africam Safari<\/a><\/li>\n<li><a href=\"http:\/\/americaneagleresearchinstitute.blogspot.com\/\" target=\"_blank\" rel=\"noopener noreferrer\">American Eagle Research Institute<\/a><\/li>\n<li><a href=\"https:\/\/abcbirds.org\/\">American Bird Conservancy<\/a><\/li>\n<li><a href=\"http:\/\/www.azgfd.gov\/w_c\/partners_flight.shtml\" target=\"_blank\" rel=\"noopener noreferrer\">Arizona Bird Conservation Initiative<\/a><\/li>\n<li><a href=\"http:\/\/www.azgfd.gov\/\" target=\"_blank\" rel=\"noopener noreferrer\">Arizona Game and Fish Department<\/a><\/li>\n<li><a href=\"http:\/\/www.desertmuseum.org\/\" target=\"_blank\" rel=\"noopener noreferrer\">Arizona-Sonora Desert Museum<\/a><\/li>\n<li><a href=\"http:\/\/www.azwestern.edu\/\" target=\"_blank\" rel=\"noopener noreferrer\">Arizona Western College<\/a><\/li>\n<li><a href=\"http:\/\/az.audubon.org\/\" target=\"_blank\" rel=\"noopener noreferrer\">Audubon Arizona<\/a><\/li>\n<li><a href=\"http:\/\/ca.audubon.org\/\">Audubon California<\/a><\/li>\n<li><a href=\"http:\/\/starrranch.org\/\" target=\"_blank\" rel=\"noopener noreferrer\">Audubon California Starr Ranch Bird Observatory<\/a><\/li>\n<li><a href=\"http:\/\/www.birdconservancy.org\/\" target=\"_blank\" rel=\"noopener noreferrer\">Bird Conservancy of the Rockies (Rocky Mountain Bird Observatory)<\/a><\/li>\n<li><a href=\"https:\/\/www.borderlandsrestoration.org\/\">Borderlands Restoration Network<\/a><\/li>\n<li><a href=\"http:\/\/www.fws.gov\/southwest\/refuges\/arizona\/buenosaires\/\" target=\"_blank\" rel=\"noopener noreferrer\">Buenos Aires National Wildlife Refuge<\/a><\/li>\n<li><a href=\"http:\/\/www.blm.gov\/wo\/st\/en.html\" target=\"_blank\" rel=\"noopener noreferrer\">Bureau of Land Management<\/a><\/li>\n<li><a href=\"https:\/\/www.wildlife.ca.gov\/\">California Department of Fish &amp; Wildlife<\/a><\/li>\n<li><a href=\"http:\/\/ciesresearch.org\/\">California Institute of Environmental Studies<\/a><\/li>\n<li><a href=\"http:\/\/www.calwaterfowl.org\/\" target=\"_blank\" rel=\"noopener noreferrer\">California Waterfowl Association<\/a><\/li>\n<li><a href=\"http:\/\/www.cicese.edu.mx\/\" target=\"_blank\" rel=\"noopener noreferrer\">Centro de Investigaci\u00f3n Cientifica y de Educaci\u00f3n Superior de Ensenada (CICESE)<\/a><\/li>\n<li><a href=\"http:\/\/www.ciad.mx\/\" target=\"_blank\" rel=\"noopener noreferrer\">Centro de Investigaci\u00f3n en Alimentacion y Desarrollo (CIAD)<\/a><\/li>\n<li><a href=\"http:\/\/www.yumaaz.gov\/\" target=\"_blank\" rel=\"noopener noreferrer\">City of Yuma<\/a><\/li>\n<li><a href=\"http:\/\/sbsc.wr.usgs.gov\/cprs\/\" target=\"_blank\" rel=\"noopener noreferrer\">Colorado Plateau Field Station (USGS\/NAU)<\/a><\/li>\n<li><a href=\"http:\/\/www.conanp.gob.mx\/\" target=\"_blank\" rel=\"noopener noreferrer\">Comisi\u00f3n Nacional de \u00c1reas Naturales Protegidas (CONANP)<\/a><\/li>\n<li><a href=\"http:\/\/www.cedes.gob.mx\/\" target=\"_blank\" rel=\"noopener noreferrer\">Comisi\u00f3n de Ecolog\u00eda y Desarrollo Sustentable del Estado de Sonora (CEDES)<\/a><\/li>\n<li><a href=\"http:\/\/www.conabio.gob.mx\/\" target=\"_blank\" rel=\"noopener noreferrer\">Comisi\u00f3n Nacional para el Conocimiento y Uso de la Biodiversidad (CONABIO)<\/a><\/li>\n<li><a href=\"https:\/\/www.conselva.org\/\">Conselva, Costas y Comunidades A.C.<\/a><\/li>\n<li>Conservaci\u00f3n Investigaci\u00f3n y Servicios Ambientales A.C. (CISA)<\/li>\n<li><a href=\"http:\/\/www.birds.cornell.edu\">Cornell Lab of Ornithology<\/a><\/li>\n<li><a href=\"http:\/\/www.luke.af.mil\/\" target=\"_blank\" rel=\"noopener noreferrer\">Department of Defense, Luke Air Force Base<\/a><\/li>\n<li><a href=\"http:\/\/www.ducks.org\/\" target=\"_blank\" rel=\"noopener noreferrer\">Ducks Unlimited<\/a><\/li>\n<li><a href=\"http:\/\/www.eeexchange.org\/\" target=\"_blank\" rel=\"noopener noreferrer\">Environmental Education Exchange<\/a><\/li>\n<li><a href=\"http:\/\/fmcn.org\/\" target=\"_blank\" rel=\"noopener noreferrer\">Fondo Mexicano Para la Conservaci\u00f3n de la Naturaleza<\/a><\/li>\n<li><a href=\"https:\/\/www.suttoncenter.org\/conservation\/saving-species\/masked-bobwhite\/\">George Miksch Sutton Avian Research Center<\/a><\/li>\n<li><a href=\"http:\/\/gbbo.org\/\">Great Basin Bird Observatory<\/a><\/li>\n<li><a href=\"http:\/\/www.islas.org.mx\/\">Grupo de Ecolog\u00eda y Conservaci\u00f3n de Islas, A.C.<\/a><\/li>\n<li><a href=\"http:\/\/www.fws.gov\/refuge\/havasu\/\" target=\"_blank\" rel=\"noopener noreferrer\">Havasu National Wildlife Refuge<\/a><\/li>\n<li><a href=\"http:\/\/www.hawkmountain.org\/\" target=\"_blank\" rel=\"noopener noreferrer\">Hawk Mountain Sanctuary<\/a><\/li>\n<li><a href=\"http:\/\/www.birdpop.org\/\" target=\"_blank\" rel=\"noopener noreferrer\">Institute for Bird Populations<\/a><\/li>\n<li><a href=\"https:\/\/ibo.boisestate.edu\/\">Intermountain Bird Observatory<\/a><\/li>\n<li><a href=\"https:\/\/ironwoodtreeexperience.org\/\">Ironwood Tree Experience<\/a><\/li>\n<li><a href=\"http:\/\/www.libertywildlife.org\/\" target=\"_blank\" rel=\"noopener noreferrer\">Liberty Wildlife<\/a><\/li>\n<li><a href=\"https:\/\/www.lighthawk.org\/\">Lighthawk<\/a><\/li>\n<li><a href=\"http:\/\/www.nhm.org\/site\/\" target=\"_blank\" rel=\"noopener noreferrer\">Natural History Museum of Los Angeles County<\/a><\/li>\n<li><a href=\"http:\/\/www.naturalia.org.mx\/\" target=\"_blank\" rel=\"noopener noreferrer\">Naturalia, A.C.<\/a><\/li>\n<li><a href=\"https:\/\/natureandculture.org\/\">Nature and Culture International<\/a><\/li>\n<li><a href=\"http:\/\/www.navopatia.org\/\">Navopatia Field Station<\/a><\/li>\n<li><a href=\"http:\/\/www.nabci-us.org\/\" target=\"_blank\" rel=\"noopener noreferrer\">North American Bird Conservation Initiative (NABCI)<\/a><\/li>\n<li>Northern Arizona University Center for Sustainable Environments<\/li>\n<li><a href=\"http:\/\/www.ocscb.org\/\" target=\"_blank\" rel=\"noopener noreferrer\">Orange County Chapter of the Society for Conservation Biology at University of California-Irvine<\/a><\/li>\n<li><a href=\"http:\/\/www.vivecadegomo.org\/index.asp\" target=\"_blank\" rel=\"noopener noreferrer\">O.S.C. Vive Cadegomo, A.C.<\/a><\/li>\n<li><a href=\"http:\/\/www.pointblue.org\/\" target=\"_blank\" rel=\"noopener noreferrer\">Point Blue Conservation Science <\/a><\/li>\n<li><a href=\"http:\/\/www.prescott.edu\/kino-bay-center\/\" target=\"_blank\" rel=\"noopener noreferrer\">Prescott College Kino Bay Center for Cultural and Ecological Studies<\/a><\/li>\n<li><a href=\"http:\/\/pronatura-noroeste.org\/en\/\" target=\"_blank\" rel=\"noopener noreferrer\">Pronatura Noroeste, A.C.<\/a><\/li>\n<li><a href=\"http:\/\/www.riverpartners.org\/\">River Partners<\/a><\/li>\n<li><a href=\"http:\/\/www.sandiegozooglobal.org\/institute\" target=\"_blank\" rel=\"noopener noreferrer\">San Diego Zoo Institute for Conservation Research<\/a><\/li>\n<li><a href=\"http:\/\/www.gob.mx\/semarnat\" target=\"_blank\" rel=\"noopener noreferrer\">Secretaria de Medio Ambiente de Recursos Naturales (SEMARNAT)<\/a><\/li>\n<li><a href=\"https:\/\/www.skyislandalliance.org\/\">Sky Island Alliance<\/a><\/li>\n<li><a href=\"http:\/\/www.sonoraninstitute.org\/\" target=\"_blank\" rel=\"noopener noreferrer\">Sonoran Institute<\/a><\/li>\n<li><a href=\"http:\/\/sabo.org\" target=\"_blank\" rel=\"noopener noreferrer\">Southeastern Arizona Bird Observatory<\/a><\/li>\n<li><a href=\"http:\/\/www.southernsierraresearch.org\/\" target=\"_blank\" rel=\"noopener noreferrer\">Southern Sierra Research Station<\/a><\/li>\n<li><a href=\"http:\/\/terrapeninsular.org\/\" target=\"_blank\" rel=\"noopener noreferrer\">Terra Peninsular, A.C.<\/a><\/li>\n<li><a href=\"http:\/\/www.hummonnet.org\/\" target=\"_blank\" rel=\"noopener noreferrer\">The Hummingbird Monitoring Network<\/a><\/li>\n<li><a href=\"http:\/\/nature.org\" target=\"_blank\" rel=\"noopener noreferrer\">The Nature Conservancy<\/a><\/li>\n<li><a href=\"http:\/\/tucsonaudubon.org\/\" target=\"_blank\" rel=\"noopener noreferrer\">Tucson Audubon Society<\/a><\/li>\n<li><a href=\"http:\/\/www.fs.fed.us\/\" target=\"_blank\" rel=\"noopener noreferrer\">U.S. Forest Service<\/a><\/li>\n<li><a href=\"http:\/\/www.fws.gov\" target=\"_blank\" rel=\"noopener noreferrer\">U.S. Fish and Wildlife Service<\/a><\/li>\n<li><a href=\"http:\/\/www.usgs.gov\" target=\"_blank\" rel=\"noopener noreferrer\">U.S. Geological Survey<\/a><\/li>\n<li><a href=\"http:\/\/www.uanl.mx\/\">Universidad Aut\u00f3noma de Nuevo Le\u00f3n<\/a><\/li>\n<li><a href=\"http:\/\/arizona.edu\" target=\"_blank\" rel=\"noopener noreferrer\">University of Arizona<\/a><\/li>\n<li><a href=\"https:\/\/www.westernfieldornithologists.org\/index2.php\">Western Field Ornithologists<\/a><\/li>\n<li><a href=\"https:\/\/www.wildlifemanagementinstitute.org\/\" target=\"_blank\" rel=\"noopener noreferrer\">Wildlife Management Institute<\/a><\/li>\n<li><a href=\"http:\/\/wildcoast.org\/\">Wildcoast\/CostaSalvaje<\/a><\/li>\n<\/ul>\n\n","protected":false},"excerpt":{"rendered":"<p>Para lograr nuestros objetivos, el Sonoran Joint Venture colabora con un diversos socios, incluyendo asociaciones civiles de los Estados Unidos y M\u00e9xico, agencias gubernamentales locales, estatales y nacionales y ciudadanos privados. Visite la p\u00e1gina de Programas y Proyectos para aprender m\u00e1s sobre el trabajo de los socios del SJV.<\/p>\n","protected":false},"author":2,"featured_media":0,"parent":3920,"menu_order":40,"comment_status":"closed","ping_status":"closed","template":"","meta":[],"yoast_head":"<!-- This site is optimized with the Yoast SEO plugin v16.2 - https:\/\/yoast.com\/wordpress\/plugins\/seo\/ -->\n<title>Colaboradores - Sonoran Joint Venture<\/title>\n<meta name=\"robots\" content=\"index, follow, max-snippet:-1, max-image-preview:large, max-video-preview:-1\" \/>\n<link rel=\"canonical\" href=\"https:\/\/dev.sonoranjv.org\/es\/acerca-de-nosotros\/colaboradores\/\" \/>\n<meta property=\"og:locale\" content=\"es_ES\" \/>\n<meta property=\"og:type\" content=\"article\" \/>\n<meta property=\"og:title\" content=\"Colaboradores - Sonoran Joint Venture\" \/>\n<meta property=\"og:description\" content=\"Para lograr nuestros objetivos, el Sonoran Joint Venture colabora con un diversos socios, incluyendo asociaciones civiles de los Estados Unidos y M\u00e9xico, agencias gubernamentales locales, estatales y nacionales y ciudadanos privados. Visite la p\u00e1gina de Programas y Proyectos para aprender m\u00e1s sobre el trabajo de los socios del SJV.\" \/>\n<meta property=\"og:url\" content=\"https:\/\/dev.sonoranjv.org\/es\/acerca-de-nosotros\/colaboradores\/\" \/>\n<meta property=\"og:site_name\" content=\"Sonoran Joint Venture\" \/>\n<meta property=\"article:publisher\" content=\"http:\/\/www.facebook.com\/sonoranjv\" \/>\n<meta property=\"article:modified_time\" content=\"2020-02-06T18:27:45+00:00\" \/>\n<meta name=\"twitter:card\" content=\"summary\" \/>\n<meta name=\"twitter:site\" content=\"@sonoranjv\" \/>\n<meta name=\"twitter:label1\" content=\"Tiempo de lectura\">\n\t<meta name=\"twitter:data1\" content=\"2 minutos\">\n<script type=\"application\/ld+json\" class=\"yoast-schema-graph\">{\"@context\":\"https:\/\/schema.org\",\"@graph\":[{\"@type\":\"Organization\",\"@id\":\"https:\/\/dev.sonoranjv.org\/es\/#organization\",\"name\":\"Sonoran Joint Venture\",\"url\":\"https:\/\/dev.sonoranjv.org\/es\/\",\"sameAs\":[\"http:\/\/www.facebook.com\/sonoranjv\",\"https:\/\/www.pinterest.com\/sonoranjv\/pins\/\",\"https:\/\/twitter.com\/sonoranjv\"],\"logo\":{\"@type\":\"ImageObject\",\"@id\":\"https:\/\/dev.sonoranjv.org\/es\/#logo\",\"inLanguage\":\"es\",\"url\":\"https:\/\/sonoranjv.org\/wp-content\/uploads\/2017\/05\/sonoran-joint-venture-og.jpg\",\"contentUrl\":\"https:\/\/sonoranjv.org\/wp-content\/uploads\/2017\/05\/sonoran-joint-venture-og.jpg\",\"width\":\"573\",\"height\":\"316\",\"caption\":\"Sonoran Joint Venture\"},\"image\":{\"@id\":\"https:\/\/dev.sonoranjv.org\/es\/#logo\"}},{\"@type\":\"WebSite\",\"@id\":\"https:\/\/dev.sonoranjv.org\/es\/#website\",\"url\":\"https:\/\/dev.sonoranjv.org\/es\/\",\"name\":\"Sonoran Joint Venture\",\"description\":\"Conserving the unique birds and habitats of the southwestern United States and northwestern Mexico\",\"publisher\":{\"@id\":\"https:\/\/dev.sonoranjv.org\/es\/#organization\"},\"potentialAction\":[{\"@type\":\"SearchAction\",\"target\":\"https:\/\/dev.sonoranjv.org\/es\/?s={search_term_string}\",\"query-input\":\"required name=search_term_string\"}],\"inLanguage\":\"es\"},{\"@type\":\"WebPage\",\"@id\":\"https:\/\/dev.sonoranjv.org\/es\/acerca-de-nosotros\/colaboradores\/#webpage\",\"url\":\"https:\/\/dev.sonoranjv.org\/es\/acerca-de-nosotros\/colaboradores\/\",\"name\":\"Colaboradores - Sonoran Joint Venture\",\"isPartOf\":{\"@id\":\"https:\/\/dev.sonoranjv.org\/es\/#website\"},\"datePublished\":\"2011-02-23T14:39:45+00:00\",\"dateModified\":\"2020-02-06T18:27:45+00:00\",\"breadcrumb\":{\"@id\":\"https:\/\/dev.sonoranjv.org\/es\/acerca-de-nosotros\/colaboradores\/#breadcrumb\"},\"inLanguage\":\"es\",\"potentialAction\":[{\"@type\":\"ReadAction\",\"target\":[\"https:\/\/dev.sonoranjv.org\/es\/acerca-de-nosotros\/colaboradores\/\"]}]},{\"@type\":\"BreadcrumbList\",\"@id\":\"https:\/\/dev.sonoranjv.org\/es\/acerca-de-nosotros\/colaboradores\/#breadcrumb\",\"itemListElement\":[{\"@type\":\"ListItem\",\"position\":1,\"item\":{\"@type\":\"WebPage\",\"@id\":\"https:\/\/dev.sonoranjv.org\/es\/\",\"url\":\"https:\/\/dev.sonoranjv.org\/es\/\",\"name\":\"Home\"}},{\"@type\":\"ListItem\",\"position\":2,\"item\":{\"@type\":\"WebPage\",\"@id\":\"https:\/\/dev.sonoranjv.org\/es\/acerca-de-nosotros\/\",\"url\":\"https:\/\/dev.sonoranjv.org\/es\/acerca-de-nosotros\/\",\"name\":\"Acerca de Nosotros\"}},{\"@type\":\"ListItem\",\"position\":3,\"item\":{\"@id\":\"https:\/\/dev.sonoranjv.org\/es\/acerca-de-nosotros\/colaboradores\/#webpage\"}}]}]}<\/script>\n<!-- \/ Yoast SEO plugin. -->","_links":{"self":[{"href":"https:\/\/dev.sonoranjv.org\/es\/wp-json\/wp\/v2\/pages\/3932"}],"collection":[{"href":"https:\/\/dev.sonoranjv.org\/es\/wp-json\/wp\/v2\/pages"}],"about":[{"href":"https:\/\/dev.sonoranjv.org\/es\/wp-json\/wp\/v2\/types\/page"}],"author":[{"embeddable":true,"href":"https:\/\/dev.sonoranjv.org\/es\/wp-json\/wp\/v2\/users\/2"}],"replies":[{"embeddable":true,"href":"https:\/\/dev.sonoranjv.org\/es\/wp-json\/wp\/v2\/comments?post=3932"}],"version-history":[{"count":5,"href":"https:\/\/dev.sonoranjv.org\/es\/wp-json\/wp\/v2\/pages\/3932\/revisions"}],"predecessor-version":[{"id":8492,"href":"https:\/\/dev.sonoranjv.org\/es\/wp-json\/wp\/v2\/pages\/3932\/revisions\/8492"}],"up":[{"embeddable":true,"href":"https:\/\/dev.sonoranjv.org\/es\/wp-json\/wp\/v2\/pages\/3920"}],"wp:attachment":[{"href":"https:\/\/dev.sonoranjv.org\/es\/wp-json\/wp\/v2\/media?parent=3932"}],"curies":[{"name":"wp","href":"https:\/\/api.w.org\/{rel}","templated":true}]}}