{"id":3930,"date":"2011-02-09T16:17:40","date_gmt":"2011-02-09T16:17:40","guid":{"rendered":"http:\/\/sonoranjv.org\/region-del-sjv\/"},"modified":"2020-04-01T07:27:20","modified_gmt":"2020-04-01T14:27:20","slug":"region-del-sjv","status":"publish","type":"page","link":"https:\/\/dev.sonoranjv.org\/es\/acerca-de-nosotros\/region-del-sjv\/","title":{"rendered":"Regi\u00f3n del SJV"},"content":{"rendered":"<h2>SJV Boundaries<\/h2>\n<p>El SJV incluye al sur de Arizona, sur de California, y los estados mexicanos de Sonora, Sinaloa, Baja California, Baja California Sur, el oeste de Chihuahua, el oeste de Durango y el norte de Nayarit, as\u00ed como el Golfo de California y sus islas. Los l\u00edmites los determinaron de manera conjunta los socios en los EEUU y M\u00e9xico.<\/p>\n<style>.iframe-container {\n  overflow: hidden;\n  padding-top: 56.25%;\n  position: relative;}\n.iframe-container iframe {\n  border: 0;\n  height: 100%;\n  left: 0;\n  position: absolute;\n  top: 0;\n  width: 100%;}<\/style>\n<div class=\"iframe-container\"><iframe loading=\"lazy\" width=\"840\" height=\"672\" frameborder=\"0\" scrolling=\"no\" marginheight=\"0\" marginwidth=\"0\" title=\"Sonoran Joint Venture Boundary (v. September 2019)\" src=\"\/\/fws.maps.arcgis.com\/apps\/Embed\/index.html?webmap=021be5761bf44953bc8fd76c38d5bf26&#038;extent=-136,28,-90,28&#038;zoom=true&#038;previewImage=false&#038;scale=true&#038;basemap_gallery=true&#038;disable_scroll\"><\/iframe><\/div>\n<h2>Descripci\u00f3n del \u00e1rea<\/h2>\n<p>La elevaci\u00f3n en el SJV var\u00eda de un nivel inferior al nivel del mar en el Salton Sea (-300 pies) a aproximadamente 9,000 pies en las monta\u00f1as. El clima es en gran medida des\u00e9rtico con muy poca precipitaci\u00f3n a finales del verano, tormentas de gran intensidad o tormentas de baja intensidad en el invierno. La topograf\u00eda y el clima producen una diversidad de h\u00e1bitats, incluyendo matorrales des\u00e9rticos y costeros, ribere\u00f1os, pino y roble madreano, pino, mezcla de con\u00edferas, chaparral, bosques de pi\u00f1\u00f3n y enebro, pastizales des\u00e9rticos, bosques caducifolios tropicales, espinos des\u00e9rticos, dunas costeras, manglares, esteros, humedales de agua dulce, salobre y salada, y lagunas costeras.<\/p>\n<p>Las aves en la regi\u00f3n del SJV son diversas, con 744 especies que anidan, pasan el invierno y migran por el \u00e1rea. Esto es casi dos tercios de todas las especies de aves que se encuentran en el norte de M\u00e9xico, en los Estados Unidos y Canad\u00e1. Existen diecisiete especies end\u00e9micas o casi end\u00e9micas. Adem\u00e1s, existen varias subespecies end\u00e9micas. Tambi\u00e9n se encuentra aqu\u00ed m\u00e1s del 50% de la poblaci\u00f3n mundial de casi veinte especies adicionales.<\/p>\n<p>El SJV no s\u00f3lo es biol\u00f3gicamente, sino tambi\u00e9n culturalmente diverso, y est\u00e1 comprometido a reconocer y complementar la diversidad cultural que se encuentra en nuestra regi\u00f3n. Junto con las culturas hispanas y anglo, el \u00e1rea es hogar de m\u00e1s de veinte culturas ind\u00edgenas. Trabajar de manera binacional y en un \u00e1rea de gran diversidad cultural presenta tanto retos como oportunidades singulares. El SJV se esfuerza por ser un modelo para futuras sociedades de conservaci\u00f3n en \u00e1reas de diversidad humana.<\/p>\n<p>El uso de la tierra en el \u00e1rea del SJV es variado y antiguo. Los humanos han utilizado el \u00e1rea durante aproximadamente 10,000 a\u00f1os. La composici\u00f3n de las especies y la estructura del h\u00e1bitat han presentado cambios de mayor escala debido a los impactos del pastoreo y la miner\u00eda desde 1800 hasta principios de 1900. Desde los primeros a\u00f1os de 1900 han surgido efectos importantes debido a las actividades de urbanizaci\u00f3n, recreaci\u00f3n y militares. Los impactos espec\u00edficos incluyen la p\u00e9rdida del h\u00e1bitat debido al desarrollo urbano y agr\u00edcola, la extracci\u00f3n de agua subterr\u00e1nea, la diversi\u00f3n del agua superficial, el sobrepastoreo, las plantas invasivas no nativas, la acuacultura y el aumento de las presiones recreativas.<\/p>\n<h3>Subregiones del Sonoran Joint Venture<\/h3>\n<div class=\"row \">\n<div class=\"col-sm-6 \">\n<div class=\"image-box-wrapper\"><a href=\"es\/aves-y-habitats\/fronteras-aridas\/\"><img src=\"https:\/\/sonoranjv.org\/wp-content\/uploads\/2016\/11\/arid-borderlands.jpg\"><\/a><\/p>\n<div class=\"image-box-content\">\n<h2><a href=\"http:\/\/sonoranjv.org\/es\/aves-y-habitats\/fronteras-aridas\/\">Fronteras \u00e1ridas<\/a><\/h2>\n<\/div>\n<\/div>\n<\/div>\n<div class=\"col-sm-6 \">\n<div class=\"image-box-wrapper\"><a href=\"http:\/\/sonoranjv.org\/es\/aves-y-habitats\/costas-y-montanas-de-california\/\"><img src=\"https:\/\/sonoranjv.org\/wp-content\/uploads\/2016\/11\/california-coasts-and-mountains.jpg\"><\/a><\/p>\n<div class=\"image-box-content\">\n<h2><a href=\"http:\/\/sonoranjv.org\/es\/aves-y-habitats\/costas-y-montanas-de-california\/\">Costas y monta\u00f1as de California<\/a><\/h2>\n<\/div>\n<\/div>\n<\/div>\n<div class=\"col-sm-6 \">\n<div class=\"image-box-wrapper\"><a href=\"http:\/\/sonoranjv.org\/es\/aves-y-habitats\/tierras-altas-mexicanas\/\"><img src=\"https:\/\/sonoranjv.org\/wp-content\/uploads\/2016\/11\/mexican-highlands.jpg\"><\/a><\/p>\n<div class=\"image-box-content\">\n<h2><a href=\"http:\/\/sonoranjv.org\/es\/aves-y-habitats\/tierras-altas-mexicanas\/\">Tierras altas mexicanas<\/a><\/h2>\n<\/div>\n<\/div>\n<\/div>\n<div class=\"col-sm-6 \">\n<div class=\"image-box-wrapper\"><a href=\"http:\/\/sonoranjv.org\/es\/aves-y-habitats\/tierras-bajas-del-pacifico\/\"><img src=\"https:\/\/sonoranjv.org\/wp-content\/uploads\/2016\/11\/pacific-lowlands.jpg\"><\/a><\/p>\n<div class=\"image-box-content\">\n<h2><a href=\"http:\/\/sonoranjv.org\/es\/aves-y-habitats\/tierras-bajas-del-pacifico\/\">Tierras bajas del Pac\u00edfico<\/a><\/h2>\n<\/div>\n<\/div>\n<\/div>\n<\/div>\n","protected":false},"excerpt":{"rendered":"<p>SJV Boundaries El SJV incluye al sur de Arizona, sur de California, y los estados mexicanos de Sonora, Sinaloa, Baja California, Baja California Sur, el oeste de Chihuahua, el oeste de Durango y el norte de Nayarit, as\u00ed como el Golfo de California y sus islas. Los l\u00edmites los determinaron de manera conjunta los socios<\/p>\n","protected":false},"author":2,"featured_media":0,"parent":3920,"menu_order":20,"comment_status":"closed","ping_status":"closed","template":"","meta":[],"yoast_head":"<!-- This site is optimized with the Yoast SEO plugin v16.2 - https:\/\/yoast.com\/wordpress\/plugins\/seo\/ -->\n<title>Regi\u00f3n del SJV - Sonoran Joint Venture<\/title>\n<meta name=\"robots\" content=\"index, follow, max-snippet:-1, max-image-preview:large, max-video-preview:-1\" \/>\n<link rel=\"canonical\" href=\"https:\/\/dev.sonoranjv.org\/es\/acerca-de-nosotros\/region-del-sjv\/\" \/>\n<meta property=\"og:locale\" content=\"es_ES\" \/>\n<meta property=\"og:type\" content=\"article\" \/>\n<meta property=\"og:title\" content=\"Regi\u00f3n del SJV - Sonoran Joint Venture\" \/>\n<meta property=\"og:description\" content=\"SJV Boundaries El SJV incluye al sur de Arizona, sur de California, y los estados mexicanos de Sonora, Sinaloa, Baja California, Baja California Sur, el oeste de Chihuahua, el oeste de Durango y el norte de Nayarit, as\u00ed como el Golfo de California y sus islas. Los l\u00edmites los determinaron de manera conjunta los socios\" \/>\n<meta property=\"og:url\" content=\"https:\/\/dev.sonoranjv.org\/es\/acerca-de-nosotros\/region-del-sjv\/\" \/>\n<meta property=\"og:site_name\" content=\"Sonoran Joint Venture\" \/>\n<meta property=\"article:publisher\" content=\"http:\/\/www.facebook.com\/sonoranjv\" \/>\n<meta property=\"article:modified_time\" content=\"2020-04-01T14:27:20+00:00\" \/>\n<meta property=\"og:image\" content=\"https:\/\/sonoranjv.org\/wp-content\/uploads\/2016\/11\/arid-borderlands.jpg\" \/>\n<meta name=\"twitter:card\" content=\"summary\" \/>\n<meta name=\"twitter:site\" content=\"@sonoranjv\" \/>\n<meta name=\"twitter:label1\" content=\"Tiempo de lectura\">\n\t<meta name=\"twitter:data1\" content=\"3 minutos\">\n<script type=\"application\/ld+json\" class=\"yoast-schema-graph\">{\"@context\":\"https:\/\/schema.org\",\"@graph\":[{\"@type\":\"Organization\",\"@id\":\"https:\/\/dev.sonoranjv.org\/es\/#organization\",\"name\":\"Sonoran Joint Venture\",\"url\":\"https:\/\/dev.sonoranjv.org\/es\/\",\"sameAs\":[\"http:\/\/www.facebook.com\/sonoranjv\",\"https:\/\/www.pinterest.com\/sonoranjv\/pins\/\",\"https:\/\/twitter.com\/sonoranjv\"],\"logo\":{\"@type\":\"ImageObject\",\"@id\":\"https:\/\/dev.sonoranjv.org\/es\/#logo\",\"inLanguage\":\"es\",\"url\":\"https:\/\/sonoranjv.org\/wp-content\/uploads\/2017\/05\/sonoran-joint-venture-og.jpg\",\"contentUrl\":\"https:\/\/sonoranjv.org\/wp-content\/uploads\/2017\/05\/sonoran-joint-venture-og.jpg\",\"width\":\"573\",\"height\":\"316\",\"caption\":\"Sonoran Joint Venture\"},\"image\":{\"@id\":\"https:\/\/dev.sonoranjv.org\/es\/#logo\"}},{\"@type\":\"WebSite\",\"@id\":\"https:\/\/dev.sonoranjv.org\/es\/#website\",\"url\":\"https:\/\/dev.sonoranjv.org\/es\/\",\"name\":\"Sonoran Joint Venture\",\"description\":\"Conserving the unique birds and habitats of the southwestern United States and northwestern Mexico\",\"publisher\":{\"@id\":\"https:\/\/dev.sonoranjv.org\/es\/#organization\"},\"potentialAction\":[{\"@type\":\"SearchAction\",\"target\":\"https:\/\/dev.sonoranjv.org\/es\/?s={search_term_string}\",\"query-input\":\"required name=search_term_string\"}],\"inLanguage\":\"es\"},{\"@type\":\"ImageObject\",\"@id\":\"https:\/\/dev.sonoranjv.org\/es\/acerca-de-nosotros\/region-del-sjv\/#primaryimage\",\"inLanguage\":\"es\",\"url\":\"https:\/\/sonoranjv.org\/wp-content\/uploads\/2016\/11\/arid-borderlands.jpg\",\"contentUrl\":\"https:\/\/sonoranjv.org\/wp-content\/uploads\/2016\/11\/arid-borderlands.jpg\"},{\"@type\":\"WebPage\",\"@id\":\"https:\/\/dev.sonoranjv.org\/es\/acerca-de-nosotros\/region-del-sjv\/#webpage\",\"url\":\"https:\/\/dev.sonoranjv.org\/es\/acerca-de-nosotros\/region-del-sjv\/\",\"name\":\"Regi\\u00f3n del SJV - Sonoran Joint Venture\",\"isPartOf\":{\"@id\":\"https:\/\/dev.sonoranjv.org\/es\/#website\"},\"primaryImageOfPage\":{\"@id\":\"https:\/\/dev.sonoranjv.org\/es\/acerca-de-nosotros\/region-del-sjv\/#primaryimage\"},\"datePublished\":\"2011-02-09T16:17:40+00:00\",\"dateModified\":\"2020-04-01T14:27:20+00:00\",\"breadcrumb\":{\"@id\":\"https:\/\/dev.sonoranjv.org\/es\/acerca-de-nosotros\/region-del-sjv\/#breadcrumb\"},\"inLanguage\":\"es\",\"potentialAction\":[{\"@type\":\"ReadAction\",\"target\":[\"https:\/\/dev.sonoranjv.org\/es\/acerca-de-nosotros\/region-del-sjv\/\"]}]},{\"@type\":\"BreadcrumbList\",\"@id\":\"https:\/\/dev.sonoranjv.org\/es\/acerca-de-nosotros\/region-del-sjv\/#breadcrumb\",\"itemListElement\":[{\"@type\":\"ListItem\",\"position\":1,\"item\":{\"@type\":\"WebPage\",\"@id\":\"https:\/\/dev.sonoranjv.org\/es\/\",\"url\":\"https:\/\/dev.sonoranjv.org\/es\/\",\"name\":\"Home\"}},{\"@type\":\"ListItem\",\"position\":2,\"item\":{\"@type\":\"WebPage\",\"@id\":\"https:\/\/dev.sonoranjv.org\/es\/acerca-de-nosotros\/\",\"url\":\"https:\/\/dev.sonoranjv.org\/es\/acerca-de-nosotros\/\",\"name\":\"Acerca de Nosotros\"}},{\"@type\":\"ListItem\",\"position\":3,\"item\":{\"@id\":\"https:\/\/dev.sonoranjv.org\/es\/acerca-de-nosotros\/region-del-sjv\/#webpage\"}}]}]}<\/script>\n<!-- \/ Yoast SEO plugin. -->","_links":{"self":[{"href":"https:\/\/dev.sonoranjv.org\/es\/wp-json\/wp\/v2\/pages\/3930"}],"collection":[{"href":"https:\/\/dev.sonoranjv.org\/es\/wp-json\/wp\/v2\/pages"}],"about":[{"href":"https:\/\/dev.sonoranjv.org\/es\/wp-json\/wp\/v2\/types\/page"}],"author":[{"embeddable":true,"href":"https:\/\/dev.sonoranjv.org\/es\/wp-json\/wp\/v2\/users\/2"}],"replies":[{"embeddable":true,"href":"https:\/\/dev.sonoranjv.org\/es\/wp-json\/wp\/v2\/comments?post=3930"}],"version-history":[{"count":5,"href":"https:\/\/dev.sonoranjv.org\/es\/wp-json\/wp\/v2\/pages\/3930\/revisions"}],"predecessor-version":[{"id":8626,"href":"https:\/\/dev.sonoranjv.org\/es\/wp-json\/wp\/v2\/pages\/3930\/revisions\/8626"}],"up":[{"embeddable":true,"href":"https:\/\/dev.sonoranjv.org\/es\/wp-json\/wp\/v2\/pages\/3920"}],"wp:attachment":[{"href":"https:\/\/dev.sonoranjv.org\/es\/wp-json\/wp\/v2\/media?parent=3930"}],"curies":[{"name":"wp","href":"https:\/\/api.w.org\/{rel}","templated":true}]}}