{"id":3928,"date":"2011-02-09T16:16:52","date_gmt":"2011-02-09T16:16:52","guid":{"rendered":"http:\/\/sonoranjv.org\/sjv-estructura\/"},"modified":"2023-03-15T11:02:48","modified_gmt":"2023-03-15T18:02:48","slug":"grupo-de-trabajo","status":"publish","type":"page","link":"https:\/\/dev.sonoranjv.org\/es\/acerca-de-nosotros\/grupo-de-trabajo\/","title":{"rendered":"Grupo de Trabajo de Ciencias"},"content":{"rendered":"<h3>Acerca de<\/h3>\n<p>El Grupo de Trabajo de Ciencias brinda al Consejo Consultivo y al personal del SJV su pericia sobre la planificaci\u00f3n biol\u00f3gica, priorizaci\u00f3n, monitoreo y evaluaci\u00f3n para la conservaci\u00f3n de aves y del h\u00e1bitat. La membres\u00eda est\u00e1 abierta a cualquiera, pero en particular a bi\u00f3logos de programas o de campo que representen a una instituci\u00f3n con inter\u00e9s en la conservaci\u00f3n de las aves en la regi\u00f3n del SJV. El Grupo de Trabajo de Ciencias tambi\u00e9n cuenta con subcomit\u00e9s especiales que trabajan en aspectos m\u00e1s definidos seg\u00fan sea necesario.<\/p>\n<p>El Grupo de Trabajo de Ciencias est\u00e1 encabezado por el Coordinador de Ciencias del SJV, que programa las agendas del mismo, informa los resultados al Consejo Consultivo y representa al SJV en comit\u00e9s nacionales e internacionales, planifica equipos y monitorea grupos. El comit\u00e9 se esfuerza por mantener una representaci\u00f3n binacional equilibrada de cada estado en la regi\u00f3n del SJV, de cada iniciativa de conservaci\u00f3n de aves, y de dependencias de conservaci\u00f3n y ONG en Estados Unidos y en M\u00e9xico. Sirve como foro de intercambio de informaci\u00f3n sobre conservaci\u00f3n de aves, investigaci\u00f3n, monitoreo, educaci\u00f3n y extensi\u00f3n.<\/p>\n<h3>Reuniones<\/h3>\n<p>La pr\u00f3xima reuni\u00f3n del Grupo de Trabajo de Ciencias se celebrar\u00e1 los d\u00edas <strong>2 y 3 de mayo de 2023 en Tucson, Arizona,<\/strong> en las oficinas del SJV en el campus de la Universidad de Arizona. Esta ser\u00e1 una reuni\u00f3n h\u00edbrida, por lo que habr\u00e1 opciones para asistir en persona, as\u00ed como en l\u00ednea. Habr\u00e1 traducci\u00f3n simult\u00e1nea en ingl\u00e9s y espa\u00f1ol. Si tiene alg\u00fan trabajo que le gustar\u00eda presentar, un tema de debate o una sugerencia para una sesi\u00f3n de trabajo, p\u00f3ngase en contacto con el Coordinador de Ciencias del SJV, <a href=\"mailto:adam_hannuksela@fws.gov\">Adam Hannuksela<\/a>. Haga clic <a href=\"https:\/\/docs.google.com\/spreadsheets\/d\/1pEC3xtN0sQjSM3NMlVu2MllSTxG-SFEdkYKnXAt6k_Y\/edit#gid=0\"><strong>aqu\u00ed<\/strong><\/a> para inscribirse en la reuni\u00f3n y suscr\u00edbete a la <a href=\"https:\/\/sonoranjv.org\/es\/noticias\/listserv-del-sonoran-joint-venture\/\">listserv<\/a> del SJV para recibir actualizaciones de las reuniones, oportunidades y m\u00e1s.<\/p>\n","protected":false},"excerpt":{"rendered":"<p>Acerca de El Grupo de Trabajo de Ciencias brinda al Consejo Consultivo y al personal del SJV su pericia sobre la planificaci\u00f3n biol\u00f3gica, priorizaci\u00f3n, monitoreo y evaluaci\u00f3n para la conservaci\u00f3n de aves y del h\u00e1bitat. La membres\u00eda est\u00e1 abierta a cualquiera, pero en particular a bi\u00f3logos de programas o de campo que representen a una<\/p>\n","protected":false},"author":2,"featured_media":8250,"parent":3920,"menu_order":30,"comment_status":"closed","ping_status":"closed","template":"","meta":[],"yoast_head":"<!-- This site is optimized with the Yoast SEO plugin v16.2 - https:\/\/yoast.com\/wordpress\/plugins\/seo\/ -->\n<title>Grupo de Trabajo de Ciencias - Sonoran Joint Venture<\/title>\n<meta name=\"robots\" content=\"index, follow, max-snippet:-1, max-image-preview:large, max-video-preview:-1\" \/>\n<link rel=\"canonical\" href=\"https:\/\/dev.sonoranjv.org\/es\/acerca-de-nosotros\/grupo-de-trabajo\/\" \/>\n<meta property=\"og:locale\" content=\"es_ES\" \/>\n<meta property=\"og:type\" content=\"article\" \/>\n<meta property=\"og:title\" content=\"Grupo de Trabajo de Ciencias - Sonoran Joint Venture\" \/>\n<meta property=\"og:description\" content=\"Acerca de El Grupo de Trabajo de Ciencias brinda al Consejo Consultivo y al personal del SJV su pericia sobre la planificaci\u00f3n biol\u00f3gica, priorizaci\u00f3n, monitoreo y evaluaci\u00f3n para la conservaci\u00f3n de aves y del h\u00e1bitat. La membres\u00eda est\u00e1 abierta a cualquiera, pero en particular a bi\u00f3logos de programas o de campo que representen a una\" \/>\n<meta property=\"og:url\" content=\"https:\/\/dev.sonoranjv.org\/es\/acerca-de-nosotros\/grupo-de-trabajo\/\" \/>\n<meta property=\"og:site_name\" content=\"Sonoran Joint Venture\" \/>\n<meta property=\"article:publisher\" content=\"http:\/\/www.facebook.com\/sonoranjv\" \/>\n<meta property=\"article:modified_time\" content=\"2023-03-15T18:02:48+00:00\" \/>\n<meta property=\"og:image\" content=\"https:\/\/sonoranjv.org\/wp-content\/uploads\/2019\/10\/IMG_5127-e1571851356580.jpg\" \/>\n\t<meta property=\"og:image:width\" content=\"1500\" \/>\n\t<meta property=\"og:image:height\" content=\"1065\" \/>\n<meta name=\"twitter:card\" content=\"summary\" \/>\n<meta name=\"twitter:site\" content=\"@sonoranjv\" \/>\n<meta name=\"twitter:label1\" content=\"Tiempo de lectura\">\n\t<meta name=\"twitter:data1\" content=\"2 minutos\">\n<script type=\"application\/ld+json\" class=\"yoast-schema-graph\">{\"@context\":\"https:\/\/schema.org\",\"@graph\":[{\"@type\":\"Organization\",\"@id\":\"https:\/\/dev.sonoranjv.org\/es\/#organization\",\"name\":\"Sonoran Joint Venture\",\"url\":\"https:\/\/dev.sonoranjv.org\/es\/\",\"sameAs\":[\"http:\/\/www.facebook.com\/sonoranjv\",\"https:\/\/www.pinterest.com\/sonoranjv\/pins\/\",\"https:\/\/twitter.com\/sonoranjv\"],\"logo\":{\"@type\":\"ImageObject\",\"@id\":\"https:\/\/dev.sonoranjv.org\/es\/#logo\",\"inLanguage\":\"es\",\"url\":\"https:\/\/sonoranjv.org\/wp-content\/uploads\/2017\/05\/sonoran-joint-venture-og.jpg\",\"contentUrl\":\"https:\/\/sonoranjv.org\/wp-content\/uploads\/2017\/05\/sonoran-joint-venture-og.jpg\",\"width\":\"573\",\"height\":\"316\",\"caption\":\"Sonoran Joint Venture\"},\"image\":{\"@id\":\"https:\/\/dev.sonoranjv.org\/es\/#logo\"}},{\"@type\":\"WebSite\",\"@id\":\"https:\/\/dev.sonoranjv.org\/es\/#website\",\"url\":\"https:\/\/dev.sonoranjv.org\/es\/\",\"name\":\"Sonoran Joint Venture\",\"description\":\"Conserving the unique birds and habitats of the southwestern United States and northwestern Mexico\",\"publisher\":{\"@id\":\"https:\/\/dev.sonoranjv.org\/es\/#organization\"},\"potentialAction\":[{\"@type\":\"SearchAction\",\"target\":\"https:\/\/dev.sonoranjv.org\/es\/?s={search_term_string}\",\"query-input\":\"required name=search_term_string\"}],\"inLanguage\":\"es\"},{\"@type\":\"ImageObject\",\"@id\":\"https:\/\/dev.sonoranjv.org\/es\/acerca-de-nosotros\/grupo-de-trabajo\/#primaryimage\",\"inLanguage\":\"es\",\"url\":\"https:\/\/dev.sonoranjv.org\/wp-content\/uploads\/2019\/10\/IMG_5127-e1571851356580.jpg\",\"contentUrl\":\"https:\/\/dev.sonoranjv.org\/wp-content\/uploads\/2019\/10\/IMG_5127-e1571851356580.jpg\",\"width\":1500,\"height\":1065,\"caption\":\"Members of the Science Working Group Meeting, October 2019 in Tucson, AZ.\"},{\"@type\":\"WebPage\",\"@id\":\"https:\/\/dev.sonoranjv.org\/es\/acerca-de-nosotros\/grupo-de-trabajo\/#webpage\",\"url\":\"https:\/\/dev.sonoranjv.org\/es\/acerca-de-nosotros\/grupo-de-trabajo\/\",\"name\":\"Grupo de Trabajo de Ciencias - Sonoran Joint Venture\",\"isPartOf\":{\"@id\":\"https:\/\/dev.sonoranjv.org\/es\/#website\"},\"primaryImageOfPage\":{\"@id\":\"https:\/\/dev.sonoranjv.org\/es\/acerca-de-nosotros\/grupo-de-trabajo\/#primaryimage\"},\"datePublished\":\"2011-02-09T16:16:52+00:00\",\"dateModified\":\"2023-03-15T18:02:48+00:00\",\"breadcrumb\":{\"@id\":\"https:\/\/dev.sonoranjv.org\/es\/acerca-de-nosotros\/grupo-de-trabajo\/#breadcrumb\"},\"inLanguage\":\"es\",\"potentialAction\":[{\"@type\":\"ReadAction\",\"target\":[\"https:\/\/dev.sonoranjv.org\/es\/acerca-de-nosotros\/grupo-de-trabajo\/\"]}]},{\"@type\":\"BreadcrumbList\",\"@id\":\"https:\/\/dev.sonoranjv.org\/es\/acerca-de-nosotros\/grupo-de-trabajo\/#breadcrumb\",\"itemListElement\":[{\"@type\":\"ListItem\",\"position\":1,\"item\":{\"@type\":\"WebPage\",\"@id\":\"https:\/\/dev.sonoranjv.org\/es\/\",\"url\":\"https:\/\/dev.sonoranjv.org\/es\/\",\"name\":\"Home\"}},{\"@type\":\"ListItem\",\"position\":2,\"item\":{\"@type\":\"WebPage\",\"@id\":\"https:\/\/dev.sonoranjv.org\/es\/acerca-de-nosotros\/\",\"url\":\"https:\/\/dev.sonoranjv.org\/es\/acerca-de-nosotros\/\",\"name\":\"Acerca de Nosotros\"}},{\"@type\":\"ListItem\",\"position\":3,\"item\":{\"@id\":\"https:\/\/dev.sonoranjv.org\/es\/acerca-de-nosotros\/grupo-de-trabajo\/#webpage\"}}]}]}<\/script>\n<!-- \/ Yoast SEO plugin. -->","_links":{"self":[{"href":"https:\/\/dev.sonoranjv.org\/es\/wp-json\/wp\/v2\/pages\/3928"}],"collection":[{"href":"https:\/\/dev.sonoranjv.org\/es\/wp-json\/wp\/v2\/pages"}],"about":[{"href":"https:\/\/dev.sonoranjv.org\/es\/wp-json\/wp\/v2\/types\/page"}],"author":[{"embeddable":true,"href":"https:\/\/dev.sonoranjv.org\/es\/wp-json\/wp\/v2\/users\/2"}],"replies":[{"embeddable":true,"href":"https:\/\/dev.sonoranjv.org\/es\/wp-json\/wp\/v2\/comments?post=3928"}],"version-history":[{"count":45,"href":"https:\/\/dev.sonoranjv.org\/es\/wp-json\/wp\/v2\/pages\/3928\/revisions"}],"predecessor-version":[{"id":10840,"href":"https:\/\/dev.sonoranjv.org\/es\/wp-json\/wp\/v2\/pages\/3928\/revisions\/10840"}],"up":[{"embeddable":true,"href":"https:\/\/dev.sonoranjv.org\/es\/wp-json\/wp\/v2\/pages\/3920"}],"wp:featuredmedia":[{"embeddable":true,"href":"https:\/\/dev.sonoranjv.org\/es\/wp-json\/wp\/v2\/media\/8250"}],"wp:attachment":[{"href":"https:\/\/dev.sonoranjv.org\/es\/wp-json\/wp\/v2\/media?parent=3928"}],"curies":[{"name":"wp","href":"https:\/\/api.w.org\/{rel}","templated":true}]}}