{"id":3926,"date":"2011-02-09T15:57:46","date_gmt":"2011-02-09T15:57:46","guid":{"rendered":"http:\/\/sonoranjv.org\/staff-es\/"},"modified":"2021-09-27T13:21:19","modified_gmt":"2021-09-27T20:21:19","slug":"staff-es","status":"publish","type":"page","link":"https:\/\/dev.sonoranjv.org\/es\/acerca-de-nosotros\/staff-es\/","title":{"rendered":"Staff"},"content":{"rendered":"<h3>Jennie Duberstein<\/h3>\n<h4>Coordinadora<\/h4>\n<p><img loading=\"lazy\" class=\"alignleft wp-image-1562\" src=\"https:\/\/sonoranjv.org\/wp-content\/uploads\/2011\/02\/jennie.jpg\" alt=\"\" width=\"150\" height=\"129\" \/>Jennie es bi\u00f3loga y experta en ciencias sociales para la conservaci\u00f3n que ha dedicado su carrera profesional a trabajar en la protecci\u00f3n de las aves y sus h\u00e1bitats en los Estados Unidos y el noroeste de M\u00e9xico. Cuenta con diversas habilidades y experiencia trabajando como bi\u00f3loga de campo y educadora para diferentes organizaciones, incluyendo Hawk Mountain Sanctuary, el Observatorio de Aves de las Monta\u00f1as Rocallosas y Prescott College. Ha desarrollado proyectos comunitarios en la regi\u00f3n fronteriza de los EEUU y M\u00e9xico, coordinado y facilitado talleres sobre identificaci\u00f3n de aves, ecoturismo y monitoreo de aves y ha estudiado especies que incluyen al cuco de pico amarillo en Arizona y al cormor\u00e1n orejudo y aves vadeadoras en Sonora. Tambi\u00e9n ha trabajado con j\u00f3venes observadores de aves durante muchos a\u00f1os, dirigiendo campos de verano, organizando conferencias y editando y administrando las publicaciones de los j\u00f3venes para la Asociaci\u00f3n Americana de Observaci\u00f3n de Aves. Jennie obtuvo su licenciatura en biolog\u00eda de vida silvestre de Virginia Tech y su maestr\u00eda y doctorado de la Facultad de Recursos Naturales y Medio Ambiente de la Universidad de Arizona.<\/p>\n<ul class=\"contact-info\">\n<li class=\"email\"><a href=\"mailto:jennie_duberstein@fws.gov\">jennie_duberstein@fws.gov<\/a><\/li>\n<\/ul>\n<hr \/>\n<h3>Emily Clark<\/h3>\n<h4>Especialista en Comunicaciones y\u00a0Colaboraciones<\/h4>\n<p><img loading=\"lazy\" class=\" wp-image-4937 alignleft\" src=\"https:\/\/sonoranjv.org\/wp-content\/uploads\/2011\/02\/Clark-Emily-headshot.jpg\" alt=\"\" width=\"151\" height=\"129\" \/>Siendo de Cape Cod, Massachusetts, la carrera de Emily la ha llevado por todo el pa\u00eds y por Latinoam\u00e9rica, incluyendo dos a\u00f1os como Becaria de Investigaci\u00f3n y Conservaci\u00f3n en el <span class=\"s1\">Centro de Estudios Culturales y Ecol\u00f3gicos de Prescott College en Bah\u00eda de Kino<\/span>, Sonora, M\u00e9xico. Impulsada por su fascinaci\u00f3n por el comportamiento de las aves durante su primer puesto de campo monitoreando al chorlo chiflador \u00a0en peligro de extinci\u00f3n, Emily ha realizado investigaci\u00f3n de campo de varias especies de aves costeras, vadeadoras y acu\u00e1ticas incluyendo al ostrero americano, la garceta rojiza y al charr\u00e1n rosado. Como bi\u00f3loga de la conservaci\u00f3n, a Emily le apasiona aprender todo lo que pueda sobre las especies y sus h\u00e1bitats, y utilizar ese entendimiento para desarrollar las mejores estrategias para protegerlas. Emily ha conducido programas de educaci\u00f3n ambiental y extensi\u00f3n para chicos y adultos, centr\u00e1ndose en temas como apreciaci\u00f3n de la basura y reciclaje, tambi\u00e9n ha participado en muchos programas comunitarios de conservaci\u00f3n como la capacitaci\u00f3n de estudiantes y miembros de la comunidad ind\u00edgena en biolog\u00eda de las aves y c\u00f3mo realizar programas de monitoreo biol\u00f3gico. Ha facilitado la comunicaci\u00f3n entre bi\u00f3logos y administradores de las tierras en EEUU y M\u00e9xico, as\u00ed como ayudado a desarrollar planes de manejo para especies de aves cuyas distribuciones cruzan fronteras pol\u00edticas. Emily obtuvo su licenciatura en Conservaci\u00f3n Ambiental de la Universidad de Nueva Hampshire y su maestr\u00eda de la Universidad de Tufts.<\/p>\n<ul>\n<li class=\"email\"><a href=\"mailto:emily_clark@fws.gov\">emily_clark@fws.gov<\/a><\/li>\n<\/ul>\n<hr \/>\n<h3>Adam Hannuksela<\/h3>\n<h4>Coordinador de Ciencias<\/h4>\n<p><a href=\"https:\/\/sonoranjv.org\/wp-content\/uploads\/2019\/06\/AdamHannuksela.jpg\"><img loading=\"lazy\" class=\" wp-image-7871 alignleft\" src=\"https:\/\/sonoranjv.org\/wp-content\/uploads\/2019\/06\/AdamHannuksela-300x300.jpg\" alt=\"Adam\" width=\"150\" height=\"150\" srcset=\"https:\/\/dev.sonoranjv.org\/wp-content\/uploads\/2019\/06\/AdamHannuksela-300x300.jpg 300w, https:\/\/dev.sonoranjv.org\/wp-content\/uploads\/2019\/06\/AdamHannuksela-150x150.jpg 150w, https:\/\/dev.sonoranjv.org\/wp-content\/uploads\/2019\/06\/AdamHannuksela-768x768.jpg 768w, https:\/\/dev.sonoranjv.org\/wp-content\/uploads\/2019\/06\/AdamHannuksela-1024x1024.jpg 1024w, https:\/\/dev.sonoranjv.org\/wp-content\/uploads\/2019\/06\/AdamHannuksela-187x187.jpg 187w, https:\/\/dev.sonoranjv.org\/wp-content\/uploads\/2019\/06\/AdamHannuksela.jpg 1035w\" sizes=\"(max-width: 150px) 100vw, 150px\" \/><\/a>Adam naci\u00f3 en Arizona, despu\u00e9s se traslad\u00f3 al occidente de EEUU y al norte de M\u00e9xico. Adam curs\u00f3 su licenciatura en Evergreen State College y la maestr\u00eda en biolog\u00eda en Central Washington University. En 2002, Adam ayud\u00f3 a fundar la Estaci\u00f3n de campo Navopatia al sur de Sonora como Director de Investigaci\u00f3n. En ese puesto, Adam desarroll\u00f3 programas de becarios y de capacitaci\u00f3n para estudiantes estadounidenses y mexicanos a fin de aprender sobre la biolog\u00eda de la conservaci\u00f3n, la historia natural y la biolog\u00eda de campo. En 2006, empez\u00f3 un programa de monitoreo de aves terrestres de invierno que continua siendo uno de los programas de monitoreo de aves terrestres de mayor duraci\u00f3n en la regi\u00f3n. Ha trabajado exhaustivamente con otros socios en Sonora y Sinaloa ayudando con monitoreo de aves y planificaci\u00f3n para la conservaci\u00f3n. Mientras trabajaba en Sonora y Sinaloa en los \u00faltimos 17 a\u00f1os, Adam tambi\u00e9n trabaj\u00f3 la mitad del a\u00f1o a lo largo del occidente de EEUU, permiti\u00e9ndole estudiar y trabajar con las aves migratorias durante su ciclo anual. Se ha desempe\u00f1ado como consultor y bi\u00f3logo de la conservaci\u00f3n en universidades, organizaciones sin fines de lucro, todas las dependencias de administraci\u00f3n de la tierra federales, pueblos ind\u00edgenas de Am\u00e9rica, dependencias estatales y municipales y empresas privadas. La mayor parte del trabajo de Adam con las aves incluye amplia experiencia en h\u00e1bitats como matorrales y estepa, bosques y xer\u00f3filos estudiando la ecolog\u00eda de incendios, la eliminaci\u00f3n de las con\u00edferas, la biolog\u00eda de la poblaci\u00f3n y los impactos del pastoreo en las aves.<\/p>\n<ul>\n<li><a href=\"mailto:adam_hannuksela@fws.gov\">adam_hannuksela@fws.gov<\/a><\/li>\n<\/ul>\n","protected":false},"excerpt":{"rendered":"<p>Jennie Duberstein Coordinadora Jennie es bi\u00f3loga y experta en ciencias sociales para la conservaci\u00f3n que ha dedicado su carrera profesional a trabajar en la protecci\u00f3n de las aves y sus h\u00e1bitats en los Estados Unidos y el noroeste de M\u00e9xico. Cuenta con diversas habilidades y experiencia trabajando como bi\u00f3loga de campo y educadora para diferentes<\/p>\n","protected":false},"author":2,"featured_media":0,"parent":3920,"menu_order":0,"comment_status":"closed","ping_status":"closed","template":"","meta":[],"yoast_head":"<!-- This site is optimized with the Yoast SEO plugin v16.2 - https:\/\/yoast.com\/wordpress\/plugins\/seo\/ -->\n<title>Staff - Sonoran Joint Venture<\/title>\n<meta name=\"robots\" content=\"index, follow, max-snippet:-1, max-image-preview:large, max-video-preview:-1\" \/>\n<link rel=\"canonical\" href=\"https:\/\/dev.sonoranjv.org\/es\/acerca-de-nosotros\/staff-es\/\" \/>\n<meta property=\"og:locale\" content=\"es_ES\" \/>\n<meta property=\"og:type\" content=\"article\" \/>\n<meta property=\"og:title\" content=\"Staff - Sonoran Joint Venture\" \/>\n<meta property=\"og:description\" content=\"Jennie Duberstein Coordinadora Jennie es bi\u00f3loga y experta en ciencias sociales para la conservaci\u00f3n que ha dedicado su carrera profesional a trabajar en la protecci\u00f3n de las aves y sus h\u00e1bitats en los Estados Unidos y el noroeste de M\u00e9xico. Cuenta con diversas habilidades y experiencia trabajando como bi\u00f3loga de campo y educadora para diferentes\" \/>\n<meta property=\"og:url\" content=\"https:\/\/dev.sonoranjv.org\/es\/acerca-de-nosotros\/staff-es\/\" \/>\n<meta property=\"og:site_name\" content=\"Sonoran Joint Venture\" \/>\n<meta property=\"article:publisher\" content=\"http:\/\/www.facebook.com\/sonoranjv\" \/>\n<meta property=\"article:modified_time\" content=\"2021-09-27T20:21:19+00:00\" \/>\n<meta property=\"og:image\" content=\"https:\/\/sonoranjv.org\/wp-content\/uploads\/2011\/02\/jennie.jpg\" \/>\n<meta name=\"twitter:card\" content=\"summary\" \/>\n<meta name=\"twitter:site\" content=\"@sonoranjv\" \/>\n<meta name=\"twitter:label1\" content=\"Tiempo de lectura\">\n\t<meta name=\"twitter:data1\" content=\"4 minutos\">\n<script type=\"application\/ld+json\" class=\"yoast-schema-graph\">{\"@context\":\"https:\/\/schema.org\",\"@graph\":[{\"@type\":\"Organization\",\"@id\":\"https:\/\/dev.sonoranjv.org\/es\/#organization\",\"name\":\"Sonoran Joint Venture\",\"url\":\"https:\/\/dev.sonoranjv.org\/es\/\",\"sameAs\":[\"http:\/\/www.facebook.com\/sonoranjv\",\"https:\/\/www.pinterest.com\/sonoranjv\/pins\/\",\"https:\/\/twitter.com\/sonoranjv\"],\"logo\":{\"@type\":\"ImageObject\",\"@id\":\"https:\/\/dev.sonoranjv.org\/es\/#logo\",\"inLanguage\":\"es\",\"url\":\"https:\/\/sonoranjv.org\/wp-content\/uploads\/2017\/05\/sonoran-joint-venture-og.jpg\",\"contentUrl\":\"https:\/\/sonoranjv.org\/wp-content\/uploads\/2017\/05\/sonoran-joint-venture-og.jpg\",\"width\":\"573\",\"height\":\"316\",\"caption\":\"Sonoran Joint Venture\"},\"image\":{\"@id\":\"https:\/\/dev.sonoranjv.org\/es\/#logo\"}},{\"@type\":\"WebSite\",\"@id\":\"https:\/\/dev.sonoranjv.org\/es\/#website\",\"url\":\"https:\/\/dev.sonoranjv.org\/es\/\",\"name\":\"Sonoran Joint Venture\",\"description\":\"Conserving the unique birds and habitats of the southwestern United States and northwestern Mexico\",\"publisher\":{\"@id\":\"https:\/\/dev.sonoranjv.org\/es\/#organization\"},\"potentialAction\":[{\"@type\":\"SearchAction\",\"target\":\"https:\/\/dev.sonoranjv.org\/es\/?s={search_term_string}\",\"query-input\":\"required name=search_term_string\"}],\"inLanguage\":\"es\"},{\"@type\":\"ImageObject\",\"@id\":\"https:\/\/dev.sonoranjv.org\/es\/acerca-de-nosotros\/staff-es\/#primaryimage\",\"inLanguage\":\"es\",\"url\":\"https:\/\/sonoranjv.org\/wp-content\/uploads\/2011\/02\/jennie.jpg\",\"contentUrl\":\"https:\/\/sonoranjv.org\/wp-content\/uploads\/2011\/02\/jennie.jpg\"},{\"@type\":\"WebPage\",\"@id\":\"https:\/\/dev.sonoranjv.org\/es\/acerca-de-nosotros\/staff-es\/#webpage\",\"url\":\"https:\/\/dev.sonoranjv.org\/es\/acerca-de-nosotros\/staff-es\/\",\"name\":\"Staff - Sonoran Joint Venture\",\"isPartOf\":{\"@id\":\"https:\/\/dev.sonoranjv.org\/es\/#website\"},\"primaryImageOfPage\":{\"@id\":\"https:\/\/dev.sonoranjv.org\/es\/acerca-de-nosotros\/staff-es\/#primaryimage\"},\"datePublished\":\"2011-02-09T15:57:46+00:00\",\"dateModified\":\"2021-09-27T20:21:19+00:00\",\"breadcrumb\":{\"@id\":\"https:\/\/dev.sonoranjv.org\/es\/acerca-de-nosotros\/staff-es\/#breadcrumb\"},\"inLanguage\":\"es\",\"potentialAction\":[{\"@type\":\"ReadAction\",\"target\":[\"https:\/\/dev.sonoranjv.org\/es\/acerca-de-nosotros\/staff-es\/\"]}]},{\"@type\":\"BreadcrumbList\",\"@id\":\"https:\/\/dev.sonoranjv.org\/es\/acerca-de-nosotros\/staff-es\/#breadcrumb\",\"itemListElement\":[{\"@type\":\"ListItem\",\"position\":1,\"item\":{\"@type\":\"WebPage\",\"@id\":\"https:\/\/dev.sonoranjv.org\/es\/\",\"url\":\"https:\/\/dev.sonoranjv.org\/es\/\",\"name\":\"Home\"}},{\"@type\":\"ListItem\",\"position\":2,\"item\":{\"@type\":\"WebPage\",\"@id\":\"https:\/\/dev.sonoranjv.org\/es\/acerca-de-nosotros\/\",\"url\":\"https:\/\/dev.sonoranjv.org\/es\/acerca-de-nosotros\/\",\"name\":\"Acerca de Nosotros\"}},{\"@type\":\"ListItem\",\"position\":3,\"item\":{\"@id\":\"https:\/\/dev.sonoranjv.org\/es\/acerca-de-nosotros\/staff-es\/#webpage\"}}]}]}<\/script>\n<!-- \/ Yoast SEO plugin. -->","_links":{"self":[{"href":"https:\/\/dev.sonoranjv.org\/es\/wp-json\/wp\/v2\/pages\/3926"}],"collection":[{"href":"https:\/\/dev.sonoranjv.org\/es\/wp-json\/wp\/v2\/pages"}],"about":[{"href":"https:\/\/dev.sonoranjv.org\/es\/wp-json\/wp\/v2\/types\/page"}],"author":[{"embeddable":true,"href":"https:\/\/dev.sonoranjv.org\/es\/wp-json\/wp\/v2\/users\/2"}],"replies":[{"embeddable":true,"href":"https:\/\/dev.sonoranjv.org\/es\/wp-json\/wp\/v2\/comments?post=3926"}],"version-history":[{"count":19,"href":"https:\/\/dev.sonoranjv.org\/es\/wp-json\/wp\/v2\/pages\/3926\/revisions"}],"predecessor-version":[{"id":9934,"href":"https:\/\/dev.sonoranjv.org\/es\/wp-json\/wp\/v2\/pages\/3926\/revisions\/9934"}],"up":[{"embeddable":true,"href":"https:\/\/dev.sonoranjv.org\/es\/wp-json\/wp\/v2\/pages\/3920"}],"wp:attachment":[{"href":"https:\/\/dev.sonoranjv.org\/es\/wp-json\/wp\/v2\/media?parent=3926"}],"curies":[{"name":"wp","href":"https:\/\/api.w.org\/{rel}","templated":true}]}}