{"id":3924,"date":"2011-02-08T22:21:27","date_gmt":"2011-02-08T22:21:27","guid":{"rendered":"http:\/\/sonoranjv.org\/fondos\/"},"modified":"2023-04-12T14:11:16","modified_gmt":"2023-04-12T21:11:16","slug":"financiamiento","status":"publish","type":"page","link":"https:\/\/dev.sonoranjv.org\/es\/financiamiento\/","title":{"rendered":"Financiamiento"},"content":{"rendered":"<h2>El ciclo de Financiamiento 2023<\/h2>\n<p><strong>El ciclo de financiamiento 2023 del Programa de Apoyos del SJV ya est\u00e1 abierto.<\/strong><\/p>\n<h2>Programa de Apoyos del SJV<\/h2>\n<p>El objetivo del Programa de Apoyos del SJV es favorecer la investigaci\u00f3n y la conservaci\u00f3n de las aves y sus h\u00e1bitats dentro de los l\u00edmites del SJV otorgando fondos mediante un programa competitivo. El monto total de financiamiento disponible para el Programa de Apoyos del SJV var\u00eda seg\u00fan las asignaciones del Congreso, pero tiende a ser entre $30,000 y $50,000, con base en los fondos disponibles. Las subvenciones individuales del Programa de Apoyos del SJV comprenden entre $5,000 y $15,000. El SJV anticipa otorgar de cuatro a seis apoyos en 2023.<\/p>\n<h2>Gesti\u00f3n<\/h2>\n<p>Le rogamos que lea atentamente la solicitud de propuestas, ya que el proceso de solicitud y las prioridades de financiaci\u00f3n han cambiado.<\/p>\n<h2>Prioridades de financiamiento<\/h2>\n<p>Mientras que un proyecto puede abracar una variedad de problemas, las propuestas que trabajen por abordar uno o m\u00e1s de las siguientes prioridades, tendr\u00e1n una mejor puntuaci\u00f3n.<\/p>\n<ul>\n<li>Trabajar con los administradores de la tierra para mejorar las pr\u00e1cticas de uso de suelo y las acciones de conservaci\u00f3n<\/li>\n<li>Esfuerzos de restauraci\u00f3n y protecci\u00f3n del h\u00e1bitat para tierras \u00e1ridas, pastizales, h\u00e1bitat ribere\u00f1o, bosques, humedales costeros e islas en apoyo a especies de aves prioritarias seg\u00fan se define en <a href=\"http:\/\/sonoranjv.org\/es\/planificacion\/plan-de-conservacion-de-aves\/\" target=\"_blank\" rel=\"noopener\">el Plan de Conservaci\u00f3n de Aves del SJV<\/a><\/li>\n<li>Monitoreo de aves para estimar la eficacia de las actividades de restauraci\u00f3n del h\u00e1bitat<\/li>\n<li>Proyectos que aborden cuestiones de justicia social y medioambiental y contribuyan a fomentar la equidad y la inclusi\u00f3n, incluidos proyectos dirigidos por ind\u00edgenas que apoyen la soberan\u00eda alimentaria y ling\u00fc\u00edstica ind\u00edgena.<\/li>\n<li>Ciencias sociales, dimensi\u00f3n humana o comunicaciones estrat\u00e9gicas para apoyar cualquiera de las prioridades anteriores<\/li>\n<\/ul>\n<p><em>Visite nuestra <a href=\"https:\/\/sonoranjv.org\/es\/programas-y-proyectos\/\" target=\"_blank\" rel=\"noopener noreferrer\">p\u00e1gina de Proyectos<\/a> para obtener una lista de los receptores del Programa de Apoyos del SJV y descripciones de proyectos.<\/em><\/p>\n<h2>Programaci\u00f3n<\/h2>\n<p><strong>15 de marzo<\/strong> \u2013 se abre la convocatoria<br \/>\n<strong>15 de mayo<\/strong> \u2013 la Fundaci\u00f3n Comunitaria Internacional debe recibir las propuestas antes de la media noche, horario de verano del Pac\u00edfico<br \/>\n<strong>30 de junio<\/strong> \u2013 el personal del SJV y el Subcomit\u00e9 de Revisi\u00f3n de Apoyos concluye el proceso de revisi\u00f3n y clasificaci\u00f3n y brinda recomendaciones al Consejo Consultivo del SJV<br \/>\n<strong>15 de julio<\/strong> \u2013 se les avisa a los solicitantes el resultado de su propuesta<\/p>\n<h2>C\u00f3mo presentar la propuesta<\/h2>\n<ol>\n<li>Descargue <strong><a href=\"https:\/\/sonoranjv.org\/wp-content\/uploads\/2023\/04\/SJV-FY23-RFP_v2023SPA-12Apr-508.docx\">la solicitud de propuestas<\/a><\/strong>\u00a0y <a href=\"https:\/\/sonoranjv.org\/wp-content\/uploads\/2023\/03\/SJV-FY23_AwardsProgramCoverSheet-0314-508-SPA.docx\"><strong>la hoja de presentaci\u00f3n<\/strong><\/a><\/li>\n<li>Incluir todos los componentes de la propuesta en un solo documento de Word o archivo PDF (portada, narrativa del proyecto, presupuesto, y en caso correspondiente, cartas de apoyo)<\/li>\n<li>Por separado, colocar todos los documentos de diligencia debida en un solo documento de Word o archivo PDF<\/li>\n<li>Enviar por correo electr\u00f3nico ambos archivos a la International Community Foundation \u2013 Julie Campos (<strong>julie@icfdn.org<\/strong>)<\/li>\n<li>Con el asunto de su correo electr\u00f3nico: <strong>Attn: SJV Awards Program \u2013 [NOMBRE DE LA ORGANIZACI\u00d3N]<\/strong> (por ejemplo, \u201cAttn: SJV Awards Program \u2013 Sociedad para la Conservaci\u00f3n de las Aves\u201d)<\/li>\n<\/ol>\n<ul>\n<li>Si tiene preguntas sobre el proceso administrativo\/log\u00edstico para presentar una subvenci\u00f3n, p\u00f3ngase en contacto con Julie Campos (julie@icfdn.org) en el ICF<\/li>\n<li>Si tiene preguntas sobre el trabajo propuesto, p\u00f3ngase en contacto con Adam Hannuksela (adam_hannuksela@fws.gov)<\/li>\n<\/ul>\n","protected":false},"excerpt":{"rendered":"<p>El ciclo de Financiamiento 2023 El ciclo de financiamiento 2023 del Programa de Apoyos del SJV ya est\u00e1 abierto. Programa de Apoyos del SJV El objetivo del Programa de Apoyos del SJV es favorecer la investigaci\u00f3n y la conservaci\u00f3n de las aves y sus h\u00e1bitats dentro de los l\u00edmites del SJV otorgando fondos mediante un<\/p>\n","protected":false},"author":2,"featured_media":0,"parent":0,"menu_order":0,"comment_status":"closed","ping_status":"closed","template":"","meta":[],"yoast_head":"<!-- This site is optimized with the Yoast SEO plugin v16.2 - https:\/\/yoast.com\/wordpress\/plugins\/seo\/ -->\n<title>Financiamiento - Sonoran Joint Venture<\/title>\n<meta name=\"robots\" content=\"index, follow, max-snippet:-1, max-image-preview:large, max-video-preview:-1\" \/>\n<link rel=\"canonical\" href=\"https:\/\/dev.sonoranjv.org\/es\/financiamiento\/\" \/>\n<meta property=\"og:locale\" content=\"es_ES\" \/>\n<meta property=\"og:type\" content=\"article\" \/>\n<meta property=\"og:title\" content=\"Financiamiento - Sonoran Joint Venture\" \/>\n<meta property=\"og:description\" content=\"El ciclo de Financiamiento 2023 El ciclo de financiamiento 2023 del Programa de Apoyos del SJV ya est\u00e1 abierto. Programa de Apoyos del SJV El objetivo del Programa de Apoyos del SJV es favorecer la investigaci\u00f3n y la conservaci\u00f3n de las aves y sus h\u00e1bitats dentro de los l\u00edmites del SJV otorgando fondos mediante un\" \/>\n<meta property=\"og:url\" content=\"https:\/\/dev.sonoranjv.org\/es\/financiamiento\/\" \/>\n<meta property=\"og:site_name\" content=\"Sonoran Joint Venture\" \/>\n<meta property=\"article:publisher\" content=\"http:\/\/www.facebook.com\/sonoranjv\" \/>\n<meta property=\"article:modified_time\" content=\"2023-04-12T21:11:16+00:00\" \/>\n<meta name=\"twitter:card\" content=\"summary\" \/>\n<meta name=\"twitter:site\" content=\"@sonoranjv\" \/>\n<meta name=\"twitter:label1\" content=\"Tiempo de lectura\">\n\t<meta name=\"twitter:data1\" content=\"3 minutos\">\n<script type=\"application\/ld+json\" class=\"yoast-schema-graph\">{\"@context\":\"https:\/\/schema.org\",\"@graph\":[{\"@type\":\"Organization\",\"@id\":\"https:\/\/dev.sonoranjv.org\/es\/#organization\",\"name\":\"Sonoran Joint Venture\",\"url\":\"https:\/\/dev.sonoranjv.org\/es\/\",\"sameAs\":[\"http:\/\/www.facebook.com\/sonoranjv\",\"https:\/\/www.pinterest.com\/sonoranjv\/pins\/\",\"https:\/\/twitter.com\/sonoranjv\"],\"logo\":{\"@type\":\"ImageObject\",\"@id\":\"https:\/\/dev.sonoranjv.org\/es\/#logo\",\"inLanguage\":\"es\",\"url\":\"https:\/\/sonoranjv.org\/wp-content\/uploads\/2017\/05\/sonoran-joint-venture-og.jpg\",\"contentUrl\":\"https:\/\/sonoranjv.org\/wp-content\/uploads\/2017\/05\/sonoran-joint-venture-og.jpg\",\"width\":\"573\",\"height\":\"316\",\"caption\":\"Sonoran Joint Venture\"},\"image\":{\"@id\":\"https:\/\/dev.sonoranjv.org\/es\/#logo\"}},{\"@type\":\"WebSite\",\"@id\":\"https:\/\/dev.sonoranjv.org\/es\/#website\",\"url\":\"https:\/\/dev.sonoranjv.org\/es\/\",\"name\":\"Sonoran Joint Venture\",\"description\":\"Conserving the unique birds and habitats of the southwestern United States and northwestern Mexico\",\"publisher\":{\"@id\":\"https:\/\/dev.sonoranjv.org\/es\/#organization\"},\"potentialAction\":[{\"@type\":\"SearchAction\",\"target\":\"https:\/\/dev.sonoranjv.org\/es\/?s={search_term_string}\",\"query-input\":\"required name=search_term_string\"}],\"inLanguage\":\"es\"},{\"@type\":\"WebPage\",\"@id\":\"https:\/\/dev.sonoranjv.org\/es\/financiamiento\/#webpage\",\"url\":\"https:\/\/dev.sonoranjv.org\/es\/financiamiento\/\",\"name\":\"Financiamiento - Sonoran Joint Venture\",\"isPartOf\":{\"@id\":\"https:\/\/dev.sonoranjv.org\/es\/#website\"},\"datePublished\":\"2011-02-08T22:21:27+00:00\",\"dateModified\":\"2023-04-12T21:11:16+00:00\",\"breadcrumb\":{\"@id\":\"https:\/\/dev.sonoranjv.org\/es\/financiamiento\/#breadcrumb\"},\"inLanguage\":\"es\",\"potentialAction\":[{\"@type\":\"ReadAction\",\"target\":[\"https:\/\/dev.sonoranjv.org\/es\/financiamiento\/\"]}]},{\"@type\":\"BreadcrumbList\",\"@id\":\"https:\/\/dev.sonoranjv.org\/es\/financiamiento\/#breadcrumb\",\"itemListElement\":[{\"@type\":\"ListItem\",\"position\":1,\"item\":{\"@type\":\"WebPage\",\"@id\":\"https:\/\/dev.sonoranjv.org\/es\/\",\"url\":\"https:\/\/dev.sonoranjv.org\/es\/\",\"name\":\"Home\"}},{\"@type\":\"ListItem\",\"position\":2,\"item\":{\"@id\":\"https:\/\/dev.sonoranjv.org\/es\/financiamiento\/#webpage\"}}]}]}<\/script>\n<!-- \/ Yoast SEO plugin. -->","_links":{"self":[{"href":"https:\/\/dev.sonoranjv.org\/es\/wp-json\/wp\/v2\/pages\/3924"}],"collection":[{"href":"https:\/\/dev.sonoranjv.org\/es\/wp-json\/wp\/v2\/pages"}],"about":[{"href":"https:\/\/dev.sonoranjv.org\/es\/wp-json\/wp\/v2\/types\/page"}],"author":[{"embeddable":true,"href":"https:\/\/dev.sonoranjv.org\/es\/wp-json\/wp\/v2\/users\/2"}],"replies":[{"embeddable":true,"href":"https:\/\/dev.sonoranjv.org\/es\/wp-json\/wp\/v2\/comments?post=3924"}],"version-history":[{"count":59,"href":"https:\/\/dev.sonoranjv.org\/es\/wp-json\/wp\/v2\/pages\/3924\/revisions"}],"predecessor-version":[{"id":10926,"href":"https:\/\/dev.sonoranjv.org\/es\/wp-json\/wp\/v2\/pages\/3924\/revisions\/10926"}],"wp:attachment":[{"href":"https:\/\/dev.sonoranjv.org\/es\/wp-json\/wp\/v2\/media?parent=3924"}],"curies":[{"name":"wp","href":"https:\/\/api.w.org\/{rel}","templated":true}]}}