{"id":3914,"date":"2008-09-11T19:22:03","date_gmt":"2008-09-11T19:22:03","guid":{"rendered":"http:\/\/sonoranjv.org\/planeacion\/"},"modified":"2019-10-09T11:41:57","modified_gmt":"2019-10-09T18:41:57","slug":"planificacion","status":"publish","type":"page","link":"https:\/\/dev.sonoranjv.org\/es\/planificacion\/","title":{"rendered":"Planificaci\u00f3n"},"content":{"rendered":"<p>El Sonoran Joint Venture admite un enfoque integral en la planificaci\u00f3n de la conservaci\u00f3n. Creemos que la gente est\u00e1 vinculada intrincadamente al medio ambiente. A fin de tener \u00e9xito en la conservaci\u00f3n de las aves y el h\u00e1bitat, tambi\u00e9n necesitamos trabajar con la gente y considerar las necesidades humanas. En \u00faltima instancia, un mundo saludable para las aves tambi\u00e9n quiere decir un mundo saludable para la gente.<\/p>\n<p><a href=\"http:\/\/sonoranjv.org\/planning\/strategic-plan\/\">El Plan Estrat\u00e9gico del SJV<\/a>, que se actualiz\u00f3 por \u00faltima vez en 2008, se centra en el panorama general del SJV y las estrategias a amplia escala para lograr nuestros objetivos de conservaci\u00f3n. <a href=\"http:\/\/sonoranjv.org\/planning\/conservation-plan\/\">El Plan de Conservaci\u00f3n de las Aves<\/a> y el correspondiente <a href=\"http:\/\/sonoranjv.org\/planning\/sjv-waterfowl-supplement\/\">Suplemento de Manejo de las Aves Acu\u00e1ticas<\/a> (publicados en 2006 y 2007, respectivamente) brindan informaci\u00f3n detallada sobre las condiciones de la conservaci\u00f3n y la priorizaci\u00f3n de aves y h\u00e1bitats en la regi\u00f3n del SJV. El Plan de Implementaci\u00f3n para la Conservaci\u00f3n que pr\u00f3ximamente se dar\u00e1 a conocer combinar\u00e1 estos tres documentos en un documento global que no s\u00f3lo describe c\u00f3mo funciona el SJV, sino cu\u00e1les son nuestras prioridades y c\u00f3mo intentamos avanzar para lograrlas.<\/p>\n<p>El plan estar\u00e1 disponible para descargarse en breve. Mientras tanto, puede leer hojas de hechos (en ingl\u00e9s) con lo m\u00e1s destacado y las prioridades y estrategias de conservaci\u00f3n predominantes del Sonoran Joint Venture hasta 2025.<\/p>\n<p>\u00bb <a href=\"https:\/\/sonoranjv.org\/wp-content\/uploads\/2019\/10\/CAP-Arid-Borderlands-2016-04.pdf\">Fronteras \u00e1ridas<\/a><\/p>\n<p>\u00bb <a href=\"https:\/\/sonoranjv.org\/wp-content\/uploads\/2019\/10\/CAP-CA-Coasts-and-Mts-2016-08.pdf\">Costas y monta\u00f1as de California<\/a><\/p>\n<p>\u00bb <a href=\"https:\/\/sonoranjv.org\/wp-content\/uploads\/2019\/10\/CAP-Mexican-Highlands-2016-04.pdf\">Tierras altas mexicanas<\/a><\/p>\n<p>\u00bb <a href=\"https:\/\/sonoranjv.org\/wp-content\/uploads\/2019\/10\/CAP-Pacific-Lowlands-2016-04.pdf\">Tierras bajas del Pac\u00edfico<\/a><\/p>\n<p>Para preguntas, favor de comunicarse con <a href=\"mailto:jennie_duberstein@fws.gov\">Jennie Duberstein<\/a>.<\/p>\n","protected":false},"excerpt":{"rendered":"<p>El Sonoran Joint Venture admite un enfoque integral en la planificaci\u00f3n de la conservaci\u00f3n. Creemos que la gente est\u00e1 vinculada intrincadamente al medio ambiente. A fin de tener \u00e9xito en la conservaci\u00f3n de las aves y el h\u00e1bitat, tambi\u00e9n necesitamos trabajar con la gente y considerar las necesidades humanas. En \u00faltima instancia, un mundo saludable<\/p>\n","protected":false},"author":2,"featured_media":0,"parent":0,"menu_order":0,"comment_status":"closed","ping_status":"closed","template":"","meta":[],"yoast_head":"<!-- This site is optimized with the Yoast SEO plugin v16.2 - https:\/\/yoast.com\/wordpress\/plugins\/seo\/ -->\n<title>Planificaci\u00f3n - Sonoran Joint Venture<\/title>\n<meta name=\"robots\" content=\"index, follow, max-snippet:-1, max-image-preview:large, max-video-preview:-1\" \/>\n<link rel=\"canonical\" href=\"https:\/\/dev.sonoranjv.org\/es\/planificacion\/\" \/>\n<meta property=\"og:locale\" content=\"es_ES\" \/>\n<meta property=\"og:type\" content=\"article\" \/>\n<meta property=\"og:title\" content=\"Planificaci\u00f3n - Sonoran Joint Venture\" \/>\n<meta property=\"og:description\" content=\"El Sonoran Joint Venture admite un enfoque integral en la planificaci\u00f3n de la conservaci\u00f3n. Creemos que la gente est\u00e1 vinculada intrincadamente al medio ambiente. A fin de tener \u00e9xito en la conservaci\u00f3n de las aves y el h\u00e1bitat, tambi\u00e9n necesitamos trabajar con la gente y considerar las necesidades humanas. En \u00faltima instancia, un mundo saludable\" \/>\n<meta property=\"og:url\" content=\"https:\/\/dev.sonoranjv.org\/es\/planificacion\/\" \/>\n<meta property=\"og:site_name\" content=\"Sonoran Joint Venture\" \/>\n<meta property=\"article:publisher\" content=\"http:\/\/www.facebook.com\/sonoranjv\" \/>\n<meta property=\"article:modified_time\" content=\"2019-10-09T18:41:57+00:00\" \/>\n<meta name=\"twitter:card\" content=\"summary\" \/>\n<meta name=\"twitter:site\" content=\"@sonoranjv\" \/>\n<meta name=\"twitter:label1\" content=\"Tiempo de lectura\">\n\t<meta name=\"twitter:data1\" content=\"1 minuto\">\n<script type=\"application\/ld+json\" class=\"yoast-schema-graph\">{\"@context\":\"https:\/\/schema.org\",\"@graph\":[{\"@type\":\"Organization\",\"@id\":\"https:\/\/dev.sonoranjv.org\/es\/#organization\",\"name\":\"Sonoran Joint Venture\",\"url\":\"https:\/\/dev.sonoranjv.org\/es\/\",\"sameAs\":[\"http:\/\/www.facebook.com\/sonoranjv\",\"https:\/\/www.pinterest.com\/sonoranjv\/pins\/\",\"https:\/\/twitter.com\/sonoranjv\"],\"logo\":{\"@type\":\"ImageObject\",\"@id\":\"https:\/\/dev.sonoranjv.org\/es\/#logo\",\"inLanguage\":\"es\",\"url\":\"https:\/\/sonoranjv.org\/wp-content\/uploads\/2017\/05\/sonoran-joint-venture-og.jpg\",\"contentUrl\":\"https:\/\/sonoranjv.org\/wp-content\/uploads\/2017\/05\/sonoran-joint-venture-og.jpg\",\"width\":\"573\",\"height\":\"316\",\"caption\":\"Sonoran Joint Venture\"},\"image\":{\"@id\":\"https:\/\/dev.sonoranjv.org\/es\/#logo\"}},{\"@type\":\"WebSite\",\"@id\":\"https:\/\/dev.sonoranjv.org\/es\/#website\",\"url\":\"https:\/\/dev.sonoranjv.org\/es\/\",\"name\":\"Sonoran Joint Venture\",\"description\":\"Conserving the unique birds and habitats of the southwestern United States and northwestern Mexico\",\"publisher\":{\"@id\":\"https:\/\/dev.sonoranjv.org\/es\/#organization\"},\"potentialAction\":[{\"@type\":\"SearchAction\",\"target\":\"https:\/\/dev.sonoranjv.org\/es\/?s={search_term_string}\",\"query-input\":\"required name=search_term_string\"}],\"inLanguage\":\"es\"},{\"@type\":\"WebPage\",\"@id\":\"https:\/\/dev.sonoranjv.org\/es\/planificacion\/#webpage\",\"url\":\"https:\/\/dev.sonoranjv.org\/es\/planificacion\/\",\"name\":\"Planificaci\\u00f3n - Sonoran Joint Venture\",\"isPartOf\":{\"@id\":\"https:\/\/dev.sonoranjv.org\/es\/#website\"},\"datePublished\":\"2008-09-11T19:22:03+00:00\",\"dateModified\":\"2019-10-09T18:41:57+00:00\",\"breadcrumb\":{\"@id\":\"https:\/\/dev.sonoranjv.org\/es\/planificacion\/#breadcrumb\"},\"inLanguage\":\"es\",\"potentialAction\":[{\"@type\":\"ReadAction\",\"target\":[\"https:\/\/dev.sonoranjv.org\/es\/planificacion\/\"]}]},{\"@type\":\"BreadcrumbList\",\"@id\":\"https:\/\/dev.sonoranjv.org\/es\/planificacion\/#breadcrumb\",\"itemListElement\":[{\"@type\":\"ListItem\",\"position\":1,\"item\":{\"@type\":\"WebPage\",\"@id\":\"https:\/\/dev.sonoranjv.org\/es\/\",\"url\":\"https:\/\/dev.sonoranjv.org\/es\/\",\"name\":\"Home\"}},{\"@type\":\"ListItem\",\"position\":2,\"item\":{\"@id\":\"https:\/\/dev.sonoranjv.org\/es\/planificacion\/#webpage\"}}]}]}<\/script>\n<!-- \/ Yoast SEO plugin. -->","_links":{"self":[{"href":"https:\/\/dev.sonoranjv.org\/es\/wp-json\/wp\/v2\/pages\/3914"}],"collection":[{"href":"https:\/\/dev.sonoranjv.org\/es\/wp-json\/wp\/v2\/pages"}],"about":[{"href":"https:\/\/dev.sonoranjv.org\/es\/wp-json\/wp\/v2\/types\/page"}],"author":[{"embeddable":true,"href":"https:\/\/dev.sonoranjv.org\/es\/wp-json\/wp\/v2\/users\/2"}],"replies":[{"embeddable":true,"href":"https:\/\/dev.sonoranjv.org\/es\/wp-json\/wp\/v2\/comments?post=3914"}],"version-history":[{"count":7,"href":"https:\/\/dev.sonoranjv.org\/es\/wp-json\/wp\/v2\/pages\/3914\/revisions"}],"predecessor-version":[{"id":8220,"href":"https:\/\/dev.sonoranjv.org\/es\/wp-json\/wp\/v2\/pages\/3914\/revisions\/8220"}],"wp:attachment":[{"href":"https:\/\/dev.sonoranjv.org\/es\/wp-json\/wp\/v2\/media?parent=3914"}],"curies":[{"name":"wp","href":"https:\/\/api.w.org\/{rel}","templated":true}]}}